{"id":132,"date":"2022-12-22T09:43:55","date_gmt":"2022-12-22T08:43:55","guid":{"rendered":"https:\/\/www.revuemusicale.ch\/?page_id=132"},"modified":"2026-01-14T15:33:37","modified_gmt":"2026-01-14T14:33:37","slug":"aboservice","status":"publish","type":"page","link":"https:\/\/www.revuemusicale.ch\/en\/aboservice","title":{"rendered":"Subscriptions"},"content":{"rendered":"<h3>Release dates in 2026<\/h3>\n<p>Issue 1 - January 29<br \/>\nIssue 2 - March 26<br \/>\nIssue 3 - June 4<br \/>\nIssue 4 - August 27<br \/>\nIssue 5 - October 15<br \/>\nIssue 6 - December 3<\/p>\n<h3><strong>Subscription types<\/strong><\/h3>\n<p><em>RMS subscription (print and web, 1 year)<\/em><\/p>\n<p>Printed version of Swiss Music Review + free access to all website content (including PDF versions of printed issues)<br \/>\nPrice for Switzerland CHF 70.00* (annual subscription) \/ Abroad CHF 85.00 \/ EUR 70.00<br \/>\nStudent prices** for Switzerland CHF 35.00* \/ Abroad CHF 42.00 \/EUR 35.00<\/p>\n<p><em>Web subscription (1 year)<\/em><\/p>\n<p>Download PDF version + access to protected pages on the RMS website<br \/>\nPrices for Switzerland and abroad CHF 70.00* \/ EUR 60.00 (annual subscription)<br \/>\nStudent prices** for Switzerland and abroad CHF 35.00* \/EUR 30.00 (annual subscription)<\/p>\n<p><em>RMS discovery subscription<\/em><\/p>\n<p>3x printed version of the RMS<\/p>\n<p>Price for Switzerland CHF 20.00* (3 months) \/ Abroad CHF 30.00 \/ EUR 25.00<br \/>\nStudent prices** for Switzerland CHF 10.00* (3 months) \/ Abroad CHF 15.00 \/EUR 12.00<\/p>\n<p>Bookshop discount: 30%<\/p>\n<p>* Including VAT in Switzerland: print version: 2.6%; web: 8.1%<br \/>\n** Students are asked to enclose a photocopy of their valid student card.<\/p>\n<p>&nbsp;<\/p>\n<h3><em><strong>Contact subscription department<\/strong><\/em><\/h3>\n<p>Galledia Fachmedien AG<br \/>\nBurgauerstrasse 50<br \/>\n9230 Flawil<br \/>\nTelefon: 058 344 95 50<br \/>\nE-Mail: <a href=\"mailto:abo.schweizer-musikzeitung@galledia.ch\">abo.schweizer-musikzeitung@galledia.ch<\/a><\/p>\n<p>&nbsp;<\/p>\n\n<div class=\"wpcf7 no-js\" id=\"wpcf7-f15160-o1\" lang=\"de-DE\" dir=\"ltr\" data-wpcf7-id=\"15160\">\n<div class=\"screen-reader-response\"><p role=\"status\" aria-live=\"polite\" aria-atomic=\"true\"><\/p> <ul><\/ul><\/div>\n<form action=\"\/en\/wp-json\/wp\/v2\/pages\/132#wpcf7-f15160-o1\" method=\"post\" class=\"wpcf7-form init\" aria-label=\"Kontaktformular\" novalidate=\"novalidate\" data-status=\"init\" data-trp-original-action=\"\/en\/wp-json\/wp\/v2\/pages\/132#wpcf7-f15160-o1\">\n<fieldset class=\"hidden-fields-container\"><input type=\"hidden\" name=\"_wpcf7\" value=\"15160\" \/><input type=\"hidden\" name=\"_wpcf7_version\" value=\"6.1.5\" \/><input type=\"hidden\" name=\"_wpcf7_locale\" value=\"de_DE_formal\" \/><input type=\"hidden\" name=\"_wpcf7_unit_tag\" value=\"wpcf7-f15160-o1\" \/><input type=\"hidden\" name=\"_wpcf7_container_post\" value=\"0\" \/><input type=\"hidden\" name=\"_wpcf7_posted_data_hash\" value=\"\" \/><input type=\"hidden\" name=\"_wpcf7_recaptcha_response\" value=\"\" \/>\n<\/fieldset>\n<p>Please select your subscription.\n<\/p>\n<p><span class=\"wpcf7-form-control-wrap\" data-name=\"Abo\"><select class=\"wpcf7-form-control wpcf7-select wpcf7-validates-as-required\" aria-required=\"true\" aria-invalid=\"false\" name=\"Abo\"><option value=\"Abonnement RMS (version imprim\u00e9e et web)\">RMS subscription (print and web)<\/option><option value=\"Abonnement web\">Web subscription<\/option><option value=\"Abonnement d\u00e9couverte de la RMS\">RMS discovery subscription<\/option><\/select><\/span>\n<\/p>\n<p>Please fill in this form. Fields marked with an asterisk* are mandatory.\n<\/p>\n<p>Title<br \/>\n<span class=\"wpcf7-form-control-wrap\" data-name=\"Anrede\"><select class=\"wpcf7-form-control wpcf7-select wpcf7-validates-as-required\" aria-required=\"true\" aria-invalid=\"false\" name=\"Anrede\"><option value=\"Monsieur\">Mr.<\/option><option value=\"Madame\">Ms.<\/option><option value=\"Entreprise\/Institution\">Company\/Institution<\/option><\/select><\/span>\n<\/p>\n<p><span class=\"wpcf7-form-control-wrap\" data-name=\"Vorname\"><input size=\"40\" maxlength=\"400\" class=\"wpcf7-form-control wpcf7-text wpcf7-validates-as-required\" aria-required=\"true\" aria-invalid=\"false\" placeholder=\"First name\" value=\"\" type=\"text\" name=\"Vorname\" \/><\/span>\n<\/p>\n<p><span class=\"wpcf7-form-control-wrap\" data-name=\"Nachname\"><input size=\"40\" maxlength=\"400\" class=\"wpcf7-form-control wpcf7-text wpcf7-validates-as-required\" aria-required=\"true\" aria-invalid=\"false\" placeholder=\"Name\" value=\"\" type=\"text\" name=\"Nachname\" \/><\/span>\n<\/p>\n<p><span class=\"wpcf7-form-control-wrap\" data-name=\"Firma\"><input size=\"40\" maxlength=\"400\" class=\"wpcf7-form-control wpcf7-text\" aria-invalid=\"false\" placeholder=\"Company\/Institution\" value=\"\" type=\"text\" name=\"Firma\" \/><\/span>\n<\/p>\n<p><span class=\"wpcf7-form-control-wrap\" data-name=\"Adresse\"><input size=\"40\" maxlength=\"400\" class=\"wpcf7-form-control wpcf7-text wpcf7-validates-as-required\" aria-required=\"true\" aria-invalid=\"false\" placeholder=\"Address\" value=\"\" type=\"text\" name=\"Adresse\" \/><\/span>\n<\/p>\n<p><span class=\"wpcf7-form-control-wrap\" data-name=\"PLZ\"><input size=\"40\" maxlength=\"400\" class=\"wpcf7-form-control wpcf7-text wpcf7-validates-as-required\" aria-required=\"true\" aria-invalid=\"false\" placeholder=\"Postal code\" value=\"\" type=\"text\" name=\"PLZ\" \/><\/span>\n<\/p>\n<p><span class=\"wpcf7-form-control-wrap\" data-name=\"Ort\"><input size=\"40\" maxlength=\"400\" class=\"wpcf7-form-control wpcf7-text wpcf7-validates-as-required\" aria-required=\"true\" aria-invalid=\"false\" placeholder=\"Location\" value=\"\" type=\"text\" name=\"Ort\" \/><\/span>\n<\/p>\n<p><span class=\"wpcf7-form-control-wrap\" data-name=\"Land\"><input size=\"40\" maxlength=\"400\" class=\"wpcf7-form-control wpcf7-text wpcf7-validates-as-required\" aria-required=\"true\" aria-invalid=\"false\" placeholder=\"Country\" value=\"\" type=\"text\" name=\"Land\" \/><\/span>\n<\/p>\n<p><span class=\"wpcf7-form-control-wrap\" data-name=\"Email\"><input size=\"40\" maxlength=\"400\" class=\"wpcf7-form-control wpcf7-email wpcf7-validates-as-required wpcf7-text wpcf7-validates-as-email\" aria-required=\"true\" aria-invalid=\"false\" placeholder=\"E-Mail\" value=\"\" type=\"email\" name=\"Email\" \/><\/span>\n<\/p>\n<p><span class=\"wpcf7-form-control-wrap\" data-name=\"Telefon\"><input size=\"40\" maxlength=\"400\" class=\"wpcf7-form-control wpcf7-tel wpcf7-text wpcf7-validates-as-tel\" aria-invalid=\"false\" placeholder=\"Phone\" value=\"\" type=\"tel\" name=\"Telefon\" \/><\/span>\n<\/p>\n<p><input class=\"wpcf7-form-control wpcf7-submit has-spinner\" type=\"submit\" value=\"Send\" \/>\n<\/p><div class=\"wpcf7-response-output\" aria-hidden=\"true\"><\/div>\n<input type=\"hidden\" name=\"trp-form-language\" value=\"en\"\/><\/form>\n<\/div>","protected":false},"excerpt":{"rendered":"<p>Dates de parution en 2026 Num\u00e9ro 1 \u2013 29 janvier Num\u00e9ro 2 \u2013 26\u00a0 mars Num\u00e9ro 3 \u2013 4 juin Num\u00e9ro 4 \u2013 27 ao\u00fbt Num\u00e9ro 5 \u2013 15 octobre Num\u00e9ro 6 \u2013 3 d\u00e9cembre Types d&rsquo;abonnements Abonnement RMS (version imprim\u00e9e et web, 1 an) Version imprim\u00e9e de la Revue Musicale Suisse + acc\u00e8s libre [&hellip;]<\/p>\n","protected":false},"author":1,"featured_media":0,"parent":0,"menu_order":0,"comment_status":"closed","ping_status":"closed","template":"","meta":{"_acf_changed":false,"_relevanssi_hide_post":"","_relevanssi_hide_content":"","_relevanssi_pin_for_all":"","_relevanssi_pin_keywords":"","_relevanssi_unpin_keywords":"","_relevanssi_related_keywords":"","_relevanssi_related_include_ids":"","_relevanssi_related_exclude_ids":"","_relevanssi_related_no_append":"","_relevanssi_related_not_related":"","_relevanssi_related_posts":"","_relevanssi_noindex_reason":"","pgc_sgb_lightbox_settings":"","footnotes":""},"class_list":["post-132","page","type-page","status-publish","hentry"],"acf":[],"yoast_head":"<!-- This site is optimized with the Yoast SEO plugin v27.3 - https:\/\/yoast.com\/product\/yoast-seo-wordpress\/ -->\n<title>Abonnements - Revue Musicale Suisse<\/title>\n<meta name=\"robots\" content=\"index, follow, max-snippet:-1, max-image-preview:large, max-video-preview:-1\" \/>\n<link rel=\"canonical\" href=\"https:\/\/www.revuemusicale.ch\/en\/aboservice\/\" \/>\n<meta property=\"og:locale\" content=\"en_US\" \/>\n<meta property=\"og:type\" content=\"article\" \/>\n<meta property=\"og:title\" content=\"Abonnements - Revue Musicale Suisse\" \/>\n<meta property=\"og:description\" content=\"Dates de parution en 2026 Num\u00e9ro 1 \u2013 29 janvier Num\u00e9ro 2 \u2013 26\u00a0 mars Num\u00e9ro 3 \u2013 4 juin Num\u00e9ro 4 \u2013 27 ao\u00fbt Num\u00e9ro 5 \u2013 15 octobre Num\u00e9ro 6 \u2013 3 d\u00e9cembre Types d&rsquo;abonnements Abonnement RMS (version imprim\u00e9e et web, 1 an) Version imprim\u00e9e de la Revue Musicale Suisse + acc\u00e8s libre [&hellip;]\" \/>\n<meta property=\"og:url\" content=\"https:\/\/www.revuemusicale.ch\/en\/aboservice\/\" \/>\n<meta property=\"og:site_name\" content=\"Revue Musicale Suisse\" \/>\n<meta property=\"article:publisher\" content=\"https:\/\/www.facebook.com\/SchweizerMusikzeitung\/\" \/>\n<meta property=\"article:modified_time\" content=\"2026-01-14T14:33:37+00:00\" \/>\n<meta name=\"twitter:card\" content=\"summary_large_image\" \/>\n<meta name=\"twitter:site\" content=\"@smusikzeitung\" \/>\n<meta name=\"twitter:label1\" content=\"Est. reading time\" \/>\n\t<meta name=\"twitter:data1\" content=\"2 minutes\" \/>\n<script type=\"application\/ld+json\" class=\"yoast-schema-graph\">{\"@context\":\"https:\\\/\\\/schema.org\",\"@graph\":[{\"@type\":\"WebPage\",\"@id\":\"https:\\\/\\\/www.revuemusicale.ch\\\/aboservice\",\"url\":\"https:\\\/\\\/www.revuemusicale.ch\\\/aboservice\",\"name\":\"Abonnements - Revue Musicale Suisse\",\"isPartOf\":{\"@id\":\"https:\\\/\\\/www.revuemusicale.ch\\\/#website\"},\"datePublished\":\"2022-12-22T08:43:55+00:00\",\"dateModified\":\"2026-01-14T14:33:37+00:00\",\"breadcrumb\":{\"@id\":\"https:\\\/\\\/www.revuemusicale.ch\\\/aboservice#breadcrumb\"},\"inLanguage\":\"en-US\",\"potentialAction\":[{\"@type\":\"ReadAction\",\"target\":[\"https:\\\/\\\/www.revuemusicale.ch\\\/aboservice\"]}]},{\"@type\":\"BreadcrumbList\",\"@id\":\"https:\\\/\\\/www.revuemusicale.ch\\\/aboservice#breadcrumb\",\"itemListElement\":[{\"@type\":\"ListItem\",\"position\":1,\"name\":\"Home\",\"item\":\"https:\\\/\\\/www.revuemusicale.ch\\\/\"},{\"@type\":\"ListItem\",\"position\":2,\"name\":\"Abonnements\"}]},{\"@type\":\"WebSite\",\"@id\":\"https:\\\/\\\/www.revuemusicale.ch\\\/#website\",\"url\":\"https:\\\/\\\/www.revuemusicale.ch\\\/\",\"name\":\"Revue Musicale Suisse\",\"description\":\"\",\"publisher\":{\"@id\":\"https:\\\/\\\/www.revuemusicale.ch\\\/#organization\"},\"potentialAction\":[{\"@type\":\"SearchAction\",\"target\":{\"@type\":\"EntryPoint\",\"urlTemplate\":\"https:\\\/\\\/www.revuemusicale.ch\\\/?s={search_term_string}\"},\"query-input\":{\"@type\":\"PropertyValueSpecification\",\"valueRequired\":true,\"valueName\":\"search_term_string\"}}],\"inLanguage\":\"en-US\"},{\"@type\":\"Organization\",\"@id\":\"https:\\\/\\\/www.revuemusicale.ch\\\/#organization\",\"name\":\"Revue Musicale Suisse\",\"url\":\"https:\\\/\\\/www.revuemusicale.ch\\\/\",\"logo\":{\"@type\":\"ImageObject\",\"inLanguage\":\"en-US\",\"@id\":\"https:\\\/\\\/www.revuemusicale.ch\\\/#\\\/schema\\\/logo\\\/image\\\/\",\"url\":\"https:\\\/\\\/www.revuemusicale.ch\\\/wp-content\\\/uploads\\\/2023\\\/01\\\/logo_revuemusicale_musikzeitung.jpg\",\"contentUrl\":\"https:\\\/\\\/www.revuemusicale.ch\\\/wp-content\\\/uploads\\\/2023\\\/01\\\/logo_revuemusicale_musikzeitung.jpg\",\"width\":1200,\"height\":243,\"caption\":\"Revue Musicale Suisse\"},\"image\":{\"@id\":\"https:\\\/\\\/www.revuemusicale.ch\\\/#\\\/schema\\\/logo\\\/image\\\/\"},\"sameAs\":[\"https:\\\/\\\/www.facebook.com\\\/SchweizerMusikzeitung\\\/\",\"https:\\\/\\\/x.com\\\/smusikzeitung\",\"https:\\\/\\\/www.instagram.com\\\/musikzeitung.ch\\\/?hl=de\"]}]}<\/script>\n<!-- \/ Yoast SEO plugin. -->","yoast_head_json":{"title":"Subscriptions - Swiss Music Review","robots":{"index":"index","follow":"follow","max-snippet":"max-snippet:-1","max-image-preview":"max-image-preview:large","max-video-preview":"max-video-preview:-1"},"canonical":"https:\/\/www.revuemusicale.ch\/en\/aboservice\/","og_locale":"en_US","og_type":"article","og_title":"Abonnements - Revue Musicale Suisse","og_description":"Dates de parution en 2026 Num\u00e9ro 1 \u2013 29 janvier Num\u00e9ro 2 \u2013 26\u00a0 mars Num\u00e9ro 3 \u2013 4 juin Num\u00e9ro 4 \u2013 27 ao\u00fbt Num\u00e9ro 5 \u2013 15 octobre Num\u00e9ro 6 \u2013 3 d\u00e9cembre Types d&rsquo;abonnements Abonnement RMS (version imprim\u00e9e et web, 1 an) Version imprim\u00e9e de la Revue Musicale Suisse + acc\u00e8s libre [&hellip;]","og_url":"https:\/\/www.revuemusicale.ch\/en\/aboservice\/","og_site_name":"Revue Musicale Suisse","article_publisher":"https:\/\/www.facebook.com\/SchweizerMusikzeitung\/","article_modified_time":"2026-01-14T14:33:37+00:00","twitter_card":"summary_large_image","twitter_site":"@smusikzeitung","twitter_misc":{"Est. reading time":"2 minutes"},"schema":{"@context":"https:\/\/schema.org","@graph":[{"@type":"WebPage","@id":"https:\/\/www.revuemusicale.ch\/aboservice","url":"https:\/\/www.revuemusicale.ch\/aboservice","name":"Subscriptions - Swiss Music Review","isPartOf":{"@id":"https:\/\/www.revuemusicale.ch\/#website"},"datePublished":"2022-12-22T08:43:55+00:00","dateModified":"2026-01-14T14:33:37+00:00","breadcrumb":{"@id":"https:\/\/www.revuemusicale.ch\/aboservice#breadcrumb"},"inLanguage":"en-US","potentialAction":[{"@type":"ReadAction","target":["https:\/\/www.revuemusicale.ch\/aboservice"]}]},{"@type":"BreadcrumbList","@id":"https:\/\/www.revuemusicale.ch\/aboservice#breadcrumb","itemListElement":[{"@type":"ListItem","position":1,"name":"Home","item":"https:\/\/www.revuemusicale.ch\/"},{"@type":"ListItem","position":2,"name":"Abonnements"}]},{"@type":"WebSite","@id":"https:\/\/www.revuemusicale.ch\/#website","url":"https:\/\/www.revuemusicale.ch\/","name":"Swiss Music Review","description":"","publisher":{"@id":"https:\/\/www.revuemusicale.ch\/#organization"},"potentialAction":[{"@type":"SearchAction","target":{"@type":"EntryPoint","urlTemplate":"https:\/\/www.revuemusicale.ch\/?s={search_term_string}"},"query-input":{"@type":"PropertyValueSpecification","valueRequired":true,"valueName":"search_term_string"}}],"inLanguage":"en-US"},{"@type":"Organization","@id":"https:\/\/www.revuemusicale.ch\/#organization","name":"Swiss Music Review","url":"https:\/\/www.revuemusicale.ch\/","logo":{"@type":"ImageObject","inLanguage":"en-US","@id":"https:\/\/www.revuemusicale.ch\/#\/schema\/logo\/image\/","url":"https:\/\/www.revuemusicale.ch\/wp-content\/uploads\/2023\/01\/logo_revuemusicale_musikzeitung.jpg","contentUrl":"https:\/\/www.revuemusicale.ch\/wp-content\/uploads\/2023\/01\/logo_revuemusicale_musikzeitung.jpg","width":1200,"height":243,"caption":"Revue Musicale Suisse"},"image":{"@id":"https:\/\/www.revuemusicale.ch\/#\/schema\/logo\/image\/"},"sameAs":["https:\/\/www.facebook.com\/SchweizerMusikzeitung\/","https:\/\/x.com\/smusikzeitung","https:\/\/www.instagram.com\/musikzeitung.ch\/?hl=de"]}]}},"publishpress_future_action":{"enabled":false,"date":"1970-01-01 01:00:00","action":"change-status","newStatus":"draft","terms":[],"taxonomy":"","extraData":[]},"publishpress_future_workflow_manual_trigger":{"enabledWorkflows":[]},"_links":{"self":[{"href":"https:\/\/www.revuemusicale.ch\/en\/wp-json\/wp\/v2\/pages\/132","targetHints":{"allow":["GET"]}}],"collection":[{"href":"https:\/\/www.revuemusicale.ch\/en\/wp-json\/wp\/v2\/pages"}],"about":[{"href":"https:\/\/www.revuemusicale.ch\/en\/wp-json\/wp\/v2\/types\/page"}],"author":[{"embeddable":true,"href":"https:\/\/www.revuemusicale.ch\/en\/wp-json\/wp\/v2\/users\/1"}],"replies":[{"embeddable":true,"href":"https:\/\/www.revuemusicale.ch\/en\/wp-json\/wp\/v2\/comments?post=132"}],"version-history":[{"count":20,"href":"https:\/\/www.revuemusicale.ch\/en\/wp-json\/wp\/v2\/pages\/132\/revisions"}],"predecessor-version":[{"id":31660,"href":"https:\/\/www.revuemusicale.ch\/en\/wp-json\/wp\/v2\/pages\/132\/revisions\/31660"}],"wp:attachment":[{"href":"https:\/\/www.revuemusicale.ch\/en\/wp-json\/wp\/v2\/media?parent=132"}],"curies":[{"name":"wp","href":"https:\/\/api.w.org\/{rel}","templated":true}]}}