{"id":136,"date":"2022-12-22T09:45:17","date_gmt":"2022-12-22T08:45:17","guid":{"rendered":"https:\/\/www.revuemusicale.ch\/?page_id=136"},"modified":"2023-05-31T08:42:05","modified_gmt":"2023-05-31T06:42:05","slug":"histoire-rms","status":"publish","type":"page","link":"https:\/\/www.revuemusicale.ch\/en\/a-propos\/histoire-rms","title":{"rendered":"History of RMS"},"content":{"rendered":"<div class=\"body\">\n<div class=\"text-section\">\n<p>In 1998, six music associations merged to form the Swiss Music Review.<\/p>\n<p>Music magazines have existed in Switzerland since the 19th century, and remained directly linked to choral singing well into the 20th. After a period of fragmentation, the Revue Musicale Suisse was born in 1998 from the merger of six association organs.<\/p>\n<p>In 2008, Swiss Music Review celebrated its tenth anniversary.<\/p>\n<p>On November 28, 2014, the Extraordinary Meeting of Delegates of the Swiss Music Review Association resolved to appoint NZZ Fachmedien AG as publisher of the Swiss Music Review with effect from January 1, 2015, and to wind up the Swiss Music Review Association.<\/p>\n<p>Following the creation of CH Media in 2018 by NZZ and AZ Medien, NZZ Fachmedien AG - and thus Swiss Music Review - was taken over by CH Regionalmedien AG.<\/p>\n<p>Since October 1, 2020, Swiss Music Review has been owned by Galledia Fachmedien AG. <a href=\"https:\/\/chmedia.ch\/news\/ch-media-verkauft-verbandsmedien-galledia\" target=\"_blank\" rel=\"noopener\">See the CH Media press release <\/a>(in German).<\/p>\n<\/div>\n<\/div>","protected":false},"excerpt":{"rendered":"<p>En 1998, six associations musicales ont fusionn\u00e9 pour former la Revue musicale suisse. Les revues musicales existent en Suisse depuis le 19e si\u00e8cle ; elles sont rest\u00e9es directement li\u00e9es au chant choral jusque tard dans le 20e si\u00e8cle. Apr\u00e8s une p\u00e9riode d&rsquo;\u00e9clatement, la Revue Musicale Suisse est n\u00e9e en 1998 de la fusion de six [&hellip;]<\/p>\n","protected":false},"author":1,"featured_media":0,"parent":124,"menu_order":1,"comment_status":"closed","ping_status":"closed","template":"","meta":{"_acf_changed":false,"_relevanssi_hide_post":"","_relevanssi_hide_content":"","_relevanssi_pin_for_all":"","_relevanssi_pin_keywords":"","_relevanssi_unpin_keywords":"","_relevanssi_related_keywords":"","_relevanssi_related_include_ids":"","_relevanssi_related_exclude_ids":"","_relevanssi_related_no_append":"","_relevanssi_related_not_related":"","_relevanssi_related_posts":"","_relevanssi_noindex_reason":"","pgc_sgb_lightbox_settings":"","footnotes":""},"class_list":["post-136","page","type-page","status-publish","hentry"],"acf":[],"yoast_head":"<!-- This site is optimized with the Yoast SEO plugin v27.3 - https:\/\/yoast.com\/product\/yoast-seo-wordpress\/ -->\n<title>Histoire de la RMS - Revue Musicale Suisse<\/title>\n<meta name=\"robots\" content=\"index, follow, max-snippet:-1, max-image-preview:large, max-video-preview:-1\" \/>\n<link rel=\"canonical\" href=\"https:\/\/www.revuemusicale.ch\/en\/a-propos\/histoire-rms\/\" \/>\n<meta property=\"og:locale\" content=\"en_US\" \/>\n<meta property=\"og:type\" content=\"article\" \/>\n<meta property=\"og:title\" content=\"Histoire de la RMS - Revue Musicale Suisse\" \/>\n<meta property=\"og:description\" content=\"En 1998, six associations musicales ont fusionn\u00e9 pour former la Revue musicale suisse. Les revues musicales existent en Suisse depuis le 19e si\u00e8cle ; elles sont rest\u00e9es directement li\u00e9es au chant choral jusque tard dans le 20e si\u00e8cle. Apr\u00e8s une p\u00e9riode d&rsquo;\u00e9clatement, la Revue Musicale Suisse est n\u00e9e en 1998 de la fusion de six [&hellip;]\" \/>\n<meta property=\"og:url\" content=\"https:\/\/www.revuemusicale.ch\/en\/a-propos\/histoire-rms\/\" \/>\n<meta property=\"og:site_name\" content=\"Revue Musicale Suisse\" \/>\n<meta property=\"article:publisher\" content=\"https:\/\/www.facebook.com\/SchweizerMusikzeitung\/\" \/>\n<meta property=\"article:modified_time\" content=\"2023-05-31T06:42:05+00:00\" \/>\n<meta name=\"twitter:card\" content=\"summary_large_image\" \/>\n<meta name=\"twitter:site\" content=\"@smusikzeitung\" \/>\n<meta name=\"twitter:label1\" content=\"Est. reading time\" \/>\n\t<meta name=\"twitter:data1\" content=\"2 minutes\" \/>\n<script type=\"application\/ld+json\" class=\"yoast-schema-graph\">{\"@context\":\"https:\\\/\\\/schema.org\",\"@graph\":[{\"@type\":\"WebPage\",\"@id\":\"https:\\\/\\\/www.revuemusicale.ch\\\/a-propos\\\/histoire-rms\",\"url\":\"https:\\\/\\\/www.revuemusicale.ch\\\/a-propos\\\/histoire-rms\",\"name\":\"Histoire de la RMS - Revue Musicale Suisse\",\"isPartOf\":{\"@id\":\"https:\\\/\\\/www.revuemusicale.ch\\\/#website\"},\"datePublished\":\"2022-12-22T08:45:17+00:00\",\"dateModified\":\"2023-05-31T06:42:05+00:00\",\"breadcrumb\":{\"@id\":\"https:\\\/\\\/www.revuemusicale.ch\\\/a-propos\\\/histoire-rms#breadcrumb\"},\"inLanguage\":\"en-US\",\"potentialAction\":[{\"@type\":\"ReadAction\",\"target\":[\"https:\\\/\\\/www.revuemusicale.ch\\\/a-propos\\\/histoire-rms\"]}]},{\"@type\":\"BreadcrumbList\",\"@id\":\"https:\\\/\\\/www.revuemusicale.ch\\\/a-propos\\\/histoire-rms#breadcrumb\",\"itemListElement\":[{\"@type\":\"ListItem\",\"position\":1,\"name\":\"Home\",\"item\":\"https:\\\/\\\/www.revuemusicale.ch\\\/\"},{\"@type\":\"ListItem\",\"position\":2,\"name\":\"A propos\",\"item\":\"https:\\\/\\\/www.revuemusicale.ch\\\/a-propos\"},{\"@type\":\"ListItem\",\"position\":3,\"name\":\"Histoire de la RMS\"}]},{\"@type\":\"WebSite\",\"@id\":\"https:\\\/\\\/www.revuemusicale.ch\\\/#website\",\"url\":\"https:\\\/\\\/www.revuemusicale.ch\\\/\",\"name\":\"Revue Musicale Suisse\",\"description\":\"\",\"publisher\":{\"@id\":\"https:\\\/\\\/www.revuemusicale.ch\\\/#organization\"},\"potentialAction\":[{\"@type\":\"SearchAction\",\"target\":{\"@type\":\"EntryPoint\",\"urlTemplate\":\"https:\\\/\\\/www.revuemusicale.ch\\\/?s={search_term_string}\"},\"query-input\":{\"@type\":\"PropertyValueSpecification\",\"valueRequired\":true,\"valueName\":\"search_term_string\"}}],\"inLanguage\":\"en-US\"},{\"@type\":\"Organization\",\"@id\":\"https:\\\/\\\/www.revuemusicale.ch\\\/#organization\",\"name\":\"Revue Musicale Suisse\",\"url\":\"https:\\\/\\\/www.revuemusicale.ch\\\/\",\"logo\":{\"@type\":\"ImageObject\",\"inLanguage\":\"en-US\",\"@id\":\"https:\\\/\\\/www.revuemusicale.ch\\\/#\\\/schema\\\/logo\\\/image\\\/\",\"url\":\"https:\\\/\\\/www.revuemusicale.ch\\\/wp-content\\\/uploads\\\/2023\\\/01\\\/logo_revuemusicale_musikzeitung.jpg\",\"contentUrl\":\"https:\\\/\\\/www.revuemusicale.ch\\\/wp-content\\\/uploads\\\/2023\\\/01\\\/logo_revuemusicale_musikzeitung.jpg\",\"width\":1200,\"height\":243,\"caption\":\"Revue Musicale Suisse\"},\"image\":{\"@id\":\"https:\\\/\\\/www.revuemusicale.ch\\\/#\\\/schema\\\/logo\\\/image\\\/\"},\"sameAs\":[\"https:\\\/\\\/www.facebook.com\\\/SchweizerMusikzeitung\\\/\",\"https:\\\/\\\/x.com\\\/smusikzeitung\",\"https:\\\/\\\/www.instagram.com\\\/musikzeitung.ch\\\/?hl=de\"]}]}<\/script>\n<!-- \/ Yoast SEO plugin. -->","yoast_head_json":{"title":"History of RMS - Swiss Music Review","robots":{"index":"index","follow":"follow","max-snippet":"max-snippet:-1","max-image-preview":"max-image-preview:large","max-video-preview":"max-video-preview:-1"},"canonical":"https:\/\/www.revuemusicale.ch\/en\/a-propos\/histoire-rms\/","og_locale":"en_US","og_type":"article","og_title":"Histoire de la RMS - Revue Musicale Suisse","og_description":"En 1998, six associations musicales ont fusionn\u00e9 pour former la Revue musicale suisse. Les revues musicales existent en Suisse depuis le 19e si\u00e8cle ; elles sont rest\u00e9es directement li\u00e9es au chant choral jusque tard dans le 20e si\u00e8cle. Apr\u00e8s une p\u00e9riode d&rsquo;\u00e9clatement, la Revue Musicale Suisse est n\u00e9e en 1998 de la fusion de six [&hellip;]","og_url":"https:\/\/www.revuemusicale.ch\/en\/a-propos\/histoire-rms\/","og_site_name":"Revue Musicale Suisse","article_publisher":"https:\/\/www.facebook.com\/SchweizerMusikzeitung\/","article_modified_time":"2023-05-31T06:42:05+00:00","twitter_card":"summary_large_image","twitter_site":"@smusikzeitung","twitter_misc":{"Est. reading time":"2 minutes"},"schema":{"@context":"https:\/\/schema.org","@graph":[{"@type":"WebPage","@id":"https:\/\/www.revuemusicale.ch\/a-propos\/histoire-rms","url":"https:\/\/www.revuemusicale.ch\/a-propos\/histoire-rms","name":"History of RMS - Swiss Music Review","isPartOf":{"@id":"https:\/\/www.revuemusicale.ch\/#website"},"datePublished":"2022-12-22T08:45:17+00:00","dateModified":"2023-05-31T06:42:05+00:00","breadcrumb":{"@id":"https:\/\/www.revuemusicale.ch\/a-propos\/histoire-rms#breadcrumb"},"inLanguage":"en-US","potentialAction":[{"@type":"ReadAction","target":["https:\/\/www.revuemusicale.ch\/a-propos\/histoire-rms"]}]},{"@type":"BreadcrumbList","@id":"https:\/\/www.revuemusicale.ch\/a-propos\/histoire-rms#breadcrumb","itemListElement":[{"@type":"ListItem","position":1,"name":"Home","item":"https:\/\/www.revuemusicale.ch\/"},{"@type":"ListItem","position":2,"name":"A propos","item":"https:\/\/www.revuemusicale.ch\/a-propos"},{"@type":"ListItem","position":3,"name":"Histoire de la RMS"}]},{"@type":"WebSite","@id":"https:\/\/www.revuemusicale.ch\/#website","url":"https:\/\/www.revuemusicale.ch\/","name":"Swiss Music Review","description":"","publisher":{"@id":"https:\/\/www.revuemusicale.ch\/#organization"},"potentialAction":[{"@type":"SearchAction","target":{"@type":"EntryPoint","urlTemplate":"https:\/\/www.revuemusicale.ch\/?s={search_term_string}"},"query-input":{"@type":"PropertyValueSpecification","valueRequired":true,"valueName":"search_term_string"}}],"inLanguage":"en-US"},{"@type":"Organization","@id":"https:\/\/www.revuemusicale.ch\/#organization","name":"Swiss Music Review","url":"https:\/\/www.revuemusicale.ch\/","logo":{"@type":"ImageObject","inLanguage":"en-US","@id":"https:\/\/www.revuemusicale.ch\/#\/schema\/logo\/image\/","url":"https:\/\/www.revuemusicale.ch\/wp-content\/uploads\/2023\/01\/logo_revuemusicale_musikzeitung.jpg","contentUrl":"https:\/\/www.revuemusicale.ch\/wp-content\/uploads\/2023\/01\/logo_revuemusicale_musikzeitung.jpg","width":1200,"height":243,"caption":"Revue Musicale Suisse"},"image":{"@id":"https:\/\/www.revuemusicale.ch\/#\/schema\/logo\/image\/"},"sameAs":["https:\/\/www.facebook.com\/SchweizerMusikzeitung\/","https:\/\/x.com\/smusikzeitung","https:\/\/www.instagram.com\/musikzeitung.ch\/?hl=de"]}]}},"publishpress_future_action":{"enabled":false,"date":"1970-01-01 01:00:00","action":"change-status","newStatus":"draft","terms":[],"taxonomy":"","extraData":[]},"publishpress_future_workflow_manual_trigger":{"enabledWorkflows":[]},"_links":{"self":[{"href":"https:\/\/www.revuemusicale.ch\/en\/wp-json\/wp\/v2\/pages\/136","targetHints":{"allow":["GET"]}}],"collection":[{"href":"https:\/\/www.revuemusicale.ch\/en\/wp-json\/wp\/v2\/pages"}],"about":[{"href":"https:\/\/www.revuemusicale.ch\/en\/wp-json\/wp\/v2\/types\/page"}],"author":[{"embeddable":true,"href":"https:\/\/www.revuemusicale.ch\/en\/wp-json\/wp\/v2\/users\/1"}],"replies":[{"embeddable":true,"href":"https:\/\/www.revuemusicale.ch\/en\/wp-json\/wp\/v2\/comments?post=136"}],"version-history":[{"count":11,"href":"https:\/\/www.revuemusicale.ch\/en\/wp-json\/wp\/v2\/pages\/136\/revisions"}],"predecessor-version":[{"id":29655,"href":"https:\/\/www.revuemusicale.ch\/en\/wp-json\/wp\/v2\/pages\/136\/revisions\/29655"}],"up":[{"embeddable":true,"href":"https:\/\/www.revuemusicale.ch\/en\/wp-json\/wp\/v2\/pages\/124"}],"wp:attachment":[{"href":"https:\/\/www.revuemusicale.ch\/en\/wp-json\/wp\/v2\/media?parent=136"}],"curies":[{"name":"wp","href":"https:\/\/api.w.org\/{rel}","templated":true}]}}