{"id":138,"date":"2022-12-22T09:45:36","date_gmt":"2022-12-22T08:45:36","guid":{"rendered":"https:\/\/www.revuemusicale.ch\/?page_id=138"},"modified":"2023-05-31T08:44:41","modified_gmt":"2023-05-31T06:44:41","slug":"beethoven-projekt-2020","status":"publish","type":"page","link":"https:\/\/www.revuemusicale.ch\/en\/a-propos\/beethoven-projekt-2020","title":{"rendered":"Beethoven Year 2020 blog"},"content":{"rendered":"<h3>52 x Beethoven<\/h3>\n<p><img loading=\"lazy\" decoding=\"async\" class=\"size-full wp-image-201\" src=\"https:\/\/www.revuemusicale.ch\/wp-content\/uploads\/2023\/01\/Signet_Beethoven.jpg\" alt=\"\" width=\"4477\" height=\"2807\" srcset=\"https:\/\/www.revuemusicale.ch\/wp-content\/uploads\/2023\/01\/Signet_Beethoven.jpg 1400w, https:\/\/www.revuemusicale.ch\/wp-content\/uploads\/2023\/01\/Signet_Beethoven-300x188.jpg 300w, https:\/\/www.revuemusicale.ch\/wp-content\/uploads\/2023\/01\/Signet_Beethoven-1024x642.jpg 1024w, https:\/\/www.revuemusicale.ch\/wp-content\/uploads\/2023\/01\/Signet_Beethoven-768x482.jpg 768w, https:\/\/www.revuemusicale.ch\/wp-content\/uploads\/2023\/01\/Signet_Beethoven-1536x963.jpg 1536w, https:\/\/www.revuemusicale.ch\/wp-content\/uploads\/2023\/01\/Signet_Beethoven-2048x1284.jpg 2048w, https:\/\/www.revuemusicale.ch\/wp-content\/uploads\/2023\/01\/Signet_Beethoven-279x175.jpg 279w, https:\/\/www.revuemusicale.ch\/wp-content\/uploads\/2023\/01\/Signet_Beethoven-558x350.jpg 558w, https:\/\/www.revuemusicale.ch\/wp-content\/uploads\/2023\/01\/Signet_Beethoven-1276x800.jpg 1276w, https:\/\/www.revuemusicale.ch\/wp-content\/uploads\/2023\/01\/Signet_Beethoven-920x577.jpg 920w\" sizes=\"auto, (max-width: 4477px) 100vw, 4477px\" \/><\/p>\n<p><strong>To mark the 250th anniversary of Beethoven's birth, Swiss Music Review took a weekly look at a different work from his catalog. <\/strong><\/p>\n<div class=\"text-section\">\n<p>Starting on January 3, 2020, every Friday we published a short, simple text on a work by Beethoven, in French and German. We chose well-known pieces, others less so, others even marginal. Some were linked to a particular time of year, others had a Swiss connection.<\/p>\n<p>A selection of them was also printed in our December 2020 issue.<\/p>\n<p>Our author, Michael Kube, is a musicologist and editor who teaches at the Stuttgart HEM and the University of W\u00fcrzburg. He has not written the kind of musicological analysis that can be found just about everywhere, but has told us the stories behind the notes, behind the interpretative traditions and behind the way the work was received when it was first performed.<\/p>\n<p>The project was supported by the Oertli Foundation, which we would like to thank.<\/p>\n<p>&nbsp;<\/p>\n<\/div>\n<p>&nbsp;<\/p>","protected":false},"excerpt":{"rendered":"<p>52 x Beethoven Pour le 250e anniversaire de la naissance de Beethoven, la Revue Musicale Suisse a jet\u00e9 chaque semaine un \u0153il sur une \u0153uvre diff\u00e9rente de son catalogue. A partir du 3 janvier 2020, nous avons publi\u00e9 chaque vendredi un texte simple et court sur une \u0153uvre de Beethoven, en fran\u00e7ais et en allemand. [&hellip;]<\/p>\n","protected":false},"author":1,"featured_media":0,"parent":124,"menu_order":0,"comment_status":"closed","ping_status":"closed","template":"","meta":{"_acf_changed":false,"_relevanssi_hide_post":"","_relevanssi_hide_content":"","_relevanssi_pin_for_all":"","_relevanssi_pin_keywords":"","_relevanssi_unpin_keywords":"","_relevanssi_related_keywords":"","_relevanssi_related_include_ids":"","_relevanssi_related_exclude_ids":"","_relevanssi_related_no_append":"","_relevanssi_related_not_related":"","_relevanssi_related_posts":"","_relevanssi_noindex_reason":"","pgc_sgb_lightbox_settings":"","footnotes":""},"class_list":["post-138","page","type-page","status-publish","hentry"],"acf":[],"yoast_head":"<!-- This site is optimized with the Yoast SEO plugin v27.3 - https:\/\/yoast.com\/product\/yoast-seo-wordpress\/ -->\n<title>Blog de l&#039;ann\u00e9e Beethoven 2020 - Revue Musicale Suisse<\/title>\n<meta name=\"robots\" content=\"index, follow, max-snippet:-1, max-image-preview:large, max-video-preview:-1\" \/>\n<link rel=\"canonical\" href=\"https:\/\/www.revuemusicale.ch\/en\/a-propos\/beethoven-projekt-2020\/\" \/>\n<meta property=\"og:locale\" content=\"en_US\" \/>\n<meta property=\"og:type\" content=\"article\" \/>\n<meta property=\"og:title\" content=\"Blog de l&#039;ann\u00e9e Beethoven 2020 - Revue Musicale Suisse\" \/>\n<meta property=\"og:description\" content=\"52 x Beethoven Pour le 250e anniversaire de la naissance de Beethoven, la Revue Musicale Suisse a jet\u00e9 chaque semaine un \u0153il sur une \u0153uvre diff\u00e9rente de son catalogue. A partir du 3 janvier 2020, nous avons publi\u00e9 chaque vendredi un texte simple et court sur une \u0153uvre de Beethoven, en fran\u00e7ais et en allemand. [&hellip;]\" \/>\n<meta property=\"og:url\" content=\"https:\/\/www.revuemusicale.ch\/en\/a-propos\/beethoven-projekt-2020\/\" \/>\n<meta property=\"og:site_name\" content=\"Revue Musicale Suisse\" \/>\n<meta property=\"article:publisher\" content=\"https:\/\/www.facebook.com\/SchweizerMusikzeitung\/\" \/>\n<meta property=\"article:modified_time\" content=\"2023-05-31T06:44:41+00:00\" \/>\n<meta property=\"og:image\" content=\"https:\/\/www.revuemusicale.ch\/wp-content\/uploads\/2023\/01\/Signet_Beethoven.jpg\" \/>\n<meta name=\"twitter:card\" content=\"summary_large_image\" \/>\n<meta name=\"twitter:site\" content=\"@smusikzeitung\" \/>\n<meta name=\"twitter:label1\" content=\"Est. reading time\" \/>\n\t<meta name=\"twitter:data1\" content=\"2 minutes\" \/>\n<script type=\"application\/ld+json\" class=\"yoast-schema-graph\">{\"@context\":\"https:\\\/\\\/schema.org\",\"@graph\":[{\"@type\":\"WebPage\",\"@id\":\"https:\\\/\\\/www.revuemusicale.ch\\\/a-propos\\\/beethoven-projekt-2020\",\"url\":\"https:\\\/\\\/www.revuemusicale.ch\\\/a-propos\\\/beethoven-projekt-2020\",\"name\":\"Blog de l'ann\u00e9e Beethoven 2020 - Revue Musicale Suisse\",\"isPartOf\":{\"@id\":\"https:\\\/\\\/www.revuemusicale.ch\\\/#website\"},\"primaryImageOfPage\":{\"@id\":\"https:\\\/\\\/www.revuemusicale.ch\\\/a-propos\\\/beethoven-projekt-2020#primaryimage\"},\"image\":{\"@id\":\"https:\\\/\\\/www.revuemusicale.ch\\\/a-propos\\\/beethoven-projekt-2020#primaryimage\"},\"thumbnailUrl\":\"https:\\\/\\\/www.revuemusicale.ch\\\/wp-content\\\/uploads\\\/2023\\\/01\\\/Signet_Beethoven.jpg\",\"datePublished\":\"2022-12-22T08:45:36+00:00\",\"dateModified\":\"2023-05-31T06:44:41+00:00\",\"breadcrumb\":{\"@id\":\"https:\\\/\\\/www.revuemusicale.ch\\\/a-propos\\\/beethoven-projekt-2020#breadcrumb\"},\"inLanguage\":\"en-US\",\"potentialAction\":[{\"@type\":\"ReadAction\",\"target\":[\"https:\\\/\\\/www.revuemusicale.ch\\\/a-propos\\\/beethoven-projekt-2020\"]}]},{\"@type\":\"ImageObject\",\"inLanguage\":\"en-US\",\"@id\":\"https:\\\/\\\/www.revuemusicale.ch\\\/a-propos\\\/beethoven-projekt-2020#primaryimage\",\"url\":\"https:\\\/\\\/www.revuemusicale.ch\\\/wp-content\\\/uploads\\\/2023\\\/01\\\/Signet_Beethoven.jpg\",\"contentUrl\":\"https:\\\/\\\/www.revuemusicale.ch\\\/wp-content\\\/uploads\\\/2023\\\/01\\\/Signet_Beethoven.jpg\"},{\"@type\":\"BreadcrumbList\",\"@id\":\"https:\\\/\\\/www.revuemusicale.ch\\\/a-propos\\\/beethoven-projekt-2020#breadcrumb\",\"itemListElement\":[{\"@type\":\"ListItem\",\"position\":1,\"name\":\"Home\",\"item\":\"https:\\\/\\\/www.revuemusicale.ch\\\/\"},{\"@type\":\"ListItem\",\"position\":2,\"name\":\"A propos\",\"item\":\"https:\\\/\\\/www.revuemusicale.ch\\\/a-propos\"},{\"@type\":\"ListItem\",\"position\":3,\"name\":\"Blog de l&rsquo;ann\u00e9e Beethoven 2020\"}]},{\"@type\":\"WebSite\",\"@id\":\"https:\\\/\\\/www.revuemusicale.ch\\\/#website\",\"url\":\"https:\\\/\\\/www.revuemusicale.ch\\\/\",\"name\":\"Revue Musicale Suisse\",\"description\":\"\",\"publisher\":{\"@id\":\"https:\\\/\\\/www.revuemusicale.ch\\\/#organization\"},\"potentialAction\":[{\"@type\":\"SearchAction\",\"target\":{\"@type\":\"EntryPoint\",\"urlTemplate\":\"https:\\\/\\\/www.revuemusicale.ch\\\/?s={search_term_string}\"},\"query-input\":{\"@type\":\"PropertyValueSpecification\",\"valueRequired\":true,\"valueName\":\"search_term_string\"}}],\"inLanguage\":\"en-US\"},{\"@type\":\"Organization\",\"@id\":\"https:\\\/\\\/www.revuemusicale.ch\\\/#organization\",\"name\":\"Revue Musicale Suisse\",\"url\":\"https:\\\/\\\/www.revuemusicale.ch\\\/\",\"logo\":{\"@type\":\"ImageObject\",\"inLanguage\":\"en-US\",\"@id\":\"https:\\\/\\\/www.revuemusicale.ch\\\/#\\\/schema\\\/logo\\\/image\\\/\",\"url\":\"https:\\\/\\\/www.revuemusicale.ch\\\/wp-content\\\/uploads\\\/2023\\\/01\\\/logo_revuemusicale_musikzeitung.jpg\",\"contentUrl\":\"https:\\\/\\\/www.revuemusicale.ch\\\/wp-content\\\/uploads\\\/2023\\\/01\\\/logo_revuemusicale_musikzeitung.jpg\",\"width\":1200,\"height\":243,\"caption\":\"Revue Musicale Suisse\"},\"image\":{\"@id\":\"https:\\\/\\\/www.revuemusicale.ch\\\/#\\\/schema\\\/logo\\\/image\\\/\"},\"sameAs\":[\"https:\\\/\\\/www.facebook.com\\\/SchweizerMusikzeitung\\\/\",\"https:\\\/\\\/x.com\\\/smusikzeitung\",\"https:\\\/\\\/www.instagram.com\\\/musikzeitung.ch\\\/?hl=de\"]}]}<\/script>\n<!-- \/ Yoast SEO plugin. -->","yoast_head_json":{"title":"Beethoven Year 2020 blog - Swiss Music Review","robots":{"index":"index","follow":"follow","max-snippet":"max-snippet:-1","max-image-preview":"max-image-preview:large","max-video-preview":"max-video-preview:-1"},"canonical":"https:\/\/www.revuemusicale.ch\/en\/a-propos\/beethoven-projekt-2020\/","og_locale":"en_US","og_type":"article","og_title":"Blog de l'ann\u00e9e Beethoven 2020 - Revue Musicale Suisse","og_description":"52 x Beethoven Pour le 250e anniversaire de la naissance de Beethoven, la Revue Musicale Suisse a jet\u00e9 chaque semaine un \u0153il sur une \u0153uvre diff\u00e9rente de son catalogue. A partir du 3 janvier 2020, nous avons publi\u00e9 chaque vendredi un texte simple et court sur une \u0153uvre de Beethoven, en fran\u00e7ais et en allemand. [&hellip;]","og_url":"https:\/\/www.revuemusicale.ch\/en\/a-propos\/beethoven-projekt-2020\/","og_site_name":"Revue Musicale Suisse","article_publisher":"https:\/\/www.facebook.com\/SchweizerMusikzeitung\/","article_modified_time":"2023-05-31T06:44:41+00:00","og_image":[{"url":"https:\/\/www.revuemusicale.ch\/wp-content\/uploads\/2023\/01\/Signet_Beethoven.jpg","type":"","width":"","height":""}],"twitter_card":"summary_large_image","twitter_site":"@smusikzeitung","twitter_misc":{"Est. reading time":"2 minutes"},"schema":{"@context":"https:\/\/schema.org","@graph":[{"@type":"WebPage","@id":"https:\/\/www.revuemusicale.ch\/a-propos\/beethoven-projekt-2020","url":"https:\/\/www.revuemusicale.ch\/a-propos\/beethoven-projekt-2020","name":"Beethoven Year 2020 blog - Swiss Music Review","isPartOf":{"@id":"https:\/\/www.revuemusicale.ch\/#website"},"primaryImageOfPage":{"@id":"https:\/\/www.revuemusicale.ch\/a-propos\/beethoven-projekt-2020#primaryimage"},"image":{"@id":"https:\/\/www.revuemusicale.ch\/a-propos\/beethoven-projekt-2020#primaryimage"},"thumbnailUrl":"https:\/\/www.revuemusicale.ch\/wp-content\/uploads\/2023\/01\/Signet_Beethoven.jpg","datePublished":"2022-12-22T08:45:36+00:00","dateModified":"2023-05-31T06:44:41+00:00","breadcrumb":{"@id":"https:\/\/www.revuemusicale.ch\/a-propos\/beethoven-projekt-2020#breadcrumb"},"inLanguage":"en-US","potentialAction":[{"@type":"ReadAction","target":["https:\/\/www.revuemusicale.ch\/a-propos\/beethoven-projekt-2020"]}]},{"@type":"ImageObject","inLanguage":"en-US","@id":"https:\/\/www.revuemusicale.ch\/a-propos\/beethoven-projekt-2020#primaryimage","url":"https:\/\/www.revuemusicale.ch\/wp-content\/uploads\/2023\/01\/Signet_Beethoven.jpg","contentUrl":"https:\/\/www.revuemusicale.ch\/wp-content\/uploads\/2023\/01\/Signet_Beethoven.jpg"},{"@type":"BreadcrumbList","@id":"https:\/\/www.revuemusicale.ch\/a-propos\/beethoven-projekt-2020#breadcrumb","itemListElement":[{"@type":"ListItem","position":1,"name":"Home","item":"https:\/\/www.revuemusicale.ch\/"},{"@type":"ListItem","position":2,"name":"A propos","item":"https:\/\/www.revuemusicale.ch\/a-propos"},{"@type":"ListItem","position":3,"name":"Blog de l&rsquo;ann\u00e9e Beethoven 2020"}]},{"@type":"WebSite","@id":"https:\/\/www.revuemusicale.ch\/#website","url":"https:\/\/www.revuemusicale.ch\/","name":"Swiss Music Review","description":"","publisher":{"@id":"https:\/\/www.revuemusicale.ch\/#organization"},"potentialAction":[{"@type":"SearchAction","target":{"@type":"EntryPoint","urlTemplate":"https:\/\/www.revuemusicale.ch\/?s={search_term_string}"},"query-input":{"@type":"PropertyValueSpecification","valueRequired":true,"valueName":"search_term_string"}}],"inLanguage":"en-US"},{"@type":"Organization","@id":"https:\/\/www.revuemusicale.ch\/#organization","name":"Swiss Music Review","url":"https:\/\/www.revuemusicale.ch\/","logo":{"@type":"ImageObject","inLanguage":"en-US","@id":"https:\/\/www.revuemusicale.ch\/#\/schema\/logo\/image\/","url":"https:\/\/www.revuemusicale.ch\/wp-content\/uploads\/2023\/01\/logo_revuemusicale_musikzeitung.jpg","contentUrl":"https:\/\/www.revuemusicale.ch\/wp-content\/uploads\/2023\/01\/logo_revuemusicale_musikzeitung.jpg","width":1200,"height":243,"caption":"Revue Musicale Suisse"},"image":{"@id":"https:\/\/www.revuemusicale.ch\/#\/schema\/logo\/image\/"},"sameAs":["https:\/\/www.facebook.com\/SchweizerMusikzeitung\/","https:\/\/x.com\/smusikzeitung","https:\/\/www.instagram.com\/musikzeitung.ch\/?hl=de"]}]}},"publishpress_future_action":{"enabled":false,"date":"1970-01-01 01:00:00","action":"change-status","newStatus":"draft","terms":[],"taxonomy":"","extraData":[]},"publishpress_future_workflow_manual_trigger":{"enabledWorkflows":[]},"_links":{"self":[{"href":"https:\/\/www.revuemusicale.ch\/en\/wp-json\/wp\/v2\/pages\/138","targetHints":{"allow":["GET"]}}],"collection":[{"href":"https:\/\/www.revuemusicale.ch\/en\/wp-json\/wp\/v2\/pages"}],"about":[{"href":"https:\/\/www.revuemusicale.ch\/en\/wp-json\/wp\/v2\/types\/page"}],"author":[{"embeddable":true,"href":"https:\/\/www.revuemusicale.ch\/en\/wp-json\/wp\/v2\/users\/1"}],"replies":[{"embeddable":true,"href":"https:\/\/www.revuemusicale.ch\/en\/wp-json\/wp\/v2\/comments?post=138"}],"version-history":[{"count":8,"href":"https:\/\/www.revuemusicale.ch\/en\/wp-json\/wp\/v2\/pages\/138\/revisions"}],"predecessor-version":[{"id":29657,"href":"https:\/\/www.revuemusicale.ch\/en\/wp-json\/wp\/v2\/pages\/138\/revisions\/29657"}],"up":[{"embeddable":true,"href":"https:\/\/www.revuemusicale.ch\/en\/wp-json\/wp\/v2\/pages\/124"}],"wp:attachment":[{"href":"https:\/\/www.revuemusicale.ch\/en\/wp-json\/wp\/v2\/media?parent=138"}],"curies":[{"name":"wp","href":"https:\/\/api.w.org\/{rel}","templated":true}]}}