{"id":15175,"date":"2023-01-17T22:30:01","date_gmt":"2023-01-17T21:30:01","guid":{"rendered":"https:\/\/www.revuemusicale.ch\/?page_id=15175"},"modified":"2025-03-14T08:08:11","modified_gmt":"2025-03-14T07:08:11","slug":"login","status":"publish","type":"page","link":"https:\/\/www.revuemusicale.ch\/en\/login","title":{"rendered":"Login"},"content":{"rendered":"<p>Log in with your subscription number and surname to access all pages of the RMS website. Your subscription number can be found on the 4th cover page of the print edition, above your address.<\/p>\n<p><img loading=\"lazy\" decoding=\"async\" class=\"aligncenter size-large wp-image-31132\" src=\"https:\/\/www.revuemusicale.ch\/wp-content\/uploads\/2025\/03\/Adressfeld_f-1024x313.jpg\" alt=\"\" width=\"768\" height=\"235\" srcset=\"https:\/\/www.revuemusicale.ch\/wp-content\/uploads\/2025\/03\/Adressfeld_f-1024x313.jpg 1024w, https:\/\/www.revuemusicale.ch\/wp-content\/uploads\/2025\/03\/Adressfeld_f-300x92.jpg 300w, https:\/\/www.revuemusicale.ch\/wp-content\/uploads\/2025\/03\/Adressfeld_f-768x235.jpg 768w, https:\/\/www.revuemusicale.ch\/wp-content\/uploads\/2025\/03\/Adressfeld_f-1536x470.jpg 1536w, https:\/\/www.revuemusicale.ch\/wp-content\/uploads\/2025\/03\/Adressfeld_f-2048x627.jpg 2048w, https:\/\/www.revuemusicale.ch\/wp-content\/uploads\/2025\/03\/Adressfeld_f-18x6.jpg 18w, https:\/\/www.revuemusicale.ch\/wp-content\/uploads\/2025\/03\/Adressfeld_f-375x115.jpg 375w, https:\/\/www.revuemusicale.ch\/wp-content\/uploads\/2025\/03\/Adressfeld_f-760x233.jpg 760w, https:\/\/www.revuemusicale.ch\/wp-content\/uploads\/2025\/03\/Adressfeld_f-1600x490.jpg 1600w, https:\/\/www.revuemusicale.ch\/wp-content\/uploads\/2025\/03\/Adressfeld_f-920x282.jpg 920w, https:\/\/www.revuemusicale.ch\/wp-content\/uploads\/2025\/03\/Adressfeld_f.jpg 1400w\" sizes=\"auto, (max-width: 768px) 100vw, 768px\" \/><\/p>\n<div class=\"swpm-login-widget-form\">\n    <form id=\"swpm-login-form\" name=\"swpm-login-form\" method=\"post\" action=\"\" data-trp-original-action=\"\">\n        <input type=\"hidden\" name=\"swpm_login_origination_flag\" value=\"1\" \/>\n        <div class=\"swpm-login-form-inner\">\n            <div class=\"swpm-username-label\">\n                <label for=\"swpm_user_name\" class=\"swpm-label\">Username or Email<\/label>\n            <\/div>\n            <div class=\"swpm-username-input\">\n                <input type=\"text\" class=\"swpm-text-field swpm-username-field\" id=\"swpm_user_name\" value=\"\" size=\"25\" name=\"swpm_user_name\" \/>\n            <\/div>\n            <div class=\"swpm-password-label\">\n                <label for=\"swpm_password\" class=\"swpm-label\">Password<\/label>\n            <\/div>\n            <div class=\"swpm-password-input\">                \n                <input type=\"password\" class=\"swpm-text-field swpm-password-field\" id=\"swpm_password\" value=\"\" size=\"25\" name=\"swpm_password\" \/>                \n            <\/div>\n                        <div class=\"swpm-remember-me\">\n                <span class=\"swpm-remember-checkbox\"><input type=\"checkbox\" name=\"rememberme\" id=\"swpm-rememberme\"><\/span>\n                <label for=\"swpm-rememberme\" class=\"swpm-rememberme-label\">\n                    <span class=\"swpm-rember-label\"> Remember Me<\/span>\n                <\/label>\n            <\/div>\n\n            <div class=\"swpm-before-login-submit-section\"><\/div>\n\n            <div class=\"swpm-login-submit\">\n                <input type=\"submit\" class=\"swpm-login-form-submit\" name=\"swpm-login\" value=\"Log In\"\/>\n            <\/div>\n            <div class=\"swpm-forgot-pass-link\">\n                <a id=\"forgot_pass\" class=\"swpm-login-form-pw-reset-link\"  href=\"\/en\/passwort-reset\/\">Forgot Password?<\/a>\n            <\/div>\n                        <div class=\"swpm-join-us-link\">\n                <a id=\"register\" class=\"swpm-login-form-register-link\" href=\"\/en\/aboservice\/\">Join Us<\/a>\n            <\/div>\n                        <div class=\"swpm-login-action-msg\">\n                <span class=\"swpm-login-widget-action-msg\"><\/span>\n            <\/div>\n        <\/div>\n    <input type=\"hidden\" name=\"trp-form-language\" value=\"en\"\/><\/form>\n\n    <\/div>\n\n<p>&nbsp;<\/p>\n<h3>Change of address<\/h3>\n<p>Please notify your new address by <a href=\"https:\/\/www.revuemusicale.ch\/en\/adressaenderung\/\" target=\"_blank\" rel=\"noopener\">click on this link (change of address)<\/a>. Thank you very much!<\/p>\n<h3>Login only with new subscription numbers as of March 13, 2025<\/h3>\n<p>In autumn 2024, the RMS subscription database was updated. The subscription department had to assign new numbers. Until now, it was still possible to log in with the old subscription number, but from now on, login is only possible with the new number. The new number is linked to an address rather than a name, in order to avoid multiple mailings. There is now only one login per address: the subscription number and the subscriber's surname. The subscription number can be found on the back of the newspaper, top left, next to the address.<\/p>\n<p>&nbsp;<\/p>\n<p>If you have any questions, please call 058 344 95 50 (subscriber service, German only) or 044 281 23 21 (Brunnen office, French).<\/p>\n<p><a href=\"mailto:abo.schweizer-musikzeitung@galledia.ch\">abo.schweizer-musikzeitung@galledia.ch<\/a><\/p>","protected":false},"excerpt":{"rendered":"<p>Connectez-vous avec votre num\u00e9ro d&rsquo;abonnement et votre nom de famille pour acc\u00e9der \u00e0 toutes les pages du site de la RMS. Votre num\u00e9ro d\u2019abonnement se trouve sur la 4e page de couverture de l\u2019\u00e9dition imprim\u00e9e, au-dessus de votre adresse. &nbsp; Changement d&rsquo;adresse Veuillez annoncer votre nouvelle adresse en cliquant sur ce lien (changement d&rsquo;adresse). Merci [&hellip;]<\/p>\n","protected":false},"author":1,"featured_media":0,"parent":0,"menu_order":0,"comment_status":"closed","ping_status":"closed","template":"","meta":{"_acf_changed":false,"_relevanssi_hide_post":"","_relevanssi_hide_content":"","_relevanssi_pin_for_all":"","_relevanssi_pin_keywords":"","_relevanssi_unpin_keywords":"","_relevanssi_related_keywords":"","_relevanssi_related_include_ids":"","_relevanssi_related_exclude_ids":"","_relevanssi_related_no_append":"","_relevanssi_related_not_related":"","_relevanssi_related_posts":"","_relevanssi_noindex_reason":"","pgc_sgb_lightbox_settings":"","footnotes":""},"class_list":["post-15175","page","type-page","status-publish","hentry"],"acf":[],"yoast_head":"<!-- This site is optimized with the Yoast SEO plugin v27.3 - https:\/\/yoast.com\/product\/yoast-seo-wordpress\/ -->\n<title>Login - Revue Musicale Suisse<\/title>\n<meta name=\"robots\" content=\"index, follow, max-snippet:-1, max-image-preview:large, max-video-preview:-1\" \/>\n<link rel=\"canonical\" href=\"https:\/\/www.revuemusicale.ch\/en\/login\/\" \/>\n<meta property=\"og:locale\" content=\"en_US\" \/>\n<meta property=\"og:type\" content=\"article\" \/>\n<meta property=\"og:title\" content=\"Login - Revue Musicale Suisse\" \/>\n<meta property=\"og:description\" content=\"Connectez-vous avec votre num\u00e9ro d&rsquo;abonnement et votre nom de famille pour acc\u00e9der \u00e0 toutes les pages du site de la RMS. Votre num\u00e9ro d\u2019abonnement se trouve sur la 4e page de couverture de l\u2019\u00e9dition imprim\u00e9e, au-dessus de votre adresse. &nbsp; Changement d&rsquo;adresse Veuillez annoncer votre nouvelle adresse en cliquant sur ce lien (changement d&rsquo;adresse). Merci [&hellip;]\" \/>\n<meta property=\"og:url\" content=\"https:\/\/www.revuemusicale.ch\/en\/login\/\" \/>\n<meta property=\"og:site_name\" content=\"Revue Musicale Suisse\" \/>\n<meta property=\"article:publisher\" content=\"https:\/\/www.facebook.com\/SchweizerMusikzeitung\/\" \/>\n<meta property=\"article:modified_time\" content=\"2025-03-14T07:08:11+00:00\" \/>\n<meta property=\"og:image\" content=\"https:\/\/www.revuemusicale.ch\/wp-content\/uploads\/2025\/03\/Adressfeld_f-1024x313.jpg\" \/>\n<meta name=\"twitter:card\" content=\"summary_large_image\" \/>\n<meta name=\"twitter:site\" content=\"@smusikzeitung\" \/>\n<meta name=\"twitter:label1\" content=\"Est. reading time\" \/>\n\t<meta name=\"twitter:data1\" content=\"2 minutes\" \/>\n<script type=\"application\/ld+json\" class=\"yoast-schema-graph\">{\"@context\":\"https:\\\/\\\/schema.org\",\"@graph\":[{\"@type\":\"WebPage\",\"@id\":\"https:\\\/\\\/www.revuemusicale.ch\\\/login\",\"url\":\"https:\\\/\\\/www.revuemusicale.ch\\\/login\",\"name\":\"Login - Revue Musicale Suisse\",\"isPartOf\":{\"@id\":\"https:\\\/\\\/www.revuemusicale.ch\\\/#website\"},\"primaryImageOfPage\":{\"@id\":\"https:\\\/\\\/www.revuemusicale.ch\\\/login#primaryimage\"},\"image\":{\"@id\":\"https:\\\/\\\/www.revuemusicale.ch\\\/login#primaryimage\"},\"thumbnailUrl\":\"https:\\\/\\\/www.revuemusicale.ch\\\/wp-content\\\/uploads\\\/2025\\\/03\\\/Adressfeld_f-1024x313.jpg\",\"datePublished\":\"2023-01-17T21:30:01+00:00\",\"dateModified\":\"2025-03-14T07:08:11+00:00\",\"breadcrumb\":{\"@id\":\"https:\\\/\\\/www.revuemusicale.ch\\\/login#breadcrumb\"},\"inLanguage\":\"en-US\",\"potentialAction\":[{\"@type\":\"ReadAction\",\"target\":[\"https:\\\/\\\/www.revuemusicale.ch\\\/login\"]}]},{\"@type\":\"ImageObject\",\"inLanguage\":\"en-US\",\"@id\":\"https:\\\/\\\/www.revuemusicale.ch\\\/login#primaryimage\",\"url\":\"https:\\\/\\\/www.revuemusicale.ch\\\/wp-content\\\/uploads\\\/2025\\\/03\\\/Adressfeld_f-1024x313.jpg\",\"contentUrl\":\"https:\\\/\\\/www.revuemusicale.ch\\\/wp-content\\\/uploads\\\/2025\\\/03\\\/Adressfeld_f-1024x313.jpg\"},{\"@type\":\"BreadcrumbList\",\"@id\":\"https:\\\/\\\/www.revuemusicale.ch\\\/login#breadcrumb\",\"itemListElement\":[{\"@type\":\"ListItem\",\"position\":1,\"name\":\"Home\",\"item\":\"https:\\\/\\\/www.revuemusicale.ch\\\/\"},{\"@type\":\"ListItem\",\"position\":2,\"name\":\"Login\"}]},{\"@type\":\"WebSite\",\"@id\":\"https:\\\/\\\/www.revuemusicale.ch\\\/#website\",\"url\":\"https:\\\/\\\/www.revuemusicale.ch\\\/\",\"name\":\"Revue Musicale Suisse\",\"description\":\"\",\"publisher\":{\"@id\":\"https:\\\/\\\/www.revuemusicale.ch\\\/#organization\"},\"potentialAction\":[{\"@type\":\"SearchAction\",\"target\":{\"@type\":\"EntryPoint\",\"urlTemplate\":\"https:\\\/\\\/www.revuemusicale.ch\\\/?s={search_term_string}\"},\"query-input\":{\"@type\":\"PropertyValueSpecification\",\"valueRequired\":true,\"valueName\":\"search_term_string\"}}],\"inLanguage\":\"en-US\"},{\"@type\":\"Organization\",\"@id\":\"https:\\\/\\\/www.revuemusicale.ch\\\/#organization\",\"name\":\"Revue Musicale Suisse\",\"url\":\"https:\\\/\\\/www.revuemusicale.ch\\\/\",\"logo\":{\"@type\":\"ImageObject\",\"inLanguage\":\"en-US\",\"@id\":\"https:\\\/\\\/www.revuemusicale.ch\\\/#\\\/schema\\\/logo\\\/image\\\/\",\"url\":\"https:\\\/\\\/www.revuemusicale.ch\\\/wp-content\\\/uploads\\\/2023\\\/01\\\/logo_revuemusicale_musikzeitung.jpg\",\"contentUrl\":\"https:\\\/\\\/www.revuemusicale.ch\\\/wp-content\\\/uploads\\\/2023\\\/01\\\/logo_revuemusicale_musikzeitung.jpg\",\"width\":1200,\"height\":243,\"caption\":\"Revue Musicale Suisse\"},\"image\":{\"@id\":\"https:\\\/\\\/www.revuemusicale.ch\\\/#\\\/schema\\\/logo\\\/image\\\/\"},\"sameAs\":[\"https:\\\/\\\/www.facebook.com\\\/SchweizerMusikzeitung\\\/\",\"https:\\\/\\\/x.com\\\/smusikzeitung\",\"https:\\\/\\\/www.instagram.com\\\/musikzeitung.ch\\\/?hl=de\"]}]}<\/script>\n<!-- \/ Yoast SEO plugin. -->","yoast_head_json":{"title":"Login - Swiss Music Review","robots":{"index":"index","follow":"follow","max-snippet":"max-snippet:-1","max-image-preview":"max-image-preview:large","max-video-preview":"max-video-preview:-1"},"canonical":"https:\/\/www.revuemusicale.ch\/en\/login\/","og_locale":"en_US","og_type":"article","og_title":"Login - Revue Musicale Suisse","og_description":"Connectez-vous avec votre num\u00e9ro d&rsquo;abonnement et votre nom de famille pour acc\u00e9der \u00e0 toutes les pages du site de la RMS. Votre num\u00e9ro d\u2019abonnement se trouve sur la 4e page de couverture de l\u2019\u00e9dition imprim\u00e9e, au-dessus de votre adresse. &nbsp; Changement d&rsquo;adresse Veuillez annoncer votre nouvelle adresse en cliquant sur ce lien (changement d&rsquo;adresse). Merci [&hellip;]","og_url":"https:\/\/www.revuemusicale.ch\/en\/login\/","og_site_name":"Revue Musicale Suisse","article_publisher":"https:\/\/www.facebook.com\/SchweizerMusikzeitung\/","article_modified_time":"2025-03-14T07:08:11+00:00","og_image":[{"url":"https:\/\/www.revuemusicale.ch\/wp-content\/uploads\/2025\/03\/Adressfeld_f-1024x313.jpg","type":"","width":"","height":""}],"twitter_card":"summary_large_image","twitter_site":"@smusikzeitung","twitter_misc":{"Est. reading time":"2 minutes"},"schema":{"@context":"https:\/\/schema.org","@graph":[{"@type":"WebPage","@id":"https:\/\/www.revuemusicale.ch\/login","url":"https:\/\/www.revuemusicale.ch\/login","name":"Login - Swiss Music Review","isPartOf":{"@id":"https:\/\/www.revuemusicale.ch\/#website"},"primaryImageOfPage":{"@id":"https:\/\/www.revuemusicale.ch\/login#primaryimage"},"image":{"@id":"https:\/\/www.revuemusicale.ch\/login#primaryimage"},"thumbnailUrl":"https:\/\/www.revuemusicale.ch\/wp-content\/uploads\/2025\/03\/Adressfeld_f-1024x313.jpg","datePublished":"2023-01-17T21:30:01+00:00","dateModified":"2025-03-14T07:08:11+00:00","breadcrumb":{"@id":"https:\/\/www.revuemusicale.ch\/login#breadcrumb"},"inLanguage":"en-US","potentialAction":[{"@type":"ReadAction","target":["https:\/\/www.revuemusicale.ch\/login"]}]},{"@type":"ImageObject","inLanguage":"en-US","@id":"https:\/\/www.revuemusicale.ch\/login#primaryimage","url":"https:\/\/www.revuemusicale.ch\/wp-content\/uploads\/2025\/03\/Adressfeld_f-1024x313.jpg","contentUrl":"https:\/\/www.revuemusicale.ch\/wp-content\/uploads\/2025\/03\/Adressfeld_f-1024x313.jpg"},{"@type":"BreadcrumbList","@id":"https:\/\/www.revuemusicale.ch\/login#breadcrumb","itemListElement":[{"@type":"ListItem","position":1,"name":"Home","item":"https:\/\/www.revuemusicale.ch\/"},{"@type":"ListItem","position":2,"name":"Login"}]},{"@type":"WebSite","@id":"https:\/\/www.revuemusicale.ch\/#website","url":"https:\/\/www.revuemusicale.ch\/","name":"Swiss Music Review","description":"","publisher":{"@id":"https:\/\/www.revuemusicale.ch\/#organization"},"potentialAction":[{"@type":"SearchAction","target":{"@type":"EntryPoint","urlTemplate":"https:\/\/www.revuemusicale.ch\/?s={search_term_string}"},"query-input":{"@type":"PropertyValueSpecification","valueRequired":true,"valueName":"search_term_string"}}],"inLanguage":"en-US"},{"@type":"Organization","@id":"https:\/\/www.revuemusicale.ch\/#organization","name":"Swiss Music Review","url":"https:\/\/www.revuemusicale.ch\/","logo":{"@type":"ImageObject","inLanguage":"en-US","@id":"https:\/\/www.revuemusicale.ch\/#\/schema\/logo\/image\/","url":"https:\/\/www.revuemusicale.ch\/wp-content\/uploads\/2023\/01\/logo_revuemusicale_musikzeitung.jpg","contentUrl":"https:\/\/www.revuemusicale.ch\/wp-content\/uploads\/2023\/01\/logo_revuemusicale_musikzeitung.jpg","width":1200,"height":243,"caption":"Revue Musicale Suisse"},"image":{"@id":"https:\/\/www.revuemusicale.ch\/#\/schema\/logo\/image\/"},"sameAs":["https:\/\/www.facebook.com\/SchweizerMusikzeitung\/","https:\/\/x.com\/smusikzeitung","https:\/\/www.instagram.com\/musikzeitung.ch\/?hl=de"]}]}},"publishpress_future_action":{"enabled":false,"date":"1970-01-01 01:00:00","action":"change-status","newStatus":"draft","terms":[],"taxonomy":"","extraData":[]},"publishpress_future_workflow_manual_trigger":{"enabledWorkflows":[]},"_links":{"self":[{"href":"https:\/\/www.revuemusicale.ch\/en\/wp-json\/wp\/v2\/pages\/15175","targetHints":{"allow":["GET"]}}],"collection":[{"href":"https:\/\/www.revuemusicale.ch\/en\/wp-json\/wp\/v2\/pages"}],"about":[{"href":"https:\/\/www.revuemusicale.ch\/en\/wp-json\/wp\/v2\/types\/page"}],"author":[{"embeddable":true,"href":"https:\/\/www.revuemusicale.ch\/en\/wp-json\/wp\/v2\/users\/1"}],"replies":[{"embeddable":true,"href":"https:\/\/www.revuemusicale.ch\/en\/wp-json\/wp\/v2\/comments?post=15175"}],"version-history":[{"count":10,"href":"https:\/\/www.revuemusicale.ch\/en\/wp-json\/wp\/v2\/pages\/15175\/revisions"}],"predecessor-version":[{"id":31147,"href":"https:\/\/www.revuemusicale.ch\/en\/wp-json\/wp\/v2\/pages\/15175\/revisions\/31147"}],"wp:attachment":[{"href":"https:\/\/www.revuemusicale.ch\/en\/wp-json\/wp\/v2\/media?parent=15175"}],"curies":[{"name":"wp","href":"https:\/\/api.w.org\/{rel}","templated":true}]}}