{"id":232,"date":"2023-01-11T15:24:55","date_gmt":"2023-01-11T14:24:55","guid":{"rendered":"https:\/\/www.revuemusicale.ch\/?page_id=232"},"modified":"2026-02-10T15:35:55","modified_gmt":"2026-02-10T14:35:55","slug":"publicite-version-imprimee","status":"publish","type":"page","link":"https:\/\/www.revuemusicale.ch\/en\/passer-une-annonce\/publicite-version-imprimee","title":{"rendered":"Print advertising"},"content":{"rendered":"<div class=\"text-section\">\n<h3>Advertisement in the print version of Swiss Music Review<\/h3>\n<p>&nbsp;<\/p>\n<p><strong>Sections<\/strong><br \/>\nJob offers and applications<br \/>\nBuying and selling<br \/>\nCourses and events<br \/>\nMiscellaneous<\/p>\n<p><strong><br \/>\nFormats and prices<br \/>\n<\/strong><\/p>\n<p>Magazine format: 225 \u00d7 305 mm<br \/>\nPrint area: 205 \u00d7 284 mm<\/p>\n<p><img loading=\"lazy\" decoding=\"async\" class=\"alignnone size-full wp-image-23513\" src=\"https:\/\/www.revuemusicale.ch\/wp-content\/uploads\/2023\/01\/Printformate_FR.jpg\" alt=\"\" width=\"8163\" height=\"3623\" srcset=\"https:\/\/www.revuemusicale.ch\/wp-content\/uploads\/2023\/01\/Printformate_FR.jpg 1400w, https:\/\/www.revuemusicale.ch\/wp-content\/uploads\/2023\/01\/Printformate_FR-300x133.jpg 300w, https:\/\/www.revuemusicale.ch\/wp-content\/uploads\/2023\/01\/Printformate_FR-1024x454.jpg 1024w, https:\/\/www.revuemusicale.ch\/wp-content\/uploads\/2023\/01\/Printformate_FR-768x341.jpg 768w, https:\/\/www.revuemusicale.ch\/wp-content\/uploads\/2023\/01\/Printformate_FR-1536x682.jpg 1536w, https:\/\/www.revuemusicale.ch\/wp-content\/uploads\/2023\/01\/Printformate_FR-2048x909.jpg 2048w, https:\/\/www.revuemusicale.ch\/wp-content\/uploads\/2023\/01\/Printformate_FR-375x166.jpg 375w, https:\/\/www.revuemusicale.ch\/wp-content\/uploads\/2023\/01\/Printformate_FR-760x337.jpg 760w, https:\/\/www.revuemusicale.ch\/wp-content\/uploads\/2023\/01\/Printformate_FR-1600x710.jpg 1600w, https:\/\/www.revuemusicale.ch\/wp-content\/uploads\/2023\/01\/Printformate_FR-920x408.jpg 920w\" sizes=\"auto, (max-width: 8163px) 100vw, 8163px\" \/><\/p>\n<p>basic price: black and white, plus VAT (8.1%)<\/p>\n<div class=\"text-section\"><strong><br \/>\nSupplements<br \/>\n<\/strong>Advertisement under CHF 30.<br \/>\nChoice of location (to be discussed) 20 %<br \/>\nBack cover: CHF 2700 - black and white \/ CHF 4000 - color<br \/>\nColors (four-color process: 50 % on base price; full-color logo in job ads: CHF 50.-)<\/div>\n<div class=\"text-section\">\n<p>&nbsp;<\/p>\n<p><strong>Discounts<br \/>\n<\/strong>Quantity discount on a single booking of several ads in the same format and in the same section. Subject and text changes are possible.<br \/>\n2 appearances 5 % on the ad price, including any supplements<br \/>\n4 appearances 10 % on the ad price, including any supplements<br \/>\n6 issues 15 % on the ad price, including any supplements<\/p>\n<p>Agency commission: 5 %<\/p>\n<p><strong>Technical data<\/strong><\/p>\n<p>Offset printing, four-color process, enhanced newsprint quality white paper 55 g\/m2, 52 lpcm, image resolution 200 dpi, ink limit 250 %.<\/p>\n<p><em>Print data<\/em><br \/>\nAdobe Acrobat PDF Highres-PDF or PDF\/X-3<br \/>\nAdobe Indesign 2019 Assembly, including fonts and images (JPG or TIFF, printable resolution)<br \/>\nAdobe Photoshop Images in JPG or TIFF format, separated in CMYK or grayscale. For text elements, the minimum resolution must be 300 dpi.<br \/>\nOffice documents (text ads), integrate high-resolution logos<\/p>\n<p><em>Limitation of advertisements<\/em><br \/>\n0.4 pt, black<\/p>\n<p><strong>Data delivery<\/strong><br \/>\n<a href=\"mailto:inserate@musikzeitung.ch\">inserate@musikzeitung.ch<\/a><\/p>\n<p><strong>Print<\/strong><br \/>\nCH Media Print AG, Im Feld 6, 9015 St. Gallen<\/p>\n<p>&nbsp;<\/p>\n<p><strong>Special forms of advertising<\/strong><\/p>\n<p>Publireportages<\/p>\n<p>Recommended links and course schedule in the print edition<\/p>\n<p>Advertising inserts<\/p>\n<p>For more information on these formats, please contact us.<\/p>\n<div>\n<p>&nbsp;<\/p>\n<p><strong>Online booking<\/strong><\/p>\n<\/div>\n<div class=\"text-section\">\n<p>Please reserve your ads directly by writing to <a href=\"mailto:inserate@musikzeitung.ch?subject=Commande%20d'une%20annonce\">inserate@musikzeitung.ch<\/a><\/p>\n<\/div>\n<p><strong>\u00a0<\/strong><\/p>\n<div>\n<p><strong>Contact<\/strong><\/p>\n<\/div>\n<div class=\"text-section\">\n<p>We'll be happy to help you: 058 344 97 83<br \/>\nor by e-mail: <a href=\"mailto: inserate@musikzeitung.ch\">inserate@musikzeitung.ch\u00a0<\/a><\/p>\n<\/div>\n<p>For ad booking, the general conditions (<a href=\"https:\/\/www.revuemusicale.ch\/en\/cg-protection_des_donnees\/\">GC\/data protection<\/a>) of the Swiss Music Review.<\/p>\n<\/div>\n<\/div>","protected":false},"excerpt":{"rendered":"<p>Publicit\u00e9 dans la version imprim\u00e9e de la Revue Musicale Suisse &nbsp; Rubriques Offres et demandes d\u2019emploi Achat et vente Cours et \u00e9v\u00e9nements Divers Formats et tarifs Format de la revue: 225 \u00d7 305 mm Surface d\u2019impression: 205 \u00d7 284 mm prix de base: noir et blanc, plus TVA\u00a0 (8.1%) Suppl\u00e9ments Annonce sous chiffre CHF 30.\u2013 [&hellip;]<\/p>\n","protected":false},"author":1,"featured_media":0,"parent":128,"menu_order":0,"comment_status":"closed","ping_status":"closed","template":"","meta":{"_acf_changed":false,"_relevanssi_hide_post":"","_relevanssi_hide_content":"","_relevanssi_pin_for_all":"","_relevanssi_pin_keywords":"","_relevanssi_unpin_keywords":"","_relevanssi_related_keywords":"","_relevanssi_related_include_ids":"","_relevanssi_related_exclude_ids":"","_relevanssi_related_no_append":"","_relevanssi_related_not_related":"","_relevanssi_related_posts":"","_relevanssi_noindex_reason":"","pgc_sgb_lightbox_settings":"","footnotes":""},"class_list":["post-232","page","type-page","status-publish","hentry"],"acf":[],"yoast_head":"<!-- This site is optimized with the Yoast SEO plugin v27.3 - https:\/\/yoast.com\/product\/yoast-seo-wordpress\/ -->\n<title>Publicit\u00e9 version imprim\u00e9e - Revue Musicale Suisse<\/title>\n<meta name=\"description\" content=\"Publicit\u00e9 dans la version imprim\u00e9e de la Revue Musicale Suisse\" \/>\n<meta name=\"robots\" content=\"index, follow, max-snippet:-1, max-image-preview:large, max-video-preview:-1\" \/>\n<link rel=\"canonical\" href=\"https:\/\/www.revuemusicale.ch\/en\/passer-une-annonce\/publicite-version-imprimee\/\" \/>\n<meta property=\"og:locale\" content=\"en_US\" \/>\n<meta property=\"og:type\" content=\"article\" \/>\n<meta property=\"og:title\" content=\"Publicit\u00e9 version imprim\u00e9e - Revue Musicale Suisse\" \/>\n<meta property=\"og:description\" content=\"Publicit\u00e9 dans la version imprim\u00e9e de la Revue Musicale Suisse\" \/>\n<meta property=\"og:url\" content=\"https:\/\/www.revuemusicale.ch\/en\/passer-une-annonce\/publicite-version-imprimee\/\" \/>\n<meta property=\"og:site_name\" content=\"Revue Musicale Suisse\" \/>\n<meta property=\"article:publisher\" content=\"https:\/\/www.facebook.com\/SchweizerMusikzeitung\/\" \/>\n<meta property=\"article:modified_time\" content=\"2026-02-10T14:35:55+00:00\" \/>\n<meta property=\"og:image\" content=\"https:\/\/www.revuemusicale.ch\/wp-content\/uploads\/2023\/01\/Printformate_FR.jpg\" \/>\n<meta name=\"twitter:card\" content=\"summary_large_image\" \/>\n<meta name=\"twitter:site\" content=\"@smusikzeitung\" \/>\n<meta name=\"twitter:label1\" content=\"Est. reading time\" \/>\n\t<meta name=\"twitter:data1\" content=\"2 minutes\" \/>\n<script type=\"application\/ld+json\" class=\"yoast-schema-graph\">{\"@context\":\"https:\\\/\\\/schema.org\",\"@graph\":[{\"@type\":\"WebPage\",\"@id\":\"https:\\\/\\\/www.revuemusicale.ch\\\/passer-une-annonce\\\/publicite-version-imprimee\",\"url\":\"https:\\\/\\\/www.revuemusicale.ch\\\/passer-une-annonce\\\/publicite-version-imprimee\",\"name\":\"Publicit\u00e9 version imprim\u00e9e - Revue Musicale Suisse\",\"isPartOf\":{\"@id\":\"https:\\\/\\\/www.revuemusicale.ch\\\/#website\"},\"primaryImageOfPage\":{\"@id\":\"https:\\\/\\\/www.revuemusicale.ch\\\/passer-une-annonce\\\/publicite-version-imprimee#primaryimage\"},\"image\":{\"@id\":\"https:\\\/\\\/www.revuemusicale.ch\\\/passer-une-annonce\\\/publicite-version-imprimee#primaryimage\"},\"thumbnailUrl\":\"https:\\\/\\\/www.revuemusicale.ch\\\/wp-content\\\/uploads\\\/2023\\\/01\\\/Printformate_FR.jpg\",\"datePublished\":\"2023-01-11T14:24:55+00:00\",\"dateModified\":\"2026-02-10T14:35:55+00:00\",\"description\":\"Publicit\u00e9 dans la version imprim\u00e9e de la Revue Musicale Suisse\",\"breadcrumb\":{\"@id\":\"https:\\\/\\\/www.revuemusicale.ch\\\/passer-une-annonce\\\/publicite-version-imprimee#breadcrumb\"},\"inLanguage\":\"en-US\",\"potentialAction\":[{\"@type\":\"ReadAction\",\"target\":[\"https:\\\/\\\/www.revuemusicale.ch\\\/passer-une-annonce\\\/publicite-version-imprimee\"]}]},{\"@type\":\"ImageObject\",\"inLanguage\":\"en-US\",\"@id\":\"https:\\\/\\\/www.revuemusicale.ch\\\/passer-une-annonce\\\/publicite-version-imprimee#primaryimage\",\"url\":\"https:\\\/\\\/www.revuemusicale.ch\\\/wp-content\\\/uploads\\\/2023\\\/01\\\/Printformate_FR.jpg\",\"contentUrl\":\"https:\\\/\\\/www.revuemusicale.ch\\\/wp-content\\\/uploads\\\/2023\\\/01\\\/Printformate_FR.jpg\"},{\"@type\":\"BreadcrumbList\",\"@id\":\"https:\\\/\\\/www.revuemusicale.ch\\\/passer-une-annonce\\\/publicite-version-imprimee#breadcrumb\",\"itemListElement\":[{\"@type\":\"ListItem\",\"position\":1,\"name\":\"Home\",\"item\":\"https:\\\/\\\/www.revuemusicale.ch\\\/\"},{\"@type\":\"ListItem\",\"position\":2,\"name\":\"Passer une annonce\",\"item\":\"https:\\\/\\\/www.revuemusicale.ch\\\/passer-une-annonce\"},{\"@type\":\"ListItem\",\"position\":3,\"name\":\"Publicit\u00e9 version imprim\u00e9e\"}]},{\"@type\":\"WebSite\",\"@id\":\"https:\\\/\\\/www.revuemusicale.ch\\\/#website\",\"url\":\"https:\\\/\\\/www.revuemusicale.ch\\\/\",\"name\":\"Revue Musicale Suisse\",\"description\":\"\",\"publisher\":{\"@id\":\"https:\\\/\\\/www.revuemusicale.ch\\\/#organization\"},\"potentialAction\":[{\"@type\":\"SearchAction\",\"target\":{\"@type\":\"EntryPoint\",\"urlTemplate\":\"https:\\\/\\\/www.revuemusicale.ch\\\/?s={search_term_string}\"},\"query-input\":{\"@type\":\"PropertyValueSpecification\",\"valueRequired\":true,\"valueName\":\"search_term_string\"}}],\"inLanguage\":\"en-US\"},{\"@type\":\"Organization\",\"@id\":\"https:\\\/\\\/www.revuemusicale.ch\\\/#organization\",\"name\":\"Revue Musicale Suisse\",\"url\":\"https:\\\/\\\/www.revuemusicale.ch\\\/\",\"logo\":{\"@type\":\"ImageObject\",\"inLanguage\":\"en-US\",\"@id\":\"https:\\\/\\\/www.revuemusicale.ch\\\/#\\\/schema\\\/logo\\\/image\\\/\",\"url\":\"https:\\\/\\\/www.revuemusicale.ch\\\/wp-content\\\/uploads\\\/2023\\\/01\\\/logo_revuemusicale_musikzeitung.jpg\",\"contentUrl\":\"https:\\\/\\\/www.revuemusicale.ch\\\/wp-content\\\/uploads\\\/2023\\\/01\\\/logo_revuemusicale_musikzeitung.jpg\",\"width\":1200,\"height\":243,\"caption\":\"Revue Musicale Suisse\"},\"image\":{\"@id\":\"https:\\\/\\\/www.revuemusicale.ch\\\/#\\\/schema\\\/logo\\\/image\\\/\"},\"sameAs\":[\"https:\\\/\\\/www.facebook.com\\\/SchweizerMusikzeitung\\\/\",\"https:\\\/\\\/x.com\\\/smusikzeitung\",\"https:\\\/\\\/www.instagram.com\\\/musikzeitung.ch\\\/?hl=de\"]}]}<\/script>\n<!-- \/ Yoast SEO plugin. -->","yoast_head_json":{"title":"Print advertising - Swiss Music Review","description":"Advertisement in the print version of Swiss Music Review","robots":{"index":"index","follow":"follow","max-snippet":"max-snippet:-1","max-image-preview":"max-image-preview:large","max-video-preview":"max-video-preview:-1"},"canonical":"https:\/\/www.revuemusicale.ch\/en\/passer-une-annonce\/publicite-version-imprimee\/","og_locale":"en_US","og_type":"article","og_title":"Publicit\u00e9 version imprim\u00e9e - Revue Musicale Suisse","og_description":"Publicit\u00e9 dans la version imprim\u00e9e de la Revue Musicale Suisse","og_url":"https:\/\/www.revuemusicale.ch\/en\/passer-une-annonce\/publicite-version-imprimee\/","og_site_name":"Revue Musicale Suisse","article_publisher":"https:\/\/www.facebook.com\/SchweizerMusikzeitung\/","article_modified_time":"2026-02-10T14:35:55+00:00","og_image":[{"url":"https:\/\/www.revuemusicale.ch\/wp-content\/uploads\/2023\/01\/Printformate_FR.jpg","type":"","width":"","height":""}],"twitter_card":"summary_large_image","twitter_site":"@smusikzeitung","twitter_misc":{"Est. reading time":"2 minutes"},"schema":{"@context":"https:\/\/schema.org","@graph":[{"@type":"WebPage","@id":"https:\/\/www.revuemusicale.ch\/passer-une-annonce\/publicite-version-imprimee","url":"https:\/\/www.revuemusicale.ch\/passer-une-annonce\/publicite-version-imprimee","name":"Print advertising - Swiss Music Review","isPartOf":{"@id":"https:\/\/www.revuemusicale.ch\/#website"},"primaryImageOfPage":{"@id":"https:\/\/www.revuemusicale.ch\/passer-une-annonce\/publicite-version-imprimee#primaryimage"},"image":{"@id":"https:\/\/www.revuemusicale.ch\/passer-une-annonce\/publicite-version-imprimee#primaryimage"},"thumbnailUrl":"https:\/\/www.revuemusicale.ch\/wp-content\/uploads\/2023\/01\/Printformate_FR.jpg","datePublished":"2023-01-11T14:24:55+00:00","dateModified":"2026-02-10T14:35:55+00:00","description":"Advertisement in the print version of Swiss Music Review","breadcrumb":{"@id":"https:\/\/www.revuemusicale.ch\/passer-une-annonce\/publicite-version-imprimee#breadcrumb"},"inLanguage":"en-US","potentialAction":[{"@type":"ReadAction","target":["https:\/\/www.revuemusicale.ch\/passer-une-annonce\/publicite-version-imprimee"]}]},{"@type":"ImageObject","inLanguage":"en-US","@id":"https:\/\/www.revuemusicale.ch\/passer-une-annonce\/publicite-version-imprimee#primaryimage","url":"https:\/\/www.revuemusicale.ch\/wp-content\/uploads\/2023\/01\/Printformate_FR.jpg","contentUrl":"https:\/\/www.revuemusicale.ch\/wp-content\/uploads\/2023\/01\/Printformate_FR.jpg"},{"@type":"BreadcrumbList","@id":"https:\/\/www.revuemusicale.ch\/passer-une-annonce\/publicite-version-imprimee#breadcrumb","itemListElement":[{"@type":"ListItem","position":1,"name":"Home","item":"https:\/\/www.revuemusicale.ch\/"},{"@type":"ListItem","position":2,"name":"Passer une annonce","item":"https:\/\/www.revuemusicale.ch\/passer-une-annonce"},{"@type":"ListItem","position":3,"name":"Publicit\u00e9 version imprim\u00e9e"}]},{"@type":"WebSite","@id":"https:\/\/www.revuemusicale.ch\/#website","url":"https:\/\/www.revuemusicale.ch\/","name":"Swiss Music Review","description":"","publisher":{"@id":"https:\/\/www.revuemusicale.ch\/#organization"},"potentialAction":[{"@type":"SearchAction","target":{"@type":"EntryPoint","urlTemplate":"https:\/\/www.revuemusicale.ch\/?s={search_term_string}"},"query-input":{"@type":"PropertyValueSpecification","valueRequired":true,"valueName":"search_term_string"}}],"inLanguage":"en-US"},{"@type":"Organization","@id":"https:\/\/www.revuemusicale.ch\/#organization","name":"Swiss Music Review","url":"https:\/\/www.revuemusicale.ch\/","logo":{"@type":"ImageObject","inLanguage":"en-US","@id":"https:\/\/www.revuemusicale.ch\/#\/schema\/logo\/image\/","url":"https:\/\/www.revuemusicale.ch\/wp-content\/uploads\/2023\/01\/logo_revuemusicale_musikzeitung.jpg","contentUrl":"https:\/\/www.revuemusicale.ch\/wp-content\/uploads\/2023\/01\/logo_revuemusicale_musikzeitung.jpg","width":1200,"height":243,"caption":"Revue Musicale Suisse"},"image":{"@id":"https:\/\/www.revuemusicale.ch\/#\/schema\/logo\/image\/"},"sameAs":["https:\/\/www.facebook.com\/SchweizerMusikzeitung\/","https:\/\/x.com\/smusikzeitung","https:\/\/www.instagram.com\/musikzeitung.ch\/?hl=de"]}]}},"publishpress_future_action":{"enabled":false,"date":"1970-01-01 01:00:00","action":"change-status","newStatus":"draft","terms":[],"taxonomy":"","extraData":[]},"publishpress_future_workflow_manual_trigger":{"enabledWorkflows":[]},"_links":{"self":[{"href":"https:\/\/www.revuemusicale.ch\/en\/wp-json\/wp\/v2\/pages\/232","targetHints":{"allow":["GET"]}}],"collection":[{"href":"https:\/\/www.revuemusicale.ch\/en\/wp-json\/wp\/v2\/pages"}],"about":[{"href":"https:\/\/www.revuemusicale.ch\/en\/wp-json\/wp\/v2\/types\/page"}],"author":[{"embeddable":true,"href":"https:\/\/www.revuemusicale.ch\/en\/wp-json\/wp\/v2\/users\/1"}],"replies":[{"embeddable":true,"href":"https:\/\/www.revuemusicale.ch\/en\/wp-json\/wp\/v2\/comments?post=232"}],"version-history":[{"count":22,"href":"https:\/\/www.revuemusicale.ch\/en\/wp-json\/wp\/v2\/pages\/232\/revisions"}],"predecessor-version":[{"id":31729,"href":"https:\/\/www.revuemusicale.ch\/en\/wp-json\/wp\/v2\/pages\/232\/revisions\/31729"}],"up":[{"embeddable":true,"href":"https:\/\/www.revuemusicale.ch\/en\/wp-json\/wp\/v2\/pages\/128"}],"wp:attachment":[{"href":"https:\/\/www.revuemusicale.ch\/en\/wp-json\/wp\/v2\/media?parent=232"}],"curies":[{"name":"wp","href":"https:\/\/api.w.org\/{rel}","templated":true}]}}