{"id":239,"date":"2023-01-11T16:20:46","date_gmt":"2023-01-11T15:20:46","guid":{"rendered":"https:\/\/www.revuemusicale.ch\/?page_id=239"},"modified":"2024-11-22T11:42:07","modified_gmt":"2024-11-22T10:42:07","slug":"chems","status":"publish","type":"page","link":"https:\/\/www.revuemusicale.ch\/en\/basis\/chems","title":{"rendered":"CHEMS"},"content":{"rendered":"<p><strong>Conference of Swiss Universities of Music<\/strong> brings together the seven currently recognized Swiss music academies: Basel, Bern, Geneva, Lausanne, Lucerne, Lugano and Zurich.<\/p>\n<div class=\"text-section\">\n<p>CHEMS supports and coordinates vocational training at national level; it is committed to the widespread recognition of university degrees and defines quality standards.<\/p>\n<p>CHEMS maintains contacts with professional organizations in the music world, takes a stance on cultural and educational policy issues, and promotes the many facets of music and music education.<\/p>\n<p>At present, some 3,500 students are pursuing Bachelor's and Master's degrees at Swiss music colleges. In addition, there is a varied, interesting and specific range of continuing education courses. The Bachelor's and Master's courses offered by CHEMS members cover a wide stylistic spectrum (classical, jazz, opera, popular music, media art, theory, film music, etc.), as well as the pedagogical field. CHEMS works closely with a number of sister organizations at national and international level.<\/p>\n<\/div>\n<p>&nbsp;<\/p>\n<p><a href=\"http:\/\/www.kmhs.ch\" target=\"_blank\" rel=\"noopener\"><strong>www.kmhs.ch<\/strong><\/a><\/p>\n<p><strong>\u00a0<\/strong><\/p>\n<p><strong>Presidium<br \/>\n<\/strong>Valentin Gloor (HSLU), Chairman<br \/>\nRico Gubler (HKB), Vice-Chairman<br \/>\nB\u00e9atrice Zawodnik (HEM), Vice-Chairwoman<\/p>\n<p><strong>Administration<br \/>\n<\/strong>KMHS Konferenz Musikhochschulen Schweiz<br \/>\nc\/o Hochschule Luzern - Musik<br \/>\nArsenalstrasse 28a<br \/>\n6010 Luzern-Kriens<br \/>\n<a href=\"mailto:info@kmhs.ch\">info@kmhs.ch<\/a><\/p>\n<p>Viviane Caprez-Bregy | Milena Bucher<\/p>\n<p>&nbsp;<\/p>\n<p><strong>Members<\/strong><br \/>\nConservatorio della Svizzera italiana (CSI), Scuola Universitaria di Musica - Lugano<br \/>\nHaute Ecole de Musique de Gen\u00e8ve (HEM)<br \/>\nHaute Ecole de Musique de Lausanne (HEMU)Musik-Akademie Basel \/ Hochschule f\u00fcr Musik FHNW<br \/>\nHochschule der K\u00fcnste Bern (HKB)<br \/>\nHochschule Luzern - Musik (HSLU)<br \/>\nKalaidos Musikhochschule<br \/>\nMusik-Akademie Basel \/ Hochschule f\u00fcr Musik FHNW<br \/>\nZ\u00fcrcher Hochschule der K\u00fcnste (ZHdK)<\/p>","protected":false},"excerpt":{"rendered":"<p>La Conf\u00e9rence des Hautes Ecoles de Musique Suisses r\u00e9unit les sept Hautes \u00e9coles de musique suisses reconnues aujourd\u2019hui: B\u00e2le, Berne, Gen\u00e8ve, Lausanne, Lucerne, Lugano et Zurich. La CHEMS soutient la formation professionnelle et la coordonne au niveau national; elle s\u2019engage dans une large reconnaissance des dipl\u00f4mes universitaires et d\u00e9finit les standards de qualit\u00e9. La CHEMS [&hellip;]<\/p>\n","protected":false},"author":21892,"featured_media":9340,"parent":230,"menu_order":0,"comment_status":"closed","ping_status":"closed","template":"page_partner.php","meta":{"_acf_changed":false,"_relevanssi_hide_post":"","_relevanssi_hide_content":"","_relevanssi_pin_for_all":"","_relevanssi_pin_keywords":"","_relevanssi_unpin_keywords":"","_relevanssi_related_keywords":"","_relevanssi_related_include_ids":"","_relevanssi_related_exclude_ids":"","_relevanssi_related_no_append":"","_relevanssi_related_not_related":"","_relevanssi_related_posts":"","_relevanssi_noindex_reason":"","pgc_sgb_lightbox_settings":"","footnotes":""},"class_list":["post-239","page","type-page","status-publish","has-post-thumbnail","hentry"],"acf":[],"yoast_head":"<!-- This site is optimized with the Yoast SEO plugin v27.3 - https:\/\/yoast.com\/product\/yoast-seo-wordpress\/ -->\n<title>CHEMS - Revue Musicale Suisse<\/title>\n<meta name=\"robots\" content=\"index, follow, max-snippet:-1, max-image-preview:large, max-video-preview:-1\" \/>\n<link rel=\"canonical\" href=\"https:\/\/www.revuemusicale.ch\/en\/basis\/chems\/\" \/>\n<meta property=\"og:locale\" content=\"en_US\" \/>\n<meta property=\"og:type\" content=\"article\" \/>\n<meta property=\"og:title\" content=\"CHEMS - Revue Musicale Suisse\" \/>\n<meta property=\"og:description\" content=\"La Conf\u00e9rence des Hautes Ecoles de Musique Suisses r\u00e9unit les sept Hautes \u00e9coles de musique suisses reconnues aujourd\u2019hui: B\u00e2le, Berne, Gen\u00e8ve, Lausanne, Lucerne, Lugano et Zurich. La CHEMS soutient la formation professionnelle et la coordonne au niveau national; elle s\u2019engage dans une large reconnaissance des dipl\u00f4mes universitaires et d\u00e9finit les standards de qualit\u00e9. La CHEMS [&hellip;]\" \/>\n<meta property=\"og:url\" content=\"https:\/\/www.revuemusicale.ch\/en\/basis\/chems\/\" \/>\n<meta property=\"og:site_name\" content=\"Revue Musicale Suisse\" \/>\n<meta property=\"article:publisher\" content=\"https:\/\/www.facebook.com\/SchweizerMusikzeitung\/\" \/>\n<meta property=\"article:modified_time\" content=\"2024-11-22T10:42:07+00:00\" \/>\n<meta property=\"og:image\" content=\"https:\/\/www.revuemusicale.ch\/wp-content\/uploads\/2023\/01\/kmhs_musikzeitung.jpg\" \/>\n\t<meta property=\"og:image:width\" content=\"1200\" \/>\n\t<meta property=\"og:image:height\" content=\"600\" \/>\n\t<meta property=\"og:image:type\" content=\"image\/jpeg\" \/>\n<meta name=\"twitter:card\" content=\"summary_large_image\" \/>\n<meta name=\"twitter:site\" content=\"@smusikzeitung\" \/>\n<meta name=\"twitter:label1\" content=\"Est. reading time\" \/>\n\t<meta name=\"twitter:data1\" content=\"2 minutes\" \/>\n<script type=\"application\/ld+json\" class=\"yoast-schema-graph\">{\"@context\":\"https:\\\/\\\/schema.org\",\"@graph\":[{\"@type\":\"WebPage\",\"@id\":\"https:\\\/\\\/www.revuemusicale.ch\\\/basis\\\/chems\",\"url\":\"https:\\\/\\\/www.revuemusicale.ch\\\/basis\\\/chems\",\"name\":\"CHEMS - Revue Musicale Suisse\",\"isPartOf\":{\"@id\":\"https:\\\/\\\/www.revuemusicale.ch\\\/#website\"},\"primaryImageOfPage\":{\"@id\":\"https:\\\/\\\/www.revuemusicale.ch\\\/basis\\\/chems#primaryimage\"},\"image\":{\"@id\":\"https:\\\/\\\/www.revuemusicale.ch\\\/basis\\\/chems#primaryimage\"},\"thumbnailUrl\":\"https:\\\/\\\/www.revuemusicale.ch\\\/wp-content\\\/uploads\\\/2023\\\/01\\\/kmhs_musikzeitung.jpg\",\"datePublished\":\"2023-01-11T15:20:46+00:00\",\"dateModified\":\"2024-11-22T10:42:07+00:00\",\"breadcrumb\":{\"@id\":\"https:\\\/\\\/www.revuemusicale.ch\\\/basis\\\/chems#breadcrumb\"},\"inLanguage\":\"en-US\",\"potentialAction\":[{\"@type\":\"ReadAction\",\"target\":[\"https:\\\/\\\/www.revuemusicale.ch\\\/basis\\\/chems\"]}]},{\"@type\":\"ImageObject\",\"inLanguage\":\"en-US\",\"@id\":\"https:\\\/\\\/www.revuemusicale.ch\\\/basis\\\/chems#primaryimage\",\"url\":\"https:\\\/\\\/www.revuemusicale.ch\\\/wp-content\\\/uploads\\\/2023\\\/01\\\/kmhs_musikzeitung.jpg\",\"contentUrl\":\"https:\\\/\\\/www.revuemusicale.ch\\\/wp-content\\\/uploads\\\/2023\\\/01\\\/kmhs_musikzeitung.jpg\",\"width\":1200,\"height\":600},{\"@type\":\"BreadcrumbList\",\"@id\":\"https:\\\/\\\/www.revuemusicale.ch\\\/basis\\\/chems#breadcrumb\",\"itemListElement\":[{\"@type\":\"ListItem\",\"position\":1,\"name\":\"Home\",\"item\":\"https:\\\/\\\/www.revuemusicale.ch\\\/\"},{\"@type\":\"ListItem\",\"position\":2,\"name\":\"Basis\",\"item\":\"https:\\\/\\\/www.revuemusicale.ch\\\/basis\"},{\"@type\":\"ListItem\",\"position\":3,\"name\":\"CHEMS\"}]},{\"@type\":\"WebSite\",\"@id\":\"https:\\\/\\\/www.revuemusicale.ch\\\/#website\",\"url\":\"https:\\\/\\\/www.revuemusicale.ch\\\/\",\"name\":\"Revue Musicale Suisse\",\"description\":\"\",\"publisher\":{\"@id\":\"https:\\\/\\\/www.revuemusicale.ch\\\/#organization\"},\"potentialAction\":[{\"@type\":\"SearchAction\",\"target\":{\"@type\":\"EntryPoint\",\"urlTemplate\":\"https:\\\/\\\/www.revuemusicale.ch\\\/?s={search_term_string}\"},\"query-input\":{\"@type\":\"PropertyValueSpecification\",\"valueRequired\":true,\"valueName\":\"search_term_string\"}}],\"inLanguage\":\"en-US\"},{\"@type\":\"Organization\",\"@id\":\"https:\\\/\\\/www.revuemusicale.ch\\\/#organization\",\"name\":\"Revue Musicale Suisse\",\"url\":\"https:\\\/\\\/www.revuemusicale.ch\\\/\",\"logo\":{\"@type\":\"ImageObject\",\"inLanguage\":\"en-US\",\"@id\":\"https:\\\/\\\/www.revuemusicale.ch\\\/#\\\/schema\\\/logo\\\/image\\\/\",\"url\":\"https:\\\/\\\/www.revuemusicale.ch\\\/wp-content\\\/uploads\\\/2023\\\/01\\\/logo_revuemusicale_musikzeitung.jpg\",\"contentUrl\":\"https:\\\/\\\/www.revuemusicale.ch\\\/wp-content\\\/uploads\\\/2023\\\/01\\\/logo_revuemusicale_musikzeitung.jpg\",\"width\":1200,\"height\":243,\"caption\":\"Revue Musicale Suisse\"},\"image\":{\"@id\":\"https:\\\/\\\/www.revuemusicale.ch\\\/#\\\/schema\\\/logo\\\/image\\\/\"},\"sameAs\":[\"https:\\\/\\\/www.facebook.com\\\/SchweizerMusikzeitung\\\/\",\"https:\\\/\\\/x.com\\\/smusikzeitung\",\"https:\\\/\\\/www.instagram.com\\\/musikzeitung.ch\\\/?hl=de\"]}]}<\/script>\n<!-- \/ Yoast SEO plugin. -->","yoast_head_json":{"title":"CHEMS - Swiss Music Review","robots":{"index":"index","follow":"follow","max-snippet":"max-snippet:-1","max-image-preview":"max-image-preview:large","max-video-preview":"max-video-preview:-1"},"canonical":"https:\/\/www.revuemusicale.ch\/en\/basis\/chems\/","og_locale":"en_US","og_type":"article","og_title":"CHEMS - Revue Musicale Suisse","og_description":"La Conf\u00e9rence des Hautes Ecoles de Musique Suisses r\u00e9unit les sept Hautes \u00e9coles de musique suisses reconnues aujourd\u2019hui: B\u00e2le, Berne, Gen\u00e8ve, Lausanne, Lucerne, Lugano et Zurich. La CHEMS soutient la formation professionnelle et la coordonne au niveau national; elle s\u2019engage dans une large reconnaissance des dipl\u00f4mes universitaires et d\u00e9finit les standards de qualit\u00e9. La CHEMS [&hellip;]","og_url":"https:\/\/www.revuemusicale.ch\/en\/basis\/chems\/","og_site_name":"Revue Musicale Suisse","article_publisher":"https:\/\/www.facebook.com\/SchweizerMusikzeitung\/","article_modified_time":"2024-11-22T10:42:07+00:00","og_image":[{"width":1200,"height":600,"url":"https:\/\/www.revuemusicale.ch\/wp-content\/uploads\/2023\/01\/kmhs_musikzeitung.jpg","type":"image\/jpeg"}],"twitter_card":"summary_large_image","twitter_site":"@smusikzeitung","twitter_misc":{"Est. reading time":"2 minutes"},"schema":{"@context":"https:\/\/schema.org","@graph":[{"@type":"WebPage","@id":"https:\/\/www.revuemusicale.ch\/basis\/chems","url":"https:\/\/www.revuemusicale.ch\/basis\/chems","name":"CHEMS - Swiss Music Review","isPartOf":{"@id":"https:\/\/www.revuemusicale.ch\/#website"},"primaryImageOfPage":{"@id":"https:\/\/www.revuemusicale.ch\/basis\/chems#primaryimage"},"image":{"@id":"https:\/\/www.revuemusicale.ch\/basis\/chems#primaryimage"},"thumbnailUrl":"https:\/\/www.revuemusicale.ch\/wp-content\/uploads\/2023\/01\/kmhs_musikzeitung.jpg","datePublished":"2023-01-11T15:20:46+00:00","dateModified":"2024-11-22T10:42:07+00:00","breadcrumb":{"@id":"https:\/\/www.revuemusicale.ch\/basis\/chems#breadcrumb"},"inLanguage":"en-US","potentialAction":[{"@type":"ReadAction","target":["https:\/\/www.revuemusicale.ch\/basis\/chems"]}]},{"@type":"ImageObject","inLanguage":"en-US","@id":"https:\/\/www.revuemusicale.ch\/basis\/chems#primaryimage","url":"https:\/\/www.revuemusicale.ch\/wp-content\/uploads\/2023\/01\/kmhs_musikzeitung.jpg","contentUrl":"https:\/\/www.revuemusicale.ch\/wp-content\/uploads\/2023\/01\/kmhs_musikzeitung.jpg","width":1200,"height":600},{"@type":"BreadcrumbList","@id":"https:\/\/www.revuemusicale.ch\/basis\/chems#breadcrumb","itemListElement":[{"@type":"ListItem","position":1,"name":"Home","item":"https:\/\/www.revuemusicale.ch\/"},{"@type":"ListItem","position":2,"name":"Basis","item":"https:\/\/www.revuemusicale.ch\/basis"},{"@type":"ListItem","position":3,"name":"CHEMS"}]},{"@type":"WebSite","@id":"https:\/\/www.revuemusicale.ch\/#website","url":"https:\/\/www.revuemusicale.ch\/","name":"Swiss Music Review","description":"","publisher":{"@id":"https:\/\/www.revuemusicale.ch\/#organization"},"potentialAction":[{"@type":"SearchAction","target":{"@type":"EntryPoint","urlTemplate":"https:\/\/www.revuemusicale.ch\/?s={search_term_string}"},"query-input":{"@type":"PropertyValueSpecification","valueRequired":true,"valueName":"search_term_string"}}],"inLanguage":"en-US"},{"@type":"Organization","@id":"https:\/\/www.revuemusicale.ch\/#organization","name":"Swiss Music Review","url":"https:\/\/www.revuemusicale.ch\/","logo":{"@type":"ImageObject","inLanguage":"en-US","@id":"https:\/\/www.revuemusicale.ch\/#\/schema\/logo\/image\/","url":"https:\/\/www.revuemusicale.ch\/wp-content\/uploads\/2023\/01\/logo_revuemusicale_musikzeitung.jpg","contentUrl":"https:\/\/www.revuemusicale.ch\/wp-content\/uploads\/2023\/01\/logo_revuemusicale_musikzeitung.jpg","width":1200,"height":243,"caption":"Revue Musicale Suisse"},"image":{"@id":"https:\/\/www.revuemusicale.ch\/#\/schema\/logo\/image\/"},"sameAs":["https:\/\/www.facebook.com\/SchweizerMusikzeitung\/","https:\/\/x.com\/smusikzeitung","https:\/\/www.instagram.com\/musikzeitung.ch\/?hl=de"]}]}},"publishpress_future_action":{"enabled":false,"date":"1970-01-01 01:00:00","action":"change-status","newStatus":"draft","terms":[],"taxonomy":"","extraData":[]},"publishpress_future_workflow_manual_trigger":{"enabledWorkflows":[]},"_links":{"self":[{"href":"https:\/\/www.revuemusicale.ch\/en\/wp-json\/wp\/v2\/pages\/239","targetHints":{"allow":["GET"]}}],"collection":[{"href":"https:\/\/www.revuemusicale.ch\/en\/wp-json\/wp\/v2\/pages"}],"about":[{"href":"https:\/\/www.revuemusicale.ch\/en\/wp-json\/wp\/v2\/types\/page"}],"author":[{"embeddable":true,"href":"https:\/\/www.revuemusicale.ch\/en\/wp-json\/wp\/v2\/users\/21892"}],"replies":[{"embeddable":true,"href":"https:\/\/www.revuemusicale.ch\/en\/wp-json\/wp\/v2\/comments?post=239"}],"version-history":[{"count":17,"href":"https:\/\/www.revuemusicale.ch\/en\/wp-json\/wp\/v2\/pages\/239\/revisions"}],"predecessor-version":[{"id":30980,"href":"https:\/\/www.revuemusicale.ch\/en\/wp-json\/wp\/v2\/pages\/239\/revisions\/30980"}],"up":[{"embeddable":true,"href":"https:\/\/www.revuemusicale.ch\/en\/wp-json\/wp\/v2\/pages\/230"}],"wp:featuredmedia":[{"embeddable":true,"href":"https:\/\/www.revuemusicale.ch\/en\/wp-json\/wp\/v2\/media\/9340"}],"wp:attachment":[{"href":"https:\/\/www.revuemusicale.ch\/en\/wp-json\/wp\/v2\/media?parent=239"}],"curies":[{"name":"wp","href":"https:\/\/api.w.org\/{rel}","templated":true}]}}