{"id":260,"date":"2023-01-13T08:53:55","date_gmt":"2023-01-13T07:53:55","guid":{"rendered":"https:\/\/www.revuemusicale.ch\/?page_id=260"},"modified":"2025-12-17T16:28:38","modified_gmt":"2025-12-17T15:28:38","slug":"publicite-en-ligne","status":"publish","type":"page","link":"https:\/\/www.revuemusicale.ch\/en\/passer-une-annonce\/publicite-en-ligne","title":{"rendered":"Online advertising"},"content":{"rendered":"<h3>Advertising on revuemusicale.ch<\/h3>\n<h3 class=\"\">Web banners<\/h3>\n<p><strong>Traffic<\/strong><\/p>\n<p>The following data are based on average monthly values measured from October 1, 2024 to September 30, 2025 (source: Google Analytics, October 6, 2025).<br \/>\nPage views: 82,000 \/ month (<a href=\"https:\/\/www.musikzeitung.ch\/\" target=\"_blank\" rel=\"noopener\">musikzeitung.ch<\/a>); 8000 (<a href=\"https:\/\/www.revuemusicale.ch\/en\/\" target=\"_blank\" rel=\"noopener\">revuemusicale.ch<\/a>)<br \/>\nActive users: 9000 \/ month (<a href=\"https:\/\/www.musikzeitung.ch\/\" target=\"_blank\" rel=\"noopener\">musikzeitung.ch<\/a>); 2500 (<a href=\"https:\/\/www.revuemusicale.ch\/en\/\" target=\"_blank\" rel=\"noopener\">revuemusicale.ch<\/a>)<br \/>\nAverage interaction time: 2 min. 09 sec. (<a href=\"https:\/\/www.musikzeitung.ch\/\" target=\"_blank\" rel=\"noopener\">musikzeitung.ch<\/a>); 34 sec (<a href=\"https:\/\/www.revuemusicale.ch\/en\/\" target=\"_blank\" rel=\"noopener\">revuemusicale.ch<\/a>)<\/p>\n<p><strong>Formats<\/strong><\/p>\n<p>Depending on the content of your ad: leaderboard format is suitable for long text and images, and rectangle format for short text and images. Banners can be static or animated. HTML5 format is accepted. Banners must be delivered in JPG or GIF format.<\/p>\n<p><strong>Rates<\/strong><\/p>\n<p><img loading=\"lazy\" decoding=\"async\" class=\"aligncenter size-full wp-image-30945\" src=\"https:\/\/www.revuemusicale.ch\/wp-content\/uploads\/2024\/10\/Skizze_Banner_Mediadatenf.jpg\" alt=\"\" width=\"659\" height=\"515\" srcset=\"https:\/\/www.revuemusicale.ch\/wp-content\/uploads\/2024\/10\/Skizze_Banner_Mediadatenf.jpg 659w, https:\/\/www.revuemusicale.ch\/wp-content\/uploads\/2024\/10\/Skizze_Banner_Mediadatenf-300x234.jpg 300w, https:\/\/www.revuemusicale.ch\/wp-content\/uploads\/2024\/10\/Skizze_Banner_Mediadatenf-15x12.jpg 15w, https:\/\/www.revuemusicale.ch\/wp-content\/uploads\/2024\/10\/Skizze_Banner_Mediadatenf-224x175.jpg 224w, https:\/\/www.revuemusicale.ch\/wp-content\/uploads\/2024\/10\/Skizze_Banner_Mediadatenf-448x350.jpg 448w\" sizes=\"auto, (max-width: 659px) 100vw, 659px\" \/><\/p>\n<p>Discounts<br \/>\n3 months 5 % of banner price<br \/>\n6 months 10 % of banner price<br \/>\n12 months 15 % of banner price<\/p>\n<p><strong>Control<\/strong><\/p>\n<p>Via E-Mail <a href=\"mailto:inserate@musikzeitung.ch\">inserate@musikzeitung.ch<\/a><\/p>\n<p>&nbsp;<\/p>\n<h3>Online ads<\/h3>\n<p><strong>Sections<\/strong><br \/>\nJob offers and applications<br \/>\nBuying and selling<br \/>\nCourses and events<br \/>\nMiscellaneous<\/p>\n<p><strong>Price<\/strong><br \/>\nUp to 1\/8 page format (47.5 x 140 mm): same price as printed ad. If the ad has to be printed at a later date, a processing fee of CHF 50.00 will be charged.<\/p>\n<p>Small ad with a link to a detailed ad on an external site CHF 250.00 \/ month<br \/>\nFrom 1\/6 page format (100 x 92 mm), unit price CHF 400.00 \/ month<br \/>\nFrom 1\/2-page format (100 x 284 mm or 205 x 140 mm), unit price CHF 750.00 \/ month<br \/>\nFrom 1\/1 page format (205 x 284 mm), unit price CHF 950.00 \/ month<\/p>\n<p>Subsequent printing of advertisements from 1\/6 page format: costs to be agreed.<\/p>\n<p><strong>Recommended online links<\/strong><br \/>\nEnter on <a href=\"https:\/\/www.musikzeitung.ch\/linkempfehlungen\" target=\"_blank\" rel=\"noopener\">musikzeitung.ch\/linkempfehlungen<\/a><br \/>\n1 to 3 months CHF 100.00<br \/>\n4 to 6 months CHF 175.00<br \/>\n7 to 12 months CHF 330.00<\/p>\n<p><strong>Online course calendar (Kurskalender)<\/strong><br \/>\nAnnouncement up to the close of registration \/ start of course (max. 12 months) on <a href=\"http:\/\/musikzeitung.ch\/kurse\" target=\"_blank\" rel=\"noopener\">musikzeitung.ch\/kurse<\/a> CHF 50.00<\/p>\n<p><strong>Online concert calendar<\/strong><br \/>\nAdvertise on <a href=\"http:\/\/musikzeitung.ch\/konzerte\" target=\"_blank\" rel=\"noopener\">musikzeitung.ch\/konzerte<\/a><br \/>\nfree of charge<\/p>\n<p><strong>Online advertorial<br \/>\n<\/strong>including permanent registration in the web archive CHF 1000.00<\/p>\n<p>&nbsp;<\/p>","protected":false},"excerpt":{"rendered":"<p>Publicit\u00e9 sur revuemusicale.ch Banni\u00e8res web Traffic Les donn\u00e9es suivantes se basent sur des valeurs mensuelles moyennes mesur\u00e9es du 1er octobre 2024 au 30 septembre 2025 (source : Google Analytics, 6 octobre 2025). Pages vues : 82 000 \/ mois (musikzeitung.ch); 8000 (revuemusicale.ch) Utilisateurs actifs : 9000 \/ mois (musikzeitung.ch); 2500 (revuemusicale.ch) Temps moyen d&rsquo;interaction : [&hellip;]<\/p>\n","protected":false},"author":1,"featured_media":0,"parent":128,"menu_order":0,"comment_status":"closed","ping_status":"closed","template":"","meta":{"_acf_changed":false,"_relevanssi_hide_post":"","_relevanssi_hide_content":"","_relevanssi_pin_for_all":"","_relevanssi_pin_keywords":"","_relevanssi_unpin_keywords":"","_relevanssi_related_keywords":"","_relevanssi_related_include_ids":"","_relevanssi_related_exclude_ids":"","_relevanssi_related_no_append":"","_relevanssi_related_not_related":"","_relevanssi_related_posts":"","_relevanssi_noindex_reason":"","pgc_sgb_lightbox_settings":"","footnotes":""},"class_list":["post-260","page","type-page","status-publish","hentry"],"acf":[],"yoast_head":"<!-- This site is optimized with the Yoast SEO plugin v27.3 - https:\/\/yoast.com\/product\/yoast-seo-wordpress\/ -->\n<title>Publicit\u00e9 en ligne - Revue Musicale Suisse<\/title>\n<meta name=\"description\" content=\"Publicit\u00e9 sur revuemusicale.ch\" \/>\n<meta name=\"robots\" content=\"index, follow, max-snippet:-1, max-image-preview:large, max-video-preview:-1\" \/>\n<link rel=\"canonical\" href=\"https:\/\/www.revuemusicale.ch\/en\/passer-une-annonce\/publicite-en-ligne\/\" \/>\n<meta property=\"og:locale\" content=\"en_US\" \/>\n<meta property=\"og:type\" content=\"article\" \/>\n<meta property=\"og:title\" content=\"Publicit\u00e9 en ligne - Revue Musicale Suisse\" \/>\n<meta property=\"og:description\" content=\"Publicit\u00e9 sur revuemusicale.ch\" \/>\n<meta property=\"og:url\" content=\"https:\/\/www.revuemusicale.ch\/en\/passer-une-annonce\/publicite-en-ligne\/\" \/>\n<meta property=\"og:site_name\" content=\"Revue Musicale Suisse\" \/>\n<meta property=\"article:publisher\" content=\"https:\/\/www.facebook.com\/SchweizerMusikzeitung\/\" \/>\n<meta property=\"article:modified_time\" content=\"2025-12-17T15:28:38+00:00\" \/>\n<meta property=\"og:image\" content=\"https:\/\/www.revuemusicale.ch\/wp-content\/uploads\/2024\/10\/Skizze_Banner_Mediadatenf.jpg\" \/>\n<meta name=\"twitter:card\" content=\"summary_large_image\" \/>\n<meta name=\"twitter:site\" content=\"@smusikzeitung\" \/>\n<meta name=\"twitter:label1\" content=\"Est. reading time\" \/>\n\t<meta name=\"twitter:data1\" content=\"2 minutes\" \/>\n<script type=\"application\/ld+json\" class=\"yoast-schema-graph\">{\"@context\":\"https:\\\/\\\/schema.org\",\"@graph\":[{\"@type\":\"WebPage\",\"@id\":\"https:\\\/\\\/www.revuemusicale.ch\\\/passer-une-annonce\\\/publicite-en-ligne\",\"url\":\"https:\\\/\\\/www.revuemusicale.ch\\\/passer-une-annonce\\\/publicite-en-ligne\",\"name\":\"Publicit\u00e9 en ligne - Revue Musicale Suisse\",\"isPartOf\":{\"@id\":\"https:\\\/\\\/www.revuemusicale.ch\\\/#website\"},\"primaryImageOfPage\":{\"@id\":\"https:\\\/\\\/www.revuemusicale.ch\\\/passer-une-annonce\\\/publicite-en-ligne#primaryimage\"},\"image\":{\"@id\":\"https:\\\/\\\/www.revuemusicale.ch\\\/passer-une-annonce\\\/publicite-en-ligne#primaryimage\"},\"thumbnailUrl\":\"https:\\\/\\\/www.revuemusicale.ch\\\/wp-content\\\/uploads\\\/2024\\\/10\\\/Skizze_Banner_Mediadatenf.jpg\",\"datePublished\":\"2023-01-13T07:53:55+00:00\",\"dateModified\":\"2025-12-17T15:28:38+00:00\",\"description\":\"Publicit\u00e9 sur revuemusicale.ch\",\"breadcrumb\":{\"@id\":\"https:\\\/\\\/www.revuemusicale.ch\\\/passer-une-annonce\\\/publicite-en-ligne#breadcrumb\"},\"inLanguage\":\"en-US\",\"potentialAction\":[{\"@type\":\"ReadAction\",\"target\":[\"https:\\\/\\\/www.revuemusicale.ch\\\/passer-une-annonce\\\/publicite-en-ligne\"]}]},{\"@type\":\"ImageObject\",\"inLanguage\":\"en-US\",\"@id\":\"https:\\\/\\\/www.revuemusicale.ch\\\/passer-une-annonce\\\/publicite-en-ligne#primaryimage\",\"url\":\"https:\\\/\\\/www.revuemusicale.ch\\\/wp-content\\\/uploads\\\/2024\\\/10\\\/Skizze_Banner_Mediadatenf.jpg\",\"contentUrl\":\"https:\\\/\\\/www.revuemusicale.ch\\\/wp-content\\\/uploads\\\/2024\\\/10\\\/Skizze_Banner_Mediadatenf.jpg\"},{\"@type\":\"BreadcrumbList\",\"@id\":\"https:\\\/\\\/www.revuemusicale.ch\\\/passer-une-annonce\\\/publicite-en-ligne#breadcrumb\",\"itemListElement\":[{\"@type\":\"ListItem\",\"position\":1,\"name\":\"Home\",\"item\":\"https:\\\/\\\/www.revuemusicale.ch\\\/\"},{\"@type\":\"ListItem\",\"position\":2,\"name\":\"Passer une annonce\",\"item\":\"https:\\\/\\\/www.revuemusicale.ch\\\/passer-une-annonce\"},{\"@type\":\"ListItem\",\"position\":3,\"name\":\"Publicit\u00e9 en ligne\"}]},{\"@type\":\"WebSite\",\"@id\":\"https:\\\/\\\/www.revuemusicale.ch\\\/#website\",\"url\":\"https:\\\/\\\/www.revuemusicale.ch\\\/\",\"name\":\"Revue Musicale Suisse\",\"description\":\"\",\"publisher\":{\"@id\":\"https:\\\/\\\/www.revuemusicale.ch\\\/#organization\"},\"potentialAction\":[{\"@type\":\"SearchAction\",\"target\":{\"@type\":\"EntryPoint\",\"urlTemplate\":\"https:\\\/\\\/www.revuemusicale.ch\\\/?s={search_term_string}\"},\"query-input\":{\"@type\":\"PropertyValueSpecification\",\"valueRequired\":true,\"valueName\":\"search_term_string\"}}],\"inLanguage\":\"en-US\"},{\"@type\":\"Organization\",\"@id\":\"https:\\\/\\\/www.revuemusicale.ch\\\/#organization\",\"name\":\"Revue Musicale Suisse\",\"url\":\"https:\\\/\\\/www.revuemusicale.ch\\\/\",\"logo\":{\"@type\":\"ImageObject\",\"inLanguage\":\"en-US\",\"@id\":\"https:\\\/\\\/www.revuemusicale.ch\\\/#\\\/schema\\\/logo\\\/image\\\/\",\"url\":\"https:\\\/\\\/www.revuemusicale.ch\\\/wp-content\\\/uploads\\\/2023\\\/01\\\/logo_revuemusicale_musikzeitung.jpg\",\"contentUrl\":\"https:\\\/\\\/www.revuemusicale.ch\\\/wp-content\\\/uploads\\\/2023\\\/01\\\/logo_revuemusicale_musikzeitung.jpg\",\"width\":1200,\"height\":243,\"caption\":\"Revue Musicale Suisse\"},\"image\":{\"@id\":\"https:\\\/\\\/www.revuemusicale.ch\\\/#\\\/schema\\\/logo\\\/image\\\/\"},\"sameAs\":[\"https:\\\/\\\/www.facebook.com\\\/SchweizerMusikzeitung\\\/\",\"https:\\\/\\\/x.com\\\/smusikzeitung\",\"https:\\\/\\\/www.instagram.com\\\/musikzeitung.ch\\\/?hl=de\"]}]}<\/script>\n<!-- \/ Yoast SEO plugin. -->","yoast_head_json":{"title":"Publicit\u00e9 en ligne - Revue Musicale Suisse","description":"Advertising on revuemusicale.ch","robots":{"index":"index","follow":"follow","max-snippet":"max-snippet:-1","max-image-preview":"max-image-preview:large","max-video-preview":"max-video-preview:-1"},"canonical":"https:\/\/www.revuemusicale.ch\/en\/passer-une-annonce\/publicite-en-ligne\/","og_locale":"en_US","og_type":"article","og_title":"Publicit\u00e9 en ligne - Revue Musicale Suisse","og_description":"Publicit\u00e9 sur revuemusicale.ch","og_url":"https:\/\/www.revuemusicale.ch\/en\/passer-une-annonce\/publicite-en-ligne\/","og_site_name":"Revue Musicale Suisse","article_publisher":"https:\/\/www.facebook.com\/SchweizerMusikzeitung\/","article_modified_time":"2025-12-17T15:28:38+00:00","og_image":[{"url":"https:\/\/www.revuemusicale.ch\/wp-content\/uploads\/2024\/10\/Skizze_Banner_Mediadatenf.jpg","type":"","width":"","height":""}],"twitter_card":"summary_large_image","twitter_site":"@smusikzeitung","twitter_misc":{"Est. reading time":"2 minutes"},"schema":{"@context":"https:\/\/schema.org","@graph":[{"@type":"WebPage","@id":"https:\/\/www.revuemusicale.ch\/passer-une-annonce\/publicite-en-ligne","url":"https:\/\/www.revuemusicale.ch\/passer-une-annonce\/publicite-en-ligne","name":"Publicit\u00e9 en ligne - Revue Musicale Suisse","isPartOf":{"@id":"https:\/\/www.revuemusicale.ch\/#website"},"primaryImageOfPage":{"@id":"https:\/\/www.revuemusicale.ch\/passer-une-annonce\/publicite-en-ligne#primaryimage"},"image":{"@id":"https:\/\/www.revuemusicale.ch\/passer-une-annonce\/publicite-en-ligne#primaryimage"},"thumbnailUrl":"https:\/\/www.revuemusicale.ch\/wp-content\/uploads\/2024\/10\/Skizze_Banner_Mediadatenf.jpg","datePublished":"2023-01-13T07:53:55+00:00","dateModified":"2025-12-17T15:28:38+00:00","description":"Advertising on revuemusicale.ch","breadcrumb":{"@id":"https:\/\/www.revuemusicale.ch\/passer-une-annonce\/publicite-en-ligne#breadcrumb"},"inLanguage":"en-US","potentialAction":[{"@type":"ReadAction","target":["https:\/\/www.revuemusicale.ch\/passer-une-annonce\/publicite-en-ligne"]}]},{"@type":"ImageObject","inLanguage":"en-US","@id":"https:\/\/www.revuemusicale.ch\/passer-une-annonce\/publicite-en-ligne#primaryimage","url":"https:\/\/www.revuemusicale.ch\/wp-content\/uploads\/2024\/10\/Skizze_Banner_Mediadatenf.jpg","contentUrl":"https:\/\/www.revuemusicale.ch\/wp-content\/uploads\/2024\/10\/Skizze_Banner_Mediadatenf.jpg"},{"@type":"BreadcrumbList","@id":"https:\/\/www.revuemusicale.ch\/passer-une-annonce\/publicite-en-ligne#breadcrumb","itemListElement":[{"@type":"ListItem","position":1,"name":"Home","item":"https:\/\/www.revuemusicale.ch\/"},{"@type":"ListItem","position":2,"name":"Passer une annonce","item":"https:\/\/www.revuemusicale.ch\/passer-une-annonce"},{"@type":"ListItem","position":3,"name":"Publicit\u00e9 en ligne"}]},{"@type":"WebSite","@id":"https:\/\/www.revuemusicale.ch\/#website","url":"https:\/\/www.revuemusicale.ch\/","name":"Swiss Music Review","description":"","publisher":{"@id":"https:\/\/www.revuemusicale.ch\/#organization"},"potentialAction":[{"@type":"SearchAction","target":{"@type":"EntryPoint","urlTemplate":"https:\/\/www.revuemusicale.ch\/?s={search_term_string}"},"query-input":{"@type":"PropertyValueSpecification","valueRequired":true,"valueName":"search_term_string"}}],"inLanguage":"en-US"},{"@type":"Organization","@id":"https:\/\/www.revuemusicale.ch\/#organization","name":"Swiss Music Review","url":"https:\/\/www.revuemusicale.ch\/","logo":{"@type":"ImageObject","inLanguage":"en-US","@id":"https:\/\/www.revuemusicale.ch\/#\/schema\/logo\/image\/","url":"https:\/\/www.revuemusicale.ch\/wp-content\/uploads\/2023\/01\/logo_revuemusicale_musikzeitung.jpg","contentUrl":"https:\/\/www.revuemusicale.ch\/wp-content\/uploads\/2023\/01\/logo_revuemusicale_musikzeitung.jpg","width":1200,"height":243,"caption":"Revue Musicale Suisse"},"image":{"@id":"https:\/\/www.revuemusicale.ch\/#\/schema\/logo\/image\/"},"sameAs":["https:\/\/www.facebook.com\/SchweizerMusikzeitung\/","https:\/\/x.com\/smusikzeitung","https:\/\/www.instagram.com\/musikzeitung.ch\/?hl=de"]}]}},"publishpress_future_action":{"enabled":false,"date":"1970-01-01 01:00:00","action":"change-status","newStatus":"draft","terms":[],"taxonomy":"","extraData":[]},"publishpress_future_workflow_manual_trigger":{"enabledWorkflows":[]},"_links":{"self":[{"href":"https:\/\/www.revuemusicale.ch\/en\/wp-json\/wp\/v2\/pages\/260","targetHints":{"allow":["GET"]}}],"collection":[{"href":"https:\/\/www.revuemusicale.ch\/en\/wp-json\/wp\/v2\/pages"}],"about":[{"href":"https:\/\/www.revuemusicale.ch\/en\/wp-json\/wp\/v2\/types\/page"}],"author":[{"embeddable":true,"href":"https:\/\/www.revuemusicale.ch\/en\/wp-json\/wp\/v2\/users\/1"}],"replies":[{"embeddable":true,"href":"https:\/\/www.revuemusicale.ch\/en\/wp-json\/wp\/v2\/comments?post=260"}],"version-history":[{"count":14,"href":"https:\/\/www.revuemusicale.ch\/en\/wp-json\/wp\/v2\/pages\/260\/revisions"}],"predecessor-version":[{"id":31637,"href":"https:\/\/www.revuemusicale.ch\/en\/wp-json\/wp\/v2\/pages\/260\/revisions\/31637"}],"up":[{"embeddable":true,"href":"https:\/\/www.revuemusicale.ch\/en\/wp-json\/wp\/v2\/pages\/128"}],"wp:attachment":[{"href":"https:\/\/www.revuemusicale.ch\/en\/wp-json\/wp\/v2\/media?parent=260"}],"curies":[{"name":"wp","href":"https:\/\/api.w.org\/{rel}","templated":true}]}}