{"id":44,"date":"2022-05-18T12:33:27","date_gmt":"2022-05-18T11:33:27","guid":{"rendered":"https:\/\/www.revuemusicale.ch\/?page_id=44"},"modified":"2026-02-10T15:31:05","modified_gmt":"2026-02-10T14:31:05","slug":"impressum","status":"publish","type":"page","link":"https:\/\/www.revuemusicale.ch\/en\/impressum","title":{"rendered":"Impressum"},"content":{"rendered":"<h4>Revue Musicale Suisse \/ Schweizer Musikzeitung \/ Rivista Musicale Svizzera<\/h4>\n<p>www.musikzeitung.ch \/ www.revuemusicale.ch<br \/>\nISSN 1422-4674<\/p>\n<p>Grade 29<\/p>\n<p><strong>Drawing<br \/>\n<\/strong>Print edition: 15,523 copies (WEMF 2025)<\/p>\n<p><strong>Publisher<\/strong><br \/>\nGalledia Fachmedien AG<br \/>\nMaihofstrasse 76, 6006 Luzern<\/p>\n<p><a href=\"https:\/\/www.musikzeitung.ch\/fr\/impressum\/content\/0\/text_files\/file\/document\/Directives_journalistiques_F.pdf\"><strong>Journalistic guidelines (PDF)<\/strong><\/a><\/p>\n<p><strong>Official organ of:<br \/>\n<\/strong>- Conference of Swiss Music Schools (CHEMS)<br \/>\n- Swiss Music Council (CSM) \/ Schweizer Musikrat (SMR)<br \/>\n- Association suisse de M\u00e9decine de la Musique (SMM) \/ Schweizerische Gesellschaft f\u00fcr Musik-Medizin (SMM)<br \/>\n- Soci\u00e9t\u00e9 Suisse de Musicologie (SSM) \/ Schweizerische Musikforschende Gesellschaft (SMG)<br \/>\n- Union Suisse des Artistes Musiciens (USDAM) \/ Schweizerischer Musikerverband (SMV)<br \/>\n- Soci\u00e9t\u00e9 Suisse de P\u00e9dagogie Musicale (SSPM) \/ Schweizerischer Musikp\u00e4dagogischer Verband (SMPV)<br \/>\n- Association Suisse des \u00c9coles de Musique (ASEM) \/ Verband Musikschulen Schweiz (VMS)<br \/>\n- Swiss Youth Music Competition (CSMJ) and Arosa Kultur<br \/>\n- SONART - Swiss Music Association<\/p>\n<p><strong>Other partners<br \/>\n<\/strong>- SUISA - Cooperative of Music Authors and Publishers<\/p>\n<h3><strong>Editorial<\/strong><\/h3>\n<p>Schweizer Musikzeitung, Dammstrasse 2, 6440 Brunnen<br \/>\n+ 41 58 344 97 83<\/p>\n<p>Katrin Spelinova (editor-in-chief)<br \/>\n<a href=\"mailto:contact@musikzeitung.ch\">contact@musikzeitung.ch<\/a><\/p>\n<p>Pia Schwab (editor, reviews)<br \/>\n<a href=\"mailto:rezensionen@musikzeitung.ch\">rezensionen@musikzeitung.ch<\/a><\/p>\n<p>Jean-Damien Humair (French-language editorial staff, coordination of association pages)<br \/>\nRevue Musicale Suisse, ch. du Champ Jacquenoux 8, 1063 Chapelle-sur-Moudon<br \/>\n+ 41 79 391 91 28<br \/>\n<a href=\"mailto:redaction@revuemusicale.ch\">redaction@revuemusicale.ch<\/a><\/p>\n<p><em>News<\/em><br \/>\nWolfgang B\u00f6hler (WB)<br \/>\n<a href=\"mailto:pressemeldungen@musikzeitung.ch\">pressemeldungen@musikzeitung.ch <\/a><\/p>\n<p><em>Editorial Committee<\/em><br \/>\nWolfgang B\u00f6hler, Christine Fischer, Rico Gubler, Jean-Damien Humair, Dominic Iseli, Johannes Knapp, Anicia Kohler, Manu Leuenberger, Daniel Lienhard, Laurent Mettraux, Thomas Meyer, Talete Pelloni, Niklaus R\u00fcegg, Miriam Schild, Pia Schwab, Katrin Spelinova, Luc Vallat, Marianne W\u00e4lchli, Thomas U. Wiederkehr<\/p>\n<h3><strong>Ads<\/strong><\/h3>\n<p>Z\u00fcrichsee Werbe AG<br \/>\nTiefenaustrasse 2<br \/>\n8640 Rapperswil<br \/>\nTelefon: +41 44 928 56 11<\/p>\n<p><a href=\"mailto:inserate@musikzeitung.ch\">inserate@musikzeitung.ch<\/a><\/p>\n<h3><strong>Subscriptions and address changes<\/strong><\/h3>\n<p>Galledia Fachmedien AG<br \/>\nBurgauerstrasse 50<br \/>\n9230 Flawil<br \/>\nTelefon: 058 344 95 50<br \/>\nE-Mail: <a href=\"mailto:abo.schweizer-musikzeitung@galledia.ch\">abo.schweizer-musikzeitung@galledia.ch<\/a><\/p>\n<h3><strong>Page layout<\/strong><\/h3>\n<p>Harriet Messing<strong><br \/>\n<\/strong><\/p>\n<h3><strong>Print<\/strong><\/h3>\n<p>CH Media Print AG, Im Feld 6, 9015 St. Gallen<\/p>\n<h3><strong>Website<\/strong><\/h3>\n<p>Galledia Fachmedien AG<\/p>\n<p>&nbsp;<\/p>\n<h3><strong>Second publication rights for authors of articles in the \"Swiss Music Review\".<\/strong><\/h3>\n<p>Open Access is a service that promotes the visibility of publications. This service is in the interest of authors and publishers alike, and is <a href=\"https:\/\/www.swissuniversities.ch\/fileadmin\/swissuniversities\/Dokumente\/Hochschulpolitik\/Open_Access\/Open_Access__strategy_final_DE.pdf\" target=\"_blank\" rel=\"noopener\">in line with the requirements of Swiss universities and swissuniversities' national Open Access strategy<\/a>.<\/p>\n<p>Authors of articles published in the \"Swiss Music Review\" have the right to make the final version of their publication available in PDF format, after an embargo period of one year from official publication in the \"Swiss Music Review\". The published article must meet the following requirements:<\/p>\n<p>- Publications may be made available online subject to the publishing conditions, which grant rights of use in accordance with Swiss copyright law (LDA).<\/p>\n<p>- It is possible to use the fully revised, formatted version as published.<\/p>\n<p>- Reference must be made to the original publication, including full bibliographical data (title of article, name of journal, year of publication), in a clearly visible place.<\/p>\n<p>On request, the publisher will provide authors with a copy of their article for a second publication. For articles by authors belonging to a Swiss university at the time of publication, the publisher Galledia Fachmedien AG grants the university concerned the non-exclusive right to deposit a copy of the article in its Open Access system, in accordance with the terms of this agreement. This policy applies to all articles published on or after January 1, 1998.<\/p>\n<p>&nbsp;<\/p>","protected":false},"excerpt":{"rendered":"<p>Revue Musicale Suisse \/ Schweizer Musikzeitung \/ Rivista Musicale Svizzera www.musikzeitung.ch \/ www.revuemusicale.ch ISSN 1422-4674 29e ann\u00e9e Tirage Edition papier : 15 523 exemplaires (WEMF 2025) Editeur Galledia Fachmedien AG Maihofstrasse 76, 6006 Luzern Directives journalistiques (PDF) Organe officiel de: \u2013 Conf\u00e9rence des Hautes Ecoles de Musique Suisses (CHEMS) \u2013 Conseil Suisse de la Musique [&hellip;]<\/p>\n","protected":false},"author":1,"featured_media":0,"parent":0,"menu_order":0,"comment_status":"closed","ping_status":"closed","template":"","meta":{"_acf_changed":false,"_relevanssi_hide_post":"","_relevanssi_hide_content":"","_relevanssi_pin_for_all":"","_relevanssi_pin_keywords":"","_relevanssi_unpin_keywords":"","_relevanssi_related_keywords":"","_relevanssi_related_include_ids":"","_relevanssi_related_exclude_ids":"","_relevanssi_related_no_append":"","_relevanssi_related_not_related":"","_relevanssi_related_posts":"","_relevanssi_noindex_reason":"","pgc_sgb_lightbox_settings":"","footnotes":""},"class_list":["post-44","page","type-page","status-publish","hentry"],"acf":[],"yoast_head":"<!-- This site is optimized with the Yoast SEO plugin v27.3 - https:\/\/yoast.com\/product\/yoast-seo-wordpress\/ -->\n<title>Impressum - Revue Musicale Suisse<\/title>\n<meta name=\"robots\" content=\"index, follow, max-snippet:-1, max-image-preview:large, max-video-preview:-1\" \/>\n<link rel=\"canonical\" href=\"https:\/\/www.revuemusicale.ch\/en\/impressum\/\" \/>\n<meta property=\"og:locale\" content=\"en_US\" \/>\n<meta property=\"og:type\" content=\"article\" \/>\n<meta property=\"og:title\" content=\"Impressum - Revue Musicale Suisse\" \/>\n<meta property=\"og:description\" content=\"Revue Musicale Suisse \/ Schweizer Musikzeitung \/ Rivista Musicale Svizzera www.musikzeitung.ch \/ www.revuemusicale.ch ISSN 1422-4674 29e ann\u00e9e Tirage Edition papier : 15 523 exemplaires (WEMF 2025) Editeur Galledia Fachmedien AG Maihofstrasse 76, 6006 Luzern Directives journalistiques (PDF) Organe officiel de: \u2013 Conf\u00e9rence des Hautes Ecoles de Musique Suisses (CHEMS) \u2013 Conseil Suisse de la Musique [&hellip;]\" \/>\n<meta property=\"og:url\" content=\"https:\/\/www.revuemusicale.ch\/en\/impressum\/\" \/>\n<meta property=\"og:site_name\" content=\"Revue Musicale Suisse\" \/>\n<meta property=\"article:publisher\" content=\"https:\/\/www.facebook.com\/SchweizerMusikzeitung\/\" \/>\n<meta property=\"article:modified_time\" content=\"2026-02-10T14:31:05+00:00\" \/>\n<meta name=\"twitter:card\" content=\"summary_large_image\" \/>\n<meta name=\"twitter:site\" content=\"@smusikzeitung\" \/>\n<meta name=\"twitter:label1\" content=\"Est. reading time\" \/>\n\t<meta name=\"twitter:data1\" content=\"3 minutes\" \/>\n<script type=\"application\/ld+json\" class=\"yoast-schema-graph\">{\"@context\":\"https:\\\/\\\/schema.org\",\"@graph\":[{\"@type\":\"WebPage\",\"@id\":\"https:\\\/\\\/www.revuemusicale.ch\\\/impressum\",\"url\":\"https:\\\/\\\/www.revuemusicale.ch\\\/impressum\",\"name\":\"Impressum - Revue Musicale Suisse\",\"isPartOf\":{\"@id\":\"https:\\\/\\\/www.revuemusicale.ch\\\/#website\"},\"datePublished\":\"2022-05-18T11:33:27+00:00\",\"dateModified\":\"2026-02-10T14:31:05+00:00\",\"breadcrumb\":{\"@id\":\"https:\\\/\\\/www.revuemusicale.ch\\\/impressum#breadcrumb\"},\"inLanguage\":\"en-US\",\"potentialAction\":[{\"@type\":\"ReadAction\",\"target\":[\"https:\\\/\\\/www.revuemusicale.ch\\\/impressum\"]}]},{\"@type\":\"BreadcrumbList\",\"@id\":\"https:\\\/\\\/www.revuemusicale.ch\\\/impressum#breadcrumb\",\"itemListElement\":[{\"@type\":\"ListItem\",\"position\":1,\"name\":\"Home\",\"item\":\"https:\\\/\\\/www.revuemusicale.ch\\\/\"},{\"@type\":\"ListItem\",\"position\":2,\"name\":\"Impressum\"}]},{\"@type\":\"WebSite\",\"@id\":\"https:\\\/\\\/www.revuemusicale.ch\\\/#website\",\"url\":\"https:\\\/\\\/www.revuemusicale.ch\\\/\",\"name\":\"Revue Musicale Suisse\",\"description\":\"\",\"publisher\":{\"@id\":\"https:\\\/\\\/www.revuemusicale.ch\\\/#organization\"},\"potentialAction\":[{\"@type\":\"SearchAction\",\"target\":{\"@type\":\"EntryPoint\",\"urlTemplate\":\"https:\\\/\\\/www.revuemusicale.ch\\\/?s={search_term_string}\"},\"query-input\":{\"@type\":\"PropertyValueSpecification\",\"valueRequired\":true,\"valueName\":\"search_term_string\"}}],\"inLanguage\":\"en-US\"},{\"@type\":\"Organization\",\"@id\":\"https:\\\/\\\/www.revuemusicale.ch\\\/#organization\",\"name\":\"Revue Musicale Suisse\",\"url\":\"https:\\\/\\\/www.revuemusicale.ch\\\/\",\"logo\":{\"@type\":\"ImageObject\",\"inLanguage\":\"en-US\",\"@id\":\"https:\\\/\\\/www.revuemusicale.ch\\\/#\\\/schema\\\/logo\\\/image\\\/\",\"url\":\"https:\\\/\\\/www.revuemusicale.ch\\\/wp-content\\\/uploads\\\/2023\\\/01\\\/logo_revuemusicale_musikzeitung.jpg\",\"contentUrl\":\"https:\\\/\\\/www.revuemusicale.ch\\\/wp-content\\\/uploads\\\/2023\\\/01\\\/logo_revuemusicale_musikzeitung.jpg\",\"width\":1200,\"height\":243,\"caption\":\"Revue Musicale Suisse\"},\"image\":{\"@id\":\"https:\\\/\\\/www.revuemusicale.ch\\\/#\\\/schema\\\/logo\\\/image\\\/\"},\"sameAs\":[\"https:\\\/\\\/www.facebook.com\\\/SchweizerMusikzeitung\\\/\",\"https:\\\/\\\/x.com\\\/smusikzeitung\",\"https:\\\/\\\/www.instagram.com\\\/musikzeitung.ch\\\/?hl=de\"]}]}<\/script>\n<!-- \/ Yoast SEO plugin. -->","yoast_head_json":{"title":"Impressum - Swiss Music Review","robots":{"index":"index","follow":"follow","max-snippet":"max-snippet:-1","max-image-preview":"max-image-preview:large","max-video-preview":"max-video-preview:-1"},"canonical":"https:\/\/www.revuemusicale.ch\/en\/impressum\/","og_locale":"en_US","og_type":"article","og_title":"Impressum - Revue Musicale Suisse","og_description":"Revue Musicale Suisse \/ Schweizer Musikzeitung \/ Rivista Musicale Svizzera www.musikzeitung.ch \/ www.revuemusicale.ch ISSN 1422-4674 29e ann\u00e9e Tirage Edition papier : 15 523 exemplaires (WEMF 2025) Editeur Galledia Fachmedien AG Maihofstrasse 76, 6006 Luzern Directives journalistiques (PDF) Organe officiel de: \u2013 Conf\u00e9rence des Hautes Ecoles de Musique Suisses (CHEMS) \u2013 Conseil Suisse de la Musique [&hellip;]","og_url":"https:\/\/www.revuemusicale.ch\/en\/impressum\/","og_site_name":"Revue Musicale Suisse","article_publisher":"https:\/\/www.facebook.com\/SchweizerMusikzeitung\/","article_modified_time":"2026-02-10T14:31:05+00:00","twitter_card":"summary_large_image","twitter_site":"@smusikzeitung","twitter_misc":{"Est. reading time":"3 minutes"},"schema":{"@context":"https:\/\/schema.org","@graph":[{"@type":"WebPage","@id":"https:\/\/www.revuemusicale.ch\/impressum","url":"https:\/\/www.revuemusicale.ch\/impressum","name":"Impressum - Swiss Music Review","isPartOf":{"@id":"https:\/\/www.revuemusicale.ch\/#website"},"datePublished":"2022-05-18T11:33:27+00:00","dateModified":"2026-02-10T14:31:05+00:00","breadcrumb":{"@id":"https:\/\/www.revuemusicale.ch\/impressum#breadcrumb"},"inLanguage":"en-US","potentialAction":[{"@type":"ReadAction","target":["https:\/\/www.revuemusicale.ch\/impressum"]}]},{"@type":"BreadcrumbList","@id":"https:\/\/www.revuemusicale.ch\/impressum#breadcrumb","itemListElement":[{"@type":"ListItem","position":1,"name":"Home","item":"https:\/\/www.revuemusicale.ch\/"},{"@type":"ListItem","position":2,"name":"Impressum"}]},{"@type":"WebSite","@id":"https:\/\/www.revuemusicale.ch\/#website","url":"https:\/\/www.revuemusicale.ch\/","name":"Swiss Music Review","description":"","publisher":{"@id":"https:\/\/www.revuemusicale.ch\/#organization"},"potentialAction":[{"@type":"SearchAction","target":{"@type":"EntryPoint","urlTemplate":"https:\/\/www.revuemusicale.ch\/?s={search_term_string}"},"query-input":{"@type":"PropertyValueSpecification","valueRequired":true,"valueName":"search_term_string"}}],"inLanguage":"en-US"},{"@type":"Organization","@id":"https:\/\/www.revuemusicale.ch\/#organization","name":"Swiss Music Review","url":"https:\/\/www.revuemusicale.ch\/","logo":{"@type":"ImageObject","inLanguage":"en-US","@id":"https:\/\/www.revuemusicale.ch\/#\/schema\/logo\/image\/","url":"https:\/\/www.revuemusicale.ch\/wp-content\/uploads\/2023\/01\/logo_revuemusicale_musikzeitung.jpg","contentUrl":"https:\/\/www.revuemusicale.ch\/wp-content\/uploads\/2023\/01\/logo_revuemusicale_musikzeitung.jpg","width":1200,"height":243,"caption":"Revue Musicale Suisse"},"image":{"@id":"https:\/\/www.revuemusicale.ch\/#\/schema\/logo\/image\/"},"sameAs":["https:\/\/www.facebook.com\/SchweizerMusikzeitung\/","https:\/\/x.com\/smusikzeitung","https:\/\/www.instagram.com\/musikzeitung.ch\/?hl=de"]}]}},"publishpress_future_action":{"enabled":false,"date":"1970-01-01 01:00:00","action":"change-status","newStatus":"draft","terms":[],"taxonomy":"","extraData":[]},"publishpress_future_workflow_manual_trigger":{"enabledWorkflows":[]},"_links":{"self":[{"href":"https:\/\/www.revuemusicale.ch\/en\/wp-json\/wp\/v2\/pages\/44","targetHints":{"allow":["GET"]}}],"collection":[{"href":"https:\/\/www.revuemusicale.ch\/en\/wp-json\/wp\/v2\/pages"}],"about":[{"href":"https:\/\/www.revuemusicale.ch\/en\/wp-json\/wp\/v2\/types\/page"}],"author":[{"embeddable":true,"href":"https:\/\/www.revuemusicale.ch\/en\/wp-json\/wp\/v2\/users\/1"}],"replies":[{"embeddable":true,"href":"https:\/\/www.revuemusicale.ch\/en\/wp-json\/wp\/v2\/comments?post=44"}],"version-history":[{"count":32,"href":"https:\/\/www.revuemusicale.ch\/en\/wp-json\/wp\/v2\/pages\/44\/revisions"}],"predecessor-version":[{"id":31725,"href":"https:\/\/www.revuemusicale.ch\/en\/wp-json\/wp\/v2\/pages\/44\/revisions\/31725"}],"wp:attachment":[{"href":"https:\/\/www.revuemusicale.ch\/en\/wp-json\/wp\/v2\/media?parent=44"}],"curies":[{"name":"wp","href":"https:\/\/api.w.org\/{rel}","templated":true}]}}