{"id":9310,"date":"2023-01-13T14:51:52","date_gmt":"2023-01-13T13:51:52","guid":{"rendered":"https:\/\/www.revuemusicale.ch\/?page_id=9310"},"modified":"2025-09-02T16:05:42","modified_gmt":"2025-09-02T14:05:42","slug":"ssm","status":"publish","type":"page","link":"https:\/\/www.revuemusicale.ch\/en\/basis\/ssm","title":{"rendered":"SSM"},"content":{"rendered":"<p><strong>Swiss Musicological Society<\/strong> (SSM - SMG)<\/p>\n<p>...is an association of musicologists, musicians and music lovers.<br \/>\n...is currently made up of seven sections (Basel, Bern, Lucerne, St. Gallen\/Zurich, Suisse romande, Svizzera italiana, Zurich).<br \/>\n...encourages activities that contribute to the development of music research, particularly Swiss research.<br \/>\n...serves as a forum for the exchange of experience, ideas and research results between specialists and with a wider interested public.<\/p>\n<div class=\"text-section\">\n<p>&nbsp;<\/p>\n<p><strong><a href=\"http:\/\/www.smg-ssm.ch\">www.smg-ssm.ch<\/a><\/strong><\/p>\n<p>&nbsp;<\/p>\n<p><strong>Central presidency\u00a0<\/strong><strong><br \/>\n<\/strong>Prof. Dr. Cristina Urchuegu\u00eda<br \/>\nInstitut f\u00fcr Musikwissenschaft der Universit\u00e4t Bern<br \/>\nMittelstrasse 43, 3012 Bern<br \/>\n+41 (0)31 631 83 96<br \/>\n<a href=\"mailto:cristina.urchueguia@musik.unibe.ch\">cristina urchueguia (at) musik unibe ch<\/a><\/p>\n<p><strong>Secretariat<br \/>\n<\/strong>Dr. Luc Vallat<br \/>\nInstitut f\u00fcr Musikwissenschaft<br \/>\nMittelstrasse 43, 3012 Bern<br \/>\n+41 (0)31 631 84 35, <a href=\"mailto:info@smg-ssm.ch\">info (at) smg-ssm ch<\/a><\/p>\n<p><strong>Sections<\/strong><br \/>\n<strong>Basel:<\/strong>\u00a0PD Dr. Martin Kirnbauer<br \/>\nSchweizerische Musikforschende Gesellschaft<br \/>\nOrtsgruppe Basel, 4000 Basel<br \/>\n<strong>Bern:<\/strong> Prof. Dr. Lena van der Hoven<br \/>\nInstitut f\u00fcr Musikwissenschaft<br \/>\nMittelstrasse 43, 3012 Bern<br \/>\n<strong>Luzern:<\/strong> Prof. Dr. Felix Diergarten<br \/>\n<a href=\"mailto:felixflorian.diergarten@hslu.ch\">felixflorian.diergarten (at) hslu.ch<\/a><br \/>\n<strong>St. Gallen\/Z\u00fcrich:<\/strong> Dr. Michael Meyer<br \/>\n<a href=\"mailto:michael.meyer@mh-trossingen.de\">michael.meyer (at) mh-trossingen.de<\/a><br \/>\n<strong>French-speaking Switzerland:<\/strong> PD Dr. Ulrich Mosch<br \/>\nUniversity of Geneva, Faculty of Arts, Uni Bastions<br \/>\nrue De-Candolle 5, 1211 Geneva 4<br \/>\n<strong>Svizzera italiana:<\/strong> Anna Ciocca-Rossi<br \/>\n(Associazione Ricerche musicali nella Svizzera italiana,\u00a0<a href=\"mailto:comitato@ricercamusica.ch\">comitato (at) ricercamusica.ch)<\/a><br \/>\n<strong>Z\u00fcrich:<\/strong> Prof. Dr. Dominik Sackmann<br \/>\nZ\u00fcrcher Hochschule der K\u00fcnste<br \/>\nPfingstweidstrasse 96, 8031 Z\u00fcrich<\/p>\n<p><strong>Dictionary of Music in Switzerland (DMS):<\/strong> Pio Pellizzari<br \/>\n<a href=\"mailto:pio.pellizzari@outlook.com\">pio.pellizzari (at) outlook.com<\/a><\/p>\n<\/div>","protected":false},"excerpt":{"rendered":"<p>La Soci\u00e9t\u00e9 Suisse de Musicologie (SSM \u2013 SMG) &#8230;est une association regroupant des musicologues, des musiciens et des m\u00e9lomanes. &#8230;est compos\u00e9e actuellement de sept sections (B\u00e2le, Berne, Lucerne, Saint-Gall\/Zurich, Suisse romande, Svizzera italiana, Zurich). &#8230;encourage les activit\u00e9s contribuant au d\u00e9veloppement de la recherche sur la musique et plus particuli\u00e8rement de la recherche suisse. &#8230;sert de [&hellip;]<\/p>\n","protected":false},"author":21895,"featured_media":9343,"parent":230,"menu_order":0,"comment_status":"closed","ping_status":"closed","template":"page_partner.php","meta":{"_acf_changed":false,"_relevanssi_hide_post":"","_relevanssi_hide_content":"","_relevanssi_pin_for_all":"","_relevanssi_pin_keywords":"","_relevanssi_unpin_keywords":"","_relevanssi_related_keywords":"","_relevanssi_related_include_ids":"","_relevanssi_related_exclude_ids":"","_relevanssi_related_no_append":"","_relevanssi_related_not_related":"","_relevanssi_related_posts":"","_relevanssi_noindex_reason":"","pgc_sgb_lightbox_settings":"","footnotes":""},"class_list":["post-9310","page","type-page","status-publish","has-post-thumbnail","hentry"],"acf":[],"yoast_head":"<!-- This site is optimized with the Yoast SEO plugin v27.3 - https:\/\/yoast.com\/product\/yoast-seo-wordpress\/ -->\n<title>SSM - Revue Musicale Suisse<\/title>\n<meta name=\"robots\" content=\"index, follow, max-snippet:-1, max-image-preview:large, max-video-preview:-1\" \/>\n<link rel=\"canonical\" href=\"https:\/\/www.revuemusicale.ch\/en\/basis\/ssm\/\" \/>\n<meta property=\"og:locale\" content=\"en_US\" \/>\n<meta property=\"og:type\" content=\"article\" \/>\n<meta property=\"og:title\" content=\"SSM - Revue Musicale Suisse\" \/>\n<meta property=\"og:description\" content=\"La Soci\u00e9t\u00e9 Suisse de Musicologie (SSM \u2013 SMG) &#8230;est une association regroupant des musicologues, des musiciens et des m\u00e9lomanes. &#8230;est compos\u00e9e actuellement de sept sections (B\u00e2le, Berne, Lucerne, Saint-Gall\/Zurich, Suisse romande, Svizzera italiana, Zurich). &#8230;encourage les activit\u00e9s contribuant au d\u00e9veloppement de la recherche sur la musique et plus particuli\u00e8rement de la recherche suisse. &#8230;sert de [&hellip;]\" \/>\n<meta property=\"og:url\" content=\"https:\/\/www.revuemusicale.ch\/en\/basis\/ssm\/\" \/>\n<meta property=\"og:site_name\" content=\"Revue Musicale Suisse\" \/>\n<meta property=\"article:publisher\" content=\"https:\/\/www.facebook.com\/SchweizerMusikzeitung\/\" \/>\n<meta property=\"article:modified_time\" content=\"2025-09-02T14:05:42+00:00\" \/>\n<meta property=\"og:image\" content=\"https:\/\/www.revuemusicale.ch\/wp-content\/uploads\/2023\/01\/smg_musikzeitung.jpg\" \/>\n\t<meta property=\"og:image:width\" content=\"1200\" \/>\n\t<meta property=\"og:image:height\" content=\"600\" \/>\n\t<meta property=\"og:image:type\" content=\"image\/jpeg\" \/>\n<meta name=\"twitter:card\" content=\"summary_large_image\" \/>\n<meta name=\"twitter:site\" content=\"@smusikzeitung\" \/>\n<meta name=\"twitter:label1\" content=\"Est. reading time\" \/>\n\t<meta name=\"twitter:data1\" content=\"2 minutes\" \/>\n<script type=\"application\/ld+json\" class=\"yoast-schema-graph\">{\"@context\":\"https:\\\/\\\/schema.org\",\"@graph\":[{\"@type\":\"WebPage\",\"@id\":\"https:\\\/\\\/www.revuemusicale.ch\\\/basis\\\/ssm\",\"url\":\"https:\\\/\\\/www.revuemusicale.ch\\\/basis\\\/ssm\",\"name\":\"SSM - Revue Musicale Suisse\",\"isPartOf\":{\"@id\":\"https:\\\/\\\/www.revuemusicale.ch\\\/#website\"},\"primaryImageOfPage\":{\"@id\":\"https:\\\/\\\/www.revuemusicale.ch\\\/basis\\\/ssm#primaryimage\"},\"image\":{\"@id\":\"https:\\\/\\\/www.revuemusicale.ch\\\/basis\\\/ssm#primaryimage\"},\"thumbnailUrl\":\"https:\\\/\\\/www.revuemusicale.ch\\\/wp-content\\\/uploads\\\/2023\\\/01\\\/smg_musikzeitung.jpg\",\"datePublished\":\"2023-01-13T13:51:52+00:00\",\"dateModified\":\"2025-09-02T14:05:42+00:00\",\"breadcrumb\":{\"@id\":\"https:\\\/\\\/www.revuemusicale.ch\\\/basis\\\/ssm#breadcrumb\"},\"inLanguage\":\"en-US\",\"potentialAction\":[{\"@type\":\"ReadAction\",\"target\":[\"https:\\\/\\\/www.revuemusicale.ch\\\/basis\\\/ssm\"]}]},{\"@type\":\"ImageObject\",\"inLanguage\":\"en-US\",\"@id\":\"https:\\\/\\\/www.revuemusicale.ch\\\/basis\\\/ssm#primaryimage\",\"url\":\"https:\\\/\\\/www.revuemusicale.ch\\\/wp-content\\\/uploads\\\/2023\\\/01\\\/smg_musikzeitung.jpg\",\"contentUrl\":\"https:\\\/\\\/www.revuemusicale.ch\\\/wp-content\\\/uploads\\\/2023\\\/01\\\/smg_musikzeitung.jpg\",\"width\":1200,\"height\":600},{\"@type\":\"BreadcrumbList\",\"@id\":\"https:\\\/\\\/www.revuemusicale.ch\\\/basis\\\/ssm#breadcrumb\",\"itemListElement\":[{\"@type\":\"ListItem\",\"position\":1,\"name\":\"Home\",\"item\":\"https:\\\/\\\/www.revuemusicale.ch\\\/\"},{\"@type\":\"ListItem\",\"position\":2,\"name\":\"Basis\",\"item\":\"https:\\\/\\\/www.revuemusicale.ch\\\/basis\"},{\"@type\":\"ListItem\",\"position\":3,\"name\":\"SSM\"}]},{\"@type\":\"WebSite\",\"@id\":\"https:\\\/\\\/www.revuemusicale.ch\\\/#website\",\"url\":\"https:\\\/\\\/www.revuemusicale.ch\\\/\",\"name\":\"Revue Musicale Suisse\",\"description\":\"\",\"publisher\":{\"@id\":\"https:\\\/\\\/www.revuemusicale.ch\\\/#organization\"},\"potentialAction\":[{\"@type\":\"SearchAction\",\"target\":{\"@type\":\"EntryPoint\",\"urlTemplate\":\"https:\\\/\\\/www.revuemusicale.ch\\\/?s={search_term_string}\"},\"query-input\":{\"@type\":\"PropertyValueSpecification\",\"valueRequired\":true,\"valueName\":\"search_term_string\"}}],\"inLanguage\":\"en-US\"},{\"@type\":\"Organization\",\"@id\":\"https:\\\/\\\/www.revuemusicale.ch\\\/#organization\",\"name\":\"Revue Musicale Suisse\",\"url\":\"https:\\\/\\\/www.revuemusicale.ch\\\/\",\"logo\":{\"@type\":\"ImageObject\",\"inLanguage\":\"en-US\",\"@id\":\"https:\\\/\\\/www.revuemusicale.ch\\\/#\\\/schema\\\/logo\\\/image\\\/\",\"url\":\"https:\\\/\\\/www.revuemusicale.ch\\\/wp-content\\\/uploads\\\/2023\\\/01\\\/logo_revuemusicale_musikzeitung.jpg\",\"contentUrl\":\"https:\\\/\\\/www.revuemusicale.ch\\\/wp-content\\\/uploads\\\/2023\\\/01\\\/logo_revuemusicale_musikzeitung.jpg\",\"width\":1200,\"height\":243,\"caption\":\"Revue Musicale Suisse\"},\"image\":{\"@id\":\"https:\\\/\\\/www.revuemusicale.ch\\\/#\\\/schema\\\/logo\\\/image\\\/\"},\"sameAs\":[\"https:\\\/\\\/www.facebook.com\\\/SchweizerMusikzeitung\\\/\",\"https:\\\/\\\/x.com\\\/smusikzeitung\",\"https:\\\/\\\/www.instagram.com\\\/musikzeitung.ch\\\/?hl=de\"]}]}<\/script>\n<!-- \/ Yoast SEO plugin. -->","yoast_head_json":{"title":"SSM - Swiss Music Review","robots":{"index":"index","follow":"follow","max-snippet":"max-snippet:-1","max-image-preview":"max-image-preview:large","max-video-preview":"max-video-preview:-1"},"canonical":"https:\/\/www.revuemusicale.ch\/en\/basis\/ssm\/","og_locale":"en_US","og_type":"article","og_title":"SSM - Revue Musicale Suisse","og_description":"La Soci\u00e9t\u00e9 Suisse de Musicologie (SSM \u2013 SMG) &#8230;est une association regroupant des musicologues, des musiciens et des m\u00e9lomanes. &#8230;est compos\u00e9e actuellement de sept sections (B\u00e2le, Berne, Lucerne, Saint-Gall\/Zurich, Suisse romande, Svizzera italiana, Zurich). &#8230;encourage les activit\u00e9s contribuant au d\u00e9veloppement de la recherche sur la musique et plus particuli\u00e8rement de la recherche suisse. &#8230;sert de [&hellip;]","og_url":"https:\/\/www.revuemusicale.ch\/en\/basis\/ssm\/","og_site_name":"Revue Musicale Suisse","article_publisher":"https:\/\/www.facebook.com\/SchweizerMusikzeitung\/","article_modified_time":"2025-09-02T14:05:42+00:00","og_image":[{"width":1200,"height":600,"url":"https:\/\/www.revuemusicale.ch\/wp-content\/uploads\/2023\/01\/smg_musikzeitung.jpg","type":"image\/jpeg"}],"twitter_card":"summary_large_image","twitter_site":"@smusikzeitung","twitter_misc":{"Est. reading time":"2 minutes"},"schema":{"@context":"https:\/\/schema.org","@graph":[{"@type":"WebPage","@id":"https:\/\/www.revuemusicale.ch\/basis\/ssm","url":"https:\/\/www.revuemusicale.ch\/basis\/ssm","name":"SSM - Swiss Music Review","isPartOf":{"@id":"https:\/\/www.revuemusicale.ch\/#website"},"primaryImageOfPage":{"@id":"https:\/\/www.revuemusicale.ch\/basis\/ssm#primaryimage"},"image":{"@id":"https:\/\/www.revuemusicale.ch\/basis\/ssm#primaryimage"},"thumbnailUrl":"https:\/\/www.revuemusicale.ch\/wp-content\/uploads\/2023\/01\/smg_musikzeitung.jpg","datePublished":"2023-01-13T13:51:52+00:00","dateModified":"2025-09-02T14:05:42+00:00","breadcrumb":{"@id":"https:\/\/www.revuemusicale.ch\/basis\/ssm#breadcrumb"},"inLanguage":"en-US","potentialAction":[{"@type":"ReadAction","target":["https:\/\/www.revuemusicale.ch\/basis\/ssm"]}]},{"@type":"ImageObject","inLanguage":"en-US","@id":"https:\/\/www.revuemusicale.ch\/basis\/ssm#primaryimage","url":"https:\/\/www.revuemusicale.ch\/wp-content\/uploads\/2023\/01\/smg_musikzeitung.jpg","contentUrl":"https:\/\/www.revuemusicale.ch\/wp-content\/uploads\/2023\/01\/smg_musikzeitung.jpg","width":1200,"height":600},{"@type":"BreadcrumbList","@id":"https:\/\/www.revuemusicale.ch\/basis\/ssm#breadcrumb","itemListElement":[{"@type":"ListItem","position":1,"name":"Home","item":"https:\/\/www.revuemusicale.ch\/"},{"@type":"ListItem","position":2,"name":"Basis","item":"https:\/\/www.revuemusicale.ch\/basis"},{"@type":"ListItem","position":3,"name":"SSM"}]},{"@type":"WebSite","@id":"https:\/\/www.revuemusicale.ch\/#website","url":"https:\/\/www.revuemusicale.ch\/","name":"Swiss Music Review","description":"","publisher":{"@id":"https:\/\/www.revuemusicale.ch\/#organization"},"potentialAction":[{"@type":"SearchAction","target":{"@type":"EntryPoint","urlTemplate":"https:\/\/www.revuemusicale.ch\/?s={search_term_string}"},"query-input":{"@type":"PropertyValueSpecification","valueRequired":true,"valueName":"search_term_string"}}],"inLanguage":"en-US"},{"@type":"Organization","@id":"https:\/\/www.revuemusicale.ch\/#organization","name":"Swiss Music Review","url":"https:\/\/www.revuemusicale.ch\/","logo":{"@type":"ImageObject","inLanguage":"en-US","@id":"https:\/\/www.revuemusicale.ch\/#\/schema\/logo\/image\/","url":"https:\/\/www.revuemusicale.ch\/wp-content\/uploads\/2023\/01\/logo_revuemusicale_musikzeitung.jpg","contentUrl":"https:\/\/www.revuemusicale.ch\/wp-content\/uploads\/2023\/01\/logo_revuemusicale_musikzeitung.jpg","width":1200,"height":243,"caption":"Revue Musicale Suisse"},"image":{"@id":"https:\/\/www.revuemusicale.ch\/#\/schema\/logo\/image\/"},"sameAs":["https:\/\/www.facebook.com\/SchweizerMusikzeitung\/","https:\/\/x.com\/smusikzeitung","https:\/\/www.instagram.com\/musikzeitung.ch\/?hl=de"]}]}},"publishpress_future_action":{"enabled":false,"date":"1970-01-01 01:00:00","action":"change-status","newStatus":"draft","terms":[],"taxonomy":"","extraData":[]},"publishpress_future_workflow_manual_trigger":{"enabledWorkflows":[]},"_links":{"self":[{"href":"https:\/\/www.revuemusicale.ch\/en\/wp-json\/wp\/v2\/pages\/9310","targetHints":{"allow":["GET"]}}],"collection":[{"href":"https:\/\/www.revuemusicale.ch\/en\/wp-json\/wp\/v2\/pages"}],"about":[{"href":"https:\/\/www.revuemusicale.ch\/en\/wp-json\/wp\/v2\/types\/page"}],"author":[{"embeddable":true,"href":"https:\/\/www.revuemusicale.ch\/en\/wp-json\/wp\/v2\/users\/21895"}],"replies":[{"embeddable":true,"href":"https:\/\/www.revuemusicale.ch\/en\/wp-json\/wp\/v2\/comments?post=9310"}],"version-history":[{"count":11,"href":"https:\/\/www.revuemusicale.ch\/en\/wp-json\/wp\/v2\/pages\/9310\/revisions"}],"predecessor-version":[{"id":31409,"href":"https:\/\/www.revuemusicale.ch\/en\/wp-json\/wp\/v2\/pages\/9310\/revisions\/31409"}],"up":[{"embeddable":true,"href":"https:\/\/www.revuemusicale.ch\/en\/wp-json\/wp\/v2\/pages\/230"}],"wp:featuredmedia":[{"embeddable":true,"href":"https:\/\/www.revuemusicale.ch\/en\/wp-json\/wp\/v2\/media\/9343"}],"wp:attachment":[{"href":"https:\/\/www.revuemusicale.ch\/en\/wp-json\/wp\/v2\/media?parent=9310"}],"curies":[{"name":"wp","href":"https:\/\/api.w.org\/{rel}","templated":true}]}}