{"id":9317,"date":"2023-01-13T15:30:22","date_gmt":"2023-01-13T14:30:22","guid":{"rendered":"https:\/\/www.revuemusicale.ch\/?page_id=9317"},"modified":"2026-01-28T07:14:07","modified_gmt":"2026-01-28T06:14:07","slug":"csm","status":"publish","type":"page","link":"https:\/\/www.revuemusicale.ch\/en\/basis\/csm","title":{"rendered":"CSM"},"content":{"rendered":"<p><strong>Swiss Music Council (SMC)<\/strong> is the umbrella organization for music in Switzerland. It brings together over 50 organizations from all fields of music, representing all facets of Swiss musical life.<\/p>\n<p>The CSM is:<br \/>\n- the political representative for music at national level<br \/>\n- the supra-regional information and contact center for the music industry<br \/>\n- international exchange partner in the field of music policy<\/p>\n<p><a href=\"http:\/\/www.musikrat.ch\" target=\"_blank\" rel=\"noopener\"><strong>musikrat.ch<\/strong><\/a><\/p>\n<div class=\"body\">\n<div class=\"text-section\">\n<p><strong><br \/>\nAddress<br \/>\n<\/strong>Schweizer Musikrat SMR<br \/>\nHaus der Musik<br \/>\nG\u00f6nhardweg 32, CH-5000 Aarau<br \/>\nT +41 62 822 94 23<br \/>\n<a href=\"mailto:info@musikrat.ch\">info@musikrat.ch<\/a><\/p>\n<p><strong>RMS partners<br \/>\n<\/strong><a href=\"http:\/\/www.accordeon.ch\" target=\"_blank\" rel=\"noopener\">accordeon.ch<\/a><br \/>\n<a href=\"http:\/\/www.epta.ch\" target=\"_blank\" rel=\"noopener\">epta.ch<\/a><br \/>\n<a href=\"http:\/\/www.estasuisse.ch\" target=\"_blank\" rel=\"noopener\">esta-suisse.ch<\/a><br \/>\n<a href=\"http:\/\/www.evta.ch\" target=\"_blank\" rel=\"noopener\">evta.ch<\/a><br \/>\n<a href=\"http:\/\/www.helvetiarockt.ch\" target=\"_blank\" rel=\"noopener\">helvetiarockt.c<\/a><a href=\"http:\/\/www.helvetiarockt.ch\">h<\/a><br \/>\n<a href=\"http:\/\/www.musikinsel.ch\" target=\"_blank\" rel=\"noopener\">musikinsel.ch<\/a><br \/>\n<a href=\"http:\/\/www.rhythmik.ch\" target=\"_blank\" rel=\"noopener\">rhythmik.ch<\/a><br \/>\n<a href=\"http:\/\/www.sjso.ch\" target=\"_blank\" rel=\"noopener\">sjso.ch<\/a><br \/>\n<a href=\"http:\/\/www.verbandschweizerschulmusik.ch\" target=\"_blank\" rel=\"noopener\">verbandschweizerschulmusik.ch<\/a><\/p>\n<\/div>\n<\/div>","protected":false},"excerpt":{"rendered":"<p>Le Conseil Suisse de la Musique (CSM) est l&rsquo;organisation fa\u00eeti\u00e8re de la musique en Suisse. Il r\u00e9unit plus de 50 organisations dans tous les domaines musicaux et repr\u00e9sente ainsi toutes les facettes de la vie musicale suisse. Le CSM est: \u2022 le repr\u00e9sentant politique de la musique au niveau national \u2022 le centre d&rsquo;information et [&hellip;]<\/p>\n","protected":false},"author":21901,"featured_media":9344,"parent":230,"menu_order":0,"comment_status":"closed","ping_status":"closed","template":"page_partner.php","meta":{"_acf_changed":false,"_relevanssi_hide_post":"","_relevanssi_hide_content":"","_relevanssi_pin_for_all":"","_relevanssi_pin_keywords":"","_relevanssi_unpin_keywords":"","_relevanssi_related_keywords":"","_relevanssi_related_include_ids":"","_relevanssi_related_exclude_ids":"","_relevanssi_related_no_append":"","_relevanssi_related_not_related":"","_relevanssi_related_posts":"","_relevanssi_noindex_reason":"","pgc_sgb_lightbox_settings":"","footnotes":""},"class_list":["post-9317","page","type-page","status-publish","has-post-thumbnail","hentry"],"acf":[],"yoast_head":"<!-- This site is optimized with the Yoast SEO plugin v27.3 - https:\/\/yoast.com\/product\/yoast-seo-wordpress\/ -->\n<title>CSM - Revue Musicale Suisse<\/title>\n<meta name=\"robots\" content=\"index, follow, max-snippet:-1, max-image-preview:large, max-video-preview:-1\" \/>\n<link rel=\"canonical\" href=\"https:\/\/www.revuemusicale.ch\/en\/basis\/csm\/\" \/>\n<meta property=\"og:locale\" content=\"en_US\" \/>\n<meta property=\"og:type\" content=\"article\" \/>\n<meta property=\"og:title\" content=\"CSM - Revue Musicale Suisse\" \/>\n<meta property=\"og:description\" content=\"Le Conseil Suisse de la Musique (CSM) est l&rsquo;organisation fa\u00eeti\u00e8re de la musique en Suisse. Il r\u00e9unit plus de 50 organisations dans tous les domaines musicaux et repr\u00e9sente ainsi toutes les facettes de la vie musicale suisse. Le CSM est: \u2022 le repr\u00e9sentant politique de la musique au niveau national \u2022 le centre d&rsquo;information et [&hellip;]\" \/>\n<meta property=\"og:url\" content=\"https:\/\/www.revuemusicale.ch\/en\/basis\/csm\/\" \/>\n<meta property=\"og:site_name\" content=\"Revue Musicale Suisse\" \/>\n<meta property=\"article:publisher\" content=\"https:\/\/www.facebook.com\/SchweizerMusikzeitung\/\" \/>\n<meta property=\"article:modified_time\" content=\"2026-01-28T06:14:07+00:00\" \/>\n<meta property=\"og:image\" content=\"https:\/\/www.revuemusicale.ch\/wp-content\/uploads\/2023\/01\/smr-csm_musikzeitung.jpg\" \/>\n\t<meta property=\"og:image:width\" content=\"1200\" \/>\n\t<meta property=\"og:image:height\" content=\"600\" \/>\n\t<meta property=\"og:image:type\" content=\"image\/jpeg\" \/>\n<meta name=\"twitter:card\" content=\"summary_large_image\" \/>\n<meta name=\"twitter:site\" content=\"@smusikzeitung\" \/>\n<meta name=\"twitter:label1\" content=\"Est. reading time\" \/>\n\t<meta name=\"twitter:data1\" content=\"1 minute\" \/>\n<script type=\"application\/ld+json\" class=\"yoast-schema-graph\">{\"@context\":\"https:\\\/\\\/schema.org\",\"@graph\":[{\"@type\":\"WebPage\",\"@id\":\"https:\\\/\\\/www.revuemusicale.ch\\\/basis\\\/csm\",\"url\":\"https:\\\/\\\/www.revuemusicale.ch\\\/basis\\\/csm\",\"name\":\"CSM - Revue Musicale Suisse\",\"isPartOf\":{\"@id\":\"https:\\\/\\\/www.revuemusicale.ch\\\/#website\"},\"primaryImageOfPage\":{\"@id\":\"https:\\\/\\\/www.revuemusicale.ch\\\/basis\\\/csm#primaryimage\"},\"image\":{\"@id\":\"https:\\\/\\\/www.revuemusicale.ch\\\/basis\\\/csm#primaryimage\"},\"thumbnailUrl\":\"https:\\\/\\\/www.revuemusicale.ch\\\/wp-content\\\/uploads\\\/2023\\\/01\\\/smr-csm_musikzeitung.jpg\",\"datePublished\":\"2023-01-13T14:30:22+00:00\",\"dateModified\":\"2026-01-28T06:14:07+00:00\",\"breadcrumb\":{\"@id\":\"https:\\\/\\\/www.revuemusicale.ch\\\/basis\\\/csm#breadcrumb\"},\"inLanguage\":\"en-US\",\"potentialAction\":[{\"@type\":\"ReadAction\",\"target\":[\"https:\\\/\\\/www.revuemusicale.ch\\\/basis\\\/csm\"]}]},{\"@type\":\"ImageObject\",\"inLanguage\":\"en-US\",\"@id\":\"https:\\\/\\\/www.revuemusicale.ch\\\/basis\\\/csm#primaryimage\",\"url\":\"https:\\\/\\\/www.revuemusicale.ch\\\/wp-content\\\/uploads\\\/2023\\\/01\\\/smr-csm_musikzeitung.jpg\",\"contentUrl\":\"https:\\\/\\\/www.revuemusicale.ch\\\/wp-content\\\/uploads\\\/2023\\\/01\\\/smr-csm_musikzeitung.jpg\",\"width\":1200,\"height\":600},{\"@type\":\"BreadcrumbList\",\"@id\":\"https:\\\/\\\/www.revuemusicale.ch\\\/basis\\\/csm#breadcrumb\",\"itemListElement\":[{\"@type\":\"ListItem\",\"position\":1,\"name\":\"Home\",\"item\":\"https:\\\/\\\/www.revuemusicale.ch\\\/\"},{\"@type\":\"ListItem\",\"position\":2,\"name\":\"Basis\",\"item\":\"https:\\\/\\\/www.revuemusicale.ch\\\/basis\"},{\"@type\":\"ListItem\",\"position\":3,\"name\":\"CSM\"}]},{\"@type\":\"WebSite\",\"@id\":\"https:\\\/\\\/www.revuemusicale.ch\\\/#website\",\"url\":\"https:\\\/\\\/www.revuemusicale.ch\\\/\",\"name\":\"Revue Musicale Suisse\",\"description\":\"\",\"publisher\":{\"@id\":\"https:\\\/\\\/www.revuemusicale.ch\\\/#organization\"},\"potentialAction\":[{\"@type\":\"SearchAction\",\"target\":{\"@type\":\"EntryPoint\",\"urlTemplate\":\"https:\\\/\\\/www.revuemusicale.ch\\\/?s={search_term_string}\"},\"query-input\":{\"@type\":\"PropertyValueSpecification\",\"valueRequired\":true,\"valueName\":\"search_term_string\"}}],\"inLanguage\":\"en-US\"},{\"@type\":\"Organization\",\"@id\":\"https:\\\/\\\/www.revuemusicale.ch\\\/#organization\",\"name\":\"Revue Musicale Suisse\",\"url\":\"https:\\\/\\\/www.revuemusicale.ch\\\/\",\"logo\":{\"@type\":\"ImageObject\",\"inLanguage\":\"en-US\",\"@id\":\"https:\\\/\\\/www.revuemusicale.ch\\\/#\\\/schema\\\/logo\\\/image\\\/\",\"url\":\"https:\\\/\\\/www.revuemusicale.ch\\\/wp-content\\\/uploads\\\/2023\\\/01\\\/logo_revuemusicale_musikzeitung.jpg\",\"contentUrl\":\"https:\\\/\\\/www.revuemusicale.ch\\\/wp-content\\\/uploads\\\/2023\\\/01\\\/logo_revuemusicale_musikzeitung.jpg\",\"width\":1200,\"height\":243,\"caption\":\"Revue Musicale Suisse\"},\"image\":{\"@id\":\"https:\\\/\\\/www.revuemusicale.ch\\\/#\\\/schema\\\/logo\\\/image\\\/\"},\"sameAs\":[\"https:\\\/\\\/www.facebook.com\\\/SchweizerMusikzeitung\\\/\",\"https:\\\/\\\/x.com\\\/smusikzeitung\",\"https:\\\/\\\/www.instagram.com\\\/musikzeitung.ch\\\/?hl=de\"]}]}<\/script>\n<!-- \/ Yoast SEO plugin. -->","yoast_head_json":{"title":"CSM - Swiss Music Review","robots":{"index":"index","follow":"follow","max-snippet":"max-snippet:-1","max-image-preview":"max-image-preview:large","max-video-preview":"max-video-preview:-1"},"canonical":"https:\/\/www.revuemusicale.ch\/en\/basis\/csm\/","og_locale":"en_US","og_type":"article","og_title":"CSM - Revue Musicale Suisse","og_description":"Le Conseil Suisse de la Musique (CSM) est l&rsquo;organisation fa\u00eeti\u00e8re de la musique en Suisse. Il r\u00e9unit plus de 50 organisations dans tous les domaines musicaux et repr\u00e9sente ainsi toutes les facettes de la vie musicale suisse. Le CSM est: \u2022 le repr\u00e9sentant politique de la musique au niveau national \u2022 le centre d&rsquo;information et [&hellip;]","og_url":"https:\/\/www.revuemusicale.ch\/en\/basis\/csm\/","og_site_name":"Revue Musicale Suisse","article_publisher":"https:\/\/www.facebook.com\/SchweizerMusikzeitung\/","article_modified_time":"2026-01-28T06:14:07+00:00","og_image":[{"width":1200,"height":600,"url":"https:\/\/www.revuemusicale.ch\/wp-content\/uploads\/2023\/01\/smr-csm_musikzeitung.jpg","type":"image\/jpeg"}],"twitter_card":"summary_large_image","twitter_site":"@smusikzeitung","twitter_misc":{"Est. reading time":"1 minute"},"schema":{"@context":"https:\/\/schema.org","@graph":[{"@type":"WebPage","@id":"https:\/\/www.revuemusicale.ch\/basis\/csm","url":"https:\/\/www.revuemusicale.ch\/basis\/csm","name":"CSM - Swiss Music Review","isPartOf":{"@id":"https:\/\/www.revuemusicale.ch\/#website"},"primaryImageOfPage":{"@id":"https:\/\/www.revuemusicale.ch\/basis\/csm#primaryimage"},"image":{"@id":"https:\/\/www.revuemusicale.ch\/basis\/csm#primaryimage"},"thumbnailUrl":"https:\/\/www.revuemusicale.ch\/wp-content\/uploads\/2023\/01\/smr-csm_musikzeitung.jpg","datePublished":"2023-01-13T14:30:22+00:00","dateModified":"2026-01-28T06:14:07+00:00","breadcrumb":{"@id":"https:\/\/www.revuemusicale.ch\/basis\/csm#breadcrumb"},"inLanguage":"en-US","potentialAction":[{"@type":"ReadAction","target":["https:\/\/www.revuemusicale.ch\/basis\/csm"]}]},{"@type":"ImageObject","inLanguage":"en-US","@id":"https:\/\/www.revuemusicale.ch\/basis\/csm#primaryimage","url":"https:\/\/www.revuemusicale.ch\/wp-content\/uploads\/2023\/01\/smr-csm_musikzeitung.jpg","contentUrl":"https:\/\/www.revuemusicale.ch\/wp-content\/uploads\/2023\/01\/smr-csm_musikzeitung.jpg","width":1200,"height":600},{"@type":"BreadcrumbList","@id":"https:\/\/www.revuemusicale.ch\/basis\/csm#breadcrumb","itemListElement":[{"@type":"ListItem","position":1,"name":"Home","item":"https:\/\/www.revuemusicale.ch\/"},{"@type":"ListItem","position":2,"name":"Basis","item":"https:\/\/www.revuemusicale.ch\/basis"},{"@type":"ListItem","position":3,"name":"CSM"}]},{"@type":"WebSite","@id":"https:\/\/www.revuemusicale.ch\/#website","url":"https:\/\/www.revuemusicale.ch\/","name":"Swiss Music Review","description":"","publisher":{"@id":"https:\/\/www.revuemusicale.ch\/#organization"},"potentialAction":[{"@type":"SearchAction","target":{"@type":"EntryPoint","urlTemplate":"https:\/\/www.revuemusicale.ch\/?s={search_term_string}"},"query-input":{"@type":"PropertyValueSpecification","valueRequired":true,"valueName":"search_term_string"}}],"inLanguage":"en-US"},{"@type":"Organization","@id":"https:\/\/www.revuemusicale.ch\/#organization","name":"Swiss Music Review","url":"https:\/\/www.revuemusicale.ch\/","logo":{"@type":"ImageObject","inLanguage":"en-US","@id":"https:\/\/www.revuemusicale.ch\/#\/schema\/logo\/image\/","url":"https:\/\/www.revuemusicale.ch\/wp-content\/uploads\/2023\/01\/logo_revuemusicale_musikzeitung.jpg","contentUrl":"https:\/\/www.revuemusicale.ch\/wp-content\/uploads\/2023\/01\/logo_revuemusicale_musikzeitung.jpg","width":1200,"height":243,"caption":"Revue Musicale Suisse"},"image":{"@id":"https:\/\/www.revuemusicale.ch\/#\/schema\/logo\/image\/"},"sameAs":["https:\/\/www.facebook.com\/SchweizerMusikzeitung\/","https:\/\/x.com\/smusikzeitung","https:\/\/www.instagram.com\/musikzeitung.ch\/?hl=de"]}]}},"publishpress_future_action":{"enabled":false,"date":"1970-01-01 01:00:00","action":"change-status","newStatus":"draft","terms":[],"taxonomy":"","extraData":[]},"publishpress_future_workflow_manual_trigger":{"enabledWorkflows":[]},"_links":{"self":[{"href":"https:\/\/www.revuemusicale.ch\/en\/wp-json\/wp\/v2\/pages\/9317","targetHints":{"allow":["GET"]}}],"collection":[{"href":"https:\/\/www.revuemusicale.ch\/en\/wp-json\/wp\/v2\/pages"}],"about":[{"href":"https:\/\/www.revuemusicale.ch\/en\/wp-json\/wp\/v2\/types\/page"}],"author":[{"embeddable":true,"href":"https:\/\/www.revuemusicale.ch\/en\/wp-json\/wp\/v2\/users\/21901"}],"replies":[{"embeddable":true,"href":"https:\/\/www.revuemusicale.ch\/en\/wp-json\/wp\/v2\/comments?post=9317"}],"version-history":[{"count":9,"href":"https:\/\/www.revuemusicale.ch\/en\/wp-json\/wp\/v2\/pages\/9317\/revisions"}],"predecessor-version":[{"id":31686,"href":"https:\/\/www.revuemusicale.ch\/en\/wp-json\/wp\/v2\/pages\/9317\/revisions\/31686"}],"up":[{"embeddable":true,"href":"https:\/\/www.revuemusicale.ch\/en\/wp-json\/wp\/v2\/pages\/230"}],"wp:featuredmedia":[{"embeddable":true,"href":"https:\/\/www.revuemusicale.ch\/en\/wp-json\/wp\/v2\/media\/9344"}],"wp:attachment":[{"href":"https:\/\/www.revuemusicale.ch\/en\/wp-json\/wp\/v2\/media?parent=9317"}],"curies":[{"name":"wp","href":"https:\/\/api.w.org\/{rel}","templated":true}]}}