{"id":9329,"date":"2023-01-13T15:43:56","date_gmt":"2023-01-13T14:43:56","guid":{"rendered":"https:\/\/www.revuemusicale.ch\/?page_id=9329"},"modified":"2025-09-02T16:00:45","modified_gmt":"2025-09-02T14:00:45","slug":"sonart","status":"publish","type":"page","link":"https:\/\/www.revuemusicale.ch\/en\/basis\/sonart","title":{"rendered":"SONART"},"content":{"rendered":"<p><strong>SONART - Swiss Music Association <\/strong>is the professional association for independent musicians in Switzerland. It represents the interests of freelance musicians in the music scene in particular, and in the cultural field in general.<br \/>\nSONART strives to ensure that the artistic activities of authors, composers, performers and producers are recognized for their true worth.<\/p>\n<p>The ASM archives<\/p>\n<p>Prior to its merger with other music associations to create Sonart at the end of 2017, the Swiss Musicians' Association (SMA) was featured in the Swiss Music Review, both online and in its print edition.\u00a0<a href=\"https:\/\/www.musikzeitung.ch\/fr\/basis\/asm.html\">This link takes you to its sub-page within the RMS and to all articles published online since 2013.<\/a><\/p>\n<p>&nbsp;<\/p>\n<p><a href=\"http:\/\/www.sonart.swiss\"><strong>www.sonart.swiss<\/strong><\/a><\/p>\n<p><strong><br \/>\nChairman<\/strong><br \/>\nMichael Kaufmann<\/p>\n<p><strong>Board of Directors<\/strong><br \/>\nLukas Frei, Ursina Giger, Marianne Schuppe, Mathias Steinauer, Christophe Studer, Camille Sublet, Christoph Trummer, Marcel Vaid, C\u00e9line-Giulia Voser<\/p>\n<p><strong>Office<\/strong><br \/>\nC\u00e9cile Drexel, Gesch\u00e4ftsleitung, Politik<br \/>\nNick Werren, Teamleitung Mitgliederbetreuung &amp; Services, Projekte Pop\/Rock<br \/>\nDavid Burger, Mitgliederberatung, Film &amp; Medienmusik<br \/>\nPhilip Kluge, Office Management<br \/>\nDominic Iseli, Kommunikation &amp; PR<br \/>\nDavid Michaud, Projekte Jazz, Administration Romandie<br \/>\nJocelyne Rudasigwa, Zeitgen\u00f6ssische Musik, Stiftungsadministration<br \/>\nFabio Pinto, Administration italienische Schweiz<\/p>\n<p><a href=\"mailto:info@sonart.swiss\">info@sonart.swiss<\/a><br \/>\nT 031 511 52 60<\/p>\n<p><strong>Mailing address<\/strong><br \/>\nSONART<br \/>\nKonradstrasse 61<br \/>\n8005 Z\u00fcrich<\/p>\n<p><strong>Office for French-speaking Switzerland<\/strong><br \/>\nSONART<br \/>\n11b, Avenue du Grammont<br \/>\n1007 Lausanne<br \/>\nT: 031 511 52 70<\/p>","protected":false},"excerpt":{"rendered":"<p>SONART &#8211; Association Suisse de Musique est l\u2019association professionnelle des musicien*nes ind\u00e9pendant*es de Suisse. Elle repr\u00e9sente les int\u00e9r\u00eats de ceux*celles-ci au sein de la sc\u00e8ne musicale en particulier et du domaine culturel en g\u00e9n\u00e9ral. SONART s\u2019efforce notamment de faire reconna\u00eetre \u00e0 leur juste valeur les activit\u00e9s artistiques d\u2019auteur*e, de compositeur*trice, d\u2019interpr\u00e8te et de producteur*trice. Les [&hellip;]<\/p>\n","protected":false},"author":21896,"featured_media":9346,"parent":230,"menu_order":0,"comment_status":"closed","ping_status":"closed","template":"page_partner.php","meta":{"_acf_changed":false,"_relevanssi_hide_post":"","_relevanssi_hide_content":"","_relevanssi_pin_for_all":"","_relevanssi_pin_keywords":"","_relevanssi_unpin_keywords":"","_relevanssi_related_keywords":"","_relevanssi_related_include_ids":"","_relevanssi_related_exclude_ids":"","_relevanssi_related_no_append":"","_relevanssi_related_not_related":"","_relevanssi_related_posts":"","_relevanssi_noindex_reason":"","pgc_sgb_lightbox_settings":"","footnotes":""},"class_list":["post-9329","page","type-page","status-publish","has-post-thumbnail","hentry"],"acf":[],"yoast_head":"<!-- This site is optimized with the Yoast SEO plugin v27.3 - https:\/\/yoast.com\/product\/yoast-seo-wordpress\/ -->\n<title>SONART - Revue Musicale Suisse<\/title>\n<meta name=\"robots\" content=\"index, follow, max-snippet:-1, max-image-preview:large, max-video-preview:-1\" \/>\n<link rel=\"canonical\" href=\"https:\/\/www.revuemusicale.ch\/en\/basis\/sonart\/\" \/>\n<meta property=\"og:locale\" content=\"en_US\" \/>\n<meta property=\"og:type\" content=\"article\" \/>\n<meta property=\"og:title\" content=\"SONART - Revue Musicale Suisse\" \/>\n<meta property=\"og:description\" content=\"SONART &#8211; Association Suisse de Musique est l\u2019association professionnelle des musicien*nes ind\u00e9pendant*es de Suisse. Elle repr\u00e9sente les int\u00e9r\u00eats de ceux*celles-ci au sein de la sc\u00e8ne musicale en particulier et du domaine culturel en g\u00e9n\u00e9ral. SONART s\u2019efforce notamment de faire reconna\u00eetre \u00e0 leur juste valeur les activit\u00e9s artistiques d\u2019auteur*e, de compositeur*trice, d\u2019interpr\u00e8te et de producteur*trice. Les [&hellip;]\" \/>\n<meta property=\"og:url\" content=\"https:\/\/www.revuemusicale.ch\/en\/basis\/sonart\/\" \/>\n<meta property=\"og:site_name\" content=\"Revue Musicale Suisse\" \/>\n<meta property=\"article:publisher\" content=\"https:\/\/www.facebook.com\/SchweizerMusikzeitung\/\" \/>\n<meta property=\"article:modified_time\" content=\"2025-09-02T14:00:45+00:00\" \/>\n<meta property=\"og:image\" content=\"https:\/\/www.revuemusicale.ch\/wp-content\/uploads\/2023\/01\/sonart_musikzeitung.jpg\" \/>\n\t<meta property=\"og:image:width\" content=\"1200\" \/>\n\t<meta property=\"og:image:height\" content=\"600\" \/>\n\t<meta property=\"og:image:type\" content=\"image\/jpeg\" \/>\n<meta name=\"twitter:card\" content=\"summary_large_image\" \/>\n<meta name=\"twitter:site\" content=\"@smusikzeitung\" \/>\n<meta name=\"twitter:label1\" content=\"Est. reading time\" \/>\n\t<meta name=\"twitter:data1\" content=\"2 minutes\" \/>\n<script type=\"application\/ld+json\" class=\"yoast-schema-graph\">{\"@context\":\"https:\\\/\\\/schema.org\",\"@graph\":[{\"@type\":\"WebPage\",\"@id\":\"https:\\\/\\\/www.revuemusicale.ch\\\/basis\\\/sonart\",\"url\":\"https:\\\/\\\/www.revuemusicale.ch\\\/basis\\\/sonart\",\"name\":\"SONART - Revue Musicale Suisse\",\"isPartOf\":{\"@id\":\"https:\\\/\\\/www.revuemusicale.ch\\\/#website\"},\"primaryImageOfPage\":{\"@id\":\"https:\\\/\\\/www.revuemusicale.ch\\\/basis\\\/sonart#primaryimage\"},\"image\":{\"@id\":\"https:\\\/\\\/www.revuemusicale.ch\\\/basis\\\/sonart#primaryimage\"},\"thumbnailUrl\":\"https:\\\/\\\/www.revuemusicale.ch\\\/wp-content\\\/uploads\\\/2023\\\/01\\\/sonart_musikzeitung.jpg\",\"datePublished\":\"2023-01-13T14:43:56+00:00\",\"dateModified\":\"2025-09-02T14:00:45+00:00\",\"breadcrumb\":{\"@id\":\"https:\\\/\\\/www.revuemusicale.ch\\\/basis\\\/sonart#breadcrumb\"},\"inLanguage\":\"en-US\",\"potentialAction\":[{\"@type\":\"ReadAction\",\"target\":[\"https:\\\/\\\/www.revuemusicale.ch\\\/basis\\\/sonart\"]}]},{\"@type\":\"ImageObject\",\"inLanguage\":\"en-US\",\"@id\":\"https:\\\/\\\/www.revuemusicale.ch\\\/basis\\\/sonart#primaryimage\",\"url\":\"https:\\\/\\\/www.revuemusicale.ch\\\/wp-content\\\/uploads\\\/2023\\\/01\\\/sonart_musikzeitung.jpg\",\"contentUrl\":\"https:\\\/\\\/www.revuemusicale.ch\\\/wp-content\\\/uploads\\\/2023\\\/01\\\/sonart_musikzeitung.jpg\",\"width\":1200,\"height\":600},{\"@type\":\"BreadcrumbList\",\"@id\":\"https:\\\/\\\/www.revuemusicale.ch\\\/basis\\\/sonart#breadcrumb\",\"itemListElement\":[{\"@type\":\"ListItem\",\"position\":1,\"name\":\"Home\",\"item\":\"https:\\\/\\\/www.revuemusicale.ch\\\/\"},{\"@type\":\"ListItem\",\"position\":2,\"name\":\"Basis\",\"item\":\"https:\\\/\\\/www.revuemusicale.ch\\\/basis\"},{\"@type\":\"ListItem\",\"position\":3,\"name\":\"SONART\"}]},{\"@type\":\"WebSite\",\"@id\":\"https:\\\/\\\/www.revuemusicale.ch\\\/#website\",\"url\":\"https:\\\/\\\/www.revuemusicale.ch\\\/\",\"name\":\"Revue Musicale Suisse\",\"description\":\"\",\"publisher\":{\"@id\":\"https:\\\/\\\/www.revuemusicale.ch\\\/#organization\"},\"potentialAction\":[{\"@type\":\"SearchAction\",\"target\":{\"@type\":\"EntryPoint\",\"urlTemplate\":\"https:\\\/\\\/www.revuemusicale.ch\\\/?s={search_term_string}\"},\"query-input\":{\"@type\":\"PropertyValueSpecification\",\"valueRequired\":true,\"valueName\":\"search_term_string\"}}],\"inLanguage\":\"en-US\"},{\"@type\":\"Organization\",\"@id\":\"https:\\\/\\\/www.revuemusicale.ch\\\/#organization\",\"name\":\"Revue Musicale Suisse\",\"url\":\"https:\\\/\\\/www.revuemusicale.ch\\\/\",\"logo\":{\"@type\":\"ImageObject\",\"inLanguage\":\"en-US\",\"@id\":\"https:\\\/\\\/www.revuemusicale.ch\\\/#\\\/schema\\\/logo\\\/image\\\/\",\"url\":\"https:\\\/\\\/www.revuemusicale.ch\\\/wp-content\\\/uploads\\\/2023\\\/01\\\/logo_revuemusicale_musikzeitung.jpg\",\"contentUrl\":\"https:\\\/\\\/www.revuemusicale.ch\\\/wp-content\\\/uploads\\\/2023\\\/01\\\/logo_revuemusicale_musikzeitung.jpg\",\"width\":1200,\"height\":243,\"caption\":\"Revue Musicale Suisse\"},\"image\":{\"@id\":\"https:\\\/\\\/www.revuemusicale.ch\\\/#\\\/schema\\\/logo\\\/image\\\/\"},\"sameAs\":[\"https:\\\/\\\/www.facebook.com\\\/SchweizerMusikzeitung\\\/\",\"https:\\\/\\\/x.com\\\/smusikzeitung\",\"https:\\\/\\\/www.instagram.com\\\/musikzeitung.ch\\\/?hl=de\"]}]}<\/script>\n<!-- \/ Yoast SEO plugin. -->","yoast_head_json":{"title":"SONART - Swiss Music Review","robots":{"index":"index","follow":"follow","max-snippet":"max-snippet:-1","max-image-preview":"max-image-preview:large","max-video-preview":"max-video-preview:-1"},"canonical":"https:\/\/www.revuemusicale.ch\/en\/basis\/sonart\/","og_locale":"en_US","og_type":"article","og_title":"SONART - Revue Musicale Suisse","og_description":"SONART &#8211; Association Suisse de Musique est l\u2019association professionnelle des musicien*nes ind\u00e9pendant*es de Suisse. Elle repr\u00e9sente les int\u00e9r\u00eats de ceux*celles-ci au sein de la sc\u00e8ne musicale en particulier et du domaine culturel en g\u00e9n\u00e9ral. SONART s\u2019efforce notamment de faire reconna\u00eetre \u00e0 leur juste valeur les activit\u00e9s artistiques d\u2019auteur*e, de compositeur*trice, d\u2019interpr\u00e8te et de producteur*trice. Les [&hellip;]","og_url":"https:\/\/www.revuemusicale.ch\/en\/basis\/sonart\/","og_site_name":"Revue Musicale Suisse","article_publisher":"https:\/\/www.facebook.com\/SchweizerMusikzeitung\/","article_modified_time":"2025-09-02T14:00:45+00:00","og_image":[{"width":1200,"height":600,"url":"https:\/\/www.revuemusicale.ch\/wp-content\/uploads\/2023\/01\/sonart_musikzeitung.jpg","type":"image\/jpeg"}],"twitter_card":"summary_large_image","twitter_site":"@smusikzeitung","twitter_misc":{"Est. reading time":"2 minutes"},"schema":{"@context":"https:\/\/schema.org","@graph":[{"@type":"WebPage","@id":"https:\/\/www.revuemusicale.ch\/basis\/sonart","url":"https:\/\/www.revuemusicale.ch\/basis\/sonart","name":"SONART - Swiss Music Review","isPartOf":{"@id":"https:\/\/www.revuemusicale.ch\/#website"},"primaryImageOfPage":{"@id":"https:\/\/www.revuemusicale.ch\/basis\/sonart#primaryimage"},"image":{"@id":"https:\/\/www.revuemusicale.ch\/basis\/sonart#primaryimage"},"thumbnailUrl":"https:\/\/www.revuemusicale.ch\/wp-content\/uploads\/2023\/01\/sonart_musikzeitung.jpg","datePublished":"2023-01-13T14:43:56+00:00","dateModified":"2025-09-02T14:00:45+00:00","breadcrumb":{"@id":"https:\/\/www.revuemusicale.ch\/basis\/sonart#breadcrumb"},"inLanguage":"en-US","potentialAction":[{"@type":"ReadAction","target":["https:\/\/www.revuemusicale.ch\/basis\/sonart"]}]},{"@type":"ImageObject","inLanguage":"en-US","@id":"https:\/\/www.revuemusicale.ch\/basis\/sonart#primaryimage","url":"https:\/\/www.revuemusicale.ch\/wp-content\/uploads\/2023\/01\/sonart_musikzeitung.jpg","contentUrl":"https:\/\/www.revuemusicale.ch\/wp-content\/uploads\/2023\/01\/sonart_musikzeitung.jpg","width":1200,"height":600},{"@type":"BreadcrumbList","@id":"https:\/\/www.revuemusicale.ch\/basis\/sonart#breadcrumb","itemListElement":[{"@type":"ListItem","position":1,"name":"Home","item":"https:\/\/www.revuemusicale.ch\/"},{"@type":"ListItem","position":2,"name":"Basis","item":"https:\/\/www.revuemusicale.ch\/basis"},{"@type":"ListItem","position":3,"name":"SONART"}]},{"@type":"WebSite","@id":"https:\/\/www.revuemusicale.ch\/#website","url":"https:\/\/www.revuemusicale.ch\/","name":"Swiss Music Review","description":"","publisher":{"@id":"https:\/\/www.revuemusicale.ch\/#organization"},"potentialAction":[{"@type":"SearchAction","target":{"@type":"EntryPoint","urlTemplate":"https:\/\/www.revuemusicale.ch\/?s={search_term_string}"},"query-input":{"@type":"PropertyValueSpecification","valueRequired":true,"valueName":"search_term_string"}}],"inLanguage":"en-US"},{"@type":"Organization","@id":"https:\/\/www.revuemusicale.ch\/#organization","name":"Swiss Music Review","url":"https:\/\/www.revuemusicale.ch\/","logo":{"@type":"ImageObject","inLanguage":"en-US","@id":"https:\/\/www.revuemusicale.ch\/#\/schema\/logo\/image\/","url":"https:\/\/www.revuemusicale.ch\/wp-content\/uploads\/2023\/01\/logo_revuemusicale_musikzeitung.jpg","contentUrl":"https:\/\/www.revuemusicale.ch\/wp-content\/uploads\/2023\/01\/logo_revuemusicale_musikzeitung.jpg","width":1200,"height":243,"caption":"Revue Musicale Suisse"},"image":{"@id":"https:\/\/www.revuemusicale.ch\/#\/schema\/logo\/image\/"},"sameAs":["https:\/\/www.facebook.com\/SchweizerMusikzeitung\/","https:\/\/x.com\/smusikzeitung","https:\/\/www.instagram.com\/musikzeitung.ch\/?hl=de"]}]}},"publishpress_future_action":{"enabled":false,"date":"1970-01-01 01:00:00","action":"change-status","newStatus":"draft","terms":[],"taxonomy":"","extraData":[]},"publishpress_future_workflow_manual_trigger":{"enabledWorkflows":[]},"_links":{"self":[{"href":"https:\/\/www.revuemusicale.ch\/en\/wp-json\/wp\/v2\/pages\/9329","targetHints":{"allow":["GET"]}}],"collection":[{"href":"https:\/\/www.revuemusicale.ch\/en\/wp-json\/wp\/v2\/pages"}],"about":[{"href":"https:\/\/www.revuemusicale.ch\/en\/wp-json\/wp\/v2\/types\/page"}],"author":[{"embeddable":true,"href":"https:\/\/www.revuemusicale.ch\/en\/wp-json\/wp\/v2\/users\/21896"}],"replies":[{"embeddable":true,"href":"https:\/\/www.revuemusicale.ch\/en\/wp-json\/wp\/v2\/comments?post=9329"}],"version-history":[{"count":7,"href":"https:\/\/www.revuemusicale.ch\/en\/wp-json\/wp\/v2\/pages\/9329\/revisions"}],"predecessor-version":[{"id":31407,"href":"https:\/\/www.revuemusicale.ch\/en\/wp-json\/wp\/v2\/pages\/9329\/revisions\/31407"}],"up":[{"embeddable":true,"href":"https:\/\/www.revuemusicale.ch\/en\/wp-json\/wp\/v2\/pages\/230"}],"wp:featuredmedia":[{"embeddable":true,"href":"https:\/\/www.revuemusicale.ch\/en\/wp-json\/wp\/v2\/media\/9346"}],"wp:attachment":[{"href":"https:\/\/www.revuemusicale.ch\/en\/wp-json\/wp\/v2\/media?parent=9329"}],"curies":[{"name":"wp","href":"https:\/\/api.w.org\/{rel}","templated":true}]}}