{"id":9332,"date":"2023-01-13T15:47:49","date_gmt":"2023-01-13T14:47:49","guid":{"rendered":"https:\/\/www.revuemusicale.ch\/?page_id=9332"},"modified":"2026-04-09T16:17:45","modified_gmt":"2026-04-09T14:17:45","slug":"suisa","status":"publish","type":"page","link":"https:\/\/www.revuemusicale.ch\/en\/basis\/suisa","title":{"rendered":"SUISA"},"content":{"rendered":"<p><strong>SUISA <\/strong>is the cooperative of music authors and publishers.<\/p>\n<div class=\"text-section\">\n<p>It was founded in 1923 as a cooperative society. Approximately<br \/>\n38,000 composers, lyricists and music publishers are affiliated to SUISA. SUISA collects royalties when music is used in public in Switzerland and Liechtenstein. Thanks to reciprocal representation agreements with over 100 sister societies worldwide, SUISA represents an almost worldwide repertoire of music, corresponding to over 2 million authors. SUISA employs around 200 people between Zurich, Lausanne and Lugano.<\/p>\n<p>In 2017, SUISA founded the joint venture Mint Digital Services in collaboration with the American music organization SESAC. The company is responsible for the international billing and administration of music licenses for SESAC, its subsidiary The Harry Fox Agency and SUISA with online suppliers. It also offers its services to publishing houses.<\/p>\n<p>SUISA manages \"small rights\", i.e. non-theatrical musical works, concertante versions of theatrical works and musical works forming part of motion pictures, television films or other audiovisual productions. It grants its clients, such as concert organizers, record producers and radio and TV stations, a license authorizing them to perform, broadcast, retransmit or reproduce music. Major rights, such as opera or musicals, are managed by the Swiss Society of Authors SSA.<\/p>\n<\/div>\n<div class=\"text-section\">\n<p><strong><a href=\"http:\/\/www.suisa.ch\" target=\"_blank\" rel=\"noopener\">www.suisa.ch<\/a><\/strong><br \/>\n<strong><a href=\"http:\/\/www.suisablog.ch\" target=\"_blank\" rel=\"noopener\">www.suisablog.ch<\/a><\/strong><\/p>\n<p>Genossenschaft der Urheber und Verleger von Musik<br \/>\nCooperative of Music Authors and Publishers<br \/>\nCooperativa degli autori ed editori di music<\/p>\n<p>Bellariastrasse 82, Postfach, CH-8038 Z\u00fcrich,<br \/>\nTel +41 44 485 66 66<\/p>\n<p>Av. du Grammont 11bis, CH-1007 Lausanne,<br \/>\ntel +41 21 614 32 32<\/p>\n<p>Via Cattedrale 4, CH-6900 Lugano,<br \/>\ntel +41 91 950 08 28<\/p>\n<p><a href=\"mailto:publicrelations@suisa.ch\">publicrelations@suisa.ch<\/a><\/p>\n<p>&nbsp;<\/p>\n<\/div>","protected":false},"excerpt":{"rendered":"<p>SUISA est la coop\u00e9rative des auteurs et \u00e9diteurs de musique. Elle a \u00e9t\u00e9 fond\u00e9e en 1923 sous la forme juridique d\u2019une soci\u00e9t\u00e9 coop\u00e9rative. Environ 38 000 compositeurs, paroliers et \u00e9diteurs de musique y sont affili\u00e9s. SUISA per\u00e7oit des redevances de droits d\u2019auteur lorsque de la musique est utilis\u00e9e en public en Suisse et au Liechtenstein. [&hellip;]<\/p>\n","protected":false},"author":1,"featured_media":34381,"parent":230,"menu_order":0,"comment_status":"closed","ping_status":"closed","template":"page_partner.php","meta":{"_acf_changed":false,"_relevanssi_hide_post":"","_relevanssi_hide_content":"","_relevanssi_pin_for_all":"","_relevanssi_pin_keywords":"","_relevanssi_unpin_keywords":"","_relevanssi_related_keywords":"","_relevanssi_related_include_ids":"","_relevanssi_related_exclude_ids":"","_relevanssi_related_no_append":"","_relevanssi_related_not_related":"","_relevanssi_related_posts":"","_relevanssi_noindex_reason":"","pgc_sgb_lightbox_settings":"","footnotes":""},"class_list":["post-9332","page","type-page","status-publish","has-post-thumbnail","hentry"],"acf":[],"yoast_head":"<!-- This site is optimized with the Yoast SEO plugin v27.3 - https:\/\/yoast.com\/product\/yoast-seo-wordpress\/ -->\n<title>SUISA - Revue Musicale Suisse<\/title>\n<meta name=\"robots\" content=\"index, follow, max-snippet:-1, max-image-preview:large, max-video-preview:-1\" \/>\n<link rel=\"canonical\" href=\"https:\/\/www.revuemusicale.ch\/en\/basis\/suisa\/\" \/>\n<meta property=\"og:locale\" content=\"en_US\" \/>\n<meta property=\"og:type\" content=\"article\" \/>\n<meta property=\"og:title\" content=\"SUISA - Revue Musicale Suisse\" \/>\n<meta property=\"og:description\" content=\"SUISA est la coop\u00e9rative des auteurs et \u00e9diteurs de musique. Elle a \u00e9t\u00e9 fond\u00e9e en 1923 sous la forme juridique d\u2019une soci\u00e9t\u00e9 coop\u00e9rative. Environ 38 000 compositeurs, paroliers et \u00e9diteurs de musique y sont affili\u00e9s. SUISA per\u00e7oit des redevances de droits d\u2019auteur lorsque de la musique est utilis\u00e9e en public en Suisse et au Liechtenstein. [&hellip;]\" \/>\n<meta property=\"og:url\" content=\"https:\/\/www.revuemusicale.ch\/en\/basis\/suisa\/\" \/>\n<meta property=\"og:site_name\" content=\"Revue Musicale Suisse\" \/>\n<meta property=\"article:publisher\" content=\"https:\/\/www.facebook.com\/SchweizerMusikzeitung\/\" \/>\n<meta property=\"article:modified_time\" content=\"2026-04-09T14:17:45+00:00\" \/>\n<meta property=\"og:image\" content=\"https:\/\/www.revuemusicale.ch\/wp-content\/uploads\/2026\/04\/LogoSUISA-quadratisch2025.jpg\" \/>\n\t<meta property=\"og:image:width\" content=\"370\" \/>\n\t<meta property=\"og:image:height\" content=\"370\" \/>\n\t<meta property=\"og:image:type\" content=\"image\/jpeg\" \/>\n<meta name=\"twitter:card\" content=\"summary_large_image\" \/>\n<meta name=\"twitter:site\" content=\"@smusikzeitung\" \/>\n<meta name=\"twitter:label1\" content=\"Est. reading time\" \/>\n\t<meta name=\"twitter:data1\" content=\"2 minutes\" \/>\n<script type=\"application\/ld+json\" class=\"yoast-schema-graph\">{\"@context\":\"https:\\\/\\\/schema.org\",\"@graph\":[{\"@type\":\"WebPage\",\"@id\":\"https:\\\/\\\/www.revuemusicale.ch\\\/basis\\\/suisa\",\"url\":\"https:\\\/\\\/www.revuemusicale.ch\\\/basis\\\/suisa\",\"name\":\"SUISA - Revue Musicale Suisse\",\"isPartOf\":{\"@id\":\"https:\\\/\\\/www.revuemusicale.ch\\\/#website\"},\"primaryImageOfPage\":{\"@id\":\"https:\\\/\\\/www.revuemusicale.ch\\\/basis\\\/suisa#primaryimage\"},\"image\":{\"@id\":\"https:\\\/\\\/www.revuemusicale.ch\\\/basis\\\/suisa#primaryimage\"},\"thumbnailUrl\":\"https:\\\/\\\/www.revuemusicale.ch\\\/wp-content\\\/uploads\\\/2026\\\/04\\\/LogoSUISA-quadratisch2025.jpg\",\"datePublished\":\"2023-01-13T14:47:49+00:00\",\"dateModified\":\"2026-04-09T14:17:45+00:00\",\"breadcrumb\":{\"@id\":\"https:\\\/\\\/www.revuemusicale.ch\\\/basis\\\/suisa#breadcrumb\"},\"inLanguage\":\"en-US\",\"potentialAction\":[{\"@type\":\"ReadAction\",\"target\":[\"https:\\\/\\\/www.revuemusicale.ch\\\/basis\\\/suisa\"]}]},{\"@type\":\"ImageObject\",\"inLanguage\":\"en-US\",\"@id\":\"https:\\\/\\\/www.revuemusicale.ch\\\/basis\\\/suisa#primaryimage\",\"url\":\"https:\\\/\\\/www.revuemusicale.ch\\\/wp-content\\\/uploads\\\/2026\\\/04\\\/LogoSUISA-quadratisch2025.jpg\",\"contentUrl\":\"https:\\\/\\\/www.revuemusicale.ch\\\/wp-content\\\/uploads\\\/2026\\\/04\\\/LogoSUISA-quadratisch2025.jpg\",\"width\":370,\"height\":370},{\"@type\":\"BreadcrumbList\",\"@id\":\"https:\\\/\\\/www.revuemusicale.ch\\\/basis\\\/suisa#breadcrumb\",\"itemListElement\":[{\"@type\":\"ListItem\",\"position\":1,\"name\":\"Home\",\"item\":\"https:\\\/\\\/www.revuemusicale.ch\\\/\"},{\"@type\":\"ListItem\",\"position\":2,\"name\":\"Basis\",\"item\":\"https:\\\/\\\/www.revuemusicale.ch\\\/basis\"},{\"@type\":\"ListItem\",\"position\":3,\"name\":\"SUISA\"}]},{\"@type\":\"WebSite\",\"@id\":\"https:\\\/\\\/www.revuemusicale.ch\\\/#website\",\"url\":\"https:\\\/\\\/www.revuemusicale.ch\\\/\",\"name\":\"Revue Musicale Suisse\",\"description\":\"\",\"publisher\":{\"@id\":\"https:\\\/\\\/www.revuemusicale.ch\\\/#organization\"},\"potentialAction\":[{\"@type\":\"SearchAction\",\"target\":{\"@type\":\"EntryPoint\",\"urlTemplate\":\"https:\\\/\\\/www.revuemusicale.ch\\\/?s={search_term_string}\"},\"query-input\":{\"@type\":\"PropertyValueSpecification\",\"valueRequired\":true,\"valueName\":\"search_term_string\"}}],\"inLanguage\":\"en-US\"},{\"@type\":\"Organization\",\"@id\":\"https:\\\/\\\/www.revuemusicale.ch\\\/#organization\",\"name\":\"Revue Musicale Suisse\",\"url\":\"https:\\\/\\\/www.revuemusicale.ch\\\/\",\"logo\":{\"@type\":\"ImageObject\",\"inLanguage\":\"en-US\",\"@id\":\"https:\\\/\\\/www.revuemusicale.ch\\\/#\\\/schema\\\/logo\\\/image\\\/\",\"url\":\"https:\\\/\\\/www.revuemusicale.ch\\\/wp-content\\\/uploads\\\/2023\\\/01\\\/logo_revuemusicale_musikzeitung.jpg\",\"contentUrl\":\"https:\\\/\\\/www.revuemusicale.ch\\\/wp-content\\\/uploads\\\/2023\\\/01\\\/logo_revuemusicale_musikzeitung.jpg\",\"width\":1200,\"height\":243,\"caption\":\"Revue Musicale Suisse\"},\"image\":{\"@id\":\"https:\\\/\\\/www.revuemusicale.ch\\\/#\\\/schema\\\/logo\\\/image\\\/\"},\"sameAs\":[\"https:\\\/\\\/www.facebook.com\\\/SchweizerMusikzeitung\\\/\",\"https:\\\/\\\/x.com\\\/smusikzeitung\",\"https:\\\/\\\/www.instagram.com\\\/musikzeitung.ch\\\/?hl=de\"]}]}<\/script>\n<!-- \/ Yoast SEO plugin. -->","yoast_head_json":{"title":"SUISA - Swiss Music Review","robots":{"index":"index","follow":"follow","max-snippet":"max-snippet:-1","max-image-preview":"max-image-preview:large","max-video-preview":"max-video-preview:-1"},"canonical":"https:\/\/www.revuemusicale.ch\/en\/basis\/suisa\/","og_locale":"en_US","og_type":"article","og_title":"SUISA - Revue Musicale Suisse","og_description":"SUISA est la coop\u00e9rative des auteurs et \u00e9diteurs de musique. Elle a \u00e9t\u00e9 fond\u00e9e en 1923 sous la forme juridique d\u2019une soci\u00e9t\u00e9 coop\u00e9rative. Environ 38 000 compositeurs, paroliers et \u00e9diteurs de musique y sont affili\u00e9s. SUISA per\u00e7oit des redevances de droits d\u2019auteur lorsque de la musique est utilis\u00e9e en public en Suisse et au Liechtenstein. [&hellip;]","og_url":"https:\/\/www.revuemusicale.ch\/en\/basis\/suisa\/","og_site_name":"Revue Musicale Suisse","article_publisher":"https:\/\/www.facebook.com\/SchweizerMusikzeitung\/","article_modified_time":"2026-04-09T14:17:45+00:00","og_image":[{"width":370,"height":370,"url":"https:\/\/www.revuemusicale.ch\/wp-content\/uploads\/2026\/04\/LogoSUISA-quadratisch2025.jpg","type":"image\/jpeg"}],"twitter_card":"summary_large_image","twitter_site":"@smusikzeitung","twitter_misc":{"Est. reading time":"2 minutes"},"schema":{"@context":"https:\/\/schema.org","@graph":[{"@type":"WebPage","@id":"https:\/\/www.revuemusicale.ch\/basis\/suisa","url":"https:\/\/www.revuemusicale.ch\/basis\/suisa","name":"SUISA - Swiss Music Review","isPartOf":{"@id":"https:\/\/www.revuemusicale.ch\/#website"},"primaryImageOfPage":{"@id":"https:\/\/www.revuemusicale.ch\/basis\/suisa#primaryimage"},"image":{"@id":"https:\/\/www.revuemusicale.ch\/basis\/suisa#primaryimage"},"thumbnailUrl":"https:\/\/www.revuemusicale.ch\/wp-content\/uploads\/2026\/04\/LogoSUISA-quadratisch2025.jpg","datePublished":"2023-01-13T14:47:49+00:00","dateModified":"2026-04-09T14:17:45+00:00","breadcrumb":{"@id":"https:\/\/www.revuemusicale.ch\/basis\/suisa#breadcrumb"},"inLanguage":"en-US","potentialAction":[{"@type":"ReadAction","target":["https:\/\/www.revuemusicale.ch\/basis\/suisa"]}]},{"@type":"ImageObject","inLanguage":"en-US","@id":"https:\/\/www.revuemusicale.ch\/basis\/suisa#primaryimage","url":"https:\/\/www.revuemusicale.ch\/wp-content\/uploads\/2026\/04\/LogoSUISA-quadratisch2025.jpg","contentUrl":"https:\/\/www.revuemusicale.ch\/wp-content\/uploads\/2026\/04\/LogoSUISA-quadratisch2025.jpg","width":370,"height":370},{"@type":"BreadcrumbList","@id":"https:\/\/www.revuemusicale.ch\/basis\/suisa#breadcrumb","itemListElement":[{"@type":"ListItem","position":1,"name":"Home","item":"https:\/\/www.revuemusicale.ch\/"},{"@type":"ListItem","position":2,"name":"Basis","item":"https:\/\/www.revuemusicale.ch\/basis"},{"@type":"ListItem","position":3,"name":"SUISA"}]},{"@type":"WebSite","@id":"https:\/\/www.revuemusicale.ch\/#website","url":"https:\/\/www.revuemusicale.ch\/","name":"Swiss Music Review","description":"","publisher":{"@id":"https:\/\/www.revuemusicale.ch\/#organization"},"potentialAction":[{"@type":"SearchAction","target":{"@type":"EntryPoint","urlTemplate":"https:\/\/www.revuemusicale.ch\/?s={search_term_string}"},"query-input":{"@type":"PropertyValueSpecification","valueRequired":true,"valueName":"search_term_string"}}],"inLanguage":"en-US"},{"@type":"Organization","@id":"https:\/\/www.revuemusicale.ch\/#organization","name":"Swiss Music Review","url":"https:\/\/www.revuemusicale.ch\/","logo":{"@type":"ImageObject","inLanguage":"en-US","@id":"https:\/\/www.revuemusicale.ch\/#\/schema\/logo\/image\/","url":"https:\/\/www.revuemusicale.ch\/wp-content\/uploads\/2023\/01\/logo_revuemusicale_musikzeitung.jpg","contentUrl":"https:\/\/www.revuemusicale.ch\/wp-content\/uploads\/2023\/01\/logo_revuemusicale_musikzeitung.jpg","width":1200,"height":243,"caption":"Revue Musicale Suisse"},"image":{"@id":"https:\/\/www.revuemusicale.ch\/#\/schema\/logo\/image\/"},"sameAs":["https:\/\/www.facebook.com\/SchweizerMusikzeitung\/","https:\/\/x.com\/smusikzeitung","https:\/\/www.instagram.com\/musikzeitung.ch\/?hl=de"]}]}},"publishpress_future_action":{"enabled":false,"date":"1970-01-01 01:00:00","action":"change-status","newStatus":"draft","terms":[],"taxonomy":"","extraData":[]},"publishpress_future_workflow_manual_trigger":{"enabledWorkflows":[]},"_links":{"self":[{"href":"https:\/\/www.revuemusicale.ch\/en\/wp-json\/wp\/v2\/pages\/9332","targetHints":{"allow":["GET"]}}],"collection":[{"href":"https:\/\/www.revuemusicale.ch\/en\/wp-json\/wp\/v2\/pages"}],"about":[{"href":"https:\/\/www.revuemusicale.ch\/en\/wp-json\/wp\/v2\/types\/page"}],"author":[{"embeddable":true,"href":"https:\/\/www.revuemusicale.ch\/en\/wp-json\/wp\/v2\/users\/1"}],"replies":[{"embeddable":true,"href":"https:\/\/www.revuemusicale.ch\/en\/wp-json\/wp\/v2\/comments?post=9332"}],"version-history":[{"count":5,"href":"https:\/\/www.revuemusicale.ch\/en\/wp-json\/wp\/v2\/pages\/9332\/revisions"}],"predecessor-version":[{"id":23467,"href":"https:\/\/www.revuemusicale.ch\/en\/wp-json\/wp\/v2\/pages\/9332\/revisions\/23467"}],"up":[{"embeddable":true,"href":"https:\/\/www.revuemusicale.ch\/en\/wp-json\/wp\/v2\/pages\/230"}],"wp:featuredmedia":[{"embeddable":true,"href":"https:\/\/www.revuemusicale.ch\/en\/wp-json\/wp\/v2\/media\/34381"}],"wp:attachment":[{"href":"https:\/\/www.revuemusicale.ch\/en\/wp-json\/wp\/v2\/media?parent=9332"}],"curies":[{"name":"wp","href":"https:\/\/api.w.org\/{rel}","templated":true}]}}