{"id":12632,"date":"2023-01-17T15:10:00","date_gmt":"2023-01-17T14:10:00","guid":{"rendered":"https:\/\/www.revuemusicale.ch\/?page_id=12632"},"modified":"2023-11-28T12:14:43","modified_gmt":"2023-11-28T11:14:43","slug":"125-devinettes-musicales","status":"publish","type":"page","link":"https:\/\/www.revuemusicale.ch\/it\/a-propos\/125-devinettes-musicales","title":{"rendered":"125 indovinelli musicali in un libro tascabile"},"content":{"rendered":"<p><strong><img loading=\"lazy\" decoding=\"async\" class=\"alignnone size-full wp-image-12635\" src=\"https:\/\/www.revuemusicale.ch\/wp-content\/uploads\/2023\/01\/Rb-2.jpg\" alt=\"\" width=\"992\" height=\"662\" srcset=\"https:\/\/www.revuemusicale.ch\/wp-content\/uploads\/2023\/01\/Rb-2.jpg 992w, https:\/\/www.revuemusicale.ch\/wp-content\/uploads\/2023\/01\/Rb-2-300x200.jpg 300w, https:\/\/www.revuemusicale.ch\/wp-content\/uploads\/2023\/01\/Rb-2-600x400.jpg 600w, https:\/\/www.revuemusicale.ch\/wp-content\/uploads\/2023\/01\/Rb-2-768x513.jpg 768w, https:\/\/www.revuemusicale.ch\/wp-content\/uploads\/2023\/01\/Rb-2-262x175.jpg 262w, https:\/\/www.revuemusicale.ch\/wp-content\/uploads\/2023\/01\/Rb-2-524x350.jpg 524w, https:\/\/www.revuemusicale.ch\/wp-content\/uploads\/2023\/01\/Rb-2-920x614.jpg 920w\" sizes=\"auto, (max-width: 992px) 100vw, 992px\" \/><\/strong><\/p>\n<p><em>Come si chiamava il compositore che si addorment\u00f2 durante l'esecuzione di una sua opera? A quale pianista svizzero \u00e8 dedicata una sala da concerto dall'altra parte dell'Atlantico? Quale ingegnere zurighese \u00e8 diventato famoso in tutto il mondo grazie a un apparecchio che riproduce la voce?<\/em><\/p>\n<div class=\"text-section\">\n<div class=\"page\" title=\"Pagina 39\">\n<div class=\"layoutArea\">\n<div class=\"column\">\n<p>\u00c8 questo tipo di domande - e gli aneddoti che le accompagnano - che da tempo chiude ogni edizione della Rivista Svizzera di Musica. Abbiamo riunito 125 di questi indovinelli in un libro in brossura, naturalmente con le relative soluzioni, tutte in francese e tedesco. Un regalo che dar\u00e0 piacere 125 volte di pi\u00f9 a voi stessi o a qualsiasi amante della musica.<\/p>\n<p>&nbsp;<\/p>\n<\/div>\n<div class=\"column\">\n<p><strong>Chi era questo conduttore distratto?<br \/>\n125 indovinelli musicali in 125 aneddoti,<\/strong><br \/>\n11 x 18 cm, brossura, 264 pagine<br \/>\nCHF 25.- (+ CHF 2.50 di spese di spedizione).<\/p>\n<\/div>\n<\/div>\n<\/div>\n<p>Ordina da<\/p>\n<p><a href=\"mailto:smz-raetselbuch@galledia.ch?subject=Commande%20%3A%20%20livre%20%C2%AB%20Qui%20%C3%A9tait%20ce%20chef%20d%E2%80%99orchestre%20distrait%20%3F%20%C2%BB\" target=\"_blank\" rel=\"noopener\"><strong>smz-raetselbuch@galledia.ch<\/strong><\/a><br \/>\no per telefono al numero 044 281 23 21<\/p>\n<\/div>","protected":false},"excerpt":{"rendered":"<p>Comment s\u2019appelle le compositeur qui s\u2019est endormi lors de l\u2019exe\u0301cution d\u2019une de ses propres \u0153uvres ? A quel pianiste suisse une salle de concert est-elle de\u0301die\u0301 outre-Atlantique ? Quel inge\u0301nieur zurichois est devenu mondialement ce\u0301le\u0300bre gra\u0302ce a\u0300 un appareil qui reproduit la voix ? C\u2019est ce genre de questions \u2013 et les anecdotes qui les [&hellip;]<\/p>\n","protected":false},"author":1,"featured_media":0,"parent":124,"menu_order":0,"comment_status":"closed","ping_status":"closed","template":"","meta":{"_acf_changed":false,"_relevanssi_hide_post":"","_relevanssi_hide_content":"","_relevanssi_pin_for_all":"","_relevanssi_pin_keywords":"","_relevanssi_unpin_keywords":"","_relevanssi_related_keywords":"","_relevanssi_related_include_ids":"","_relevanssi_related_exclude_ids":"","_relevanssi_related_no_append":"","_relevanssi_related_not_related":"","_relevanssi_related_posts":"","_relevanssi_noindex_reason":"","pgc_sgb_lightbox_settings":"","footnotes":""},"class_list":["post-12632","page","type-page","status-publish","hentry"],"acf":[],"yoast_head":"<!-- This site is optimized with the Yoast SEO plugin v27.3 - https:\/\/yoast.com\/product\/yoast-seo-wordpress\/ -->\n<title>125 devinettes musicales dans un livre de poche - Revue Musicale Suisse<\/title>\n<meta name=\"robots\" content=\"index, follow, max-snippet:-1, max-image-preview:large, max-video-preview:-1\" \/>\n<link rel=\"canonical\" href=\"https:\/\/www.revuemusicale.ch\/it\/a-propos\/125-devinettes-musicales\/\" \/>\n<meta property=\"og:locale\" content=\"it_IT\" \/>\n<meta property=\"og:type\" content=\"article\" \/>\n<meta property=\"og:title\" content=\"125 devinettes musicales dans un livre de poche - Revue Musicale Suisse\" \/>\n<meta property=\"og:description\" content=\"Comment s\u2019appelle le compositeur qui s\u2019est endormi lors de l\u2019exe\u0301cution d\u2019une de ses propres \u0153uvres ? A quel pianiste suisse une salle de concert est-elle de\u0301die\u0301 outre-Atlantique ? Quel inge\u0301nieur zurichois est devenu mondialement ce\u0301le\u0300bre gra\u0302ce a\u0300 un appareil qui reproduit la voix ? C\u2019est ce genre de questions \u2013 et les anecdotes qui les [&hellip;]\" \/>\n<meta property=\"og:url\" content=\"https:\/\/www.revuemusicale.ch\/it\/a-propos\/125-devinettes-musicales\/\" \/>\n<meta property=\"og:site_name\" content=\"Revue Musicale Suisse\" \/>\n<meta property=\"article:publisher\" content=\"https:\/\/www.facebook.com\/SchweizerMusikzeitung\/\" \/>\n<meta property=\"article:modified_time\" content=\"2023-11-28T11:14:43+00:00\" \/>\n<meta property=\"og:image\" content=\"https:\/\/www.revuemusicale.ch\/wp-content\/uploads\/2023\/01\/Rb-2.jpg\" \/>\n<meta name=\"twitter:card\" content=\"summary_large_image\" \/>\n<meta name=\"twitter:site\" content=\"@smusikzeitung\" \/>\n<meta name=\"twitter:label1\" content=\"Tempo di lettura stimato\" \/>\n\t<meta name=\"twitter:data1\" content=\"1 minuto\" \/>\n<script type=\"application\/ld+json\" class=\"yoast-schema-graph\">{\"@context\":\"https:\\\/\\\/schema.org\",\"@graph\":[{\"@type\":\"WebPage\",\"@id\":\"https:\\\/\\\/www.revuemusicale.ch\\\/a-propos\\\/125-devinettes-musicales\",\"url\":\"https:\\\/\\\/www.revuemusicale.ch\\\/a-propos\\\/125-devinettes-musicales\",\"name\":\"125 devinettes musicales dans un livre de poche - Revue Musicale Suisse\",\"isPartOf\":{\"@id\":\"https:\\\/\\\/www.revuemusicale.ch\\\/#website\"},\"primaryImageOfPage\":{\"@id\":\"https:\\\/\\\/www.revuemusicale.ch\\\/a-propos\\\/125-devinettes-musicales#primaryimage\"},\"image\":{\"@id\":\"https:\\\/\\\/www.revuemusicale.ch\\\/a-propos\\\/125-devinettes-musicales#primaryimage\"},\"thumbnailUrl\":\"https:\\\/\\\/www.revuemusicale.ch\\\/wp-content\\\/uploads\\\/2023\\\/01\\\/Rb-2.jpg\",\"datePublished\":\"2023-01-17T14:10:00+00:00\",\"dateModified\":\"2023-11-28T11:14:43+00:00\",\"breadcrumb\":{\"@id\":\"https:\\\/\\\/www.revuemusicale.ch\\\/a-propos\\\/125-devinettes-musicales#breadcrumb\"},\"inLanguage\":\"it-IT\",\"potentialAction\":[{\"@type\":\"ReadAction\",\"target\":[\"https:\\\/\\\/www.revuemusicale.ch\\\/a-propos\\\/125-devinettes-musicales\"]}]},{\"@type\":\"ImageObject\",\"inLanguage\":\"it-IT\",\"@id\":\"https:\\\/\\\/www.revuemusicale.ch\\\/a-propos\\\/125-devinettes-musicales#primaryimage\",\"url\":\"https:\\\/\\\/www.revuemusicale.ch\\\/wp-content\\\/uploads\\\/2023\\\/01\\\/Rb-2.jpg\",\"contentUrl\":\"https:\\\/\\\/www.revuemusicale.ch\\\/wp-content\\\/uploads\\\/2023\\\/01\\\/Rb-2.jpg\"},{\"@type\":\"BreadcrumbList\",\"@id\":\"https:\\\/\\\/www.revuemusicale.ch\\\/a-propos\\\/125-devinettes-musicales#breadcrumb\",\"itemListElement\":[{\"@type\":\"ListItem\",\"position\":1,\"name\":\"Home\",\"item\":\"https:\\\/\\\/www.revuemusicale.ch\\\/\"},{\"@type\":\"ListItem\",\"position\":2,\"name\":\"A propos\",\"item\":\"https:\\\/\\\/www.revuemusicale.ch\\\/a-propos\"},{\"@type\":\"ListItem\",\"position\":3,\"name\":\"125 devinettes musicales dans un livre de poche\"}]},{\"@type\":\"WebSite\",\"@id\":\"https:\\\/\\\/www.revuemusicale.ch\\\/#website\",\"url\":\"https:\\\/\\\/www.revuemusicale.ch\\\/\",\"name\":\"Revue Musicale Suisse\",\"description\":\"\",\"publisher\":{\"@id\":\"https:\\\/\\\/www.revuemusicale.ch\\\/#organization\"},\"potentialAction\":[{\"@type\":\"SearchAction\",\"target\":{\"@type\":\"EntryPoint\",\"urlTemplate\":\"https:\\\/\\\/www.revuemusicale.ch\\\/?s={search_term_string}\"},\"query-input\":{\"@type\":\"PropertyValueSpecification\",\"valueRequired\":true,\"valueName\":\"search_term_string\"}}],\"inLanguage\":\"it-IT\"},{\"@type\":\"Organization\",\"@id\":\"https:\\\/\\\/www.revuemusicale.ch\\\/#organization\",\"name\":\"Revue Musicale Suisse\",\"url\":\"https:\\\/\\\/www.revuemusicale.ch\\\/\",\"logo\":{\"@type\":\"ImageObject\",\"inLanguage\":\"it-IT\",\"@id\":\"https:\\\/\\\/www.revuemusicale.ch\\\/#\\\/schema\\\/logo\\\/image\\\/\",\"url\":\"https:\\\/\\\/www.revuemusicale.ch\\\/wp-content\\\/uploads\\\/2023\\\/01\\\/logo_revuemusicale_musikzeitung.jpg\",\"contentUrl\":\"https:\\\/\\\/www.revuemusicale.ch\\\/wp-content\\\/uploads\\\/2023\\\/01\\\/logo_revuemusicale_musikzeitung.jpg\",\"width\":1200,\"height\":243,\"caption\":\"Revue Musicale Suisse\"},\"image\":{\"@id\":\"https:\\\/\\\/www.revuemusicale.ch\\\/#\\\/schema\\\/logo\\\/image\\\/\"},\"sameAs\":[\"https:\\\/\\\/www.facebook.com\\\/SchweizerMusikzeitung\\\/\",\"https:\\\/\\\/x.com\\\/smusikzeitung\",\"https:\\\/\\\/www.instagram.com\\\/musikzeitung.ch\\\/?hl=de\"]}]}<\/script>\n<!-- \/ Yoast SEO plugin. -->","yoast_head_json":{"title":"125 enigmi musicali in un libro tascabile - Swiss Music Review","robots":{"index":"index","follow":"follow","max-snippet":"max-snippet:-1","max-image-preview":"max-image-preview:large","max-video-preview":"max-video-preview:-1"},"canonical":"https:\/\/www.revuemusicale.ch\/it\/a-propos\/125-devinettes-musicales\/","og_locale":"it_IT","og_type":"article","og_title":"125 devinettes musicales dans un livre de poche - Revue Musicale Suisse","og_description":"Comment s\u2019appelle le compositeur qui s\u2019est endormi lors de l\u2019exe\u0301cution d\u2019une de ses propres \u0153uvres ? A quel pianiste suisse une salle de concert est-elle de\u0301die\u0301 outre-Atlantique ? Quel inge\u0301nieur zurichois est devenu mondialement ce\u0301le\u0300bre gra\u0302ce a\u0300 un appareil qui reproduit la voix ? C\u2019est ce genre de questions \u2013 et les anecdotes qui les [&hellip;]","og_url":"https:\/\/www.revuemusicale.ch\/it\/a-propos\/125-devinettes-musicales\/","og_site_name":"Revue Musicale Suisse","article_publisher":"https:\/\/www.facebook.com\/SchweizerMusikzeitung\/","article_modified_time":"2023-11-28T11:14:43+00:00","og_image":[{"url":"https:\/\/www.revuemusicale.ch\/wp-content\/uploads\/2023\/01\/Rb-2.jpg","type":"","width":"","height":""}],"twitter_card":"summary_large_image","twitter_site":"@smusikzeitung","twitter_misc":{"Tempo di lettura stimato":"1 minuto"},"schema":{"@context":"https:\/\/schema.org","@graph":[{"@type":"WebPage","@id":"https:\/\/www.revuemusicale.ch\/a-propos\/125-devinettes-musicales","url":"https:\/\/www.revuemusicale.ch\/a-propos\/125-devinettes-musicales","name":"125 enigmi musicali in un libro tascabile - Swiss Music Review","isPartOf":{"@id":"https:\/\/www.revuemusicale.ch\/#website"},"primaryImageOfPage":{"@id":"https:\/\/www.revuemusicale.ch\/a-propos\/125-devinettes-musicales#primaryimage"},"image":{"@id":"https:\/\/www.revuemusicale.ch\/a-propos\/125-devinettes-musicales#primaryimage"},"thumbnailUrl":"https:\/\/www.revuemusicale.ch\/wp-content\/uploads\/2023\/01\/Rb-2.jpg","datePublished":"2023-01-17T14:10:00+00:00","dateModified":"2023-11-28T11:14:43+00:00","breadcrumb":{"@id":"https:\/\/www.revuemusicale.ch\/a-propos\/125-devinettes-musicales#breadcrumb"},"inLanguage":"it-IT","potentialAction":[{"@type":"ReadAction","target":["https:\/\/www.revuemusicale.ch\/a-propos\/125-devinettes-musicales"]}]},{"@type":"ImageObject","inLanguage":"it-IT","@id":"https:\/\/www.revuemusicale.ch\/a-propos\/125-devinettes-musicales#primaryimage","url":"https:\/\/www.revuemusicale.ch\/wp-content\/uploads\/2023\/01\/Rb-2.jpg","contentUrl":"https:\/\/www.revuemusicale.ch\/wp-content\/uploads\/2023\/01\/Rb-2.jpg"},{"@type":"BreadcrumbList","@id":"https:\/\/www.revuemusicale.ch\/a-propos\/125-devinettes-musicales#breadcrumb","itemListElement":[{"@type":"ListItem","position":1,"name":"Home","item":"https:\/\/www.revuemusicale.ch\/"},{"@type":"ListItem","position":2,"name":"A propos","item":"https:\/\/www.revuemusicale.ch\/a-propos"},{"@type":"ListItem","position":3,"name":"125 devinettes musicales dans un livre de poche"}]},{"@type":"WebSite","@id":"https:\/\/www.revuemusicale.ch\/#website","url":"https:\/\/www.revuemusicale.ch\/","name":"Rassegna musicale svizzera","description":"","publisher":{"@id":"https:\/\/www.revuemusicale.ch\/#organization"},"potentialAction":[{"@type":"SearchAction","target":{"@type":"EntryPoint","urlTemplate":"https:\/\/www.revuemusicale.ch\/?s={search_term_string}"},"query-input":{"@type":"PropertyValueSpecification","valueRequired":true,"valueName":"search_term_string"}}],"inLanguage":"it-IT"},{"@type":"Organization","@id":"https:\/\/www.revuemusicale.ch\/#organization","name":"Rassegna musicale svizzera","url":"https:\/\/www.revuemusicale.ch\/","logo":{"@type":"ImageObject","inLanguage":"it-IT","@id":"https:\/\/www.revuemusicale.ch\/#\/schema\/logo\/image\/","url":"https:\/\/www.revuemusicale.ch\/wp-content\/uploads\/2023\/01\/logo_revuemusicale_musikzeitung.jpg","contentUrl":"https:\/\/www.revuemusicale.ch\/wp-content\/uploads\/2023\/01\/logo_revuemusicale_musikzeitung.jpg","width":1200,"height":243,"caption":"Revue Musicale Suisse"},"image":{"@id":"https:\/\/www.revuemusicale.ch\/#\/schema\/logo\/image\/"},"sameAs":["https:\/\/www.facebook.com\/SchweizerMusikzeitung\/","https:\/\/x.com\/smusikzeitung","https:\/\/www.instagram.com\/musikzeitung.ch\/?hl=de"]}]}},"publishpress_future_action":{"enabled":false,"date":"1970-01-01 01:00:00","action":"change-status","newStatus":"draft","terms":[],"taxonomy":"","extraData":[]},"publishpress_future_workflow_manual_trigger":{"enabledWorkflows":[]},"_links":{"self":[{"href":"https:\/\/www.revuemusicale.ch\/it\/wp-json\/wp\/v2\/pages\/12632","targetHints":{"allow":["GET"]}}],"collection":[{"href":"https:\/\/www.revuemusicale.ch\/it\/wp-json\/wp\/v2\/pages"}],"about":[{"href":"https:\/\/www.revuemusicale.ch\/it\/wp-json\/wp\/v2\/types\/page"}],"author":[{"embeddable":true,"href":"https:\/\/www.revuemusicale.ch\/it\/wp-json\/wp\/v2\/users\/1"}],"replies":[{"embeddable":true,"href":"https:\/\/www.revuemusicale.ch\/it\/wp-json\/wp\/v2\/comments?post=12632"}],"version-history":[{"count":5,"href":"https:\/\/www.revuemusicale.ch\/it\/wp-json\/wp\/v2\/pages\/12632\/revisions"}],"predecessor-version":[{"id":29992,"href":"https:\/\/www.revuemusicale.ch\/it\/wp-json\/wp\/v2\/pages\/12632\/revisions\/29992"}],"up":[{"embeddable":true,"href":"https:\/\/www.revuemusicale.ch\/it\/wp-json\/wp\/v2\/pages\/124"}],"wp:attachment":[{"href":"https:\/\/www.revuemusicale.ch\/it\/wp-json\/wp\/v2\/media?parent=12632"}],"curies":[{"name":"wp","href":"https:\/\/api.w.org\/{rel}","templated":true}]}}