{"id":128,"date":"2022-12-22T09:41:07","date_gmt":"2022-12-22T08:41:07","guid":{"rendered":"https:\/\/www.revuemusicale.ch\/?page_id=128"},"modified":"2026-02-10T15:32:15","modified_gmt":"2026-02-10T14:32:15","slug":"passer-une-annonce","status":"publish","type":"page","link":"https:\/\/www.revuemusicale.ch\/it\/passer-une-annonce","title":{"rendered":"Pubblicazione di un annuncio"},"content":{"rendered":"<h3 class=\"\">Inserzioni nella Rivista Svizzera di Musica<\/h3>\n<p>&nbsp;<\/p>\n<p><strong>Opportunit\u00e0 pubblicitarie<\/strong><br \/>\n<a href=\"\/it\/passer-une-annonce\/publicite-version-imprimee\/\">Pubblicit\u00e0 sulla rivista cartacea<\/a><br \/>\n<a href=\"\/it\/passer-une-annonce\/publicite-en-ligne\/\"> Pubblicit\u00e0 online<\/a><br \/>\n<a href=\"\/it\/passer-une-annonce\/crossmedia\/\"> Crossmedia<\/a><\/p>\n<p>&nbsp;<\/p>\n<p><strong>Scarica il <a href=\"https:\/\/www.revuemusicale.ch\/wp-content\/uploads\/2025\/10\/SMZ_Mediadaten_2026_fr.pdf\" target=\"_blank\" rel=\"noopener\">Dati sui media 2026<\/a><\/strong><\/p>\n<p>&nbsp;<\/p>\n<p><strong>Scadenza pubblicit\u00e0 2026<\/strong><br \/>\n14.1 per il numero 1 di 29.1<br \/>\n11,3 per il numero 2 di 26,3<br \/>\n20,5 per il numero 3 di 4,6<br \/>\n12,8 per il numero 4 di 27,8<br \/>\n30,9 per il numero 5 del 15.10<br \/>\n18.11 per il numero 6 del 3.12<\/p>\n<p><strong>Elenco dei temi di Focus 2026<\/strong><br \/>\nN. 1 - Patrimonio<br \/>\nN. 2 - Opinione<br \/>\nN. 3 - Felicit\u00e0<br \/>\nN. 4 - Generazioni<br \/>\nN. 5 - Incoraggiamento<br \/>\nN. 6 - Pentole<\/p>\n<p><strong><br \/>\nKulturpool<\/strong><br \/>\nA partire dal 2025, la Rivista svizzera di musica far\u00e0 parte della <a href=\"https:\/\/www.kulturpool.com\/?language=fr\" target=\"_blank\" rel=\"noopener\">Kulturpool<\/a>. Questo gruppo di riviste culturali leader in Svizzera raggiunge 547.000 persone interessate alla cultura. Maggiori informazioni sono disponibili nei dati sui media del pool culturale.<\/p>\n<p>Scarica il<a href=\"https:\/\/www.revuemusicale.ch\/wp-content\/uploads\/2025\/12\/Kulturpool-Mediakit_2026_FR_pages-indiv.pdf\" target=\"_blank\" rel=\"noopener\"> Dati media Kulturpoo 2026<\/a>l<\/p>\n<p>&nbsp;<\/p>\n<p><strong>Avete domande?<br \/>\n<\/strong>Chiamateci allo 058 344 97 83 (Kulturpool copywriting e consulenza) o allo 044 928 56 11 (gestione degli annunci).<br \/>\no via e-mail: <a href=\"mailto:inserate@musikzeitung.ch\">inserate@musikzeitung.ch<\/a><\/p>\n<p>Saremo lieti di consigliarvi.<\/p>","protected":false},"excerpt":{"rendered":"<p>Annonces et publicit\u00e9 dans la Revue Musicale Suisse &nbsp; Possibilit\u00e9s de publicit\u00e9 Publicit\u00e9 dans la revue imprim\u00e9e Publicit\u00e9 en ligne Crossmedia &nbsp; T\u00e9l\u00e9charger les Donn\u00e9es m\u00e9dia 2026 &nbsp; D\u00e9lai pour les annonces 2026 14.1 pour le num\u00e9ro 1 du 29.1 11.3 pour le num\u00e9ro 2 du 26.3 20.5 pour le num\u00e9ro 3 du 4.6 12.8 [&hellip;]<\/p>\n","protected":false},"author":1,"featured_media":0,"parent":0,"menu_order":0,"comment_status":"closed","ping_status":"closed","template":"","meta":{"_acf_changed":false,"_relevanssi_hide_post":"","_relevanssi_hide_content":"","_relevanssi_pin_for_all":"","_relevanssi_pin_keywords":"","_relevanssi_unpin_keywords":"","_relevanssi_related_keywords":"","_relevanssi_related_include_ids":"","_relevanssi_related_exclude_ids":"","_relevanssi_related_no_append":"","_relevanssi_related_not_related":"","_relevanssi_related_posts":"","_relevanssi_noindex_reason":"","pgc_sgb_lightbox_settings":"","footnotes":""},"class_list":["post-128","page","type-page","status-publish","hentry"],"acf":[],"yoast_head":"<!-- This site is optimized with the Yoast SEO plugin v27.3 - https:\/\/yoast.com\/product\/yoast-seo-wordpress\/ -->\n<title>Passer une annonce - Revue Musicale Suisse<\/title>\n<meta name=\"description\" content=\"Annonces et publicit\u00e9 dans la Revue Musicale Suisse\" \/>\n<meta name=\"robots\" content=\"index, follow, max-snippet:-1, max-image-preview:large, max-video-preview:-1\" \/>\n<link rel=\"canonical\" href=\"https:\/\/www.revuemusicale.ch\/it\/passer-une-annonce\/\" \/>\n<meta property=\"og:locale\" content=\"it_IT\" \/>\n<meta property=\"og:type\" content=\"article\" \/>\n<meta property=\"og:title\" content=\"Passer une annonce - Revue Musicale Suisse\" \/>\n<meta property=\"og:description\" content=\"Annonces et publicit\u00e9 dans la Revue Musicale Suisse\" \/>\n<meta property=\"og:url\" content=\"https:\/\/www.revuemusicale.ch\/it\/passer-une-annonce\/\" \/>\n<meta property=\"og:site_name\" content=\"Revue Musicale Suisse\" \/>\n<meta property=\"article:publisher\" content=\"https:\/\/www.facebook.com\/SchweizerMusikzeitung\/\" \/>\n<meta property=\"article:modified_time\" content=\"2026-02-10T14:32:15+00:00\" \/>\n<meta name=\"twitter:card\" content=\"summary_large_image\" \/>\n<meta name=\"twitter:site\" content=\"@smusikzeitung\" \/>\n<meta name=\"twitter:label1\" content=\"Tempo di lettura stimato\" \/>\n\t<meta name=\"twitter:data1\" content=\"1 minuto\" \/>\n<script type=\"application\/ld+json\" class=\"yoast-schema-graph\">{\"@context\":\"https:\\\/\\\/schema.org\",\"@graph\":[{\"@type\":\"WebPage\",\"@id\":\"https:\\\/\\\/www.revuemusicale.ch\\\/passer-une-annonce\",\"url\":\"https:\\\/\\\/www.revuemusicale.ch\\\/passer-une-annonce\",\"name\":\"Passer une annonce - Revue Musicale Suisse\",\"isPartOf\":{\"@id\":\"https:\\\/\\\/www.revuemusicale.ch\\\/#website\"},\"datePublished\":\"2022-12-22T08:41:07+00:00\",\"dateModified\":\"2026-02-10T14:32:15+00:00\",\"description\":\"Annonces et publicit\u00e9 dans la Revue Musicale Suisse\",\"breadcrumb\":{\"@id\":\"https:\\\/\\\/www.revuemusicale.ch\\\/passer-une-annonce#breadcrumb\"},\"inLanguage\":\"it-IT\",\"potentialAction\":[{\"@type\":\"ReadAction\",\"target\":[\"https:\\\/\\\/www.revuemusicale.ch\\\/passer-une-annonce\"]}]},{\"@type\":\"BreadcrumbList\",\"@id\":\"https:\\\/\\\/www.revuemusicale.ch\\\/passer-une-annonce#breadcrumb\",\"itemListElement\":[{\"@type\":\"ListItem\",\"position\":1,\"name\":\"Home\",\"item\":\"https:\\\/\\\/www.revuemusicale.ch\\\/\"},{\"@type\":\"ListItem\",\"position\":2,\"name\":\"Passer une annonce\"}]},{\"@type\":\"WebSite\",\"@id\":\"https:\\\/\\\/www.revuemusicale.ch\\\/#website\",\"url\":\"https:\\\/\\\/www.revuemusicale.ch\\\/\",\"name\":\"Revue Musicale Suisse\",\"description\":\"\",\"publisher\":{\"@id\":\"https:\\\/\\\/www.revuemusicale.ch\\\/#organization\"},\"potentialAction\":[{\"@type\":\"SearchAction\",\"target\":{\"@type\":\"EntryPoint\",\"urlTemplate\":\"https:\\\/\\\/www.revuemusicale.ch\\\/?s={search_term_string}\"},\"query-input\":{\"@type\":\"PropertyValueSpecification\",\"valueRequired\":true,\"valueName\":\"search_term_string\"}}],\"inLanguage\":\"it-IT\"},{\"@type\":\"Organization\",\"@id\":\"https:\\\/\\\/www.revuemusicale.ch\\\/#organization\",\"name\":\"Revue Musicale Suisse\",\"url\":\"https:\\\/\\\/www.revuemusicale.ch\\\/\",\"logo\":{\"@type\":\"ImageObject\",\"inLanguage\":\"it-IT\",\"@id\":\"https:\\\/\\\/www.revuemusicale.ch\\\/#\\\/schema\\\/logo\\\/image\\\/\",\"url\":\"https:\\\/\\\/www.revuemusicale.ch\\\/wp-content\\\/uploads\\\/2023\\\/01\\\/logo_revuemusicale_musikzeitung.jpg\",\"contentUrl\":\"https:\\\/\\\/www.revuemusicale.ch\\\/wp-content\\\/uploads\\\/2023\\\/01\\\/logo_revuemusicale_musikzeitung.jpg\",\"width\":1200,\"height\":243,\"caption\":\"Revue Musicale Suisse\"},\"image\":{\"@id\":\"https:\\\/\\\/www.revuemusicale.ch\\\/#\\\/schema\\\/logo\\\/image\\\/\"},\"sameAs\":[\"https:\\\/\\\/www.facebook.com\\\/SchweizerMusikzeitung\\\/\",\"https:\\\/\\\/x.com\\\/smusikzeitung\",\"https:\\\/\\\/www.instagram.com\\\/musikzeitung.ch\\\/?hl=de\"]}]}<\/script>\n<!-- \/ Yoast SEO plugin. -->","yoast_head_json":{"title":"Pubblicit\u00e0 - Rassegna musicale svizzera","description":"Inserzioni nella Rivista Svizzera di Musica","robots":{"index":"index","follow":"follow","max-snippet":"max-snippet:-1","max-image-preview":"max-image-preview:large","max-video-preview":"max-video-preview:-1"},"canonical":"https:\/\/www.revuemusicale.ch\/it\/passer-une-annonce\/","og_locale":"it_IT","og_type":"article","og_title":"Passer une annonce - Revue Musicale Suisse","og_description":"Annonces et publicit\u00e9 dans la Revue Musicale Suisse","og_url":"https:\/\/www.revuemusicale.ch\/it\/passer-une-annonce\/","og_site_name":"Revue Musicale Suisse","article_publisher":"https:\/\/www.facebook.com\/SchweizerMusikzeitung\/","article_modified_time":"2026-02-10T14:32:15+00:00","twitter_card":"summary_large_image","twitter_site":"@smusikzeitung","twitter_misc":{"Tempo di lettura stimato":"1 minuto"},"schema":{"@context":"https:\/\/schema.org","@graph":[{"@type":"WebPage","@id":"https:\/\/www.revuemusicale.ch\/passer-une-annonce","url":"https:\/\/www.revuemusicale.ch\/passer-une-annonce","name":"Pubblicit\u00e0 - Rassegna musicale svizzera","isPartOf":{"@id":"https:\/\/www.revuemusicale.ch\/#website"},"datePublished":"2022-12-22T08:41:07+00:00","dateModified":"2026-02-10T14:32:15+00:00","description":"Inserzioni nella Rivista Svizzera di Musica","breadcrumb":{"@id":"https:\/\/www.revuemusicale.ch\/passer-une-annonce#breadcrumb"},"inLanguage":"it-IT","potentialAction":[{"@type":"ReadAction","target":["https:\/\/www.revuemusicale.ch\/passer-une-annonce"]}]},{"@type":"BreadcrumbList","@id":"https:\/\/www.revuemusicale.ch\/passer-une-annonce#breadcrumb","itemListElement":[{"@type":"ListItem","position":1,"name":"Home","item":"https:\/\/www.revuemusicale.ch\/"},{"@type":"ListItem","position":2,"name":"Passer une annonce"}]},{"@type":"WebSite","@id":"https:\/\/www.revuemusicale.ch\/#website","url":"https:\/\/www.revuemusicale.ch\/","name":"Rassegna musicale svizzera","description":"","publisher":{"@id":"https:\/\/www.revuemusicale.ch\/#organization"},"potentialAction":[{"@type":"SearchAction","target":{"@type":"EntryPoint","urlTemplate":"https:\/\/www.revuemusicale.ch\/?s={search_term_string}"},"query-input":{"@type":"PropertyValueSpecification","valueRequired":true,"valueName":"search_term_string"}}],"inLanguage":"it-IT"},{"@type":"Organization","@id":"https:\/\/www.revuemusicale.ch\/#organization","name":"Rassegna musicale svizzera","url":"https:\/\/www.revuemusicale.ch\/","logo":{"@type":"ImageObject","inLanguage":"it-IT","@id":"https:\/\/www.revuemusicale.ch\/#\/schema\/logo\/image\/","url":"https:\/\/www.revuemusicale.ch\/wp-content\/uploads\/2023\/01\/logo_revuemusicale_musikzeitung.jpg","contentUrl":"https:\/\/www.revuemusicale.ch\/wp-content\/uploads\/2023\/01\/logo_revuemusicale_musikzeitung.jpg","width":1200,"height":243,"caption":"Revue Musicale Suisse"},"image":{"@id":"https:\/\/www.revuemusicale.ch\/#\/schema\/logo\/image\/"},"sameAs":["https:\/\/www.facebook.com\/SchweizerMusikzeitung\/","https:\/\/x.com\/smusikzeitung","https:\/\/www.instagram.com\/musikzeitung.ch\/?hl=de"]}]}},"publishpress_future_action":{"enabled":false,"date":"1970-01-01 01:00:00","action":"change-status","newStatus":"draft","terms":[],"taxonomy":"","extraData":[]},"publishpress_future_workflow_manual_trigger":{"enabledWorkflows":[]},"_links":{"self":[{"href":"https:\/\/www.revuemusicale.ch\/it\/wp-json\/wp\/v2\/pages\/128","targetHints":{"allow":["GET"]}}],"collection":[{"href":"https:\/\/www.revuemusicale.ch\/it\/wp-json\/wp\/v2\/pages"}],"about":[{"href":"https:\/\/www.revuemusicale.ch\/it\/wp-json\/wp\/v2\/types\/page"}],"author":[{"embeddable":true,"href":"https:\/\/www.revuemusicale.ch\/it\/wp-json\/wp\/v2\/users\/1"}],"replies":[{"embeddable":true,"href":"https:\/\/www.revuemusicale.ch\/it\/wp-json\/wp\/v2\/comments?post=128"}],"version-history":[{"count":36,"href":"https:\/\/www.revuemusicale.ch\/it\/wp-json\/wp\/v2\/pages\/128\/revisions"}],"predecessor-version":[{"id":31726,"href":"https:\/\/www.revuemusicale.ch\/it\/wp-json\/wp\/v2\/pages\/128\/revisions\/31726"}],"wp:attachment":[{"href":"https:\/\/www.revuemusicale.ch\/it\/wp-json\/wp\/v2\/media?parent=128"}],"curies":[{"name":"wp","href":"https:\/\/api.w.org\/{rel}","templated":true}]}}