{"id":130,"date":"2022-12-22T09:42:22","date_gmt":"2022-12-22T08:42:22","guid":{"rendered":"https:\/\/www.revuemusicale.ch\/?page_id=130"},"modified":"2024-10-23T15:16:41","modified_gmt":"2024-10-23T13:16:41","slug":"aktuelle-inserate","status":"publish","type":"page","link":"https:\/\/www.revuemusicale.ch\/it\/aktuelle-inserate","title":{"rendered":"Annunci attuali"},"content":{"rendered":"<h3>Pubblicit\u00e0 online e su carta stampata<\/h3>\n<p>Le inserzioni nell'edizione cartacea della Rivista Musicale Svizzera vengono pubblicate online solo su esplicita richiesta del cliente e previo pagamento di un supplemento. Altri annunci sono disponibili nell'edizione cartacea della Rivista Musicale Svizzera (<a href=\"https:\/\/www.revuemusicale.ch\/it\/aboservice\/\">iscriviti ora<\/a>).<\/p>\n<p><a href=\"https:\/\/www.musikzeitung.ch\/stellen\" target=\"_blank\" rel=\"noopener\">Offerte di lavoro<\/a><\/p>\n<p><a href=\"https:\/\/www.musikzeitung.ch\/kauf-und-verkauf\" target=\"_blank\" rel=\"noopener\">Acquisto e vendita<\/a><\/p>\n<p><a href=\"https:\/\/www.musikzeitung.ch\/veranstaltungen\" target=\"_blank\" rel=\"noopener\">Corsi ed eventi<\/a><\/p>\n<p><a href=\"https:\/\/www.musikzeitung.ch\/diversa\" target=\"_blank\" rel=\"noopener\">Varie<\/a><\/p>\n<p><a href=\"https:\/\/www.revuemusicale.ch\/wp-content\/uploads\/2024\/10\/SMZ_Mediadaten_2025_fr.pdf\" target=\"_blank\" rel=\"noopener\"><strong>Dati media 2025<\/strong><\/a><\/p>\n<p>&nbsp;<\/p>","protected":false},"excerpt":{"rendered":"<p>Annonces en ligne et annonces de l&rsquo;\u00e9dition imprim\u00e9e Les annonces de l&rsquo;\u00e9dition imprim\u00e9e de la Revue Musicale Suisse ne paraissent en ligne que sur demande expresse du client, et apr\u00e8s paiement d&rsquo;un suppl\u00e9ment. D&rsquo;autres annonces sont disponibles dans l&rsquo;\u00e9dition imprim\u00e9e de la Revue Musicale Suisse (s&rsquo;abonner maintenant). Offres d&#8217;emploi Achat et vente Cours et manifestations [&hellip;]<\/p>\n","protected":false},"author":1,"featured_media":0,"parent":0,"menu_order":0,"comment_status":"closed","ping_status":"closed","template":"","meta":{"_acf_changed":false,"_relevanssi_hide_post":"","_relevanssi_hide_content":"","_relevanssi_pin_for_all":"","_relevanssi_pin_keywords":"","_relevanssi_unpin_keywords":"","_relevanssi_related_keywords":"","_relevanssi_related_include_ids":"","_relevanssi_related_exclude_ids":"","_relevanssi_related_no_append":"","_relevanssi_related_not_related":"","_relevanssi_related_posts":"","_relevanssi_noindex_reason":"","pgc_sgb_lightbox_settings":"","footnotes":""},"class_list":["post-130","page","type-page","status-publish","hentry"],"acf":[],"yoast_head":"<!-- This site is optimized with the Yoast SEO plugin v27.3 - https:\/\/yoast.com\/product\/yoast-seo-wordpress\/ -->\n<title>Annonces actuelles - Revue Musicale Suisse<\/title>\n<meta name=\"robots\" content=\"index, follow, max-snippet:-1, max-image-preview:large, max-video-preview:-1\" \/>\n<link rel=\"canonical\" href=\"https:\/\/www.revuemusicale.ch\/it\/aktuelle-inserate\/\" \/>\n<meta property=\"og:locale\" content=\"it_IT\" \/>\n<meta property=\"og:type\" content=\"article\" \/>\n<meta property=\"og:title\" content=\"Annonces actuelles - Revue Musicale Suisse\" \/>\n<meta property=\"og:description\" content=\"Annonces en ligne et annonces de l&rsquo;\u00e9dition imprim\u00e9e Les annonces de l&rsquo;\u00e9dition imprim\u00e9e de la Revue Musicale Suisse ne paraissent en ligne que sur demande expresse du client, et apr\u00e8s paiement d&rsquo;un suppl\u00e9ment. D&rsquo;autres annonces sont disponibles dans l&rsquo;\u00e9dition imprim\u00e9e de la Revue Musicale Suisse (s&rsquo;abonner maintenant). Offres d&#8217;emploi Achat et vente Cours et manifestations [&hellip;]\" \/>\n<meta property=\"og:url\" content=\"https:\/\/www.revuemusicale.ch\/it\/aktuelle-inserate\/\" \/>\n<meta property=\"og:site_name\" content=\"Revue Musicale Suisse\" \/>\n<meta property=\"article:publisher\" content=\"https:\/\/www.facebook.com\/SchweizerMusikzeitung\/\" \/>\n<meta property=\"article:modified_time\" content=\"2024-10-23T13:16:41+00:00\" \/>\n<meta name=\"twitter:card\" content=\"summary_large_image\" \/>\n<meta name=\"twitter:site\" content=\"@smusikzeitung\" \/>\n<meta name=\"twitter:label1\" content=\"Tempo di lettura stimato\" \/>\n\t<meta name=\"twitter:data1\" content=\"1 minuto\" \/>\n<script type=\"application\/ld+json\" class=\"yoast-schema-graph\">{\"@context\":\"https:\\\/\\\/schema.org\",\"@graph\":[{\"@type\":\"WebPage\",\"@id\":\"https:\\\/\\\/www.revuemusicale.ch\\\/aktuelle-inserate\",\"url\":\"https:\\\/\\\/www.revuemusicale.ch\\\/aktuelle-inserate\",\"name\":\"Annonces actuelles - Revue Musicale Suisse\",\"isPartOf\":{\"@id\":\"https:\\\/\\\/www.revuemusicale.ch\\\/#website\"},\"datePublished\":\"2022-12-22T08:42:22+00:00\",\"dateModified\":\"2024-10-23T13:16:41+00:00\",\"breadcrumb\":{\"@id\":\"https:\\\/\\\/www.revuemusicale.ch\\\/aktuelle-inserate#breadcrumb\"},\"inLanguage\":\"it-IT\",\"potentialAction\":[{\"@type\":\"ReadAction\",\"target\":[\"https:\\\/\\\/www.revuemusicale.ch\\\/aktuelle-inserate\"]}]},{\"@type\":\"BreadcrumbList\",\"@id\":\"https:\\\/\\\/www.revuemusicale.ch\\\/aktuelle-inserate#breadcrumb\",\"itemListElement\":[{\"@type\":\"ListItem\",\"position\":1,\"name\":\"Home\",\"item\":\"https:\\\/\\\/www.revuemusicale.ch\\\/\"},{\"@type\":\"ListItem\",\"position\":2,\"name\":\"Annonces actuelles\"}]},{\"@type\":\"WebSite\",\"@id\":\"https:\\\/\\\/www.revuemusicale.ch\\\/#website\",\"url\":\"https:\\\/\\\/www.revuemusicale.ch\\\/\",\"name\":\"Revue Musicale Suisse\",\"description\":\"\",\"publisher\":{\"@id\":\"https:\\\/\\\/www.revuemusicale.ch\\\/#organization\"},\"potentialAction\":[{\"@type\":\"SearchAction\",\"target\":{\"@type\":\"EntryPoint\",\"urlTemplate\":\"https:\\\/\\\/www.revuemusicale.ch\\\/?s={search_term_string}\"},\"query-input\":{\"@type\":\"PropertyValueSpecification\",\"valueRequired\":true,\"valueName\":\"search_term_string\"}}],\"inLanguage\":\"it-IT\"},{\"@type\":\"Organization\",\"@id\":\"https:\\\/\\\/www.revuemusicale.ch\\\/#organization\",\"name\":\"Revue Musicale Suisse\",\"url\":\"https:\\\/\\\/www.revuemusicale.ch\\\/\",\"logo\":{\"@type\":\"ImageObject\",\"inLanguage\":\"it-IT\",\"@id\":\"https:\\\/\\\/www.revuemusicale.ch\\\/#\\\/schema\\\/logo\\\/image\\\/\",\"url\":\"https:\\\/\\\/www.revuemusicale.ch\\\/wp-content\\\/uploads\\\/2023\\\/01\\\/logo_revuemusicale_musikzeitung.jpg\",\"contentUrl\":\"https:\\\/\\\/www.revuemusicale.ch\\\/wp-content\\\/uploads\\\/2023\\\/01\\\/logo_revuemusicale_musikzeitung.jpg\",\"width\":1200,\"height\":243,\"caption\":\"Revue Musicale Suisse\"},\"image\":{\"@id\":\"https:\\\/\\\/www.revuemusicale.ch\\\/#\\\/schema\\\/logo\\\/image\\\/\"},\"sameAs\":[\"https:\\\/\\\/www.facebook.com\\\/SchweizerMusikzeitung\\\/\",\"https:\\\/\\\/x.com\\\/smusikzeitung\",\"https:\\\/\\\/www.instagram.com\\\/musikzeitung.ch\\\/?hl=de\"]}]}<\/script>\n<!-- \/ Yoast SEO plugin. -->","yoast_head_json":{"title":"Annunci attuali - Rassegna musicale svizzera","robots":{"index":"index","follow":"follow","max-snippet":"max-snippet:-1","max-image-preview":"max-image-preview:large","max-video-preview":"max-video-preview:-1"},"canonical":"https:\/\/www.revuemusicale.ch\/it\/aktuelle-inserate\/","og_locale":"it_IT","og_type":"article","og_title":"Annonces actuelles - Revue Musicale Suisse","og_description":"Annonces en ligne et annonces de l&rsquo;\u00e9dition imprim\u00e9e Les annonces de l&rsquo;\u00e9dition imprim\u00e9e de la Revue Musicale Suisse ne paraissent en ligne que sur demande expresse du client, et apr\u00e8s paiement d&rsquo;un suppl\u00e9ment. D&rsquo;autres annonces sont disponibles dans l&rsquo;\u00e9dition imprim\u00e9e de la Revue Musicale Suisse (s&rsquo;abonner maintenant). Offres d&#8217;emploi Achat et vente Cours et manifestations [&hellip;]","og_url":"https:\/\/www.revuemusicale.ch\/it\/aktuelle-inserate\/","og_site_name":"Revue Musicale Suisse","article_publisher":"https:\/\/www.facebook.com\/SchweizerMusikzeitung\/","article_modified_time":"2024-10-23T13:16:41+00:00","twitter_card":"summary_large_image","twitter_site":"@smusikzeitung","twitter_misc":{"Tempo di lettura stimato":"1 minuto"},"schema":{"@context":"https:\/\/schema.org","@graph":[{"@type":"WebPage","@id":"https:\/\/www.revuemusicale.ch\/aktuelle-inserate","url":"https:\/\/www.revuemusicale.ch\/aktuelle-inserate","name":"Annunci attuali - Rassegna musicale svizzera","isPartOf":{"@id":"https:\/\/www.revuemusicale.ch\/#website"},"datePublished":"2022-12-22T08:42:22+00:00","dateModified":"2024-10-23T13:16:41+00:00","breadcrumb":{"@id":"https:\/\/www.revuemusicale.ch\/aktuelle-inserate#breadcrumb"},"inLanguage":"it-IT","potentialAction":[{"@type":"ReadAction","target":["https:\/\/www.revuemusicale.ch\/aktuelle-inserate"]}]},{"@type":"BreadcrumbList","@id":"https:\/\/www.revuemusicale.ch\/aktuelle-inserate#breadcrumb","itemListElement":[{"@type":"ListItem","position":1,"name":"Home","item":"https:\/\/www.revuemusicale.ch\/"},{"@type":"ListItem","position":2,"name":"Annonces actuelles"}]},{"@type":"WebSite","@id":"https:\/\/www.revuemusicale.ch\/#website","url":"https:\/\/www.revuemusicale.ch\/","name":"Rassegna musicale svizzera","description":"","publisher":{"@id":"https:\/\/www.revuemusicale.ch\/#organization"},"potentialAction":[{"@type":"SearchAction","target":{"@type":"EntryPoint","urlTemplate":"https:\/\/www.revuemusicale.ch\/?s={search_term_string}"},"query-input":{"@type":"PropertyValueSpecification","valueRequired":true,"valueName":"search_term_string"}}],"inLanguage":"it-IT"},{"@type":"Organization","@id":"https:\/\/www.revuemusicale.ch\/#organization","name":"Rassegna musicale svizzera","url":"https:\/\/www.revuemusicale.ch\/","logo":{"@type":"ImageObject","inLanguage":"it-IT","@id":"https:\/\/www.revuemusicale.ch\/#\/schema\/logo\/image\/","url":"https:\/\/www.revuemusicale.ch\/wp-content\/uploads\/2023\/01\/logo_revuemusicale_musikzeitung.jpg","contentUrl":"https:\/\/www.revuemusicale.ch\/wp-content\/uploads\/2023\/01\/logo_revuemusicale_musikzeitung.jpg","width":1200,"height":243,"caption":"Revue Musicale Suisse"},"image":{"@id":"https:\/\/www.revuemusicale.ch\/#\/schema\/logo\/image\/"},"sameAs":["https:\/\/www.facebook.com\/SchweizerMusikzeitung\/","https:\/\/x.com\/smusikzeitung","https:\/\/www.instagram.com\/musikzeitung.ch\/?hl=de"]}]}},"publishpress_future_action":{"enabled":false,"date":"1970-01-01 01:00:00","action":"change-status","newStatus":"draft","terms":[],"taxonomy":"","extraData":[]},"publishpress_future_workflow_manual_trigger":{"enabledWorkflows":[]},"_links":{"self":[{"href":"https:\/\/www.revuemusicale.ch\/it\/wp-json\/wp\/v2\/pages\/130","targetHints":{"allow":["GET"]}}],"collection":[{"href":"https:\/\/www.revuemusicale.ch\/it\/wp-json\/wp\/v2\/pages"}],"about":[{"href":"https:\/\/www.revuemusicale.ch\/it\/wp-json\/wp\/v2\/types\/page"}],"author":[{"embeddable":true,"href":"https:\/\/www.revuemusicale.ch\/it\/wp-json\/wp\/v2\/users\/1"}],"replies":[{"embeddable":true,"href":"https:\/\/www.revuemusicale.ch\/it\/wp-json\/wp\/v2\/comments?post=130"}],"version-history":[{"count":11,"href":"https:\/\/www.revuemusicale.ch\/it\/wp-json\/wp\/v2\/pages\/130\/revisions"}],"predecessor-version":[{"id":30951,"href":"https:\/\/www.revuemusicale.ch\/it\/wp-json\/wp\/v2\/pages\/130\/revisions\/30951"}],"wp:attachment":[{"href":"https:\/\/www.revuemusicale.ch\/it\/wp-json\/wp\/v2\/media?parent=130"}],"curies":[{"name":"wp","href":"https:\/\/api.w.org\/{rel}","templated":true}]}}