{"id":260,"date":"2023-01-13T08:53:55","date_gmt":"2023-01-13T07:53:55","guid":{"rendered":"https:\/\/www.revuemusicale.ch\/?page_id=260"},"modified":"2025-12-17T16:28:38","modified_gmt":"2025-12-17T15:28:38","slug":"publicite-en-ligne","status":"publish","type":"page","link":"https:\/\/www.revuemusicale.ch\/it\/passer-une-annonce\/publicite-en-ligne","title":{"rendered":"Pubblicit\u00e0 online"},"content":{"rendered":"<h3>Pubblicit\u00e0 su revuemusicale.ch<\/h3>\n<h3 class=\"\">Banner web<\/h3>\n<p><strong>Traffico<\/strong><\/p>\n<p>I dati seguenti si basano su valori medi mensili rilevati dal 1\u00b0 ottobre 2024 al 30 settembre 2025 (fonte: Google Analytics, 6 ottobre 2025).<br \/>\nPagine viste: 82.000 \/ mese (<a href=\"https:\/\/www.musikzeitung.ch\/\" target=\"_blank\" rel=\"noopener\">musikzeitung.ch<\/a>); 8000 (<a href=\"https:\/\/www.revuemusicale.ch\/it\/\" target=\"_blank\" rel=\"noopener\">revuemusicale.ch<\/a>)<br \/>\nUtenti attivi: 9000 \/ mese (<a href=\"https:\/\/www.musikzeitung.ch\/\" target=\"_blank\" rel=\"noopener\">musikzeitung.ch<\/a>); 2500 (<a href=\"https:\/\/www.revuemusicale.ch\/it\/\" target=\"_blank\" rel=\"noopener\">revuemusicale.ch<\/a>)<br \/>\nTempo medio di interazione: 2 min. 09 sec. (<a href=\"https:\/\/www.musikzeitung.ch\/\" target=\"_blank\" rel=\"noopener\">musikzeitung.ch<\/a>); 34 sec (<a href=\"https:\/\/www.revuemusicale.ch\/it\/\" target=\"_blank\" rel=\"noopener\">revuemusicale.ch<\/a>)<\/p>\n<p><strong>Formati<\/strong><\/p>\n<p>A seconda del contenuto dell'annuncio: il formato leaderboard \u00e8 adatto per testi e immagini lunghi, mentre il formato rettangolo per testi e immagini brevi. I banner possono essere statici o animati. \u00c8 accettato il formato HTML5. I banner devono essere consegnati in formato JPG o GIF.<\/p>\n<p><strong>Tariffe<\/strong><\/p>\n<p><img loading=\"lazy\" decoding=\"async\" class=\"aligncenter size-full wp-image-30945\" src=\"https:\/\/www.revuemusicale.ch\/wp-content\/uploads\/2024\/10\/Skizze_Banner_Mediadatenf.jpg\" alt=\"\" width=\"659\" height=\"515\" srcset=\"https:\/\/www.revuemusicale.ch\/wp-content\/uploads\/2024\/10\/Skizze_Banner_Mediadatenf.jpg 659w, https:\/\/www.revuemusicale.ch\/wp-content\/uploads\/2024\/10\/Skizze_Banner_Mediadatenf-300x234.jpg 300w, https:\/\/www.revuemusicale.ch\/wp-content\/uploads\/2024\/10\/Skizze_Banner_Mediadatenf-15x12.jpg 15w, https:\/\/www.revuemusicale.ch\/wp-content\/uploads\/2024\/10\/Skizze_Banner_Mediadatenf-224x175.jpg 224w, https:\/\/www.revuemusicale.ch\/wp-content\/uploads\/2024\/10\/Skizze_Banner_Mediadatenf-448x350.jpg 448w\" sizes=\"auto, (max-width: 659px) 100vw, 659px\" \/><\/p>\n<p>Sconti<br \/>\n3 mesi 5 % del prezzo del banner<br \/>\n6 mesi 10 % del prezzo del banner<br \/>\n12 mesi 15 % del prezzo del banner<\/p>\n<p><strong>Ordini<\/strong><\/p>\n<p>Via e-mail <a href=\"mailto:inserate@musikzeitung.ch\">inserate@musikzeitung.ch<\/a><\/p>\n<p>&nbsp;<\/p>\n<h3>Pubblicit\u00e0 online<\/h3>\n<p><strong>Titoli<\/strong><br \/>\nOfferte di lavoro e candidature<br \/>\nAcquisto e vendita<br \/>\nCorsi ed eventi<br \/>\nVarie<\/p>\n<p><strong>Prezzi<\/strong><br \/>\nFino al formato 1\/8 di pagina (47,5 x 140 mm): stesso prezzo dell'annuncio stampato. Se l'annuncio deve essere stampato in un secondo momento, verr\u00e0 addebitata una tassa di elaborazione di 50 franchi.<\/p>\n<p>Piccolo annuncio con link a un annuncio dettagliato su un sito esterno CHF 250.00 \/ mese<br \/>\nDal formato 1\/6 di pagina (100 x 92 mm), prezzo unitario CHF 400.00 \/ mese<br \/>\nDal formato 1\/2 pagina (100 x 284 mm o 205 x 140 mm), prezzo unitario CHF 750.00 \/ mese<br \/>\nDal formato 1\/1 pagina (205 x 284 mm), prezzo unitario CHF 950.00 \/ mese<\/p>\n<p>Stampa successiva di annunci dal formato 1\/6 di pagina: costi da concordare.<\/p>\n<p><strong>Link online consigliati<\/strong><br \/>\nDa inserire su <a href=\"https:\/\/www.musikzeitung.ch\/linkempfehlungen\" target=\"_blank\" rel=\"noopener\">musikzeitung.ch\/linkempfehlungen<\/a><br \/>\nDa 1 a 3 mesi CHF 100.00<br \/>\nDa 4 a 6 mesi CHF 175.00<br \/>\nDa 7 a 12 mesi CHF 330.00<\/p>\n<p><strong>Calendario dei corsi online (Kurskalender)<\/strong><br \/>\nAnnuncio fino alla chiusura delle iscrizioni \/ inizio del corso (max. 12 mesi) su <a href=\"http:\/\/musikzeitung.ch\/kurse\" target=\"_blank\" rel=\"noopener\">musikzeitung.ch\/kurse<\/a> CHF 50.00<\/p>\n<p><strong>Calendario dei concerti online<\/strong><br \/>\nPubblicit\u00e0 su <a href=\"http:\/\/musikzeitung.ch\/konzerte\" target=\"_blank\" rel=\"noopener\">musikzeitung.ch\/konzerte<\/a><br \/>\ngratuito<\/p>\n<p><strong>Pubblicit\u00e0 online<br \/>\n<\/strong>inclusa la registrazione permanente nell'archivio web CHF 1000.00<\/p>\n<p>&nbsp;<\/p>","protected":false},"excerpt":{"rendered":"<p>Publicit\u00e9 sur revuemusicale.ch Banni\u00e8res web Traffic Les donn\u00e9es suivantes se basent sur des valeurs mensuelles moyennes mesur\u00e9es du 1er octobre 2024 au 30 septembre 2025 (source : Google Analytics, 6 octobre 2025). Pages vues : 82 000 \/ mois (musikzeitung.ch); 8000 (revuemusicale.ch) Utilisateurs actifs : 9000 \/ mois (musikzeitung.ch); 2500 (revuemusicale.ch) Temps moyen d&rsquo;interaction : [&hellip;]<\/p>\n","protected":false},"author":1,"featured_media":0,"parent":128,"menu_order":0,"comment_status":"closed","ping_status":"closed","template":"","meta":{"_acf_changed":false,"_relevanssi_hide_post":"","_relevanssi_hide_content":"","_relevanssi_pin_for_all":"","_relevanssi_pin_keywords":"","_relevanssi_unpin_keywords":"","_relevanssi_related_keywords":"","_relevanssi_related_include_ids":"","_relevanssi_related_exclude_ids":"","_relevanssi_related_no_append":"","_relevanssi_related_not_related":"","_relevanssi_related_posts":"","_relevanssi_noindex_reason":"","pgc_sgb_lightbox_settings":"","footnotes":""},"class_list":["post-260","page","type-page","status-publish","hentry"],"acf":[],"yoast_head":"<!-- This site is optimized with the Yoast SEO plugin v27.3 - https:\/\/yoast.com\/product\/yoast-seo-wordpress\/ -->\n<title>Publicit\u00e9 en ligne - Revue Musicale Suisse<\/title>\n<meta name=\"description\" content=\"Publicit\u00e9 sur revuemusicale.ch\" \/>\n<meta name=\"robots\" content=\"index, follow, max-snippet:-1, max-image-preview:large, max-video-preview:-1\" \/>\n<link rel=\"canonical\" href=\"https:\/\/www.revuemusicale.ch\/it\/passer-une-annonce\/publicite-en-ligne\/\" \/>\n<meta property=\"og:locale\" content=\"it_IT\" \/>\n<meta property=\"og:type\" content=\"article\" \/>\n<meta property=\"og:title\" content=\"Publicit\u00e9 en ligne - Revue Musicale Suisse\" \/>\n<meta property=\"og:description\" content=\"Publicit\u00e9 sur revuemusicale.ch\" \/>\n<meta property=\"og:url\" content=\"https:\/\/www.revuemusicale.ch\/it\/passer-une-annonce\/publicite-en-ligne\/\" \/>\n<meta property=\"og:site_name\" content=\"Revue Musicale Suisse\" \/>\n<meta property=\"article:publisher\" content=\"https:\/\/www.facebook.com\/SchweizerMusikzeitung\/\" \/>\n<meta property=\"article:modified_time\" content=\"2025-12-17T15:28:38+00:00\" \/>\n<meta property=\"og:image\" content=\"https:\/\/www.revuemusicale.ch\/wp-content\/uploads\/2024\/10\/Skizze_Banner_Mediadatenf.jpg\" \/>\n<meta name=\"twitter:card\" content=\"summary_large_image\" \/>\n<meta name=\"twitter:site\" content=\"@smusikzeitung\" \/>\n<meta name=\"twitter:label1\" content=\"Tempo di lettura stimato\" \/>\n\t<meta name=\"twitter:data1\" content=\"2 minuti\" \/>\n<script type=\"application\/ld+json\" class=\"yoast-schema-graph\">{\"@context\":\"https:\\\/\\\/schema.org\",\"@graph\":[{\"@type\":\"WebPage\",\"@id\":\"https:\\\/\\\/www.revuemusicale.ch\\\/passer-une-annonce\\\/publicite-en-ligne\",\"url\":\"https:\\\/\\\/www.revuemusicale.ch\\\/passer-une-annonce\\\/publicite-en-ligne\",\"name\":\"Publicit\u00e9 en ligne - Revue Musicale Suisse\",\"isPartOf\":{\"@id\":\"https:\\\/\\\/www.revuemusicale.ch\\\/#website\"},\"primaryImageOfPage\":{\"@id\":\"https:\\\/\\\/www.revuemusicale.ch\\\/passer-une-annonce\\\/publicite-en-ligne#primaryimage\"},\"image\":{\"@id\":\"https:\\\/\\\/www.revuemusicale.ch\\\/passer-une-annonce\\\/publicite-en-ligne#primaryimage\"},\"thumbnailUrl\":\"https:\\\/\\\/www.revuemusicale.ch\\\/wp-content\\\/uploads\\\/2024\\\/10\\\/Skizze_Banner_Mediadatenf.jpg\",\"datePublished\":\"2023-01-13T07:53:55+00:00\",\"dateModified\":\"2025-12-17T15:28:38+00:00\",\"description\":\"Publicit\u00e9 sur revuemusicale.ch\",\"breadcrumb\":{\"@id\":\"https:\\\/\\\/www.revuemusicale.ch\\\/passer-une-annonce\\\/publicite-en-ligne#breadcrumb\"},\"inLanguage\":\"it-IT\",\"potentialAction\":[{\"@type\":\"ReadAction\",\"target\":[\"https:\\\/\\\/www.revuemusicale.ch\\\/passer-une-annonce\\\/publicite-en-ligne\"]}]},{\"@type\":\"ImageObject\",\"inLanguage\":\"it-IT\",\"@id\":\"https:\\\/\\\/www.revuemusicale.ch\\\/passer-une-annonce\\\/publicite-en-ligne#primaryimage\",\"url\":\"https:\\\/\\\/www.revuemusicale.ch\\\/wp-content\\\/uploads\\\/2024\\\/10\\\/Skizze_Banner_Mediadatenf.jpg\",\"contentUrl\":\"https:\\\/\\\/www.revuemusicale.ch\\\/wp-content\\\/uploads\\\/2024\\\/10\\\/Skizze_Banner_Mediadatenf.jpg\"},{\"@type\":\"BreadcrumbList\",\"@id\":\"https:\\\/\\\/www.revuemusicale.ch\\\/passer-une-annonce\\\/publicite-en-ligne#breadcrumb\",\"itemListElement\":[{\"@type\":\"ListItem\",\"position\":1,\"name\":\"Home\",\"item\":\"https:\\\/\\\/www.revuemusicale.ch\\\/\"},{\"@type\":\"ListItem\",\"position\":2,\"name\":\"Passer une annonce\",\"item\":\"https:\\\/\\\/www.revuemusicale.ch\\\/passer-une-annonce\"},{\"@type\":\"ListItem\",\"position\":3,\"name\":\"Publicit\u00e9 en ligne\"}]},{\"@type\":\"WebSite\",\"@id\":\"https:\\\/\\\/www.revuemusicale.ch\\\/#website\",\"url\":\"https:\\\/\\\/www.revuemusicale.ch\\\/\",\"name\":\"Revue Musicale Suisse\",\"description\":\"\",\"publisher\":{\"@id\":\"https:\\\/\\\/www.revuemusicale.ch\\\/#organization\"},\"potentialAction\":[{\"@type\":\"SearchAction\",\"target\":{\"@type\":\"EntryPoint\",\"urlTemplate\":\"https:\\\/\\\/www.revuemusicale.ch\\\/?s={search_term_string}\"},\"query-input\":{\"@type\":\"PropertyValueSpecification\",\"valueRequired\":true,\"valueName\":\"search_term_string\"}}],\"inLanguage\":\"it-IT\"},{\"@type\":\"Organization\",\"@id\":\"https:\\\/\\\/www.revuemusicale.ch\\\/#organization\",\"name\":\"Revue Musicale Suisse\",\"url\":\"https:\\\/\\\/www.revuemusicale.ch\\\/\",\"logo\":{\"@type\":\"ImageObject\",\"inLanguage\":\"it-IT\",\"@id\":\"https:\\\/\\\/www.revuemusicale.ch\\\/#\\\/schema\\\/logo\\\/image\\\/\",\"url\":\"https:\\\/\\\/www.revuemusicale.ch\\\/wp-content\\\/uploads\\\/2023\\\/01\\\/logo_revuemusicale_musikzeitung.jpg\",\"contentUrl\":\"https:\\\/\\\/www.revuemusicale.ch\\\/wp-content\\\/uploads\\\/2023\\\/01\\\/logo_revuemusicale_musikzeitung.jpg\",\"width\":1200,\"height\":243,\"caption\":\"Revue Musicale Suisse\"},\"image\":{\"@id\":\"https:\\\/\\\/www.revuemusicale.ch\\\/#\\\/schema\\\/logo\\\/image\\\/\"},\"sameAs\":[\"https:\\\/\\\/www.facebook.com\\\/SchweizerMusikzeitung\\\/\",\"https:\\\/\\\/x.com\\\/smusikzeitung\",\"https:\\\/\\\/www.instagram.com\\\/musikzeitung.ch\\\/?hl=de\"]}]}<\/script>\n<!-- \/ Yoast SEO plugin. -->","yoast_head_json":{"title":"Publicit\u00e9 en ligne - Revue Musicale Suisse","description":"Pubblicit\u00e0 su revuemusicale.ch","robots":{"index":"index","follow":"follow","max-snippet":"max-snippet:-1","max-image-preview":"max-image-preview:large","max-video-preview":"max-video-preview:-1"},"canonical":"https:\/\/www.revuemusicale.ch\/it\/passer-une-annonce\/publicite-en-ligne\/","og_locale":"it_IT","og_type":"article","og_title":"Publicit\u00e9 en ligne - Revue Musicale Suisse","og_description":"Publicit\u00e9 sur revuemusicale.ch","og_url":"https:\/\/www.revuemusicale.ch\/it\/passer-une-annonce\/publicite-en-ligne\/","og_site_name":"Revue Musicale Suisse","article_publisher":"https:\/\/www.facebook.com\/SchweizerMusikzeitung\/","article_modified_time":"2025-12-17T15:28:38+00:00","og_image":[{"url":"https:\/\/www.revuemusicale.ch\/wp-content\/uploads\/2024\/10\/Skizze_Banner_Mediadatenf.jpg","type":"","width":"","height":""}],"twitter_card":"summary_large_image","twitter_site":"@smusikzeitung","twitter_misc":{"Tempo di lettura stimato":"2 minuti"},"schema":{"@context":"https:\/\/schema.org","@graph":[{"@type":"WebPage","@id":"https:\/\/www.revuemusicale.ch\/passer-une-annonce\/publicite-en-ligne","url":"https:\/\/www.revuemusicale.ch\/passer-une-annonce\/publicite-en-ligne","name":"Publicit\u00e9 en ligne - Revue Musicale Suisse","isPartOf":{"@id":"https:\/\/www.revuemusicale.ch\/#website"},"primaryImageOfPage":{"@id":"https:\/\/www.revuemusicale.ch\/passer-une-annonce\/publicite-en-ligne#primaryimage"},"image":{"@id":"https:\/\/www.revuemusicale.ch\/passer-une-annonce\/publicite-en-ligne#primaryimage"},"thumbnailUrl":"https:\/\/www.revuemusicale.ch\/wp-content\/uploads\/2024\/10\/Skizze_Banner_Mediadatenf.jpg","datePublished":"2023-01-13T07:53:55+00:00","dateModified":"2025-12-17T15:28:38+00:00","description":"Pubblicit\u00e0 su revuemusicale.ch","breadcrumb":{"@id":"https:\/\/www.revuemusicale.ch\/passer-une-annonce\/publicite-en-ligne#breadcrumb"},"inLanguage":"it-IT","potentialAction":[{"@type":"ReadAction","target":["https:\/\/www.revuemusicale.ch\/passer-une-annonce\/publicite-en-ligne"]}]},{"@type":"ImageObject","inLanguage":"it-IT","@id":"https:\/\/www.revuemusicale.ch\/passer-une-annonce\/publicite-en-ligne#primaryimage","url":"https:\/\/www.revuemusicale.ch\/wp-content\/uploads\/2024\/10\/Skizze_Banner_Mediadatenf.jpg","contentUrl":"https:\/\/www.revuemusicale.ch\/wp-content\/uploads\/2024\/10\/Skizze_Banner_Mediadatenf.jpg"},{"@type":"BreadcrumbList","@id":"https:\/\/www.revuemusicale.ch\/passer-une-annonce\/publicite-en-ligne#breadcrumb","itemListElement":[{"@type":"ListItem","position":1,"name":"Home","item":"https:\/\/www.revuemusicale.ch\/"},{"@type":"ListItem","position":2,"name":"Passer une annonce","item":"https:\/\/www.revuemusicale.ch\/passer-une-annonce"},{"@type":"ListItem","position":3,"name":"Publicit\u00e9 en ligne"}]},{"@type":"WebSite","@id":"https:\/\/www.revuemusicale.ch\/#website","url":"https:\/\/www.revuemusicale.ch\/","name":"Rassegna musicale svizzera","description":"","publisher":{"@id":"https:\/\/www.revuemusicale.ch\/#organization"},"potentialAction":[{"@type":"SearchAction","target":{"@type":"EntryPoint","urlTemplate":"https:\/\/www.revuemusicale.ch\/?s={search_term_string}"},"query-input":{"@type":"PropertyValueSpecification","valueRequired":true,"valueName":"search_term_string"}}],"inLanguage":"it-IT"},{"@type":"Organization","@id":"https:\/\/www.revuemusicale.ch\/#organization","name":"Rassegna musicale svizzera","url":"https:\/\/www.revuemusicale.ch\/","logo":{"@type":"ImageObject","inLanguage":"it-IT","@id":"https:\/\/www.revuemusicale.ch\/#\/schema\/logo\/image\/","url":"https:\/\/www.revuemusicale.ch\/wp-content\/uploads\/2023\/01\/logo_revuemusicale_musikzeitung.jpg","contentUrl":"https:\/\/www.revuemusicale.ch\/wp-content\/uploads\/2023\/01\/logo_revuemusicale_musikzeitung.jpg","width":1200,"height":243,"caption":"Revue Musicale Suisse"},"image":{"@id":"https:\/\/www.revuemusicale.ch\/#\/schema\/logo\/image\/"},"sameAs":["https:\/\/www.facebook.com\/SchweizerMusikzeitung\/","https:\/\/x.com\/smusikzeitung","https:\/\/www.instagram.com\/musikzeitung.ch\/?hl=de"]}]}},"publishpress_future_action":{"enabled":false,"date":"1970-01-01 01:00:00","action":"change-status","newStatus":"draft","terms":[],"taxonomy":"","extraData":[]},"publishpress_future_workflow_manual_trigger":{"enabledWorkflows":[]},"_links":{"self":[{"href":"https:\/\/www.revuemusicale.ch\/it\/wp-json\/wp\/v2\/pages\/260","targetHints":{"allow":["GET"]}}],"collection":[{"href":"https:\/\/www.revuemusicale.ch\/it\/wp-json\/wp\/v2\/pages"}],"about":[{"href":"https:\/\/www.revuemusicale.ch\/it\/wp-json\/wp\/v2\/types\/page"}],"author":[{"embeddable":true,"href":"https:\/\/www.revuemusicale.ch\/it\/wp-json\/wp\/v2\/users\/1"}],"replies":[{"embeddable":true,"href":"https:\/\/www.revuemusicale.ch\/it\/wp-json\/wp\/v2\/comments?post=260"}],"version-history":[{"count":14,"href":"https:\/\/www.revuemusicale.ch\/it\/wp-json\/wp\/v2\/pages\/260\/revisions"}],"predecessor-version":[{"id":31637,"href":"https:\/\/www.revuemusicale.ch\/it\/wp-json\/wp\/v2\/pages\/260\/revisions\/31637"}],"up":[{"embeddable":true,"href":"https:\/\/www.revuemusicale.ch\/it\/wp-json\/wp\/v2\/pages\/128"}],"wp:attachment":[{"href":"https:\/\/www.revuemusicale.ch\/it\/wp-json\/wp\/v2\/media?parent=260"}],"curies":[{"name":"wp","href":"https:\/\/api.w.org\/{rel}","templated":true}]}}