{"id":34403,"date":"2026-05-11T09:40:46","date_gmt":"2026-05-11T07:40:46","guid":{"rendered":"https:\/\/www.revuemusicale.ch\/?page_id=34403"},"modified":"2026-05-11T09:40:46","modified_gmt":"2026-05-11T07:40:46","slug":"formation-musicale","status":"publish","type":"page","link":"https:\/\/www.revuemusicale.ch\/it\/basis\/formation-musicale","title":{"rendered":"FORMAZIONE MUSICALE"},"content":{"rendered":"<h3><strong>Formation musicale en Suisse<\/strong><\/h3>\n<p>&nbsp;<\/p>\n<p><em>Enseignement, chorales, \u00e9veil musical, encouragement des talents et formation professionelle : l\u2019enseignement musical en Suisse est tr\u00e8s diversifi\u00e9. L\u2019Association suisse des \u00e9coles de musique suisses (ASEM) et la Conf\u00e9rence des Hautes \u00c9coles de Musique pr\u00e9sentent les principaux acteurs et les publics cibles sous la label commun commune \u00ab\u00a0Formation musicale en Suisse\u00a0\u00bb.<\/em><\/p>\n<p>&nbsp;<\/p>\n<p><strong>Associazione svizzera delle scuole di musica<img loading=\"lazy\" decoding=\"async\" class=\"alignright wp-image-34414 size-full\" src=\"https:\/\/www.revuemusicale.ch\/wp-content\/uploads\/2026\/05\/VMS_Bildzeichen_RGB_SocialMedia_Quadratisch.jpg\" alt=\"\" width=\"213\" height=\"284\" srcset=\"https:\/\/www.revuemusicale.ch\/wp-content\/uploads\/2026\/05\/VMS_Bildzeichen_RGB_SocialMedia_Quadratisch.jpg 213w, https:\/\/www.revuemusicale.ch\/wp-content\/uploads\/2026\/05\/VMS_Bildzeichen_RGB_SocialMedia_Quadratisch-9x12.jpg 9w, https:\/\/www.revuemusicale.ch\/wp-content\/uploads\/2026\/05\/VMS_Bildzeichen_RGB_SocialMedia_Quadratisch-131x175.jpg 131w\" sizes=\"auto, (max-width: 213px) 100vw, 213px\" \/><\/strong><\/p>\n<p>&nbsp;<\/p>\n<p>L&rsquo;Association suisse des \u00e9coles de musique ASEM est l&rsquo;organisation fa\u00eeti\u00e8re des \u00e9coles de musique locales et r\u00e9gionales en Suisse. Elle repr\u00e9sente les 374 \u00e9coles de musique rattach\u00e9es aux associations cantonales.<\/p>\n<p>&nbsp;<\/p>\n<p>&nbsp;<\/p>\n<p><strong>Conf\u00e9rence des Hautes \u00c9coles de Musique\u00a0<\/strong><\/p>\n<p>La Conf\u00e9rence des Hautes \u00c9coles de Musique Suisses (CHEMS)\u00a0est compos\u00e9e des directrices et directeurs des hautes \u00e9coles de musique suisses :<\/p>\n<p><img loading=\"lazy\" decoding=\"async\" class=\"alignright wp-image-34415 size-full\" src=\"https:\/\/www.revuemusicale.ch\/wp-content\/uploads\/2026\/05\/Logo_KMHS_m_klein.jpg\" alt=\"\" width=\"213\" height=\"213\" srcset=\"https:\/\/www.revuemusicale.ch\/wp-content\/uploads\/2026\/05\/Logo_KMHS_m_klein.jpg 213w, https:\/\/www.revuemusicale.ch\/wp-content\/uploads\/2026\/05\/Logo_KMHS_m_klein-12x12.jpg 12w, https:\/\/www.revuemusicale.ch\/wp-content\/uploads\/2026\/05\/Logo_KMHS_m_klein-175x175.jpg 175w, https:\/\/www.revuemusicale.ch\/wp-content\/uploads\/2026\/05\/Logo_KMHS_m_klein-150x150.jpg 150w, https:\/\/www.revuemusicale.ch\/wp-content\/uploads\/2026\/05\/Logo_KMHS_m_klein-100x100.jpg 100w, https:\/\/www.revuemusicale.ch\/wp-content\/uploads\/2026\/05\/Logo_KMHS_m_klein-24x24.jpg 24w, https:\/\/www.revuemusicale.ch\/wp-content\/uploads\/2026\/05\/Logo_KMHS_m_klein-48x48.jpg 48w, https:\/\/www.revuemusicale.ch\/wp-content\/uploads\/2026\/05\/Logo_KMHS_m_klein-96x96.jpg 96w\" sizes=\"auto, (max-width: 213px) 100vw, 213px\" \/><\/p>\n<ul>\n<li>Haute \u00c9cole de Musique de Gen\u00e8ve<\/li>\n<li>Haute \u00c9cole de Musique de Lausanne<\/li>\n<li>Hochschule der K\u00fcnste Bern \u2013 Musik<\/li>\n<li>Hochschule f\u00fcr Musik FHNW\/Musik-Akademie Basel<\/li>\n<li>Hochschule Luzern - Musica<\/li>\n<li>Conservatorio della Svizzera italiana \u2013 Scuola universitaria di musica Lugano<\/li>\n<li>Z\u00fcrcher Hochschule der K\u00fcnste \u2013 Musik<\/li>\n<\/ul>\n<p>&nbsp;<\/p>\n<p>&nbsp;<\/p>\n<p><strong>Contatto<\/strong><\/p>\n<p><a href=\"https:\/\/www.verband-musikschulen.ch\/fr\/home\" target=\"_blank\" rel=\"noopener\">www.musikschule.ch<\/a><\/p>\n<p><a href=\"https:\/\/kmhs.ch\/fr\/\" target=\"_blank\" rel=\"noopener\">www.kmhs.ch<\/a><\/p>\n<p>&nbsp;<\/p>\n<p>R\u00e9daction et coordination:<\/p>\n<p>Anicia Kohler (ASEM)\u00a0<a href=\"mailto:anicia.kohler@musikschule.ch\">anicia.kohler@musikschule.ch<\/a><\/p>\n<p>Milena Bucher (CHEMS) <a href=\"mailto:info@kmhs.ch\">info@kmhs.ch<\/a><\/p>","protected":false},"excerpt":{"rendered":"<p>Formation musicale en Suisse &nbsp; Enseignement, chorales, \u00e9veil musical, encouragement des talents et formation professionelle : l\u2019enseignement musical en Suisse est tr\u00e8s diversifi\u00e9. L\u2019Association suisse des \u00e9coles de musique suisses (ASEM) et la Conf\u00e9rence des Hautes \u00c9coles de Musique pr\u00e9sentent les principaux acteurs et les publics cibles sous la label commun commune \u00ab\u00a0Formation musicale en [&hellip;]<\/p>\n","protected":false},"author":36251,"featured_media":34419,"parent":230,"menu_order":0,"comment_status":"closed","ping_status":"closed","template":"page_partner.php","meta":{"_acf_changed":false,"_relevanssi_hide_post":"","_relevanssi_hide_content":"","_relevanssi_pin_for_all":"","_relevanssi_pin_keywords":"","_relevanssi_unpin_keywords":"","_relevanssi_related_keywords":"","_relevanssi_related_include_ids":"","_relevanssi_related_exclude_ids":"","_relevanssi_related_no_append":"","_relevanssi_related_not_related":"","_relevanssi_related_posts":"","_relevanssi_noindex_reason":"","pgc_sgb_lightbox_settings":"","footnotes":""},"class_list":["post-34403","page","type-page","status-publish","has-post-thumbnail","hentry"],"acf":[],"yoast_head":"<!-- This site is optimized with the Yoast SEO plugin v27.3 - https:\/\/yoast.com\/product\/yoast-seo-wordpress\/ -->\n<title>FORMATION MUSICALE - Revue Musicale Suisse<\/title>\n<meta name=\"robots\" content=\"index, follow, max-snippet:-1, max-image-preview:large, max-video-preview:-1\" \/>\n<link rel=\"canonical\" href=\"https:\/\/www.revuemusicale.ch\/it\/basis\/formation-musicale\/\" \/>\n<meta property=\"og:locale\" content=\"it_IT\" \/>\n<meta property=\"og:type\" content=\"article\" \/>\n<meta property=\"og:title\" content=\"FORMATION MUSICALE - Revue Musicale Suisse\" \/>\n<meta property=\"og:description\" content=\"Formation musicale en Suisse &nbsp; Enseignement, chorales, \u00e9veil musical, encouragement des talents et formation professionelle : l\u2019enseignement musical en Suisse est tr\u00e8s diversifi\u00e9. L\u2019Association suisse des \u00e9coles de musique suisses (ASEM) et la Conf\u00e9rence des Hautes \u00c9coles de Musique pr\u00e9sentent les principaux acteurs et les publics cibles sous la label commun commune \u00ab\u00a0Formation musicale en [&hellip;]\" \/>\n<meta property=\"og:url\" content=\"https:\/\/www.revuemusicale.ch\/it\/basis\/formation-musicale\/\" \/>\n<meta property=\"og:site_name\" content=\"Revue Musicale Suisse\" \/>\n<meta property=\"article:publisher\" content=\"https:\/\/www.facebook.com\/SchweizerMusikzeitung\/\" \/>\n<meta property=\"og:image\" content=\"https:\/\/www.revuemusicale.ch\/wp-content\/uploads\/2026\/05\/musikalische-bildung-schweiz-logo-musikzeitung.webp\" \/>\n\t<meta property=\"og:image:width\" content=\"1200\" \/>\n\t<meta property=\"og:image:height\" content=\"600\" \/>\n\t<meta property=\"og:image:type\" content=\"image\/webp\" \/>\n<meta name=\"twitter:card\" content=\"summary_large_image\" \/>\n<meta name=\"twitter:site\" content=\"@smusikzeitung\" \/>\n<meta name=\"twitter:label1\" content=\"Tempo di lettura stimato\" \/>\n\t<meta name=\"twitter:data1\" content=\"2 minuti\" \/>\n<script type=\"application\/ld+json\" class=\"yoast-schema-graph\">{\"@context\":\"https:\\\/\\\/schema.org\",\"@graph\":[{\"@type\":\"WebPage\",\"@id\":\"https:\\\/\\\/www.revuemusicale.ch\\\/basis\\\/formation-musicale\",\"url\":\"https:\\\/\\\/www.revuemusicale.ch\\\/basis\\\/formation-musicale\",\"name\":\"FORMATION MUSICALE - Revue Musicale Suisse\",\"isPartOf\":{\"@id\":\"https:\\\/\\\/www.revuemusicale.ch\\\/#website\"},\"primaryImageOfPage\":{\"@id\":\"https:\\\/\\\/www.revuemusicale.ch\\\/basis\\\/formation-musicale#primaryimage\"},\"image\":{\"@id\":\"https:\\\/\\\/www.revuemusicale.ch\\\/basis\\\/formation-musicale#primaryimage\"},\"thumbnailUrl\":\"https:\\\/\\\/www.revuemusicale.ch\\\/wp-content\\\/uploads\\\/2026\\\/05\\\/musikalische-bildung-schweiz-logo-musikzeitung.webp\",\"datePublished\":\"2026-05-11T07:40:46+00:00\",\"breadcrumb\":{\"@id\":\"https:\\\/\\\/www.revuemusicale.ch\\\/basis\\\/formation-musicale#breadcrumb\"},\"inLanguage\":\"it-IT\",\"potentialAction\":[{\"@type\":\"ReadAction\",\"target\":[\"https:\\\/\\\/www.revuemusicale.ch\\\/basis\\\/formation-musicale\"]}]},{\"@type\":\"ImageObject\",\"inLanguage\":\"it-IT\",\"@id\":\"https:\\\/\\\/www.revuemusicale.ch\\\/basis\\\/formation-musicale#primaryimage\",\"url\":\"https:\\\/\\\/www.revuemusicale.ch\\\/wp-content\\\/uploads\\\/2026\\\/05\\\/musikalische-bildung-schweiz-logo-musikzeitung.webp\",\"contentUrl\":\"https:\\\/\\\/www.revuemusicale.ch\\\/wp-content\\\/uploads\\\/2026\\\/05\\\/musikalische-bildung-schweiz-logo-musikzeitung.webp\",\"width\":1200,\"height\":600},{\"@type\":\"BreadcrumbList\",\"@id\":\"https:\\\/\\\/www.revuemusicale.ch\\\/basis\\\/formation-musicale#breadcrumb\",\"itemListElement\":[{\"@type\":\"ListItem\",\"position\":1,\"name\":\"Home\",\"item\":\"https:\\\/\\\/www.revuemusicale.ch\\\/\"},{\"@type\":\"ListItem\",\"position\":2,\"name\":\"Basis\",\"item\":\"https:\\\/\\\/www.revuemusicale.ch\\\/basis\"},{\"@type\":\"ListItem\",\"position\":3,\"name\":\"FORMATION MUSICALE\"}]},{\"@type\":\"WebSite\",\"@id\":\"https:\\\/\\\/www.revuemusicale.ch\\\/#website\",\"url\":\"https:\\\/\\\/www.revuemusicale.ch\\\/\",\"name\":\"Revue Musicale Suisse\",\"description\":\"\",\"publisher\":{\"@id\":\"https:\\\/\\\/www.revuemusicale.ch\\\/#organization\"},\"potentialAction\":[{\"@type\":\"SearchAction\",\"target\":{\"@type\":\"EntryPoint\",\"urlTemplate\":\"https:\\\/\\\/www.revuemusicale.ch\\\/?s={search_term_string}\"},\"query-input\":{\"@type\":\"PropertyValueSpecification\",\"valueRequired\":true,\"valueName\":\"search_term_string\"}}],\"inLanguage\":\"it-IT\"},{\"@type\":\"Organization\",\"@id\":\"https:\\\/\\\/www.revuemusicale.ch\\\/#organization\",\"name\":\"Revue Musicale Suisse\",\"url\":\"https:\\\/\\\/www.revuemusicale.ch\\\/\",\"logo\":{\"@type\":\"ImageObject\",\"inLanguage\":\"it-IT\",\"@id\":\"https:\\\/\\\/www.revuemusicale.ch\\\/#\\\/schema\\\/logo\\\/image\\\/\",\"url\":\"https:\\\/\\\/www.revuemusicale.ch\\\/wp-content\\\/uploads\\\/2023\\\/01\\\/logo_revuemusicale_musikzeitung.jpg\",\"contentUrl\":\"https:\\\/\\\/www.revuemusicale.ch\\\/wp-content\\\/uploads\\\/2023\\\/01\\\/logo_revuemusicale_musikzeitung.jpg\",\"width\":1200,\"height\":243,\"caption\":\"Revue Musicale Suisse\"},\"image\":{\"@id\":\"https:\\\/\\\/www.revuemusicale.ch\\\/#\\\/schema\\\/logo\\\/image\\\/\"},\"sameAs\":[\"https:\\\/\\\/www.facebook.com\\\/SchweizerMusikzeitung\\\/\",\"https:\\\/\\\/x.com\\\/smusikzeitung\",\"https:\\\/\\\/www.instagram.com\\\/musikzeitung.ch\\\/?hl=de\"]}]}<\/script>\n<!-- \/ Yoast SEO plugin. -->","yoast_head_json":{"title":"FORMATION MUSICALE - Revue Musicale Suisse","robots":{"index":"index","follow":"follow","max-snippet":"max-snippet:-1","max-image-preview":"max-image-preview:large","max-video-preview":"max-video-preview:-1"},"canonical":"https:\/\/www.revuemusicale.ch\/it\/basis\/formation-musicale\/","og_locale":"it_IT","og_type":"article","og_title":"FORMATION MUSICALE - Revue Musicale Suisse","og_description":"Formation musicale en Suisse &nbsp; Enseignement, chorales, \u00e9veil musical, encouragement des talents et formation professionelle : l\u2019enseignement musical en Suisse est tr\u00e8s diversifi\u00e9. L\u2019Association suisse des \u00e9coles de musique suisses (ASEM) et la Conf\u00e9rence des Hautes \u00c9coles de Musique pr\u00e9sentent les principaux acteurs et les publics cibles sous la label commun commune \u00ab\u00a0Formation musicale en [&hellip;]","og_url":"https:\/\/www.revuemusicale.ch\/it\/basis\/formation-musicale\/","og_site_name":"Revue Musicale Suisse","article_publisher":"https:\/\/www.facebook.com\/SchweizerMusikzeitung\/","og_image":[{"width":1200,"height":600,"url":"https:\/\/www.revuemusicale.ch\/wp-content\/uploads\/2026\/05\/musikalische-bildung-schweiz-logo-musikzeitung.webp","type":"image\/webp"}],"twitter_card":"summary_large_image","twitter_site":"@smusikzeitung","twitter_misc":{"Tempo di lettura stimato":"2 minuti"},"schema":{"@context":"https:\/\/schema.org","@graph":[{"@type":"WebPage","@id":"https:\/\/www.revuemusicale.ch\/basis\/formation-musicale","url":"https:\/\/www.revuemusicale.ch\/basis\/formation-musicale","name":"FORMATION MUSICALE - Revue Musicale Suisse","isPartOf":{"@id":"https:\/\/www.revuemusicale.ch\/#website"},"primaryImageOfPage":{"@id":"https:\/\/www.revuemusicale.ch\/basis\/formation-musicale#primaryimage"},"image":{"@id":"https:\/\/www.revuemusicale.ch\/basis\/formation-musicale#primaryimage"},"thumbnailUrl":"https:\/\/www.revuemusicale.ch\/wp-content\/uploads\/2026\/05\/musikalische-bildung-schweiz-logo-musikzeitung.webp","datePublished":"2026-05-11T07:40:46+00:00","breadcrumb":{"@id":"https:\/\/www.revuemusicale.ch\/basis\/formation-musicale#breadcrumb"},"inLanguage":"it-IT","potentialAction":[{"@type":"ReadAction","target":["https:\/\/www.revuemusicale.ch\/basis\/formation-musicale"]}]},{"@type":"ImageObject","inLanguage":"it-IT","@id":"https:\/\/www.revuemusicale.ch\/basis\/formation-musicale#primaryimage","url":"https:\/\/www.revuemusicale.ch\/wp-content\/uploads\/2026\/05\/musikalische-bildung-schweiz-logo-musikzeitung.webp","contentUrl":"https:\/\/www.revuemusicale.ch\/wp-content\/uploads\/2026\/05\/musikalische-bildung-schweiz-logo-musikzeitung.webp","width":1200,"height":600},{"@type":"BreadcrumbList","@id":"https:\/\/www.revuemusicale.ch\/basis\/formation-musicale#breadcrumb","itemListElement":[{"@type":"ListItem","position":1,"name":"Home","item":"https:\/\/www.revuemusicale.ch\/"},{"@type":"ListItem","position":2,"name":"Basis","item":"https:\/\/www.revuemusicale.ch\/basis"},{"@type":"ListItem","position":3,"name":"FORMATION MUSICALE"}]},{"@type":"WebSite","@id":"https:\/\/www.revuemusicale.ch\/#website","url":"https:\/\/www.revuemusicale.ch\/","name":"Rassegna musicale svizzera","description":"","publisher":{"@id":"https:\/\/www.revuemusicale.ch\/#organization"},"potentialAction":[{"@type":"SearchAction","target":{"@type":"EntryPoint","urlTemplate":"https:\/\/www.revuemusicale.ch\/?s={search_term_string}"},"query-input":{"@type":"PropertyValueSpecification","valueRequired":true,"valueName":"search_term_string"}}],"inLanguage":"it-IT"},{"@type":"Organization","@id":"https:\/\/www.revuemusicale.ch\/#organization","name":"Rassegna musicale svizzera","url":"https:\/\/www.revuemusicale.ch\/","logo":{"@type":"ImageObject","inLanguage":"it-IT","@id":"https:\/\/www.revuemusicale.ch\/#\/schema\/logo\/image\/","url":"https:\/\/www.revuemusicale.ch\/wp-content\/uploads\/2023\/01\/logo_revuemusicale_musikzeitung.jpg","contentUrl":"https:\/\/www.revuemusicale.ch\/wp-content\/uploads\/2023\/01\/logo_revuemusicale_musikzeitung.jpg","width":1200,"height":243,"caption":"Revue Musicale Suisse"},"image":{"@id":"https:\/\/www.revuemusicale.ch\/#\/schema\/logo\/image\/"},"sameAs":["https:\/\/www.facebook.com\/SchweizerMusikzeitung\/","https:\/\/x.com\/smusikzeitung","https:\/\/www.instagram.com\/musikzeitung.ch\/?hl=de"]}]}},"publishpress_future_action":{"enabled":false,"date":"1970-01-01 01:00:00","action":"change-status","newStatus":"draft","terms":[],"taxonomy":"","extraData":[]},"publishpress_future_workflow_manual_trigger":{"enabledWorkflows":[]},"_links":{"self":[{"href":"https:\/\/www.revuemusicale.ch\/it\/wp-json\/wp\/v2\/pages\/34403","targetHints":{"allow":["GET"]}}],"collection":[{"href":"https:\/\/www.revuemusicale.ch\/it\/wp-json\/wp\/v2\/pages"}],"about":[{"href":"https:\/\/www.revuemusicale.ch\/it\/wp-json\/wp\/v2\/types\/page"}],"author":[{"embeddable":true,"href":"https:\/\/www.revuemusicale.ch\/it\/wp-json\/wp\/v2\/users\/36251"}],"replies":[{"embeddable":true,"href":"https:\/\/www.revuemusicale.ch\/it\/wp-json\/wp\/v2\/comments?post=34403"}],"version-history":[{"count":5,"href":"https:\/\/www.revuemusicale.ch\/it\/wp-json\/wp\/v2\/pages\/34403\/revisions"}],"predecessor-version":[{"id":34421,"href":"https:\/\/www.revuemusicale.ch\/it\/wp-json\/wp\/v2\/pages\/34403\/revisions\/34421"}],"up":[{"embeddable":true,"href":"https:\/\/www.revuemusicale.ch\/it\/wp-json\/wp\/v2\/pages\/230"}],"wp:featuredmedia":[{"embeddable":true,"href":"https:\/\/www.revuemusicale.ch\/it\/wp-json\/wp\/v2\/media\/34419"}],"wp:attachment":[{"href":"https:\/\/www.revuemusicale.ch\/it\/wp-json\/wp\/v2\/media?parent=34403"}],"curies":[{"name":"wp","href":"https:\/\/api.w.org\/{rel}","templated":true}]}}