{"id":39,"date":"2022-05-18T12:30:26","date_gmt":"2022-05-18T11:30:26","guid":{"rendered":"https:\/\/www.revuemusicale.ch\/?page_id=39"},"modified":"2024-10-04T15:14:36","modified_gmt":"2024-10-04T13:14:36","slug":"cg-protection_des_donnees","status":"publish","type":"page","link":"https:\/\/www.revuemusicale.ch\/it\/cg-protection_des_donnees","title":{"rendered":"Protezione GC\/dati"},"content":{"rendered":"<div>\n<div>\n<h3 class=\"\">Termini e condizioni generali della Rassegna musicale svizzera<\/h3>\n<\/div>\n<div>\n<h3 class=\"\">Condizioni d'uso e informativa sulla privacy<\/h3>\n<\/div>\n<div class=\"text-section\">\n<h3><strong>Preambolo<\/strong><\/h3>\n<p>LA TRADUZIONE IN FRANCESE DELLE CONDIZIONI GENERALI DI CONTRATTO HA CARATTERE PURAMENTE INFORMATIVO. IN CASO DI DUBBIO E\/O DI CONTROVERSIA, SOLO LA <a href=\"https:\/\/www.musikzeitung.ch\/de\/agb.html\">VERSIONE ORIGINALE TEDESCA<\/a> FAIT FOI.<\/p>\n<\/div>\n<\/div>\n<div class=\"text-section\">\n<h3><strong>1. Ambito di applicazione<\/strong><\/h3>\n<p>Le presenti condizioni d'uso e l'informativa sulla privacy hanno lo scopo di definire il rapporto tra la Swiss Music Review (di seguito denominata \"il fornitore\") e gli utenti (di seguito denominati \"l'utente\") per quanto riguarda i servizi (in particolare l'edizione cartacea, la presenza sul web e tutte le applicazioni mobili) messi a disposizione dalla Swiss Music Review, compresi i prodotti e i servizi di terzi (di seguito denominati \"i prodotti\").<\/p>\n<p>Le presenti condizioni d'uso e l'informativa sulla privacy si applicano a tutti gli utenti di questi prodotti. Utilizzando questi prodotti, l'utente accetta le condizioni d'uso e l'informativa sulla privacy. Esse costituiranno pertanto parte integrante di qualsiasi contratto stipulato tra l'utente e Swiss Music Review, salvo diverso accordo tra le due parti. Qualsiasi disposizione dell'utente che si discosti dalle presenti condizioni d'uso e dall'informativa sulla privacy non sar\u00e0 valida. Qualsiasi altra disposizione richiede l'espressa autorizzazione scritta del fornitore.<\/p>\n<p>&nbsp;<\/p>\n<h3><strong>2. Termini e condizioni di utilizzo<\/strong><\/h3>\n<p><em>a. Ambito di applicazione<\/em><\/p>\n<p>I prodotti possono essere utilizzati solo per lo scopo per cui sono stati concepiti. Un uso esteso o diverso, ad esempio la raccolta automatica di informazioni e il loro utilizzo in altri sistemi, \u00e8 consentito solo con l'esplicito consenso del fornitore e pu\u00f2 essere interrotto da quest'ultimo in qualsiasi momento. In particolare, si applicano le disposizioni del punto 2\/e (diritti d'autore e altri diritti immateriali).<\/p>\n<p>La registrazione a determinati servizi richiede un nome e un indirizzo e-mail validi. Per l'utilizzo dei servizi a pagamento sono richiesti un nome e un cognome corretti. \u00c8 vietato l'inserimento automatico di account elettronici. L'utente si impegna a utilizzare i propri dati di accesso (in particolare la password) in conformit\u00e0 alle condizioni contrattuali e a non cederli a terzi senza l'autorizzazione scritta del fornitore. L'utente \u00e8 responsabile della riservatezza dei propri dati di accesso.<br \/>\nI prodotti a pagamento utilizzati dall'utente saranno fatturati dal fornitore alla tariffa corrente. Tutti i pagamenti devono essere effettuati senza sconti. In caso di pagamento tramite fattura, si applica il termine di pagamento indicato sulla fattura. In caso di ritardo nel pagamento, il fornitore \u00e8 autorizzato a sospendere l'accesso dell'utente a uno o a tutti i prodotti utilizzati.<br \/>\nSwiss Music Review si riserva il diritto di far valere qualsiasi richiesta di risarcimento danni nei confronti dell'utente.<\/p>\n<p><em>b. Servizi dei fornitori<\/em><\/p>\n<p>Il contenuto e la portata dei prodotti messi a disposizione per l'uso sono determinati dal profilo dell'utente (utente registrato o non registrato, prodotti gratuiti o a pagamento), dai termini del contratto e dalle presenti Condizioni d'uso e Informativa sulla privacy.<\/p>\n<p>In linea di principio, i servizi online sono accessibili 7 giorni su 7 e 24 ore al giorno. Il fornitore si riserva il diritto di limitare tali periodi di accesso e\/o di interromperli per qualsiasi motivo tecnico, nonch\u00e9 di modificare i prodotti in qualsiasi momento.<\/p>\n<p><em>c. Servizio in abbonamento<\/em><\/p>\n<p>Il servizio di abbonamento offre agli utenti la possibilit\u00e0 di gestire i prodotti messi a loro disposizione. L'utente deve comunicare al servizio abbonamenti le modifiche desiderate (ad esempio, un cambio di indirizzo) entro 10 giorni prima della scadenza, per iscritto, per telefono o tramite i servizi online.<\/p>\n<p>L'utente ha la possibilit\u00e0 di annullare la consegna dei prodotti a pagamento. Ci\u00f2 non vale per gli abbonamenti di prova di durata inferiore a sei mesi e per tutti gli abbonamenti a prodotti digitali. Quando viene annunciata la cancellazione, l'abbonamento al prodotto in questione si estende fino al momento in cui la consegna viene interrotta.<\/p>\n<p><em>d. Responsabilit\u00e0<\/em><\/p>\n<p>Il fornitore non pu\u00f2 essere ritenuto responsabile per la consegna tardiva, la consegna errata o la mancata consegna dei prodotti (in particolare dell'edizione cartacea), a meno che non si possa dimostrare una grave negligenza o un comportamento intenzionale da parte sua. Non \u00e8 responsabile per errori e omissioni di terzi. In caso di problemi di consegna, l'utente deve informare immediatamente il fornitore.<br \/>\nPer i danni causati dal destinatario attraverso l'uso dei prodotti, il fornitore \u00e8 responsabile solo se si pu\u00f2 dimostrare una grave negligenza o un comportamento intenzionale da parte sua. In quest'ultimo caso, la responsabilit\u00e0 del fornitore \u00e8 comunque limitata all'importo addebitato all'utente per il prodotto in questione. In nessun caso il fornitore sar\u00e0 responsabile per i danni.<\/p>\n<p>Il fornitore non pu\u00f2 essere ritenuto responsabile per danni tecnici o causati da virus informatici, spyware e\/o altri programmi informatici (malware, sypware). Non pu\u00f2 essere ritenuto responsabile delle conseguenze delle interruzioni del servizio causate da malfunzionamenti di qualsiasi tipo o dalla risoluzione di problemi, dalla manutenzione e dall'implementazione di nuove tecnologie.<\/p>\n<p>I contenuti pubblicati dal fornitore sono stati redatti con grande cura. Tuttavia, l'accuratezza, la completezza e l'aggiornamento di questi prodotti non possono essere garantiti. Il fornitore non si assume alcuna responsabilit\u00e0 in merito. L'utilizzo di tali informazioni e dati deve avvenire nel rispetto dei diritti d'autore e di propriet\u00e0 del fornitore e a rischio dell'utente. I contenuti pubblicati nei prodotti possono provenire anche da terzi. Il fornitore e le sue fonti non garantiscono l'accuratezza, la completezza e l'attualit\u00e0 di tali contenuti. Il fornitore non pu\u00f2 essere ritenuto responsabile per questo. Le stesse disposizioni si applicano ai dipendenti, ai rappresentanti e agli agenti ausiliari del fornitore.<\/p>\n<p><em>e. Diritti d'autore e altri diritti immateriali<\/em><\/p>\n<p>La Swiss Music Review si riserva il diritto d'autore e altri diritti immateriali su tutti i suoi prodotti, compresi il layout, il software e tutti i contenuti. In particolare, la pubblicazione, la modifica, la messa a disposizione, la riproduzione, la distribuzione, la diffusione, la trasmissione, il noleggio e la concessione in licenza dei contenuti editoriali e degli altri contenuti forniti dal fornitore (testi, tabelle, immagini, video, grafici, programmi e altri servizi e supporti) \u00e8 consentita solo con il nostro esplicito consenso. La produzione, il trasferimento e la vendita di prodotti di seconda mano non sono consentiti. \u00c8 vietato l'uso di mezzi tecnici (ad es. il \"framing\") per recuperare in tutto o in parte le pagine web del fornitore o il loro contenuto. \u00c8 vietato l'inserimento di annunci pubblicitari (anche per la fornitura di servizi online). Sono invece consentiti la creazione di link e il trasferimento o la comunicazione di contenuti a terzi nell'ambito delle funzioni offerte dai prodotti, nei limiti delle funzionalit\u00e0 consentite descritte nella sezione 2\/a.<\/p>\n<p><em>f. Linee guida sui contenuti generati dagli utenti<\/em><\/p>\n<p>Gli autori di contenuti autoprodotti (come commenti o annunci online per il calendario dei concerti) devono assicurarsi che siano compatibili con le leggi svizzere vigenti e che rispettino i diritti di terzi. In particolare, non sono ammessi contributi il cui contenuto sia immorale, offensivo, diffamatorio, nonch\u00e9 dichiarazioni di carattere pornografico o razzista, inviti alla violenza e altri atti criminali.<\/p>\n<p>In caso di reato, tutte le conseguenze legali sono a carico del solo autore. L'autore si impegna a tenere indenne il provider da qualsiasi responsabilit\u00e0 che un terzo danneggiato possa rivendicare in relazione ai contributi da lui prodotti. Il provider si riserva il diritto di prendere provvedimenti nei confronti dell'autore colpevole in caso di flagrante violazione del presente regolamento. Il provider si riserva il diritto di cancellare i contributi che contravvengono a queste regole senza alcuna spiegazione.<\/p>\n<p>L'autore concede al fornitore il diritto di utilizzare i suoi contenuti, in tutto o in parte, per i suoi prodotti, senza limiti di tempo o di luogo. Ci\u00f2 include il diritto di includere tali contenuti in altre pubblicazioni ufficiali, libri e media, o di salvarli a scopo di archiviazione. Generando contenuti, l'utente acconsente all'archiviazione e all'utilizzo di tali dati da parte del fornitore.<\/p>\n<p>Il provider non si assume alcuna responsabilit\u00e0 per i contenuti generati dall'utente stesso. Informazioni, opinioni, consigli, ecc. non sono di propriet\u00e0 del provider. Se un contenuto viola le linee guida di cui sopra, la Swiss Music Review chiede agli utenti di comunicarlo.<br \/>\nVedi anche Netiquette.<\/p>\n<p><em>g. Risoluzione, proroga e fine del contratto<\/em><\/p>\n<p>Il contratto tra il fornitore e l'utente si conclude quando il fornitore conferma l'ordine. I prodotti pagati vengono confermati tramite conferma elettronica (e-mail) e conferma del pagamento (carta di credito o altro mezzo di pagamento elettronico), tramite l'emissione della fattura o con la prima consegna. L'utente non pu\u00f2 recedere dal contratto. L'inizio della consegna dei prodotti ordinati \u00e8 determinato dall'utente, se l'ordine viene ricevuto dal fornitore in tempo utile (almeno 10 giorni prima della consegna desiderata). In mancanza di informazioni sulla data di consegna desiderata, la data di consegna regolare successiva sar\u00e0 concordata come data di inizio della consegna.<\/p>\n<p>Il contratto per i prodotti a pagamento scade alla fine del periodo concordato. Per i prodotti con estensione automatica dell'abbonamento, il contratto termina con la disdetta legalmente valida dell'abbonamento. Il recesso anticipato da parte dell'utente \u00e8 possibile solo in caso di trasferimento al di fuori dell'area di copertura del prodotto o in caso di decesso dell'utente. Al termine del contratto, l'utente perde il diritto di utilizzare il prodotto corrispondente.<\/p>\n<p>&nbsp;<\/p>\n<h3><strong>3. Protezione dei dati<\/strong><\/h3>\n<p><a href=\"https:\/\/www.galledia.ch\/datenschutz\" target=\"_blank\" rel=\"noopener\">Per RMS, la dichiarazione di protezione dei dati di Galledia (<em>Gestione dei dati<\/em>) \u00e8 valido:<\/a><\/p>\n<p><a href=\"https:\/\/www.galledia.ch\/datenschutz\" target=\"_blank\" rel=\"noopener\"><br \/>\n<strong>https:\/\/www.galledia.ch\/datenschutz<\/strong><\/a><\/p>\n<p>&nbsp;<\/p>\n<h3><strong>4. Disposizioni finali<\/strong><\/h3>\n<p><em>a. Adattamenti<\/em><\/p>\n<p>Swiss Music Review si riserva espressamente il diritto di modificare in qualsiasi momento le presenti condizioni di utilizzo e l'informativa sulla privacy. In caso di modifiche, il fornitore le pubblicher\u00e0 sulle relative pagine web. L'utente \u00e8 tenuto a informarsi sulla versione attuale delle condizioni d'uso e dell'informativa sulla privacy consultando il sito web del fornitore.<\/p>\n<p><em>b Forma giuridica<\/em><\/p>\n<p>Si applica esclusivamente il diritto svizzero. Se una o pi\u00f9 disposizioni dovessero risultare non valide, in tutto o in parte, a seguito di modifiche di leggi, regolamenti o dello Statuto, tutte le altre disposizioni e termini rimarranno in vigore e si applicher\u00e0 la legge in vigore pi\u00f9 vicina allo scopo della legge non valida. Il foro competente \u00e8 Lucerna.<\/p>\n<p>Lucerna, 01. Januar 2015 \/ 25. Mai 2018 \/ 01. Gennaio 2020 \/ 01. Oktober 2020<br \/>\nGalledia Fachmedien AG<br \/>\nSchweizer Musikzeitung<br \/>\nMaihofstrasse 76<br \/>\n6006 Lucerna<\/p>\n<p>www.musikzeitung.ch<\/p>\n<\/div>","protected":false},"excerpt":{"rendered":"<p>Conditions g\u00e9n\u00e9rales de la Revue Musicale Suisse Conditions d\u2019utilisation et politique de confidentialit\u00e9 Pr\u00e9ambule LA TRADUCTION FRAN\u00c7AISE DES CONDITIONS GENERALES N\u2019A QU\u2019UNE VALEUR INFORMATIVE. EN CAS DE DOUTE ET\/OU DE LITIGE, SEULE LA VERSION ORIGINALE ALLEMANDE FAIT FOI. 1. Port\u00e9e L\u2019objet des pr\u00e9sentes conditions d\u2019utilisation et politique de confidentialit\u00e9 est de d\u00e9finir les rapports entre [&hellip;]<\/p>\n","protected":false},"author":1,"featured_media":0,"parent":0,"menu_order":0,"comment_status":"closed","ping_status":"closed","template":"","meta":{"_acf_changed":false,"_relevanssi_hide_post":"","_relevanssi_hide_content":"","_relevanssi_pin_for_all":"","_relevanssi_pin_keywords":"","_relevanssi_unpin_keywords":"","_relevanssi_related_keywords":"","_relevanssi_related_include_ids":"","_relevanssi_related_exclude_ids":"","_relevanssi_related_no_append":"","_relevanssi_related_not_related":"","_relevanssi_related_posts":"","_relevanssi_noindex_reason":"","pgc_sgb_lightbox_settings":"","footnotes":""},"class_list":["post-39","page","type-page","status-publish","hentry"],"acf":[],"yoast_head":"<!-- This site is optimized with the Yoast SEO plugin v27.3 - https:\/\/yoast.com\/product\/yoast-seo-wordpress\/ -->\n<title>CG\/protection des donn\u00e9es - Revue Musicale Suisse<\/title>\n<meta name=\"description\" content=\"Conditions g\u00e9n\u00e9rales de la Revue Musicale Suisse\" \/>\n<meta name=\"robots\" content=\"index, follow, max-snippet:-1, max-image-preview:large, max-video-preview:-1\" \/>\n<link rel=\"canonical\" href=\"https:\/\/www.revuemusicale.ch\/it\/cg-protection_des_donnees\/\" \/>\n<meta property=\"og:locale\" content=\"it_IT\" \/>\n<meta property=\"og:type\" content=\"article\" \/>\n<meta property=\"og:title\" content=\"CG\/protection des donn\u00e9es - Revue Musicale Suisse\" \/>\n<meta property=\"og:description\" content=\"Conditions g\u00e9n\u00e9rales de la Revue Musicale Suisse\" \/>\n<meta property=\"og:url\" content=\"https:\/\/www.revuemusicale.ch\/it\/cg-protection_des_donnees\/\" \/>\n<meta property=\"og:site_name\" content=\"Revue Musicale Suisse\" \/>\n<meta property=\"article:publisher\" content=\"https:\/\/www.facebook.com\/SchweizerMusikzeitung\/\" \/>\n<meta property=\"article:modified_time\" content=\"2024-10-04T13:14:36+00:00\" \/>\n<meta name=\"twitter:card\" content=\"summary_large_image\" \/>\n<meta name=\"twitter:site\" content=\"@smusikzeitung\" \/>\n<meta name=\"twitter:label1\" content=\"Tempo di lettura stimato\" \/>\n\t<meta name=\"twitter:data1\" content=\"9 minuti\" \/>\n<script type=\"application\/ld+json\" class=\"yoast-schema-graph\">{\"@context\":\"https:\\\/\\\/schema.org\",\"@graph\":[{\"@type\":\"WebPage\",\"@id\":\"https:\\\/\\\/www.revuemusicale.ch\\\/cg-protection_des_donnees\",\"url\":\"https:\\\/\\\/www.revuemusicale.ch\\\/cg-protection_des_donnees\",\"name\":\"CG\\\/protection des donn\u00e9es - Revue Musicale Suisse\",\"isPartOf\":{\"@id\":\"https:\\\/\\\/www.revuemusicale.ch\\\/#website\"},\"datePublished\":\"2022-05-18T11:30:26+00:00\",\"dateModified\":\"2024-10-04T13:14:36+00:00\",\"description\":\"Conditions g\u00e9n\u00e9rales de la Revue Musicale Suisse\",\"breadcrumb\":{\"@id\":\"https:\\\/\\\/www.revuemusicale.ch\\\/cg-protection_des_donnees#breadcrumb\"},\"inLanguage\":\"it-IT\",\"potentialAction\":[{\"@type\":\"ReadAction\",\"target\":[\"https:\\\/\\\/www.revuemusicale.ch\\\/cg-protection_des_donnees\"]}]},{\"@type\":\"BreadcrumbList\",\"@id\":\"https:\\\/\\\/www.revuemusicale.ch\\\/cg-protection_des_donnees#breadcrumb\",\"itemListElement\":[{\"@type\":\"ListItem\",\"position\":1,\"name\":\"Home\",\"item\":\"https:\\\/\\\/www.revuemusicale.ch\\\/\"},{\"@type\":\"ListItem\",\"position\":2,\"name\":\"CG\\\/protection des donn\u00e9es\"}]},{\"@type\":\"WebSite\",\"@id\":\"https:\\\/\\\/www.revuemusicale.ch\\\/#website\",\"url\":\"https:\\\/\\\/www.revuemusicale.ch\\\/\",\"name\":\"Revue Musicale Suisse\",\"description\":\"\",\"publisher\":{\"@id\":\"https:\\\/\\\/www.revuemusicale.ch\\\/#organization\"},\"potentialAction\":[{\"@type\":\"SearchAction\",\"target\":{\"@type\":\"EntryPoint\",\"urlTemplate\":\"https:\\\/\\\/www.revuemusicale.ch\\\/?s={search_term_string}\"},\"query-input\":{\"@type\":\"PropertyValueSpecification\",\"valueRequired\":true,\"valueName\":\"search_term_string\"}}],\"inLanguage\":\"it-IT\"},{\"@type\":\"Organization\",\"@id\":\"https:\\\/\\\/www.revuemusicale.ch\\\/#organization\",\"name\":\"Revue Musicale Suisse\",\"url\":\"https:\\\/\\\/www.revuemusicale.ch\\\/\",\"logo\":{\"@type\":\"ImageObject\",\"inLanguage\":\"it-IT\",\"@id\":\"https:\\\/\\\/www.revuemusicale.ch\\\/#\\\/schema\\\/logo\\\/image\\\/\",\"url\":\"https:\\\/\\\/www.revuemusicale.ch\\\/wp-content\\\/uploads\\\/2023\\\/01\\\/logo_revuemusicale_musikzeitung.jpg\",\"contentUrl\":\"https:\\\/\\\/www.revuemusicale.ch\\\/wp-content\\\/uploads\\\/2023\\\/01\\\/logo_revuemusicale_musikzeitung.jpg\",\"width\":1200,\"height\":243,\"caption\":\"Revue Musicale Suisse\"},\"image\":{\"@id\":\"https:\\\/\\\/www.revuemusicale.ch\\\/#\\\/schema\\\/logo\\\/image\\\/\"},\"sameAs\":[\"https:\\\/\\\/www.facebook.com\\\/SchweizerMusikzeitung\\\/\",\"https:\\\/\\\/x.com\\\/smusikzeitung\",\"https:\\\/\\\/www.instagram.com\\\/musikzeitung.ch\\\/?hl=de\"]}]}<\/script>\n<!-- \/ Yoast SEO plugin. -->","yoast_head_json":{"title":"GTC\/protezione dei dati - Swiss Music Review","description":"Termini e condizioni generali della Rassegna musicale svizzera","robots":{"index":"index","follow":"follow","max-snippet":"max-snippet:-1","max-image-preview":"max-image-preview:large","max-video-preview":"max-video-preview:-1"},"canonical":"https:\/\/www.revuemusicale.ch\/it\/cg-protection_des_donnees\/","og_locale":"it_IT","og_type":"article","og_title":"CG\/protection des donn\u00e9es - Revue Musicale Suisse","og_description":"Conditions g\u00e9n\u00e9rales de la Revue Musicale Suisse","og_url":"https:\/\/www.revuemusicale.ch\/it\/cg-protection_des_donnees\/","og_site_name":"Revue Musicale Suisse","article_publisher":"https:\/\/www.facebook.com\/SchweizerMusikzeitung\/","article_modified_time":"2024-10-04T13:14:36+00:00","twitter_card":"summary_large_image","twitter_site":"@smusikzeitung","twitter_misc":{"Tempo di lettura stimato":"9 minuti"},"schema":{"@context":"https:\/\/schema.org","@graph":[{"@type":"WebPage","@id":"https:\/\/www.revuemusicale.ch\/cg-protection_des_donnees","url":"https:\/\/www.revuemusicale.ch\/cg-protection_des_donnees","name":"GTC\/protezione dei dati - Swiss Music Review","isPartOf":{"@id":"https:\/\/www.revuemusicale.ch\/#website"},"datePublished":"2022-05-18T11:30:26+00:00","dateModified":"2024-10-04T13:14:36+00:00","description":"Termini e condizioni generali della Rassegna musicale svizzera","breadcrumb":{"@id":"https:\/\/www.revuemusicale.ch\/cg-protection_des_donnees#breadcrumb"},"inLanguage":"it-IT","potentialAction":[{"@type":"ReadAction","target":["https:\/\/www.revuemusicale.ch\/cg-protection_des_donnees"]}]},{"@type":"BreadcrumbList","@id":"https:\/\/www.revuemusicale.ch\/cg-protection_des_donnees#breadcrumb","itemListElement":[{"@type":"ListItem","position":1,"name":"Home","item":"https:\/\/www.revuemusicale.ch\/"},{"@type":"ListItem","position":2,"name":"CG\/protection des donn\u00e9es"}]},{"@type":"WebSite","@id":"https:\/\/www.revuemusicale.ch\/#website","url":"https:\/\/www.revuemusicale.ch\/","name":"Rassegna musicale svizzera","description":"","publisher":{"@id":"https:\/\/www.revuemusicale.ch\/#organization"},"potentialAction":[{"@type":"SearchAction","target":{"@type":"EntryPoint","urlTemplate":"https:\/\/www.revuemusicale.ch\/?s={search_term_string}"},"query-input":{"@type":"PropertyValueSpecification","valueRequired":true,"valueName":"search_term_string"}}],"inLanguage":"it-IT"},{"@type":"Organization","@id":"https:\/\/www.revuemusicale.ch\/#organization","name":"Rassegna musicale svizzera","url":"https:\/\/www.revuemusicale.ch\/","logo":{"@type":"ImageObject","inLanguage":"it-IT","@id":"https:\/\/www.revuemusicale.ch\/#\/schema\/logo\/image\/","url":"https:\/\/www.revuemusicale.ch\/wp-content\/uploads\/2023\/01\/logo_revuemusicale_musikzeitung.jpg","contentUrl":"https:\/\/www.revuemusicale.ch\/wp-content\/uploads\/2023\/01\/logo_revuemusicale_musikzeitung.jpg","width":1200,"height":243,"caption":"Revue Musicale Suisse"},"image":{"@id":"https:\/\/www.revuemusicale.ch\/#\/schema\/logo\/image\/"},"sameAs":["https:\/\/www.facebook.com\/SchweizerMusikzeitung\/","https:\/\/x.com\/smusikzeitung","https:\/\/www.instagram.com\/musikzeitung.ch\/?hl=de"]}]}},"publishpress_future_action":{"enabled":false,"date":"1970-01-01 01:00:00","action":"change-status","newStatus":"draft","terms":[],"taxonomy":"","extraData":[]},"publishpress_future_workflow_manual_trigger":{"enabledWorkflows":[]},"_links":{"self":[{"href":"https:\/\/www.revuemusicale.ch\/it\/wp-json\/wp\/v2\/pages\/39","targetHints":{"allow":["GET"]}}],"collection":[{"href":"https:\/\/www.revuemusicale.ch\/it\/wp-json\/wp\/v2\/pages"}],"about":[{"href":"https:\/\/www.revuemusicale.ch\/it\/wp-json\/wp\/v2\/types\/page"}],"author":[{"embeddable":true,"href":"https:\/\/www.revuemusicale.ch\/it\/wp-json\/wp\/v2\/users\/1"}],"replies":[{"embeddable":true,"href":"https:\/\/www.revuemusicale.ch\/it\/wp-json\/wp\/v2\/comments?post=39"}],"version-history":[{"count":7,"href":"https:\/\/www.revuemusicale.ch\/it\/wp-json\/wp\/v2\/pages\/39\/revisions"}],"predecessor-version":[{"id":30944,"href":"https:\/\/www.revuemusicale.ch\/it\/wp-json\/wp\/v2\/pages\/39\/revisions\/30944"}],"wp:attachment":[{"href":"https:\/\/www.revuemusicale.ch\/it\/wp-json\/wp\/v2\/media?parent=39"}],"curies":[{"name":"wp","href":"https:\/\/api.w.org\/{rel}","templated":true}]}}