{"id":9239,"date":"2023-01-13T08:56:32","date_gmt":"2023-01-13T07:56:32","guid":{"rendered":"https:\/\/www.revuemusicale.ch\/?page_id=9239"},"modified":"2026-02-10T15:36:59","modified_gmt":"2026-02-10T14:36:59","slug":"crossmedia","status":"publish","type":"page","link":"https:\/\/www.revuemusicale.ch\/it\/passer-une-annonce\/crossmedia","title":{"rendered":"Crossmedia"},"content":{"rendered":"<div>\n<h3 class=\"\">Crossmedialit\u00e0: diffondere un messaggio sia a mezzo stampa che online.<\/h3>\n<h3 class=\"\">Annunci in sezioni abbinate alla pubblicazione online<\/h3>\n<\/div>\n<div class=\"text-section\">\n<h4>Offerte di lavoro, varie, acquisto\/vendita<\/h4>\n<p>Annunci nella versione cartacea combinati con la pubblicazione online nelle seguenti sezioni <a href=\"https:\/\/www.musikzeitung.ch\/stellen\" target=\"_blank\" rel=\"noopener\">offerte di lavoro<\/a>, <a href=\"https:\/\/www.musikzeitung.ch\/diversa\" target=\"_blank\" rel=\"noopener\">vari<\/a>, <a href=\"https:\/\/www.musikzeitung.ch\/kauf-und-verkauf\" target=\"_blank\" rel=\"noopener\">acquisto\/vendita<\/a> :<br \/>\n= prezzo dell'inserzione +10% supplemento online (min. CHF 20.00)<\/p>\n<\/div>\n<h4>Corsi ed eventi<\/h4>\n<p>Annunci nelle sezioni corsi ed eventi combinati con una voce nella rubrica <a href=\"https:\/\/www.musikzeitung.ch\/kurse\" target=\"_blank\" rel=\"noopener\">programma del corso<\/a><br \/>\n= prezzo dell'annuncio + 20,00\/mese<\/p>\n<p><strong>\u00a0<\/strong><\/p>\n<h3 class=\"\">Registrarsi nella sezione \"Servizio\" e mettere online (<a href=\"https:\/\/www.musikzeitung.ch\/kurse\" target=\"_blank\" rel=\"noopener\">programma del corso<\/a> o <a href=\"https:\/\/www.musikzeitung.ch\/linkempfehlungen\" target=\"_blank\" rel=\"noopener\">link consigliati<\/a>)<\/h3>\n<p><strong>Fino a circa 500 caratteri (spazi inclusi)<\/strong><br \/>\nDa 1 a 3 mesi (1 o 2 edizioni) CHF 200.00<br \/>\nDa 4 a 6 mesi (3 o 4 edizioni) CHF 330.00<br \/>\nDa 7 a 12 mesi (da 5 a 6 edizioni) CHF 550.00<\/p>\n<p><strong>Fino a 3 righe (max. 150 caratteri, spazi inclusi)<\/strong><br \/>\nDa 1 a 3 mesi (1 o 2 edizioni) CHF 110.00<br \/>\nDa 4 a 6 mesi (3 o 4 edizioni) CHF 170.00<br \/>\nDa 7 a 12 mesi (da 5 a 6 edizioni) CHF 250.00<\/p>\n<h3><strong><br \/>\nInserti o pubblicit\u00e0 combinati con un banner<\/strong><\/h3>\n<p>Prezzo dell'inserto o della pubblicit\u00e0 pi\u00f9 50 % del prezzo di un banner\/mese<\/p>\n<p><strong>\u00a0<\/strong><\/p>\n<h3 class=\"\">Inserzioni pubblicitarie a stampa combinate con la distribuzione online<\/h3>\n<p>Prezzo dell'inserzione nella versione cartacea pi\u00f9 online CHF 500 (invece di CHF 1000)<\/p>\n<p><strong>\u00a0<\/strong><\/p>\n<p>&nbsp;<\/p>\n<p><strong>Ordini\u00a0<\/strong><\/p>\n<p>per e-mail <a href=\"mailto:inserate@musikzeitung.ch\" target=\"_blank\" rel=\"noopener\">inserate@musikzeitung.ch<\/a><\/p>\n<p><strong>Contatto<\/strong><\/p>\n<p>Siamo a vostra disposizione al numero 058 344 97 83<\/p>","protected":false},"excerpt":{"rendered":"<p>Crossmedia : diffuser un message \u00e0 la fois dans l&rsquo;\u00e9dition papier et en ligne Annonces dans les rubriques combin\u00e9es avec une publication en ligne Offres d\u2019emploi, divers, achat\/vente Annonces dans la version imprim\u00e9e combin\u00e9es avec une publication en ligne dans les rubriques offres d\u2019emploi, divers, achat\/vente : = prix de l\u2019annonce +10% de suppl\u00e9ment en [&hellip;]<\/p>\n","protected":false},"author":1,"featured_media":0,"parent":128,"menu_order":0,"comment_status":"closed","ping_status":"closed","template":"","meta":{"_acf_changed":false,"_relevanssi_hide_post":"","_relevanssi_hide_content":"","_relevanssi_pin_for_all":"","_relevanssi_pin_keywords":"","_relevanssi_unpin_keywords":"","_relevanssi_related_keywords":"","_relevanssi_related_include_ids":"","_relevanssi_related_exclude_ids":"","_relevanssi_related_no_append":"","_relevanssi_related_not_related":"","_relevanssi_related_posts":"","_relevanssi_noindex_reason":"","pgc_sgb_lightbox_settings":"","footnotes":""},"class_list":["post-9239","page","type-page","status-publish","hentry"],"acf":[],"yoast_head":"<!-- This site is optimized with the Yoast SEO plugin v27.3 - https:\/\/yoast.com\/product\/yoast-seo-wordpress\/ -->\n<title>Crossmedia - Revue Musicale Suisse<\/title>\n<meta name=\"description\" content=\"Crossmedia : diffuser un message simultan\u00e9ment dans l&#039;\u00e9dition papier de la Revue Musicale Suisse et en ligne\" \/>\n<meta name=\"robots\" content=\"index, follow, max-snippet:-1, max-image-preview:large, max-video-preview:-1\" \/>\n<link rel=\"canonical\" href=\"https:\/\/www.revuemusicale.ch\/it\/passer-une-annonce\/crossmedia\/\" \/>\n<meta property=\"og:locale\" content=\"it_IT\" \/>\n<meta property=\"og:type\" content=\"article\" \/>\n<meta property=\"og:title\" content=\"Crossmedia - Revue Musicale Suisse\" \/>\n<meta property=\"og:description\" content=\"Crossmedia : diffuser un message simultan\u00e9ment dans l&#039;\u00e9dition papier de la Revue Musicale Suisse et en ligne\" \/>\n<meta property=\"og:url\" content=\"https:\/\/www.revuemusicale.ch\/it\/passer-une-annonce\/crossmedia\/\" \/>\n<meta property=\"og:site_name\" content=\"Revue Musicale Suisse\" \/>\n<meta property=\"article:publisher\" content=\"https:\/\/www.facebook.com\/SchweizerMusikzeitung\/\" \/>\n<meta property=\"article:modified_time\" content=\"2026-02-10T14:36:59+00:00\" \/>\n<meta name=\"twitter:card\" content=\"summary_large_image\" \/>\n<meta name=\"twitter:site\" content=\"@smusikzeitung\" \/>\n<meta name=\"twitter:label1\" content=\"Tempo di lettura stimato\" \/>\n\t<meta name=\"twitter:data1\" content=\"2 minuti\" \/>\n<script type=\"application\/ld+json\" class=\"yoast-schema-graph\">{\"@context\":\"https:\\\/\\\/schema.org\",\"@graph\":[{\"@type\":\"WebPage\",\"@id\":\"https:\\\/\\\/www.revuemusicale.ch\\\/passer-une-annonce\\\/crossmedia\",\"url\":\"https:\\\/\\\/www.revuemusicale.ch\\\/passer-une-annonce\\\/crossmedia\",\"name\":\"Crossmedia - Revue Musicale Suisse\",\"isPartOf\":{\"@id\":\"https:\\\/\\\/www.revuemusicale.ch\\\/#website\"},\"datePublished\":\"2023-01-13T07:56:32+00:00\",\"dateModified\":\"2026-02-10T14:36:59+00:00\",\"description\":\"Crossmedia : diffuser un message simultan\u00e9ment dans l'\u00e9dition papier de la Revue Musicale Suisse et en ligne\",\"breadcrumb\":{\"@id\":\"https:\\\/\\\/www.revuemusicale.ch\\\/passer-une-annonce\\\/crossmedia#breadcrumb\"},\"inLanguage\":\"it-IT\",\"potentialAction\":[{\"@type\":\"ReadAction\",\"target\":[\"https:\\\/\\\/www.revuemusicale.ch\\\/passer-une-annonce\\\/crossmedia\"]}]},{\"@type\":\"BreadcrumbList\",\"@id\":\"https:\\\/\\\/www.revuemusicale.ch\\\/passer-une-annonce\\\/crossmedia#breadcrumb\",\"itemListElement\":[{\"@type\":\"ListItem\",\"position\":1,\"name\":\"Home\",\"item\":\"https:\\\/\\\/www.revuemusicale.ch\\\/\"},{\"@type\":\"ListItem\",\"position\":2,\"name\":\"Passer une annonce\",\"item\":\"https:\\\/\\\/www.revuemusicale.ch\\\/passer-une-annonce\"},{\"@type\":\"ListItem\",\"position\":3,\"name\":\"Crossmedia\"}]},{\"@type\":\"WebSite\",\"@id\":\"https:\\\/\\\/www.revuemusicale.ch\\\/#website\",\"url\":\"https:\\\/\\\/www.revuemusicale.ch\\\/\",\"name\":\"Revue Musicale Suisse\",\"description\":\"\",\"publisher\":{\"@id\":\"https:\\\/\\\/www.revuemusicale.ch\\\/#organization\"},\"potentialAction\":[{\"@type\":\"SearchAction\",\"target\":{\"@type\":\"EntryPoint\",\"urlTemplate\":\"https:\\\/\\\/www.revuemusicale.ch\\\/?s={search_term_string}\"},\"query-input\":{\"@type\":\"PropertyValueSpecification\",\"valueRequired\":true,\"valueName\":\"search_term_string\"}}],\"inLanguage\":\"it-IT\"},{\"@type\":\"Organization\",\"@id\":\"https:\\\/\\\/www.revuemusicale.ch\\\/#organization\",\"name\":\"Revue Musicale Suisse\",\"url\":\"https:\\\/\\\/www.revuemusicale.ch\\\/\",\"logo\":{\"@type\":\"ImageObject\",\"inLanguage\":\"it-IT\",\"@id\":\"https:\\\/\\\/www.revuemusicale.ch\\\/#\\\/schema\\\/logo\\\/image\\\/\",\"url\":\"https:\\\/\\\/www.revuemusicale.ch\\\/wp-content\\\/uploads\\\/2023\\\/01\\\/logo_revuemusicale_musikzeitung.jpg\",\"contentUrl\":\"https:\\\/\\\/www.revuemusicale.ch\\\/wp-content\\\/uploads\\\/2023\\\/01\\\/logo_revuemusicale_musikzeitung.jpg\",\"width\":1200,\"height\":243,\"caption\":\"Revue Musicale Suisse\"},\"image\":{\"@id\":\"https:\\\/\\\/www.revuemusicale.ch\\\/#\\\/schema\\\/logo\\\/image\\\/\"},\"sameAs\":[\"https:\\\/\\\/www.facebook.com\\\/SchweizerMusikzeitung\\\/\",\"https:\\\/\\\/x.com\\\/smusikzeitung\",\"https:\\\/\\\/www.instagram.com\\\/musikzeitung.ch\\\/?hl=de\"]}]}<\/script>\n<!-- \/ Yoast SEO plugin. -->","yoast_head_json":{"title":"Crossmedia - Revue Musicale Suisse","description":"Crossmedia : diffuser un message simultan\u00e9ment dans l'\u00e9dition papier de la Revue Musicale Suisse et en ligne","robots":{"index":"index","follow":"follow","max-snippet":"max-snippet:-1","max-image-preview":"max-image-preview:large","max-video-preview":"max-video-preview:-1"},"canonical":"https:\/\/www.revuemusicale.ch\/it\/passer-une-annonce\/crossmedia\/","og_locale":"it_IT","og_type":"article","og_title":"Crossmedia - Revue Musicale Suisse","og_description":"Crossmedia : diffuser un message simultan\u00e9ment dans l'\u00e9dition papier de la Revue Musicale Suisse et en ligne","og_url":"https:\/\/www.revuemusicale.ch\/it\/passer-une-annonce\/crossmedia\/","og_site_name":"Revue Musicale Suisse","article_publisher":"https:\/\/www.facebook.com\/SchweizerMusikzeitung\/","article_modified_time":"2026-02-10T14:36:59+00:00","twitter_card":"summary_large_image","twitter_site":"@smusikzeitung","twitter_misc":{"Tempo di lettura stimato":"2 minuti"},"schema":{"@context":"https:\/\/schema.org","@graph":[{"@type":"WebPage","@id":"https:\/\/www.revuemusicale.ch\/passer-une-annonce\/crossmedia","url":"https:\/\/www.revuemusicale.ch\/passer-une-annonce\/crossmedia","name":"Crossmedia - Revue Musicale Suisse","isPartOf":{"@id":"https:\/\/www.revuemusicale.ch\/#website"},"datePublished":"2023-01-13T07:56:32+00:00","dateModified":"2026-02-10T14:36:59+00:00","description":"Crossmedia : diffuser un message simultan\u00e9ment dans l'\u00e9dition papier de la Revue Musicale Suisse et en ligne","breadcrumb":{"@id":"https:\/\/www.revuemusicale.ch\/passer-une-annonce\/crossmedia#breadcrumb"},"inLanguage":"it-IT","potentialAction":[{"@type":"ReadAction","target":["https:\/\/www.revuemusicale.ch\/passer-une-annonce\/crossmedia"]}]},{"@type":"BreadcrumbList","@id":"https:\/\/www.revuemusicale.ch\/passer-une-annonce\/crossmedia#breadcrumb","itemListElement":[{"@type":"ListItem","position":1,"name":"Home","item":"https:\/\/www.revuemusicale.ch\/"},{"@type":"ListItem","position":2,"name":"Passer une annonce","item":"https:\/\/www.revuemusicale.ch\/passer-une-annonce"},{"@type":"ListItem","position":3,"name":"Crossmedia"}]},{"@type":"WebSite","@id":"https:\/\/www.revuemusicale.ch\/#website","url":"https:\/\/www.revuemusicale.ch\/","name":"Rassegna musicale svizzera","description":"","publisher":{"@id":"https:\/\/www.revuemusicale.ch\/#organization"},"potentialAction":[{"@type":"SearchAction","target":{"@type":"EntryPoint","urlTemplate":"https:\/\/www.revuemusicale.ch\/?s={search_term_string}"},"query-input":{"@type":"PropertyValueSpecification","valueRequired":true,"valueName":"search_term_string"}}],"inLanguage":"it-IT"},{"@type":"Organization","@id":"https:\/\/www.revuemusicale.ch\/#organization","name":"Rassegna musicale svizzera","url":"https:\/\/www.revuemusicale.ch\/","logo":{"@type":"ImageObject","inLanguage":"it-IT","@id":"https:\/\/www.revuemusicale.ch\/#\/schema\/logo\/image\/","url":"https:\/\/www.revuemusicale.ch\/wp-content\/uploads\/2023\/01\/logo_revuemusicale_musikzeitung.jpg","contentUrl":"https:\/\/www.revuemusicale.ch\/wp-content\/uploads\/2023\/01\/logo_revuemusicale_musikzeitung.jpg","width":1200,"height":243,"caption":"Revue Musicale Suisse"},"image":{"@id":"https:\/\/www.revuemusicale.ch\/#\/schema\/logo\/image\/"},"sameAs":["https:\/\/www.facebook.com\/SchweizerMusikzeitung\/","https:\/\/x.com\/smusikzeitung","https:\/\/www.instagram.com\/musikzeitung.ch\/?hl=de"]}]}},"publishpress_future_action":{"enabled":false,"date":"1970-01-01 01:00:00","action":"change-status","newStatus":"draft","terms":[],"taxonomy":"","extraData":[]},"publishpress_future_workflow_manual_trigger":{"enabledWorkflows":[]},"_links":{"self":[{"href":"https:\/\/www.revuemusicale.ch\/it\/wp-json\/wp\/v2\/pages\/9239","targetHints":{"allow":["GET"]}}],"collection":[{"href":"https:\/\/www.revuemusicale.ch\/it\/wp-json\/wp\/v2\/pages"}],"about":[{"href":"https:\/\/www.revuemusicale.ch\/it\/wp-json\/wp\/v2\/types\/page"}],"author":[{"embeddable":true,"href":"https:\/\/www.revuemusicale.ch\/it\/wp-json\/wp\/v2\/users\/1"}],"replies":[{"embeddable":true,"href":"https:\/\/www.revuemusicale.ch\/it\/wp-json\/wp\/v2\/comments?post=9239"}],"version-history":[{"count":7,"href":"https:\/\/www.revuemusicale.ch\/it\/wp-json\/wp\/v2\/pages\/9239\/revisions"}],"predecessor-version":[{"id":31730,"href":"https:\/\/www.revuemusicale.ch\/it\/wp-json\/wp\/v2\/pages\/9239\/revisions\/31730"}],"up":[{"embeddable":true,"href":"https:\/\/www.revuemusicale.ch\/it\/wp-json\/wp\/v2\/pages\/128"}],"wp:attachment":[{"href":"https:\/\/www.revuemusicale.ch\/it\/wp-json\/wp\/v2\/media?parent=9239"}],"curies":[{"name":"wp","href":"https:\/\/api.w.org\/{rel}","templated":true}]}}