{"id":9298,"date":"2023-01-13T14:23:30","date_gmt":"2023-01-13T13:23:30","guid":{"rendered":"https:\/\/www.revuemusicale.ch\/?page_id=9298"},"modified":"2025-04-03T08:11:26","modified_gmt":"2025-04-03T06:11:26","slug":"csjm","status":"publish","type":"page","link":"https:\/\/www.revuemusicale.ch\/it\/basis\/csjm","title":{"rendered":"CSMJ"},"content":{"rendered":"<p>Le <strong>Concorso svizzero di musica per la giovent\u00f9<\/strong> (CSMJ) \u00e8 diventato negli ultimi anni l'evento nazionale pi\u00f9 importante per individuare i giovani talenti e incoraggiarli su larga scala. \u00c8 aperto ai giovani dilettanti di et\u00e0 compresa tra gli 8 e i 20 anni (22 per i cantanti). Nella categoria Classica sono in programma i vari strumenti, alternati ogni due anni per i concorsi solistici, mentre per i duo e\/o gli ensemble di Musica da Camera \u00e8 possibile ogni anno qualsiasi formazione. I concorsi Entrada si svolgono a marzo in nove o dieci sedi in tutta la Svizzera. Tutti coloro che vincono il primo premio del concorso Entrada sono ammessi al concorso finale, che si svolge nella prima met\u00e0 di maggio in una sede diversa ogni anno. Per la categoria Jazz, Rock&amp;Pop, i gruppi interessati si iscrivono tramite il portale Mx3. Saranno ammessi alla selezione live \"Come Together\" sulla base dei demo presentati. Le band che si aggiudicano il primo premio nella selezione live avranno l'opportunit\u00e0 di esibirsi nuovamente alla Sessione di premiazione.<\/p>\n<p>&nbsp;<\/p>\n<p><strong>Presidente<\/strong><br \/>\nAndreas Wegelin<\/p>\n<p><strong>Commissione Musica Classica<\/strong><br \/>\nMaurice Steger<\/p>\n<p><strong>Direzione Composizione&amp;Spazio libero<\/strong><br \/>\nMatthias Arter, Antoine Fran\u00e7oise<\/p>\n<p><strong>Commissione musicale Jazz&amp;Pop<\/strong><br \/>\nLukas Hering<\/p>\n<p><strong>Direttore<\/strong><br \/>\nStefan Escher<\/p>\n<p><strong>Editoriale<\/strong><br \/>\nTalete Pelloni<\/p>\n<p><strong>Associato<\/strong><br \/>\nDina Mayer<\/p>\n<p>Stiftung Schweizerischer Jugendmusikwettbewerb (SJMW)<br \/>\nSede operativa<br \/>\nKanzleistrasse 56<br \/>\n8004 Zurigo<br \/>\nT 071 245 15 00<br \/>\n<a href=\"mailto:info@sjmw.ch\">info@sjmw.ch<\/a><br \/>\n<a href=\"https:\/\/sjmw.ch\/fr\/\" target=\"_blank\" rel=\"noopener\">www.sjmw.ch<\/a><\/p>","protected":false},"excerpt":{"rendered":"<p>Le Concours suisse de musique pour la jeunesse (CSMJ) est devenu ces derni\u00e8res ann\u00e9es la manifestation nationale la plus importante pour la recherche de jeunes talents et l\u2019encouragement sur une large base. Il est ouvert aux jeunes amateurs de 8 \u00e0 20 ans (22 ans pour les chanteuses et chanteurs). Dans la cat\u00e9gorie Classique, les [&hellip;]<\/p>\n","protected":false},"author":21893,"featured_media":9342,"parent":230,"menu_order":0,"comment_status":"closed","ping_status":"closed","template":"page_partner.php","meta":{"_acf_changed":false,"_relevanssi_hide_post":"","_relevanssi_hide_content":"","_relevanssi_pin_for_all":"","_relevanssi_pin_keywords":"","_relevanssi_unpin_keywords":"","_relevanssi_related_keywords":"","_relevanssi_related_include_ids":"","_relevanssi_related_exclude_ids":"","_relevanssi_related_no_append":"","_relevanssi_related_not_related":"","_relevanssi_related_posts":"","_relevanssi_noindex_reason":"","pgc_sgb_lightbox_settings":"","footnotes":""},"class_list":["post-9298","page","type-page","status-publish","has-post-thumbnail","hentry"],"acf":[],"yoast_head":"<!-- This site is optimized with the Yoast SEO plugin v27.3 - https:\/\/yoast.com\/product\/yoast-seo-wordpress\/ -->\n<title>CSMJ - Revue Musicale Suisse<\/title>\n<meta name=\"robots\" content=\"index, follow, max-snippet:-1, max-image-preview:large, max-video-preview:-1\" \/>\n<link rel=\"canonical\" href=\"https:\/\/www.revuemusicale.ch\/it\/basis\/csjm\/\" \/>\n<meta property=\"og:locale\" content=\"it_IT\" \/>\n<meta property=\"og:type\" content=\"article\" \/>\n<meta property=\"og:title\" content=\"CSMJ - Revue Musicale Suisse\" \/>\n<meta property=\"og:description\" content=\"Le Concours suisse de musique pour la jeunesse (CSMJ) est devenu ces derni\u00e8res ann\u00e9es la manifestation nationale la plus importante pour la recherche de jeunes talents et l\u2019encouragement sur une large base. Il est ouvert aux jeunes amateurs de 8 \u00e0 20 ans (22 ans pour les chanteuses et chanteurs). Dans la cat\u00e9gorie Classique, les [&hellip;]\" \/>\n<meta property=\"og:url\" content=\"https:\/\/www.revuemusicale.ch\/it\/basis\/csjm\/\" \/>\n<meta property=\"og:site_name\" content=\"Revue Musicale Suisse\" \/>\n<meta property=\"article:publisher\" content=\"https:\/\/www.facebook.com\/SchweizerMusikzeitung\/\" \/>\n<meta property=\"article:modified_time\" content=\"2025-04-03T06:11:26+00:00\" \/>\n<meta property=\"og:image\" content=\"https:\/\/www.revuemusicale.ch\/wp-content\/uploads\/2023\/01\/sjmw_musikzeitung.jpg\" \/>\n\t<meta property=\"og:image:width\" content=\"1200\" \/>\n\t<meta property=\"og:image:height\" content=\"600\" \/>\n\t<meta property=\"og:image:type\" content=\"image\/jpeg\" \/>\n<meta name=\"twitter:card\" content=\"summary_large_image\" \/>\n<meta name=\"twitter:site\" content=\"@smusikzeitung\" \/>\n<meta name=\"twitter:label1\" content=\"Tempo di lettura stimato\" \/>\n\t<meta name=\"twitter:data1\" content=\"2 minuti\" \/>\n<script type=\"application\/ld+json\" class=\"yoast-schema-graph\">{\"@context\":\"https:\\\/\\\/schema.org\",\"@graph\":[{\"@type\":\"WebPage\",\"@id\":\"https:\\\/\\\/www.revuemusicale.ch\\\/basis\\\/csjm\",\"url\":\"https:\\\/\\\/www.revuemusicale.ch\\\/basis\\\/csjm\",\"name\":\"CSMJ - Revue Musicale Suisse\",\"isPartOf\":{\"@id\":\"https:\\\/\\\/www.revuemusicale.ch\\\/#website\"},\"primaryImageOfPage\":{\"@id\":\"https:\\\/\\\/www.revuemusicale.ch\\\/basis\\\/csjm#primaryimage\"},\"image\":{\"@id\":\"https:\\\/\\\/www.revuemusicale.ch\\\/basis\\\/csjm#primaryimage\"},\"thumbnailUrl\":\"https:\\\/\\\/www.revuemusicale.ch\\\/wp-content\\\/uploads\\\/2023\\\/01\\\/sjmw_musikzeitung.jpg\",\"datePublished\":\"2023-01-13T13:23:30+00:00\",\"dateModified\":\"2025-04-03T06:11:26+00:00\",\"breadcrumb\":{\"@id\":\"https:\\\/\\\/www.revuemusicale.ch\\\/basis\\\/csjm#breadcrumb\"},\"inLanguage\":\"it-IT\",\"potentialAction\":[{\"@type\":\"ReadAction\",\"target\":[\"https:\\\/\\\/www.revuemusicale.ch\\\/basis\\\/csjm\"]}]},{\"@type\":\"ImageObject\",\"inLanguage\":\"it-IT\",\"@id\":\"https:\\\/\\\/www.revuemusicale.ch\\\/basis\\\/csjm#primaryimage\",\"url\":\"https:\\\/\\\/www.revuemusicale.ch\\\/wp-content\\\/uploads\\\/2023\\\/01\\\/sjmw_musikzeitung.jpg\",\"contentUrl\":\"https:\\\/\\\/www.revuemusicale.ch\\\/wp-content\\\/uploads\\\/2023\\\/01\\\/sjmw_musikzeitung.jpg\",\"width\":1200,\"height\":600},{\"@type\":\"BreadcrumbList\",\"@id\":\"https:\\\/\\\/www.revuemusicale.ch\\\/basis\\\/csjm#breadcrumb\",\"itemListElement\":[{\"@type\":\"ListItem\",\"position\":1,\"name\":\"Home\",\"item\":\"https:\\\/\\\/www.revuemusicale.ch\\\/\"},{\"@type\":\"ListItem\",\"position\":2,\"name\":\"Basis\",\"item\":\"https:\\\/\\\/www.revuemusicale.ch\\\/basis\"},{\"@type\":\"ListItem\",\"position\":3,\"name\":\"CSMJ\"}]},{\"@type\":\"WebSite\",\"@id\":\"https:\\\/\\\/www.revuemusicale.ch\\\/#website\",\"url\":\"https:\\\/\\\/www.revuemusicale.ch\\\/\",\"name\":\"Revue Musicale Suisse\",\"description\":\"\",\"publisher\":{\"@id\":\"https:\\\/\\\/www.revuemusicale.ch\\\/#organization\"},\"potentialAction\":[{\"@type\":\"SearchAction\",\"target\":{\"@type\":\"EntryPoint\",\"urlTemplate\":\"https:\\\/\\\/www.revuemusicale.ch\\\/?s={search_term_string}\"},\"query-input\":{\"@type\":\"PropertyValueSpecification\",\"valueRequired\":true,\"valueName\":\"search_term_string\"}}],\"inLanguage\":\"it-IT\"},{\"@type\":\"Organization\",\"@id\":\"https:\\\/\\\/www.revuemusicale.ch\\\/#organization\",\"name\":\"Revue Musicale Suisse\",\"url\":\"https:\\\/\\\/www.revuemusicale.ch\\\/\",\"logo\":{\"@type\":\"ImageObject\",\"inLanguage\":\"it-IT\",\"@id\":\"https:\\\/\\\/www.revuemusicale.ch\\\/#\\\/schema\\\/logo\\\/image\\\/\",\"url\":\"https:\\\/\\\/www.revuemusicale.ch\\\/wp-content\\\/uploads\\\/2023\\\/01\\\/logo_revuemusicale_musikzeitung.jpg\",\"contentUrl\":\"https:\\\/\\\/www.revuemusicale.ch\\\/wp-content\\\/uploads\\\/2023\\\/01\\\/logo_revuemusicale_musikzeitung.jpg\",\"width\":1200,\"height\":243,\"caption\":\"Revue Musicale Suisse\"},\"image\":{\"@id\":\"https:\\\/\\\/www.revuemusicale.ch\\\/#\\\/schema\\\/logo\\\/image\\\/\"},\"sameAs\":[\"https:\\\/\\\/www.facebook.com\\\/SchweizerMusikzeitung\\\/\",\"https:\\\/\\\/x.com\\\/smusikzeitung\",\"https:\\\/\\\/www.instagram.com\\\/musikzeitung.ch\\\/?hl=de\"]}]}<\/script>\n<!-- \/ Yoast SEO plugin. -->","yoast_head_json":{"title":"CSMJ - Rassegna musicale svizzera","robots":{"index":"index","follow":"follow","max-snippet":"max-snippet:-1","max-image-preview":"max-image-preview:large","max-video-preview":"max-video-preview:-1"},"canonical":"https:\/\/www.revuemusicale.ch\/it\/basis\/csjm\/","og_locale":"it_IT","og_type":"article","og_title":"CSMJ - Revue Musicale Suisse","og_description":"Le Concours suisse de musique pour la jeunesse (CSMJ) est devenu ces derni\u00e8res ann\u00e9es la manifestation nationale la plus importante pour la recherche de jeunes talents et l\u2019encouragement sur une large base. Il est ouvert aux jeunes amateurs de 8 \u00e0 20 ans (22 ans pour les chanteuses et chanteurs). Dans la cat\u00e9gorie Classique, les [&hellip;]","og_url":"https:\/\/www.revuemusicale.ch\/it\/basis\/csjm\/","og_site_name":"Revue Musicale Suisse","article_publisher":"https:\/\/www.facebook.com\/SchweizerMusikzeitung\/","article_modified_time":"2025-04-03T06:11:26+00:00","og_image":[{"width":1200,"height":600,"url":"https:\/\/www.revuemusicale.ch\/wp-content\/uploads\/2023\/01\/sjmw_musikzeitung.jpg","type":"image\/jpeg"}],"twitter_card":"summary_large_image","twitter_site":"@smusikzeitung","twitter_misc":{"Tempo di lettura stimato":"2 minuti"},"schema":{"@context":"https:\/\/schema.org","@graph":[{"@type":"WebPage","@id":"https:\/\/www.revuemusicale.ch\/basis\/csjm","url":"https:\/\/www.revuemusicale.ch\/basis\/csjm","name":"CSMJ - Rassegna musicale svizzera","isPartOf":{"@id":"https:\/\/www.revuemusicale.ch\/#website"},"primaryImageOfPage":{"@id":"https:\/\/www.revuemusicale.ch\/basis\/csjm#primaryimage"},"image":{"@id":"https:\/\/www.revuemusicale.ch\/basis\/csjm#primaryimage"},"thumbnailUrl":"https:\/\/www.revuemusicale.ch\/wp-content\/uploads\/2023\/01\/sjmw_musikzeitung.jpg","datePublished":"2023-01-13T13:23:30+00:00","dateModified":"2025-04-03T06:11:26+00:00","breadcrumb":{"@id":"https:\/\/www.revuemusicale.ch\/basis\/csjm#breadcrumb"},"inLanguage":"it-IT","potentialAction":[{"@type":"ReadAction","target":["https:\/\/www.revuemusicale.ch\/basis\/csjm"]}]},{"@type":"ImageObject","inLanguage":"it-IT","@id":"https:\/\/www.revuemusicale.ch\/basis\/csjm#primaryimage","url":"https:\/\/www.revuemusicale.ch\/wp-content\/uploads\/2023\/01\/sjmw_musikzeitung.jpg","contentUrl":"https:\/\/www.revuemusicale.ch\/wp-content\/uploads\/2023\/01\/sjmw_musikzeitung.jpg","width":1200,"height":600},{"@type":"BreadcrumbList","@id":"https:\/\/www.revuemusicale.ch\/basis\/csjm#breadcrumb","itemListElement":[{"@type":"ListItem","position":1,"name":"Home","item":"https:\/\/www.revuemusicale.ch\/"},{"@type":"ListItem","position":2,"name":"Basis","item":"https:\/\/www.revuemusicale.ch\/basis"},{"@type":"ListItem","position":3,"name":"CSMJ"}]},{"@type":"WebSite","@id":"https:\/\/www.revuemusicale.ch\/#website","url":"https:\/\/www.revuemusicale.ch\/","name":"Rassegna musicale svizzera","description":"","publisher":{"@id":"https:\/\/www.revuemusicale.ch\/#organization"},"potentialAction":[{"@type":"SearchAction","target":{"@type":"EntryPoint","urlTemplate":"https:\/\/www.revuemusicale.ch\/?s={search_term_string}"},"query-input":{"@type":"PropertyValueSpecification","valueRequired":true,"valueName":"search_term_string"}}],"inLanguage":"it-IT"},{"@type":"Organization","@id":"https:\/\/www.revuemusicale.ch\/#organization","name":"Rassegna musicale svizzera","url":"https:\/\/www.revuemusicale.ch\/","logo":{"@type":"ImageObject","inLanguage":"it-IT","@id":"https:\/\/www.revuemusicale.ch\/#\/schema\/logo\/image\/","url":"https:\/\/www.revuemusicale.ch\/wp-content\/uploads\/2023\/01\/logo_revuemusicale_musikzeitung.jpg","contentUrl":"https:\/\/www.revuemusicale.ch\/wp-content\/uploads\/2023\/01\/logo_revuemusicale_musikzeitung.jpg","width":1200,"height":243,"caption":"Revue Musicale Suisse"},"image":{"@id":"https:\/\/www.revuemusicale.ch\/#\/schema\/logo\/image\/"},"sameAs":["https:\/\/www.facebook.com\/SchweizerMusikzeitung\/","https:\/\/x.com\/smusikzeitung","https:\/\/www.instagram.com\/musikzeitung.ch\/?hl=de"]}]}},"publishpress_future_action":{"enabled":false,"date":"1970-01-01 01:00:00","action":"change-status","newStatus":"draft","terms":[],"taxonomy":"","extraData":[]},"publishpress_future_workflow_manual_trigger":{"enabledWorkflows":[]},"_links":{"self":[{"href":"https:\/\/www.revuemusicale.ch\/it\/wp-json\/wp\/v2\/pages\/9298","targetHints":{"allow":["GET"]}}],"collection":[{"href":"https:\/\/www.revuemusicale.ch\/it\/wp-json\/wp\/v2\/pages"}],"about":[{"href":"https:\/\/www.revuemusicale.ch\/it\/wp-json\/wp\/v2\/types\/page"}],"author":[{"embeddable":true,"href":"https:\/\/www.revuemusicale.ch\/it\/wp-json\/wp\/v2\/users\/21893"}],"replies":[{"embeddable":true,"href":"https:\/\/www.revuemusicale.ch\/it\/wp-json\/wp\/v2\/comments?post=9298"}],"version-history":[{"count":14,"href":"https:\/\/www.revuemusicale.ch\/it\/wp-json\/wp\/v2\/pages\/9298\/revisions"}],"predecessor-version":[{"id":31164,"href":"https:\/\/www.revuemusicale.ch\/it\/wp-json\/wp\/v2\/pages\/9298\/revisions\/31164"}],"up":[{"embeddable":true,"href":"https:\/\/www.revuemusicale.ch\/it\/wp-json\/wp\/v2\/pages\/230"}],"wp:featuredmedia":[{"embeddable":true,"href":"https:\/\/www.revuemusicale.ch\/it\/wp-json\/wp\/v2\/media\/9342"}],"wp:attachment":[{"href":"https:\/\/www.revuemusicale.ch\/it\/wp-json\/wp\/v2\/media?parent=9298"}],"curies":[{"name":"wp","href":"https:\/\/api.w.org\/{rel}","templated":true}]}}