{"id":9308,"date":"2023-01-13T14:47:15","date_gmt":"2023-01-13T13:47:15","guid":{"rendered":"https:\/\/www.revuemusicale.ch\/?page_id=9308"},"modified":"2025-09-02T15:59:50","modified_gmt":"2025-09-02T13:59:50","slug":"arosa-kultur","status":"publish","type":"page","link":"https:\/\/www.revuemusicale.ch\/it\/basis\/arosa-kultur","title":{"rendered":"Arosa Kultur"},"content":{"rendered":"<p><strong>Arosa Kultur<\/strong> \u00e8 un'associazione no-profit politicamente neutrale che organizza eventi culturali ad Arosa (Grigioni), tra cui le Musik-Kurswochen Arosa (promozione su larga scala) e l'Accademia musicale di Arosa (promozione dell'eccellenza). L'associazione conta oltre 600 membri, di cui circa due terzi sono abitanti del luogo e un terzo turisti e altre persone provenienti dalla Svizzera e dall'estero interessate alla cultura.<br \/>\nLe Musik-Kurswochen Arosa sono state lanciate nel 1986. Si rivolgono a dilettanti, studenti e musicisti professionisti di tutte le et\u00e0. Il programma comprende oltre un centinaio di corsi su una vasta gamma di strumenti, oltre a settimane di canto e danza. Nel 2011 \u00e8 stata aggiunta al programma l'Arosa Music Academy. Si tratta di corsi di perfezionamento progettati per aiutare i giovani musicisti di talento a compiere progressi significativi non solo nella padronanza del proprio strumento, ma anche nella musica da camera.<br \/>\nArosa Kultur lavora a stretto contatto con il CSMJ per il Musik-Kurswochen Arosa e l'Accademia musicale di Arosa, oltre che per un'iniziativa volta ad aprire un'orchestra a giovani solisti. I partecipanti al CSMJ ricevono uno sconto sostanziale sui corsi di Arosa e, in alcuni casi, anche una borsa di studio. Per quanto riguarda l'iniziativa, ogni anno 2-3 vincitori del CSMJ provano con un'orchestra professionale di Arosa Kultur e tengono diversi concerti.<\/p>\n<p><strong><a href=\"http:\/\/www.arosakultur.ch\">arosakultur.ch<\/a><\/strong><\/p>\n<p><strong>\u00a0<\/strong><\/p>\n<p><strong>Contatto<br \/>\n<\/strong>AROSA KULTUR<br \/>\n7050 Arosa<br \/>\nT +41 81 353 87 47<br \/>\nF +41 81 353 87 50<br \/>\n<a href=\"mailto:info@arosakultur.ch\">info@arosakultur.ch<\/a><\/p>\n<p><strong>Segreteria<br \/>\n<\/strong>Angela Buxhofer, direttrice commerciale<br \/>\nAndri Probst, direttore generale della ditta di produzione<br \/>\nFranco Mettler, K\u00fcnstlerischer Leiter<\/p>\n<p>&nbsp;<\/p>","protected":false},"excerpt":{"rendered":"<p>Arosa Kultur est une association d\u2019int\u00e9r\u00eat public, politiquement neutre, qui organise \u00e0 Arosa (Grisons) des \u00e9v\u00e9nements culturels, dont les Musik-Kurswochen Arosa, encouragement \u00e0 large \u00e9chelle) et l\u2019Arosa Music Academy (promotion de l\u2019excellence). L\u2019association compte plus de 600 membres, dont environ deux tiers de personnes de l\u2019endroit et un tiers d\u2019h\u00f4tes de vacances et autres personnes [&hellip;]<\/p>\n","protected":false},"author":21893,"featured_media":9336,"parent":230,"menu_order":0,"comment_status":"closed","ping_status":"closed","template":"page_partner.php","meta":{"_acf_changed":false,"_relevanssi_hide_post":"","_relevanssi_hide_content":"","_relevanssi_pin_for_all":"","_relevanssi_pin_keywords":"","_relevanssi_unpin_keywords":"","_relevanssi_related_keywords":"","_relevanssi_related_include_ids":"","_relevanssi_related_exclude_ids":"","_relevanssi_related_no_append":"","_relevanssi_related_not_related":"","_relevanssi_related_posts":"","_relevanssi_noindex_reason":"","pgc_sgb_lightbox_settings":"","footnotes":""},"class_list":["post-9308","page","type-page","status-publish","has-post-thumbnail","hentry"],"acf":[],"yoast_head":"<!-- This site is optimized with the Yoast SEO plugin v27.3 - https:\/\/yoast.com\/product\/yoast-seo-wordpress\/ -->\n<title>Arosa Kultur - Revue Musicale Suisse<\/title>\n<meta name=\"robots\" content=\"index, follow, max-snippet:-1, max-image-preview:large, max-video-preview:-1\" \/>\n<link rel=\"canonical\" href=\"https:\/\/www.revuemusicale.ch\/it\/basis\/arosa-kultur\/\" \/>\n<meta property=\"og:locale\" content=\"it_IT\" \/>\n<meta property=\"og:type\" content=\"article\" \/>\n<meta property=\"og:title\" content=\"Arosa Kultur - Revue Musicale Suisse\" \/>\n<meta property=\"og:description\" content=\"Arosa Kultur est une association d\u2019int\u00e9r\u00eat public, politiquement neutre, qui organise \u00e0 Arosa (Grisons) des \u00e9v\u00e9nements culturels, dont les Musik-Kurswochen Arosa, encouragement \u00e0 large \u00e9chelle) et l\u2019Arosa Music Academy (promotion de l\u2019excellence). L\u2019association compte plus de 600 membres, dont environ deux tiers de personnes de l\u2019endroit et un tiers d\u2019h\u00f4tes de vacances et autres personnes [&hellip;]\" \/>\n<meta property=\"og:url\" content=\"https:\/\/www.revuemusicale.ch\/it\/basis\/arosa-kultur\/\" \/>\n<meta property=\"og:site_name\" content=\"Revue Musicale Suisse\" \/>\n<meta property=\"article:publisher\" content=\"https:\/\/www.facebook.com\/SchweizerMusikzeitung\/\" \/>\n<meta property=\"article:modified_time\" content=\"2025-09-02T13:59:50+00:00\" \/>\n<meta property=\"og:image\" content=\"https:\/\/www.revuemusicale.ch\/wp-content\/uploads\/2023\/01\/arosa_musikzeitung.jpg\" \/>\n\t<meta property=\"og:image:width\" content=\"1200\" \/>\n\t<meta property=\"og:image:height\" content=\"600\" \/>\n\t<meta property=\"og:image:type\" content=\"image\/jpeg\" \/>\n<meta name=\"twitter:card\" content=\"summary_large_image\" \/>\n<meta name=\"twitter:site\" content=\"@smusikzeitung\" \/>\n<meta name=\"twitter:label1\" content=\"Tempo di lettura stimato\" \/>\n\t<meta name=\"twitter:data1\" content=\"2 minuti\" \/>\n<script type=\"application\/ld+json\" class=\"yoast-schema-graph\">{\"@context\":\"https:\\\/\\\/schema.org\",\"@graph\":[{\"@type\":\"WebPage\",\"@id\":\"https:\\\/\\\/www.revuemusicale.ch\\\/basis\\\/arosa-kultur\",\"url\":\"https:\\\/\\\/www.revuemusicale.ch\\\/basis\\\/arosa-kultur\",\"name\":\"Arosa Kultur - Revue Musicale Suisse\",\"isPartOf\":{\"@id\":\"https:\\\/\\\/www.revuemusicale.ch\\\/#website\"},\"primaryImageOfPage\":{\"@id\":\"https:\\\/\\\/www.revuemusicale.ch\\\/basis\\\/arosa-kultur#primaryimage\"},\"image\":{\"@id\":\"https:\\\/\\\/www.revuemusicale.ch\\\/basis\\\/arosa-kultur#primaryimage\"},\"thumbnailUrl\":\"https:\\\/\\\/www.revuemusicale.ch\\\/wp-content\\\/uploads\\\/2023\\\/01\\\/arosa_musikzeitung.jpg\",\"datePublished\":\"2023-01-13T13:47:15+00:00\",\"dateModified\":\"2025-09-02T13:59:50+00:00\",\"breadcrumb\":{\"@id\":\"https:\\\/\\\/www.revuemusicale.ch\\\/basis\\\/arosa-kultur#breadcrumb\"},\"inLanguage\":\"it-IT\",\"potentialAction\":[{\"@type\":\"ReadAction\",\"target\":[\"https:\\\/\\\/www.revuemusicale.ch\\\/basis\\\/arosa-kultur\"]}]},{\"@type\":\"ImageObject\",\"inLanguage\":\"it-IT\",\"@id\":\"https:\\\/\\\/www.revuemusicale.ch\\\/basis\\\/arosa-kultur#primaryimage\",\"url\":\"https:\\\/\\\/www.revuemusicale.ch\\\/wp-content\\\/uploads\\\/2023\\\/01\\\/arosa_musikzeitung.jpg\",\"contentUrl\":\"https:\\\/\\\/www.revuemusicale.ch\\\/wp-content\\\/uploads\\\/2023\\\/01\\\/arosa_musikzeitung.jpg\",\"width\":1200,\"height\":600},{\"@type\":\"BreadcrumbList\",\"@id\":\"https:\\\/\\\/www.revuemusicale.ch\\\/basis\\\/arosa-kultur#breadcrumb\",\"itemListElement\":[{\"@type\":\"ListItem\",\"position\":1,\"name\":\"Home\",\"item\":\"https:\\\/\\\/www.revuemusicale.ch\\\/\"},{\"@type\":\"ListItem\",\"position\":2,\"name\":\"Basis\",\"item\":\"https:\\\/\\\/www.revuemusicale.ch\\\/basis\"},{\"@type\":\"ListItem\",\"position\":3,\"name\":\"Arosa Kultur\"}]},{\"@type\":\"WebSite\",\"@id\":\"https:\\\/\\\/www.revuemusicale.ch\\\/#website\",\"url\":\"https:\\\/\\\/www.revuemusicale.ch\\\/\",\"name\":\"Revue Musicale Suisse\",\"description\":\"\",\"publisher\":{\"@id\":\"https:\\\/\\\/www.revuemusicale.ch\\\/#organization\"},\"potentialAction\":[{\"@type\":\"SearchAction\",\"target\":{\"@type\":\"EntryPoint\",\"urlTemplate\":\"https:\\\/\\\/www.revuemusicale.ch\\\/?s={search_term_string}\"},\"query-input\":{\"@type\":\"PropertyValueSpecification\",\"valueRequired\":true,\"valueName\":\"search_term_string\"}}],\"inLanguage\":\"it-IT\"},{\"@type\":\"Organization\",\"@id\":\"https:\\\/\\\/www.revuemusicale.ch\\\/#organization\",\"name\":\"Revue Musicale Suisse\",\"url\":\"https:\\\/\\\/www.revuemusicale.ch\\\/\",\"logo\":{\"@type\":\"ImageObject\",\"inLanguage\":\"it-IT\",\"@id\":\"https:\\\/\\\/www.revuemusicale.ch\\\/#\\\/schema\\\/logo\\\/image\\\/\",\"url\":\"https:\\\/\\\/www.revuemusicale.ch\\\/wp-content\\\/uploads\\\/2023\\\/01\\\/logo_revuemusicale_musikzeitung.jpg\",\"contentUrl\":\"https:\\\/\\\/www.revuemusicale.ch\\\/wp-content\\\/uploads\\\/2023\\\/01\\\/logo_revuemusicale_musikzeitung.jpg\",\"width\":1200,\"height\":243,\"caption\":\"Revue Musicale Suisse\"},\"image\":{\"@id\":\"https:\\\/\\\/www.revuemusicale.ch\\\/#\\\/schema\\\/logo\\\/image\\\/\"},\"sameAs\":[\"https:\\\/\\\/www.facebook.com\\\/SchweizerMusikzeitung\\\/\",\"https:\\\/\\\/x.com\\\/smusikzeitung\",\"https:\\\/\\\/www.instagram.com\\\/musikzeitung.ch\\\/?hl=de\"]}]}<\/script>\n<!-- \/ Yoast SEO plugin. -->","yoast_head_json":{"title":"Arosa Kultur - Rassegna musicale svizzera","robots":{"index":"index","follow":"follow","max-snippet":"max-snippet:-1","max-image-preview":"max-image-preview:large","max-video-preview":"max-video-preview:-1"},"canonical":"https:\/\/www.revuemusicale.ch\/it\/basis\/arosa-kultur\/","og_locale":"it_IT","og_type":"article","og_title":"Arosa Kultur - Revue Musicale Suisse","og_description":"Arosa Kultur est une association d\u2019int\u00e9r\u00eat public, politiquement neutre, qui organise \u00e0 Arosa (Grisons) des \u00e9v\u00e9nements culturels, dont les Musik-Kurswochen Arosa, encouragement \u00e0 large \u00e9chelle) et l\u2019Arosa Music Academy (promotion de l\u2019excellence). L\u2019association compte plus de 600 membres, dont environ deux tiers de personnes de l\u2019endroit et un tiers d\u2019h\u00f4tes de vacances et autres personnes [&hellip;]","og_url":"https:\/\/www.revuemusicale.ch\/it\/basis\/arosa-kultur\/","og_site_name":"Revue Musicale Suisse","article_publisher":"https:\/\/www.facebook.com\/SchweizerMusikzeitung\/","article_modified_time":"2025-09-02T13:59:50+00:00","og_image":[{"width":1200,"height":600,"url":"https:\/\/www.revuemusicale.ch\/wp-content\/uploads\/2023\/01\/arosa_musikzeitung.jpg","type":"image\/jpeg"}],"twitter_card":"summary_large_image","twitter_site":"@smusikzeitung","twitter_misc":{"Tempo di lettura stimato":"2 minuti"},"schema":{"@context":"https:\/\/schema.org","@graph":[{"@type":"WebPage","@id":"https:\/\/www.revuemusicale.ch\/basis\/arosa-kultur","url":"https:\/\/www.revuemusicale.ch\/basis\/arosa-kultur","name":"Arosa Kultur - Rassegna musicale svizzera","isPartOf":{"@id":"https:\/\/www.revuemusicale.ch\/#website"},"primaryImageOfPage":{"@id":"https:\/\/www.revuemusicale.ch\/basis\/arosa-kultur#primaryimage"},"image":{"@id":"https:\/\/www.revuemusicale.ch\/basis\/arosa-kultur#primaryimage"},"thumbnailUrl":"https:\/\/www.revuemusicale.ch\/wp-content\/uploads\/2023\/01\/arosa_musikzeitung.jpg","datePublished":"2023-01-13T13:47:15+00:00","dateModified":"2025-09-02T13:59:50+00:00","breadcrumb":{"@id":"https:\/\/www.revuemusicale.ch\/basis\/arosa-kultur#breadcrumb"},"inLanguage":"it-IT","potentialAction":[{"@type":"ReadAction","target":["https:\/\/www.revuemusicale.ch\/basis\/arosa-kultur"]}]},{"@type":"ImageObject","inLanguage":"it-IT","@id":"https:\/\/www.revuemusicale.ch\/basis\/arosa-kultur#primaryimage","url":"https:\/\/www.revuemusicale.ch\/wp-content\/uploads\/2023\/01\/arosa_musikzeitung.jpg","contentUrl":"https:\/\/www.revuemusicale.ch\/wp-content\/uploads\/2023\/01\/arosa_musikzeitung.jpg","width":1200,"height":600},{"@type":"BreadcrumbList","@id":"https:\/\/www.revuemusicale.ch\/basis\/arosa-kultur#breadcrumb","itemListElement":[{"@type":"ListItem","position":1,"name":"Home","item":"https:\/\/www.revuemusicale.ch\/"},{"@type":"ListItem","position":2,"name":"Basis","item":"https:\/\/www.revuemusicale.ch\/basis"},{"@type":"ListItem","position":3,"name":"Arosa Kultur"}]},{"@type":"WebSite","@id":"https:\/\/www.revuemusicale.ch\/#website","url":"https:\/\/www.revuemusicale.ch\/","name":"Rassegna musicale svizzera","description":"","publisher":{"@id":"https:\/\/www.revuemusicale.ch\/#organization"},"potentialAction":[{"@type":"SearchAction","target":{"@type":"EntryPoint","urlTemplate":"https:\/\/www.revuemusicale.ch\/?s={search_term_string}"},"query-input":{"@type":"PropertyValueSpecification","valueRequired":true,"valueName":"search_term_string"}}],"inLanguage":"it-IT"},{"@type":"Organization","@id":"https:\/\/www.revuemusicale.ch\/#organization","name":"Rassegna musicale svizzera","url":"https:\/\/www.revuemusicale.ch\/","logo":{"@type":"ImageObject","inLanguage":"it-IT","@id":"https:\/\/www.revuemusicale.ch\/#\/schema\/logo\/image\/","url":"https:\/\/www.revuemusicale.ch\/wp-content\/uploads\/2023\/01\/logo_revuemusicale_musikzeitung.jpg","contentUrl":"https:\/\/www.revuemusicale.ch\/wp-content\/uploads\/2023\/01\/logo_revuemusicale_musikzeitung.jpg","width":1200,"height":243,"caption":"Revue Musicale Suisse"},"image":{"@id":"https:\/\/www.revuemusicale.ch\/#\/schema\/logo\/image\/"},"sameAs":["https:\/\/www.facebook.com\/SchweizerMusikzeitung\/","https:\/\/x.com\/smusikzeitung","https:\/\/www.instagram.com\/musikzeitung.ch\/?hl=de"]}]}},"publishpress_future_action":{"enabled":false,"date":"1970-01-01 01:00:00","action":"change-status","newStatus":"draft","terms":[],"taxonomy":"","extraData":[]},"publishpress_future_workflow_manual_trigger":{"enabledWorkflows":[]},"_links":{"self":[{"href":"https:\/\/www.revuemusicale.ch\/it\/wp-json\/wp\/v2\/pages\/9308","targetHints":{"allow":["GET"]}}],"collection":[{"href":"https:\/\/www.revuemusicale.ch\/it\/wp-json\/wp\/v2\/pages"}],"about":[{"href":"https:\/\/www.revuemusicale.ch\/it\/wp-json\/wp\/v2\/types\/page"}],"author":[{"embeddable":true,"href":"https:\/\/www.revuemusicale.ch\/it\/wp-json\/wp\/v2\/users\/21893"}],"replies":[{"embeddable":true,"href":"https:\/\/www.revuemusicale.ch\/it\/wp-json\/wp\/v2\/comments?post=9308"}],"version-history":[{"count":8,"href":"https:\/\/www.revuemusicale.ch\/it\/wp-json\/wp\/v2\/pages\/9308\/revisions"}],"predecessor-version":[{"id":31406,"href":"https:\/\/www.revuemusicale.ch\/it\/wp-json\/wp\/v2\/pages\/9308\/revisions\/31406"}],"up":[{"embeddable":true,"href":"https:\/\/www.revuemusicale.ch\/it\/wp-json\/wp\/v2\/pages\/230"}],"wp:featuredmedia":[{"embeddable":true,"href":"https:\/\/www.revuemusicale.ch\/it\/wp-json\/wp\/v2\/media\/9336"}],"wp:attachment":[{"href":"https:\/\/www.revuemusicale.ch\/it\/wp-json\/wp\/v2\/media?parent=9308"}],"curies":[{"name":"wp","href":"https:\/\/api.w.org\/{rel}","templated":true}]}}