{"id":9326,"date":"2023-01-13T15:38:15","date_gmt":"2023-01-13T14:38:15","guid":{"rendered":"https:\/\/www.revuemusicale.ch\/?page_id=9326"},"modified":"2023-02-20T16:45:55","modified_gmt":"2023-02-20T15:45:55","slug":"usdam","status":"publish","type":"page","link":"https:\/\/www.revuemusicale.ch\/it\/basis\/usdam","title":{"rendered":"USDAM"},"content":{"rendered":"<p><strong>Unione Svizzera dei Musicisti (USDAM) <\/strong>riunisce membri di orchestre professionali svizzere e musicisti freelance.<\/p>\n<p><strong><a href=\"https:\/\/smv.ch\/fr\/\" target=\"_blank\" rel=\"noopener\">www.usdam.ch<\/a><\/strong><\/p>\n<p>&nbsp;<\/p>\n<p><strong>Copresidente centrale<br \/>\n<\/strong>Davide J\u00e4ger e Muriel Noble<\/p>\n<p><strong>Informazioni<\/strong><br \/>\nSMV - Segretariato centrale<br \/>\nBeat Santschi, segretario centrale<br \/>\nJessica Frossard, segretario di fabbrica<br \/>\nPatricia B\u00fchler, Amministrazione<br \/>\nKasernenstrasse 15, 8004 Zurigo<br \/>\nTel: 043\/322 05 22<br \/>\n<a href=\"mailto:info@smv.ch\">info@smv.ch<\/a><\/p>\n<p><b>Editore responsabile<\/b><br \/>\nLaurent Mettraux<br \/>\n<a href=\"mailto:laurent.mettraux@smv.ch\">laurent.mettraux@smv.ch<\/a><br \/>\n<strong><em>Associato<\/em><\/strong><br \/>\nDaniel Lienhard<br \/>\n<a href=\"mailto:daniel.lienhard@smv.ch\">daniel.lienhard@smv.ch<\/a><\/p>","protected":false},"excerpt":{"rendered":"<p>L\u2019Union Suisse des Artistes Musiciens (USDAM) r\u00e9unit les membres des orchestres professionnels suisses ainsi que les musiciennes et musiciens ind\u00e9pendants. www.usdam.ch &nbsp; Co-Pr\u00e9sident\/e central\/e Davide J\u00e4ger &amp; Muriel Noble Renseignements SMV-Zentralsekretariat Beat Santschi, Zentralsekret\u00e4r Jessica Frossard, Gewerkschaftssekret\u00e4rin Patricia B\u00fchler, Administration Kasernenstrasse 15, 8004 Z\u00fcrich Tel: 043\/322 05 22 info@smv.ch R\u00e9dacteur responsable Laurent Mettraux laurent.mettraux@smv.ch Collaborateur [&hellip;]<\/p>\n","protected":false},"author":21897,"featured_media":9345,"parent":230,"menu_order":0,"comment_status":"closed","ping_status":"closed","template":"page_partner.php","meta":{"_acf_changed":false,"_relevanssi_hide_post":"","_relevanssi_hide_content":"","_relevanssi_pin_for_all":"","_relevanssi_pin_keywords":"","_relevanssi_unpin_keywords":"","_relevanssi_related_keywords":"","_relevanssi_related_include_ids":"","_relevanssi_related_exclude_ids":"","_relevanssi_related_no_append":"","_relevanssi_related_not_related":"","_relevanssi_related_posts":"","_relevanssi_noindex_reason":"","pgc_sgb_lightbox_settings":"","footnotes":""},"class_list":["post-9326","page","type-page","status-publish","has-post-thumbnail","hentry"],"acf":[],"yoast_head":"<!-- This site is optimized with the Yoast SEO plugin v27.3 - https:\/\/yoast.com\/product\/yoast-seo-wordpress\/ -->\n<title>USDAM - Revue Musicale Suisse<\/title>\n<meta name=\"robots\" content=\"index, follow, max-snippet:-1, max-image-preview:large, max-video-preview:-1\" \/>\n<link rel=\"canonical\" href=\"https:\/\/www.revuemusicale.ch\/it\/basis\/usdam\/\" \/>\n<meta property=\"og:locale\" content=\"it_IT\" \/>\n<meta property=\"og:type\" content=\"article\" \/>\n<meta property=\"og:title\" content=\"USDAM - Revue Musicale Suisse\" \/>\n<meta property=\"og:description\" content=\"L\u2019Union Suisse des Artistes Musiciens (USDAM) r\u00e9unit les membres des orchestres professionnels suisses ainsi que les musiciennes et musiciens ind\u00e9pendants. www.usdam.ch &nbsp; Co-Pr\u00e9sident\/e central\/e Davide J\u00e4ger &amp; Muriel Noble Renseignements SMV-Zentralsekretariat Beat Santschi, Zentralsekret\u00e4r Jessica Frossard, Gewerkschaftssekret\u00e4rin Patricia B\u00fchler, Administration Kasernenstrasse 15, 8004 Z\u00fcrich Tel: 043\/322 05 22 info@smv.ch R\u00e9dacteur responsable Laurent Mettraux laurent.mettraux@smv.ch Collaborateur [&hellip;]\" \/>\n<meta property=\"og:url\" content=\"https:\/\/www.revuemusicale.ch\/it\/basis\/usdam\/\" \/>\n<meta property=\"og:site_name\" content=\"Revue Musicale Suisse\" \/>\n<meta property=\"article:publisher\" content=\"https:\/\/www.facebook.com\/SchweizerMusikzeitung\/\" \/>\n<meta property=\"article:modified_time\" content=\"2023-02-20T15:45:55+00:00\" \/>\n<meta property=\"og:image\" content=\"https:\/\/www.revuemusicale.ch\/wp-content\/uploads\/2023\/01\/smv_musikzeitung.jpg\" \/>\n\t<meta property=\"og:image:width\" content=\"1200\" \/>\n\t<meta property=\"og:image:height\" content=\"600\" \/>\n\t<meta property=\"og:image:type\" content=\"image\/jpeg\" \/>\n<meta name=\"twitter:card\" content=\"summary_large_image\" \/>\n<meta name=\"twitter:site\" content=\"@smusikzeitung\" \/>\n<meta name=\"twitter:label1\" content=\"Tempo di lettura stimato\" \/>\n\t<meta name=\"twitter:data1\" content=\"1 minuto\" \/>\n<script type=\"application\/ld+json\" class=\"yoast-schema-graph\">{\"@context\":\"https:\\\/\\\/schema.org\",\"@graph\":[{\"@type\":\"WebPage\",\"@id\":\"https:\\\/\\\/www.revuemusicale.ch\\\/basis\\\/usdam\",\"url\":\"https:\\\/\\\/www.revuemusicale.ch\\\/basis\\\/usdam\",\"name\":\"USDAM - Revue Musicale Suisse\",\"isPartOf\":{\"@id\":\"https:\\\/\\\/www.revuemusicale.ch\\\/#website\"},\"primaryImageOfPage\":{\"@id\":\"https:\\\/\\\/www.revuemusicale.ch\\\/basis\\\/usdam#primaryimage\"},\"image\":{\"@id\":\"https:\\\/\\\/www.revuemusicale.ch\\\/basis\\\/usdam#primaryimage\"},\"thumbnailUrl\":\"https:\\\/\\\/www.revuemusicale.ch\\\/wp-content\\\/uploads\\\/2023\\\/01\\\/smv_musikzeitung.jpg\",\"datePublished\":\"2023-01-13T14:38:15+00:00\",\"dateModified\":\"2023-02-20T15:45:55+00:00\",\"breadcrumb\":{\"@id\":\"https:\\\/\\\/www.revuemusicale.ch\\\/basis\\\/usdam#breadcrumb\"},\"inLanguage\":\"it-IT\",\"potentialAction\":[{\"@type\":\"ReadAction\",\"target\":[\"https:\\\/\\\/www.revuemusicale.ch\\\/basis\\\/usdam\"]}]},{\"@type\":\"ImageObject\",\"inLanguage\":\"it-IT\",\"@id\":\"https:\\\/\\\/www.revuemusicale.ch\\\/basis\\\/usdam#primaryimage\",\"url\":\"https:\\\/\\\/www.revuemusicale.ch\\\/wp-content\\\/uploads\\\/2023\\\/01\\\/smv_musikzeitung.jpg\",\"contentUrl\":\"https:\\\/\\\/www.revuemusicale.ch\\\/wp-content\\\/uploads\\\/2023\\\/01\\\/smv_musikzeitung.jpg\",\"width\":1200,\"height\":600},{\"@type\":\"BreadcrumbList\",\"@id\":\"https:\\\/\\\/www.revuemusicale.ch\\\/basis\\\/usdam#breadcrumb\",\"itemListElement\":[{\"@type\":\"ListItem\",\"position\":1,\"name\":\"Home\",\"item\":\"https:\\\/\\\/www.revuemusicale.ch\\\/\"},{\"@type\":\"ListItem\",\"position\":2,\"name\":\"Basis\",\"item\":\"https:\\\/\\\/www.revuemusicale.ch\\\/basis\"},{\"@type\":\"ListItem\",\"position\":3,\"name\":\"USDAM\"}]},{\"@type\":\"WebSite\",\"@id\":\"https:\\\/\\\/www.revuemusicale.ch\\\/#website\",\"url\":\"https:\\\/\\\/www.revuemusicale.ch\\\/\",\"name\":\"Revue Musicale Suisse\",\"description\":\"\",\"publisher\":{\"@id\":\"https:\\\/\\\/www.revuemusicale.ch\\\/#organization\"},\"potentialAction\":[{\"@type\":\"SearchAction\",\"target\":{\"@type\":\"EntryPoint\",\"urlTemplate\":\"https:\\\/\\\/www.revuemusicale.ch\\\/?s={search_term_string}\"},\"query-input\":{\"@type\":\"PropertyValueSpecification\",\"valueRequired\":true,\"valueName\":\"search_term_string\"}}],\"inLanguage\":\"it-IT\"},{\"@type\":\"Organization\",\"@id\":\"https:\\\/\\\/www.revuemusicale.ch\\\/#organization\",\"name\":\"Revue Musicale Suisse\",\"url\":\"https:\\\/\\\/www.revuemusicale.ch\\\/\",\"logo\":{\"@type\":\"ImageObject\",\"inLanguage\":\"it-IT\",\"@id\":\"https:\\\/\\\/www.revuemusicale.ch\\\/#\\\/schema\\\/logo\\\/image\\\/\",\"url\":\"https:\\\/\\\/www.revuemusicale.ch\\\/wp-content\\\/uploads\\\/2023\\\/01\\\/logo_revuemusicale_musikzeitung.jpg\",\"contentUrl\":\"https:\\\/\\\/www.revuemusicale.ch\\\/wp-content\\\/uploads\\\/2023\\\/01\\\/logo_revuemusicale_musikzeitung.jpg\",\"width\":1200,\"height\":243,\"caption\":\"Revue Musicale Suisse\"},\"image\":{\"@id\":\"https:\\\/\\\/www.revuemusicale.ch\\\/#\\\/schema\\\/logo\\\/image\\\/\"},\"sameAs\":[\"https:\\\/\\\/www.facebook.com\\\/SchweizerMusikzeitung\\\/\",\"https:\\\/\\\/x.com\\\/smusikzeitung\",\"https:\\\/\\\/www.instagram.com\\\/musikzeitung.ch\\\/?hl=de\"]}]}<\/script>\n<!-- \/ Yoast SEO plugin. -->","yoast_head_json":{"title":"USDAM - Rassegna musicale svizzera","robots":{"index":"index","follow":"follow","max-snippet":"max-snippet:-1","max-image-preview":"max-image-preview:large","max-video-preview":"max-video-preview:-1"},"canonical":"https:\/\/www.revuemusicale.ch\/it\/basis\/usdam\/","og_locale":"it_IT","og_type":"article","og_title":"USDAM - Revue Musicale Suisse","og_description":"L\u2019Union Suisse des Artistes Musiciens (USDAM) r\u00e9unit les membres des orchestres professionnels suisses ainsi que les musiciennes et musiciens ind\u00e9pendants. www.usdam.ch &nbsp; Co-Pr\u00e9sident\/e central\/e Davide J\u00e4ger &amp; Muriel Noble Renseignements SMV-Zentralsekretariat Beat Santschi, Zentralsekret\u00e4r Jessica Frossard, Gewerkschaftssekret\u00e4rin Patricia B\u00fchler, Administration Kasernenstrasse 15, 8004 Z\u00fcrich Tel: 043\/322 05 22 info@smv.ch R\u00e9dacteur responsable Laurent Mettraux laurent.mettraux@smv.ch Collaborateur [&hellip;]","og_url":"https:\/\/www.revuemusicale.ch\/it\/basis\/usdam\/","og_site_name":"Revue Musicale Suisse","article_publisher":"https:\/\/www.facebook.com\/SchweizerMusikzeitung\/","article_modified_time":"2023-02-20T15:45:55+00:00","og_image":[{"width":1200,"height":600,"url":"https:\/\/www.revuemusicale.ch\/wp-content\/uploads\/2023\/01\/smv_musikzeitung.jpg","type":"image\/jpeg"}],"twitter_card":"summary_large_image","twitter_site":"@smusikzeitung","twitter_misc":{"Tempo di lettura stimato":"1 minuto"},"schema":{"@context":"https:\/\/schema.org","@graph":[{"@type":"WebPage","@id":"https:\/\/www.revuemusicale.ch\/basis\/usdam","url":"https:\/\/www.revuemusicale.ch\/basis\/usdam","name":"USDAM - Rassegna musicale svizzera","isPartOf":{"@id":"https:\/\/www.revuemusicale.ch\/#website"},"primaryImageOfPage":{"@id":"https:\/\/www.revuemusicale.ch\/basis\/usdam#primaryimage"},"image":{"@id":"https:\/\/www.revuemusicale.ch\/basis\/usdam#primaryimage"},"thumbnailUrl":"https:\/\/www.revuemusicale.ch\/wp-content\/uploads\/2023\/01\/smv_musikzeitung.jpg","datePublished":"2023-01-13T14:38:15+00:00","dateModified":"2023-02-20T15:45:55+00:00","breadcrumb":{"@id":"https:\/\/www.revuemusicale.ch\/basis\/usdam#breadcrumb"},"inLanguage":"it-IT","potentialAction":[{"@type":"ReadAction","target":["https:\/\/www.revuemusicale.ch\/basis\/usdam"]}]},{"@type":"ImageObject","inLanguage":"it-IT","@id":"https:\/\/www.revuemusicale.ch\/basis\/usdam#primaryimage","url":"https:\/\/www.revuemusicale.ch\/wp-content\/uploads\/2023\/01\/smv_musikzeitung.jpg","contentUrl":"https:\/\/www.revuemusicale.ch\/wp-content\/uploads\/2023\/01\/smv_musikzeitung.jpg","width":1200,"height":600},{"@type":"BreadcrumbList","@id":"https:\/\/www.revuemusicale.ch\/basis\/usdam#breadcrumb","itemListElement":[{"@type":"ListItem","position":1,"name":"Home","item":"https:\/\/www.revuemusicale.ch\/"},{"@type":"ListItem","position":2,"name":"Basis","item":"https:\/\/www.revuemusicale.ch\/basis"},{"@type":"ListItem","position":3,"name":"USDAM"}]},{"@type":"WebSite","@id":"https:\/\/www.revuemusicale.ch\/#website","url":"https:\/\/www.revuemusicale.ch\/","name":"Rassegna musicale svizzera","description":"","publisher":{"@id":"https:\/\/www.revuemusicale.ch\/#organization"},"potentialAction":[{"@type":"SearchAction","target":{"@type":"EntryPoint","urlTemplate":"https:\/\/www.revuemusicale.ch\/?s={search_term_string}"},"query-input":{"@type":"PropertyValueSpecification","valueRequired":true,"valueName":"search_term_string"}}],"inLanguage":"it-IT"},{"@type":"Organization","@id":"https:\/\/www.revuemusicale.ch\/#organization","name":"Rassegna musicale svizzera","url":"https:\/\/www.revuemusicale.ch\/","logo":{"@type":"ImageObject","inLanguage":"it-IT","@id":"https:\/\/www.revuemusicale.ch\/#\/schema\/logo\/image\/","url":"https:\/\/www.revuemusicale.ch\/wp-content\/uploads\/2023\/01\/logo_revuemusicale_musikzeitung.jpg","contentUrl":"https:\/\/www.revuemusicale.ch\/wp-content\/uploads\/2023\/01\/logo_revuemusicale_musikzeitung.jpg","width":1200,"height":243,"caption":"Revue Musicale Suisse"},"image":{"@id":"https:\/\/www.revuemusicale.ch\/#\/schema\/logo\/image\/"},"sameAs":["https:\/\/www.facebook.com\/SchweizerMusikzeitung\/","https:\/\/x.com\/smusikzeitung","https:\/\/www.instagram.com\/musikzeitung.ch\/?hl=de"]}]}},"publishpress_future_action":{"enabled":false,"date":"1970-01-01 01:00:00","action":"change-status","newStatus":"draft","terms":[],"taxonomy":"","extraData":[]},"publishpress_future_workflow_manual_trigger":{"enabledWorkflows":[]},"_links":{"self":[{"href":"https:\/\/www.revuemusicale.ch\/it\/wp-json\/wp\/v2\/pages\/9326","targetHints":{"allow":["GET"]}}],"collection":[{"href":"https:\/\/www.revuemusicale.ch\/it\/wp-json\/wp\/v2\/pages"}],"about":[{"href":"https:\/\/www.revuemusicale.ch\/it\/wp-json\/wp\/v2\/types\/page"}],"author":[{"embeddable":true,"href":"https:\/\/www.revuemusicale.ch\/it\/wp-json\/wp\/v2\/users\/21897"}],"replies":[{"embeddable":true,"href":"https:\/\/www.revuemusicale.ch\/it\/wp-json\/wp\/v2\/comments?post=9326"}],"version-history":[{"count":5,"href":"https:\/\/www.revuemusicale.ch\/it\/wp-json\/wp\/v2\/pages\/9326\/revisions"}],"predecessor-version":[{"id":23461,"href":"https:\/\/www.revuemusicale.ch\/it\/wp-json\/wp\/v2\/pages\/9326\/revisions\/23461"}],"up":[{"embeddable":true,"href":"https:\/\/www.revuemusicale.ch\/it\/wp-json\/wp\/v2\/pages\/230"}],"wp:featuredmedia":[{"embeddable":true,"href":"https:\/\/www.revuemusicale.ch\/it\/wp-json\/wp\/v2\/media\/9345"}],"wp:attachment":[{"href":"https:\/\/www.revuemusicale.ch\/it\/wp-json\/wp\/v2\/media?parent=9326"}],"curies":[{"name":"wp","href":"https:\/\/api.w.org\/{rel}","templated":true}]}}