{"id":9334,"date":"2023-01-13T15:52:35","date_gmt":"2023-01-13T14:52:35","guid":{"rendered":"https:\/\/www.revuemusicale.ch\/?page_id=9334"},"modified":"2025-01-29T14:42:47","modified_gmt":"2025-01-29T13:42:47","slug":"vms","status":"publish","type":"page","link":"https:\/\/www.revuemusicale.ch\/it\/basis\/vms","title":{"rendered":"ASEM"},"content":{"rendered":"<p><strong><br \/>\nL'Associazione svizzera delle scuole di musica (ASEM) <\/strong>\u00e8 l'organizzazione ombrello delle scuole di musica locali e regionali e delle loro associazioni cantonali. Rappresenta i loro interessi comuni nei confronti del pubblico e di terzi.<\/p>\n<p>&nbsp;<\/p>\n<p><strong><a href=\"http:\/\/www.verband-musikschulen.ch\" target=\"_blank\" rel=\"noopener\">www.verband-musikschulen.ch<\/a><\/strong><br \/>\n<strong><a href=\"http:\/\/www.musikschule.ch\" target=\"_blank\" rel=\"noopener\">www.musikschule.ch<\/a><\/strong><br \/>\n<strong><a href=\"https:\/\/www.verband-musikschulen.ch\/fr\/home\" target=\"_blank\" rel=\"noopener\">www.ecole-musique.ch<\/a><\/strong><br \/>\n<strong><a href=\"https:\/\/www.verband-musikschulen.ch\/it\/home\" target=\"_blank\" rel=\"noopener\">www.scuola-musica.ch<\/a><\/strong><\/p>\n<div class=\"body\">\n<div class=\"text-section\">\n<p>&nbsp;<\/p>\n<div class=\"text-section\">\n<h4>Segreteria generale<\/h4>\n<p>Margot M\u00fcller e Susanne Weber, Dufourstrasse 11, 4052 Basilea<br \/>\n<a href=\"mailto:info@musikschule.ch\">info@musikschule.ch<\/a><\/p>\n<\/div>\n<div class=\"text-section\">\n<h4>Presidente<\/h4>\n<p>Philippe Kr\u00fcttli<br \/>\n<a href=\"mailto:philippe.kruettli@musikschule.ch\">philippe.kruettli@musikschule.ch<\/a><\/p>\n<\/div>\n<div class=\"text-section\">\n<h4>Scrivere pagine ASEM<\/h4>\n<p>Anicia Kohler<br \/>\n<a href=\"mailto:anicia.kohler@musikschule.ch\">anicia.kohler@musikschule.ch<\/a><\/p>\n<p>Jean-Damien Humair<br \/>\n<a href=\"mailto:redaction@revuemusicale.ch\">redaction@revuemusicale.ch<\/a><\/p>\n<\/div>\n<\/div>\n<\/div>\n<div>\n<h3><\/h3>\n<h3 class=\"\">Serie: Un ritratto delle associazioni cantonali di scuole di musica<\/h3>\n<\/div>\n<div class=\"text-section\">\n<p>La serie presenter\u00e0 tutti i cantoni della Svizzera: parlando con i delegati delle associazioni cantonali o delle scuole, la nostra redattrice Anicia Kohler cerca di dare voce all'impressionante lavoro politico, creativo o educativo svolto in tutta la Svizzera.<\/p>\n<p>Ad oggi, sono stati presentati i seguenti cantoni:<\/p>\n<p>ARGOVIE<\/p>\n<p>CAMPAGNA DI BASILEA<\/p>\n<p>JURA<\/p>\n<p>NEUCH\u00c2TEL<\/p>\n<p>TESSINA<\/p>\n<\/div>\n<div class=\"body\">\n<div class=\"text-section\">\n<p>&nbsp;<\/p>\n<\/div>\n<\/div>","protected":false},"excerpt":{"rendered":"<p>L\u2019Association Suisse des Ecoles de Musique (ASEM) est l\u2019organisation fa\u00eeti\u00e8re des \u00e9coles de musique locales et r\u00e9gionales et de leurs associations cantonales. Elle repr\u00e9sente leurs int\u00e9r\u00eats communs aupr\u00e8s du public et envers des tiers. &nbsp; www.verband-musikschulen.ch www.musikschule.ch www.ecole-musique.ch www.scuola-musica.ch &nbsp; Secr\u00e9tariat g\u00e9n\u00e9ral Margot M\u00fcller et Susanne Weber, Dufourstrasse 11, 4052 Basel info@musikschule.ch Pr\u00e9sident Philippe Kr\u00fcttli [&hellip;]<\/p>\n","protected":false},"author":21891,"featured_media":31081,"parent":230,"menu_order":0,"comment_status":"closed","ping_status":"closed","template":"page_partner.php","meta":{"_acf_changed":false,"_relevanssi_hide_post":"","_relevanssi_hide_content":"","_relevanssi_pin_for_all":"","_relevanssi_pin_keywords":"","_relevanssi_unpin_keywords":"","_relevanssi_related_keywords":"","_relevanssi_related_include_ids":"","_relevanssi_related_exclude_ids":"","_relevanssi_related_no_append":"","_relevanssi_related_not_related":"","_relevanssi_related_posts":"","_relevanssi_noindex_reason":"","pgc_sgb_lightbox_settings":"","footnotes":""},"class_list":["post-9334","page","type-page","status-publish","has-post-thumbnail","hentry"],"acf":[],"yoast_head":"<!-- This site is optimized with the Yoast SEO plugin v27.3 - https:\/\/yoast.com\/product\/yoast-seo-wordpress\/ -->\n<title>ASEM - Revue Musicale Suisse<\/title>\n<meta name=\"robots\" content=\"index, follow, max-snippet:-1, max-image-preview:large, max-video-preview:-1\" \/>\n<link rel=\"canonical\" href=\"https:\/\/www.revuemusicale.ch\/it\/basis\/vms\/\" \/>\n<meta property=\"og:locale\" content=\"it_IT\" \/>\n<meta property=\"og:type\" content=\"article\" \/>\n<meta property=\"og:title\" content=\"ASEM - Revue Musicale Suisse\" \/>\n<meta property=\"og:description\" content=\"L\u2019Association Suisse des Ecoles de Musique (ASEM) est l\u2019organisation fa\u00eeti\u00e8re des \u00e9coles de musique locales et r\u00e9gionales et de leurs associations cantonales. Elle repr\u00e9sente leurs int\u00e9r\u00eats communs aupr\u00e8s du public et envers des tiers. &nbsp; www.verband-musikschulen.ch www.musikschule.ch www.ecole-musique.ch www.scuola-musica.ch &nbsp; Secr\u00e9tariat g\u00e9n\u00e9ral Margot M\u00fcller et Susanne Weber, Dufourstrasse 11, 4052 Basel info@musikschule.ch Pr\u00e9sident Philippe Kr\u00fcttli [&hellip;]\" \/>\n<meta property=\"og:url\" content=\"https:\/\/www.revuemusicale.ch\/it\/basis\/vms\/\" \/>\n<meta property=\"og:site_name\" content=\"Revue Musicale Suisse\" \/>\n<meta property=\"article:publisher\" content=\"https:\/\/www.facebook.com\/SchweizerMusikzeitung\/\" \/>\n<meta property=\"article:modified_time\" content=\"2025-01-29T13:42:47+00:00\" \/>\n<meta property=\"og:image\" content=\"https:\/\/www.revuemusicale.ch\/wp-content\/uploads\/2025\/01\/VMS_Bildzeichen_RGB_SocialMedia_1200px.jpg\" \/>\n\t<meta property=\"og:image:width\" content=\"1000\" \/>\n\t<meta property=\"og:image:height\" content=\"1000\" \/>\n\t<meta property=\"og:image:type\" content=\"image\/jpeg\" \/>\n<meta name=\"twitter:card\" content=\"summary_large_image\" \/>\n<meta name=\"twitter:site\" content=\"@smusikzeitung\" \/>\n<meta name=\"twitter:label1\" content=\"Tempo di lettura stimato\" \/>\n\t<meta name=\"twitter:data1\" content=\"1 minuto\" \/>\n<script type=\"application\/ld+json\" class=\"yoast-schema-graph\">{\"@context\":\"https:\\\/\\\/schema.org\",\"@graph\":[{\"@type\":\"WebPage\",\"@id\":\"https:\\\/\\\/www.revuemusicale.ch\\\/basis\\\/vms\",\"url\":\"https:\\\/\\\/www.revuemusicale.ch\\\/basis\\\/vms\",\"name\":\"ASEM - Revue Musicale Suisse\",\"isPartOf\":{\"@id\":\"https:\\\/\\\/www.revuemusicale.ch\\\/#website\"},\"primaryImageOfPage\":{\"@id\":\"https:\\\/\\\/www.revuemusicale.ch\\\/basis\\\/vms#primaryimage\"},\"image\":{\"@id\":\"https:\\\/\\\/www.revuemusicale.ch\\\/basis\\\/vms#primaryimage\"},\"thumbnailUrl\":\"https:\\\/\\\/www.revuemusicale.ch\\\/wp-content\\\/uploads\\\/2025\\\/01\\\/VMS_Bildzeichen_RGB_SocialMedia_1200px.jpg\",\"datePublished\":\"2023-01-13T14:52:35+00:00\",\"dateModified\":\"2025-01-29T13:42:47+00:00\",\"breadcrumb\":{\"@id\":\"https:\\\/\\\/www.revuemusicale.ch\\\/basis\\\/vms#breadcrumb\"},\"inLanguage\":\"it-IT\",\"potentialAction\":[{\"@type\":\"ReadAction\",\"target\":[\"https:\\\/\\\/www.revuemusicale.ch\\\/basis\\\/vms\"]}]},{\"@type\":\"ImageObject\",\"inLanguage\":\"it-IT\",\"@id\":\"https:\\\/\\\/www.revuemusicale.ch\\\/basis\\\/vms#primaryimage\",\"url\":\"https:\\\/\\\/www.revuemusicale.ch\\\/wp-content\\\/uploads\\\/2025\\\/01\\\/VMS_Bildzeichen_RGB_SocialMedia_1200px.jpg\",\"contentUrl\":\"https:\\\/\\\/www.revuemusicale.ch\\\/wp-content\\\/uploads\\\/2025\\\/01\\\/VMS_Bildzeichen_RGB_SocialMedia_1200px.jpg\",\"width\":1000,\"height\":1000,\"caption\":\"Logo de l'Association Suisse des \u00e9coles de musique\"},{\"@type\":\"BreadcrumbList\",\"@id\":\"https:\\\/\\\/www.revuemusicale.ch\\\/basis\\\/vms#breadcrumb\",\"itemListElement\":[{\"@type\":\"ListItem\",\"position\":1,\"name\":\"Home\",\"item\":\"https:\\\/\\\/www.revuemusicale.ch\\\/\"},{\"@type\":\"ListItem\",\"position\":2,\"name\":\"Basis\",\"item\":\"https:\\\/\\\/www.revuemusicale.ch\\\/basis\"},{\"@type\":\"ListItem\",\"position\":3,\"name\":\"ASEM\"}]},{\"@type\":\"WebSite\",\"@id\":\"https:\\\/\\\/www.revuemusicale.ch\\\/#website\",\"url\":\"https:\\\/\\\/www.revuemusicale.ch\\\/\",\"name\":\"Revue Musicale Suisse\",\"description\":\"\",\"publisher\":{\"@id\":\"https:\\\/\\\/www.revuemusicale.ch\\\/#organization\"},\"potentialAction\":[{\"@type\":\"SearchAction\",\"target\":{\"@type\":\"EntryPoint\",\"urlTemplate\":\"https:\\\/\\\/www.revuemusicale.ch\\\/?s={search_term_string}\"},\"query-input\":{\"@type\":\"PropertyValueSpecification\",\"valueRequired\":true,\"valueName\":\"search_term_string\"}}],\"inLanguage\":\"it-IT\"},{\"@type\":\"Organization\",\"@id\":\"https:\\\/\\\/www.revuemusicale.ch\\\/#organization\",\"name\":\"Revue Musicale Suisse\",\"url\":\"https:\\\/\\\/www.revuemusicale.ch\\\/\",\"logo\":{\"@type\":\"ImageObject\",\"inLanguage\":\"it-IT\",\"@id\":\"https:\\\/\\\/www.revuemusicale.ch\\\/#\\\/schema\\\/logo\\\/image\\\/\",\"url\":\"https:\\\/\\\/www.revuemusicale.ch\\\/wp-content\\\/uploads\\\/2023\\\/01\\\/logo_revuemusicale_musikzeitung.jpg\",\"contentUrl\":\"https:\\\/\\\/www.revuemusicale.ch\\\/wp-content\\\/uploads\\\/2023\\\/01\\\/logo_revuemusicale_musikzeitung.jpg\",\"width\":1200,\"height\":243,\"caption\":\"Revue Musicale Suisse\"},\"image\":{\"@id\":\"https:\\\/\\\/www.revuemusicale.ch\\\/#\\\/schema\\\/logo\\\/image\\\/\"},\"sameAs\":[\"https:\\\/\\\/www.facebook.com\\\/SchweizerMusikzeitung\\\/\",\"https:\\\/\\\/x.com\\\/smusikzeitung\",\"https:\\\/\\\/www.instagram.com\\\/musikzeitung.ch\\\/?hl=de\"]}]}<\/script>\n<!-- \/ Yoast SEO plugin. -->","yoast_head_json":{"title":"ASEM - Rassegna musicale svizzera","robots":{"index":"index","follow":"follow","max-snippet":"max-snippet:-1","max-image-preview":"max-image-preview:large","max-video-preview":"max-video-preview:-1"},"canonical":"https:\/\/www.revuemusicale.ch\/it\/basis\/vms\/","og_locale":"it_IT","og_type":"article","og_title":"ASEM - Revue Musicale Suisse","og_description":"L\u2019Association Suisse des Ecoles de Musique (ASEM) est l\u2019organisation fa\u00eeti\u00e8re des \u00e9coles de musique locales et r\u00e9gionales et de leurs associations cantonales. Elle repr\u00e9sente leurs int\u00e9r\u00eats communs aupr\u00e8s du public et envers des tiers. &nbsp; www.verband-musikschulen.ch www.musikschule.ch www.ecole-musique.ch www.scuola-musica.ch &nbsp; Secr\u00e9tariat g\u00e9n\u00e9ral Margot M\u00fcller et Susanne Weber, Dufourstrasse 11, 4052 Basel info@musikschule.ch Pr\u00e9sident Philippe Kr\u00fcttli [&hellip;]","og_url":"https:\/\/www.revuemusicale.ch\/it\/basis\/vms\/","og_site_name":"Revue Musicale Suisse","article_publisher":"https:\/\/www.facebook.com\/SchweizerMusikzeitung\/","article_modified_time":"2025-01-29T13:42:47+00:00","og_image":[{"width":1000,"height":1000,"url":"https:\/\/www.revuemusicale.ch\/wp-content\/uploads\/2025\/01\/VMS_Bildzeichen_RGB_SocialMedia_1200px.jpg","type":"image\/jpeg"}],"twitter_card":"summary_large_image","twitter_site":"@smusikzeitung","twitter_misc":{"Tempo di lettura stimato":"1 minuto"},"schema":{"@context":"https:\/\/schema.org","@graph":[{"@type":"WebPage","@id":"https:\/\/www.revuemusicale.ch\/basis\/vms","url":"https:\/\/www.revuemusicale.ch\/basis\/vms","name":"ASEM - Rassegna musicale svizzera","isPartOf":{"@id":"https:\/\/www.revuemusicale.ch\/#website"},"primaryImageOfPage":{"@id":"https:\/\/www.revuemusicale.ch\/basis\/vms#primaryimage"},"image":{"@id":"https:\/\/www.revuemusicale.ch\/basis\/vms#primaryimage"},"thumbnailUrl":"https:\/\/www.revuemusicale.ch\/wp-content\/uploads\/2025\/01\/VMS_Bildzeichen_RGB_SocialMedia_1200px.jpg","datePublished":"2023-01-13T14:52:35+00:00","dateModified":"2025-01-29T13:42:47+00:00","breadcrumb":{"@id":"https:\/\/www.revuemusicale.ch\/basis\/vms#breadcrumb"},"inLanguage":"it-IT","potentialAction":[{"@type":"ReadAction","target":["https:\/\/www.revuemusicale.ch\/basis\/vms"]}]},{"@type":"ImageObject","inLanguage":"it-IT","@id":"https:\/\/www.revuemusicale.ch\/basis\/vms#primaryimage","url":"https:\/\/www.revuemusicale.ch\/wp-content\/uploads\/2025\/01\/VMS_Bildzeichen_RGB_SocialMedia_1200px.jpg","contentUrl":"https:\/\/www.revuemusicale.ch\/wp-content\/uploads\/2025\/01\/VMS_Bildzeichen_RGB_SocialMedia_1200px.jpg","width":1000,"height":1000,"caption":"Logo de l'Association Suisse des \u00e9coles de musique"},{"@type":"BreadcrumbList","@id":"https:\/\/www.revuemusicale.ch\/basis\/vms#breadcrumb","itemListElement":[{"@type":"ListItem","position":1,"name":"Home","item":"https:\/\/www.revuemusicale.ch\/"},{"@type":"ListItem","position":2,"name":"Basis","item":"https:\/\/www.revuemusicale.ch\/basis"},{"@type":"ListItem","position":3,"name":"ASEM"}]},{"@type":"WebSite","@id":"https:\/\/www.revuemusicale.ch\/#website","url":"https:\/\/www.revuemusicale.ch\/","name":"Rassegna musicale svizzera","description":"","publisher":{"@id":"https:\/\/www.revuemusicale.ch\/#organization"},"potentialAction":[{"@type":"SearchAction","target":{"@type":"EntryPoint","urlTemplate":"https:\/\/www.revuemusicale.ch\/?s={search_term_string}"},"query-input":{"@type":"PropertyValueSpecification","valueRequired":true,"valueName":"search_term_string"}}],"inLanguage":"it-IT"},{"@type":"Organization","@id":"https:\/\/www.revuemusicale.ch\/#organization","name":"Rassegna musicale svizzera","url":"https:\/\/www.revuemusicale.ch\/","logo":{"@type":"ImageObject","inLanguage":"it-IT","@id":"https:\/\/www.revuemusicale.ch\/#\/schema\/logo\/image\/","url":"https:\/\/www.revuemusicale.ch\/wp-content\/uploads\/2023\/01\/logo_revuemusicale_musikzeitung.jpg","contentUrl":"https:\/\/www.revuemusicale.ch\/wp-content\/uploads\/2023\/01\/logo_revuemusicale_musikzeitung.jpg","width":1200,"height":243,"caption":"Revue Musicale Suisse"},"image":{"@id":"https:\/\/www.revuemusicale.ch\/#\/schema\/logo\/image\/"},"sameAs":["https:\/\/www.facebook.com\/SchweizerMusikzeitung\/","https:\/\/x.com\/smusikzeitung","https:\/\/www.instagram.com\/musikzeitung.ch\/?hl=de"]}]}},"publishpress_future_action":{"enabled":false,"date":"1970-01-01 01:00:00","action":"change-status","newStatus":"draft","terms":[],"taxonomy":"","extraData":[]},"publishpress_future_workflow_manual_trigger":{"enabledWorkflows":[]},"_links":{"self":[{"href":"https:\/\/www.revuemusicale.ch\/it\/wp-json\/wp\/v2\/pages\/9334","targetHints":{"allow":["GET"]}}],"collection":[{"href":"https:\/\/www.revuemusicale.ch\/it\/wp-json\/wp\/v2\/pages"}],"about":[{"href":"https:\/\/www.revuemusicale.ch\/it\/wp-json\/wp\/v2\/types\/page"}],"author":[{"embeddable":true,"href":"https:\/\/www.revuemusicale.ch\/it\/wp-json\/wp\/v2\/users\/21891"}],"replies":[{"embeddable":true,"href":"https:\/\/www.revuemusicale.ch\/it\/wp-json\/wp\/v2\/comments?post=9334"}],"version-history":[{"count":7,"href":"https:\/\/www.revuemusicale.ch\/it\/wp-json\/wp\/v2\/pages\/9334\/revisions"}],"predecessor-version":[{"id":29643,"href":"https:\/\/www.revuemusicale.ch\/it\/wp-json\/wp\/v2\/pages\/9334\/revisions\/29643"}],"up":[{"embeddable":true,"href":"https:\/\/www.revuemusicale.ch\/it\/wp-json\/wp\/v2\/pages\/230"}],"wp:featuredmedia":[{"embeddable":true,"href":"https:\/\/www.revuemusicale.ch\/it\/wp-json\/wp\/v2\/media\/31081"}],"wp:attachment":[{"href":"https:\/\/www.revuemusicale.ch\/it\/wp-json\/wp\/v2\/media?parent=9334"}],"curies":[{"name":"wp","href":"https:\/\/api.w.org\/{rel}","templated":true}]}}